{"id":9758,"date":"2026-05-05T08:20:17","date_gmt":"2026-05-05T08:20:17","guid":{"rendered":"https:\/\/sonsanepoxy.vn\/?post_type=product&#038;p=9758"},"modified":"2026-05-05T08:20:23","modified_gmt":"2026-05-05T08:20:23","slug":"mang-chong-tham-hdpe","status":"publish","type":"product","link":"https:\/\/sonsanepoxy.vn\/index.php\/san-pham\/mang-chong-tham-hdpe\/","title":{"rendered":"M\u00c0NG CH\u1ed0NG TH\u1ea4M HDPE\u00a0"},"content":{"rendered":"<p style=\"text-align: justify;\"><span style=\"font-weight: 400;\">M\u00e0ng ch\u1ed1ng th\u1ea5m HDPE l\u00e0 m\u1ed9t lo\u1ea1i m\u00e0ng ch\u1ea5t li\u1ec7u polyethylene cao c\u1ea5p, \u0111\u01b0\u1ee3c s\u1eed d\u1ee5ng \u0111\u1ec3 ng\u0103n ch\u1eb7n s\u1ef1 th\u1ea5m n\u01b0\u1edbc ho\u1eb7c ch\u1ea5t l\u1ecfng qua c\u00e1c b\u1ec1 m\u1eb7t. \u0110\u1eb7c t\u00ednh ph\u00e2n t\u1eed cao, k\u1ebft h\u1ee3p v\u1edbi c\u00e1c ph\u1ee5 gia nh\u01b0 carbon, kho\u00e1ng h\u00f3a h\u1ecdc, ch\u1ea5t kh\u00e1ng vi sinh, v\u00e0 kh\u00e1ng tia UV.<\/span><\/p>\n<p style=\"text-align: justify;\"><span style=\"font-weight: 400;\">HDPE c\u00f3 kh\u1ea3 n\u0103ng ch\u1ed1ng th\u1ea5m t\u1ed1t v\u1edbi \u0111\u1ed9 d\u00e0y kh\u00e1c nhau, c\u00f3 th\u1ec3 \u0111\u01b0\u1ee3c h\u00e0n nhi\u1ec7t \u0111\u1ec3 t\u1ea1o th\u00e0nh c\u00e1c b\u1ec1 m\u1eb7t li\u00ean k\u1ebft v\u1eefng ch\u1eafc. \u0110i\u1ec1u n\u00e0y gi\u00fap ng\u0103n ng\u1eeba s\u1ef1 x\u00e2m nh\u1eadp c\u1ee7a n\u01b0\u1edbc v\u00e0 c\u00e1c ch\u1ea5t l\u1ecfng kh\u00e1c, b\u1ea3o v\u1ec7 c\u00f4ng tr\u00ecnh d\u01b0\u1edbi l\u00f2ng \u0111\u1ea5t ho\u1eb7c trong c\u00e1c khu v\u1ef1c \u0111\u00f2i h\u1ecfi t\u00ednh k\u00edn kh\u00edt.<\/span><\/p>\n<p style=\"text-align: justify;\"><span style=\"font-weight: 400;\">T\u00f9y thu\u1ed9c v\u00e0o y\u00eau c\u1ea7u c\u1ee5 th\u1ec3 c\u1ee7a c\u00f4ng tr\u00ecnh, m\u00e0ng ch\u1ed1ng th\u1ea5m HDPE c\u00f3 th\u1ec3 \u0111\u01b0\u1ee3c t\u00f9y ch\u1ec9nh v\u1ec1 \u0111\u1ed9 d\u00e0y, k\u00edch th\u01b0\u1edbc v\u00e0 t\u00ednh ch\u1ea5t k\u1ef9 thu\u1eadt \u0111\u1ec3 \u0111\u00e1p \u1ee9ng c\u00e1c ti\u00eau chu\u1ea9n c\u1ee5 th\u1ec3 c\u1ee7a d\u1ef1 \u00e1n x\u00e2y d\u1ef1ng.<\/span><\/p>\n<p style=\"text-align: justify;\"><b>\u01afU \u0110I\u1ec2M C\u1ee6A M\u00c0NG CH\u1ed0NG TH\u1ea4M HDPE<\/b><\/p>\n<p style=\"text-align: justify;\"><span style=\"font-weight: 400;\">M\u00e0ng ch\u1ed1ng th\u1ea5m HDPE c\u00f3 c\u1ea5u t\u1ea1o g\u1ed3m c\u00e1c th\u00e0nh ph\u1ea7n nh\u01b0 sau: 97.5% l\u00e0 nh\u1ef1a nguy\u00ean sinh, 2.5%\u00a0 l\u00e0 cacbon \u0111en, ch\u1ea5t \u1ed5n \u0111\u1ecbnh nhi\u1ec7t v\u00e0 ch\u1ea5t ch\u1ed1ng tia UV. V\u00ec v\u1eady n\u00f3 mang r\u1ea5t nhi\u1ec1u \u01b0u \u0111i\u1ec3m v\u01b0\u1ee3t tr\u1ed9i nh\u01b0:<\/span><\/p>\n<ul style=\"text-align: justify;\">\n<li style=\"font-weight: 400;\" aria-level=\"1\"><span style=\"font-weight: 400;\">B\u1ea1t HDPE c\u00f3 kh\u1ea3 n\u0103ng ch\u1ed1ng th\u1ea5m cao v\u1edbi h\u1ec7 s\u1ed1 th\u1ea5m th\u1ea5p v\u00e0 \u0111\u1ed9 d\u00e0y c\u00e0ng l\u1edbn th\u00ec kh\u1ea3 n\u0103ng ch\u1ed1ng th\u1ea5m v\u00e0 tu\u1ed5i th\u1ecd c\u00e0ng cao, c\u00f3 th\u1ec3 l\u00ean \u0111\u1ebfn h\u01a1n 25 n\u0103m.<\/span><\/li>\n<li style=\"font-weight: 400;\" aria-level=\"1\"><span style=\"font-weight: 400;\">V\u1edbi th\u00e0nh ph\u1ea7n nh\u1ef1a nguy\u00ean sinh cao, b\u1ea1t HDPE c\u00f3 \u0111\u1eb7c t\u00ednh co gi\u00e3n t\u1ed1t, ph\u00f9 h\u1ee3p cho vi\u1ec7c thi c\u00f4ng tr\u00ean nhi\u1ec1u \u0111\u1ecba h\u00ecnh kh\u00e1c nhau.<\/span><\/li>\n<li style=\"font-weight: 400;\" aria-level=\"1\"><span style=\"font-weight: 400;\">Th\u00e0nh ph\u1ea7n ch\u1ea5t li\u1ec7u nh\u1ef1a nguy\u00ean sinh v\u00e0 c\u00e1c ch\u1ea5t ph\u1ee5 gia \u0111\u01b0\u1ee3c ch\u1ee9ng nh\u1eadn an to\u00e0n, kh\u00f4ng g\u00e2y \u0111\u1ed9c h\u1ea1i cho s\u1ee9c kh\u1ecfe con ng\u01b0\u1eddi v\u00e0 th\u00e2n thi\u1ec7n v\u1edbi m\u00f4i tr\u01b0\u1eddng.<\/span><\/li>\n<li style=\"font-weight: 400;\" aria-level=\"1\"><span style=\"font-weight: 400;\">M\u00e0ng ch\u1ed1ng th\u1ea5m HDPE c\u00f3 chi ph\u00ed \u0111\u1ea7u t\u01b0 th\u1ea5p v\u00e0 vi\u1ec7c thi c\u00f4ng \u0111\u01a1n gi\u1ea3n, kh\u00f4ng y\u00eau c\u1ea7u qu\u00e1 nhi\u1ec1u nh\u00e2n c\u00f4ng v\u00e0 m\u00e1y m\u00f3c, gi\u00fap ti\u1ebft ki\u1ec7m chi ph\u00ed so v\u1edbi c\u00e1c ph\u01b0\u01a1ng ph\u00e1p thi c\u00f4ng kh\u00e1c.<\/span><\/li>\n<li style=\"font-weight: 400;\" aria-level=\"1\"><span style=\"font-weight: 400;\">M\u00e0ng ch\u1ed1ng th\u1ea5m HDPE c\u00f3 kh\u1ea3 n\u0103ng ch\u1ed1ng oxi, ch\u1ecbu \u0111\u01b0\u1ee3c t\u00e1c \u0111\u1ed9ng c\u1ee7a m\u00f4i tr\u01b0\u1eddng axit, h\u00f3a ch\u1ea5t, gi\u00fap s\u1ea3n ph\u1ea9m c\u00f3 \u0111\u1ed9 b\u1ec1n cao v\u00e0 tu\u1ed5i th\u1ecd l\u00e2u d\u00e0i.\u00a0\u00a0\u00a0<\/span><\/li>\n<\/ul>\n<p style=\"text-align: justify;\"><b>\u1ee8NG D\u1ee4NG C\u1ee6A M\u00c0NG CH\u1ed0NG TH\u1ea4M HDPE<\/b><\/p>\n<p style=\"text-align: justify;\"><span style=\"font-weight: 400;\">Hi\u1ec7n nay c\u00f3 r\u1ea5t nhi\u1ec1u h\u00e3ng s\u1ea3n xu\u1ea5t m\u00e0ng ch\u1ed1ng th\u1ea5m\u00a0 HDPE c\u1ea3 trong n\u01b0\u1edbc v\u00e0 nh\u1eadp kh\u1ea9u. C\u00f3 th\u1ec3 k\u1ec3 \u0111\u1ebfn m\u1ed9t s\u1ed1 th\u01b0\u01a1ng hi\u1ec7u ch\u1ed1ng th\u1ea5m HDPE ph\u1ed5 bi\u1ebfn nh\u01b0: Solmax (Malaysia), GSE (Th\u00e1i Lan), Huitex (\u0110\u00e0i Loan). M\u1ed7i \u0111\u01a1n v\u1ecb s\u1ea3n xu\u1ea5t s\u1ebd c\u00f3 s\u1ef1 kh\u00e1c nhau v\u1ec1 th\u00f4ng s\u1ed1 k\u1ef9 thu\u1eadt s\u1ea3n ph\u1ea9m nh\u01b0 \u0111\u1ed9 d\u00e0y, k\u00edch th\u01b0\u1edbc, quy c\u00e1ch \u0111\u00f3ng g\u00f3i,\u2026<\/span><\/p>\n<p style=\"text-align: justify;\"><b>M\u1ed9t s\u1ed1 \u1ee9ng d\u1ee5ng c\u1ee7a m\u00e0ng ch\u1ed1ng th\u1ea5m HDPE nh\u01b0 sau:<\/b><\/p>\n<p style=\"text-align: justify;\"><b>X\u1eed l\u00fd ch\u1ea5t th\u1ea3i \u0111\u1ed9c h\u1ea1i:<\/b><\/p>\n<ul style=\"text-align: justify;\">\n<li style=\"font-weight: 400;\" aria-level=\"1\"><span style=\"font-weight: 400;\">M\u00e0ng ch\u1ed1ng th\u1ea5m HDPE-HSE \u0111\u01b0\u1ee3c s\u1eed d\u1ee5ng \u0111\u1ec3 ch\u1ee9a v\u00e0 x\u1eed l\u00fd c\u00e1c ch\u1ea5t th\u1ea3i \u0111\u1ed9c h\u1ea1i.<\/span><\/li>\n<li style=\"font-weight: 400;\" aria-level=\"1\"><span style=\"font-weight: 400;\">L\u00e0m l\u1edbp \u0111\u1ec7m l\u1ecdc n\u01b0\u1edbc trong khai th\u00e1c m\u1ecf. V\u1edbi t\u00ednh kh\u00e1ng h\u00f3a h\u1ecdc v\u00e0 kh\u1ea3 n\u0103ng ch\u1ecbu n\u00e9n, m\u00e0ng HDPE l\u00e0 l\u1ef1a ch\u1ecdn l\u00fd t\u01b0\u1edfng cho vi\u1ec7c t\u1ea1o l\u1edbp \u0111\u1ec7m l\u1ecdc trong qu\u00e1 tr\u00ecnh khai th\u00e1c m\u1ecf.<\/span><\/li>\n<\/ul>\n<p style=\"text-align: justify;\"><b>X\u1eed l\u00fd l\u00f3t b\u00e3i r\u00e1c th\u1ea3i:<\/b><\/p>\n<ul style=\"text-align: justify;\">\n<li style=\"font-weight: 400;\" aria-level=\"1\"><span style=\"font-weight: 400;\">D\u00f9ng \u0111\u1ec3 ch\u1ee9a r\u00e1c th\u1ea3i. M\u00e0ng ch\u1ed1ng th\u1ea5m HDPE-HSE v\u1edbi kh\u1ea3 n\u0103ng ch\u1ed1ng th\u1ea5m cao v\u00e0 kh\u00e1ng tia UV \u0111\u01b0\u1ee3c s\u1eed d\u1ee5ng \u0111\u1ec3 l\u00f3t b\u00e3i r\u00e1c th\u1ea3i, ng\u0103n ch\u1eb7n s\u1ef1 th\u1ea5m v\u00e0 kh\u1eed m\u00f9i.<\/span><\/li>\n<\/ul>\n<p style=\"text-align: justify;\"><b>S\u1eed d\u1ee5ng trong ng\u00e0nh ch\u0103n nu\u00f4i v\u00e0 tr\u1ed3ng tr\u1ecdt:<\/b><\/p>\n<ul style=\"text-align: justify;\">\n<li style=\"font-weight: 400;\" aria-level=\"1\"><span style=\"font-weight: 400;\">H\u1ed3 nu\u00f4i tr\u1ed3ng th\u1ee7y s\u1ea3n, k\u00eanh m\u01b0\u01a1ng v\u00e0 ch\u1ee9a n\u01b0\u1edbc: \u0110\u01b0\u1ee3c s\u1eed d\u1ee5ng \u0111\u1ec3 l\u00e0m l\u1edbp l\u00f3t an to\u00e0n v\u00e0 kh\u00f4ng \u0111\u1ed9c h\u1ea1i cho h\u1ed3 nu\u00f4i th\u1ee7y s\u1ea3n, k\u00eanh m\u01b0\u01a1ng v\u00e0 c\u00e1c h\u1ed3 ch\u1ee9a n\u01b0\u1edbc trong n\u00f4ng nghi\u1ec7p.<\/span><\/li>\n<li style=\"font-weight: 400;\" aria-level=\"1\"><span style=\"font-weight: 400;\">\u1ee8ng d\u1ee5ng trong trang tr\u1ea1i v\u00e0 n\u00f4ng tr\u1ea1i: B\u1ea1t HDPE th\u01b0\u1eddng \u0111\u01b0\u1ee3c \u00e1p d\u1ee5ng cho h\u1ed3 nu\u00f4i th\u1ee7y s\u1ea3n v\u00e0 l\u00e0m h\u1ed3 ch\u1ee9a n\u01b0\u1edbc t\u01b0\u1edbi ti\u00eau.<\/span><\/li>\n<\/ul>\n<p style=\"text-align: justify;\"><b>S\u1eed d\u1ee5ng trong khai th\u00e1c m\u1ecf:<\/b><\/p>\n<ul style=\"text-align: justify;\">\n<li style=\"font-weight: 400;\" aria-level=\"1\"><span style=\"font-weight: 400;\">L\u00f3t h\u1ea7m m\u1ecf: S\u1eed d\u1ee5ng trong h\u1ec7 th\u1ed1ng l\u00f3t h\u1ea7m ch\u1ee9a kho\u00e1ng s\u1ea3n v\u1edbi kh\u1ea3 n\u0103ng ch\u1ecbu n\u00e9n, kh\u00e1ng th\u1ee7ng v\u00e0 \u0111\u1ed9 b\u1ec1n cao.<\/span><\/li>\n<\/ul>\n<p style=\"text-align: justify;\"><b>Ch\u1ed1ng th\u1ea5m h\u1ed3 c\u1ea3nh quan, h\u1ed3 s\u00e2n Golf:<\/b><\/p>\n<ul style=\"text-align: justify;\">\n<li style=\"font-weight: 400;\" aria-level=\"1\"><span style=\"font-weight: 400;\">M\u00e0ng HDPE c\u00f3 nhi\u1ec1u m\u00e0u s\u1eafc th\u00e2n thi\u1ec7n v\u1edbi m\u00f4i tr\u01b0\u1eddng \u0111\u01b0\u1ee3c s\u1eed d\u1ee5ng \u0111\u1ec3 t\u1ea1o h\u1ed3 n\u01b0\u1edbc c\u1ea3nh quan v\u00e0 s\u00e2n Golf, mang l\u1ea1i t\u00ednh th\u1ea9m m\u1ef9 v\u00e0 ch\u1ee9c n\u0103ng ch\u1ed1ng th\u1ea5m hi\u1ec7u qu\u1ea3.<\/span><\/li>\n<\/ul>\n<p style=\"text-align: justify;\"><b>LIST 4 LO\u1ea0I M\u00c0NG CH\u1ed0NG TH\u1ea4M HDPE PH\u1ed4 BI\u1ebeN HI\u1ec6N NAY<\/b><\/p>\n<p style=\"text-align: justify;\"><b>1 M\u00e0ng HDPE ARITEX<\/b><\/p>\n<p style=\"text-align: justify;\"><span style=\"font-weight: 400;\">S\u1ea3n ph\u1ea9m ch\u1ea5t l\u01b0\u1ee3ng cao \u0111\u01b0\u1ee3c s\u1ea3n xu\u1ea5t t\u1ea1i Vi\u1ec7t Nam t\u1eeb h\u1ea1t HDPE nguy\u00ean sinh nh\u1eadp kh\u1ea9u. \u0110\u1ed9 d\u00e0y \u0111\u1ed3ng \u0111\u1ec1u v\u00e0 li\u00ean k\u1ebft ch\u1eb7t ch\u1ebd gi\u1eefa c\u00e1c h\u1ea1t t\u1ea1o ra s\u1ea3n ph\u1ea9m kh\u00f4ng ch\u1ec9 ch\u1ed1ng th\u1ea5m t\u1ed1t m\u00e0 c\u00f2n an to\u00e0n cho m\u00f4i tr\u01b0\u1eddng v\u00e0 c\u00f3 th\u1ec3 s\u1eed d\u1ee5ng trong c\u00e1c d\u1ef1 \u00e1n x\u1eed l\u00fd n\u01b0\u1edbc th\u1ea3i v\u00e0 h\u1ed3 nu\u00f4i t\u00f4m.<\/span><\/p>\n<ol style=\"text-align: justify;\" start=\"2\">\n<li><b> M\u00e0ng HDPE GSE<\/b><\/li>\n<\/ol>\n<p style=\"text-align: justify;\"><span style=\"font-weight: 400;\">L\u00e0 th\u01b0\u01a1ng hi\u1ec7u c\u00f3 uy t\u00edn v\u00e0 ch\u1ea5t l\u01b0\u1ee3ng to\u00e0n c\u1ea7u v\u1edbi h\u01a1n 40 n\u0103m l\u1ecbch s\u1eed ph\u00e1t tri\u1ec3n. S\u1ea3n ph\u1ea9m n\u00e0y ch\u1ecbu \u0111\u01b0\u1ee3c m\u1ecdi t\u00e1c \u0111\u1ed9ng t\u1eeb m\u00f4i tr\u01b0\u1eddng, \u0111\u00e1p \u1ee9ng c\u00e1c ti\u00eau chu\u1ea9n ng\u00e0nh c\u00f4ng nghi\u1ec7p cao v\u00e0 \u0111\u01b0\u1ee3c ki\u1ec3m nghi\u1ec7m nghi\u00eam ng\u1eb7t.<\/span><\/p>\n<ol style=\"text-align: justify;\" start=\"3\">\n<li><b> M\u00e0ng HDPE SOLMAX<\/b><\/li>\n<\/ol>\n<p style=\"text-align: justify;\"><span style=\"font-weight: 400;\">S\u1ea3n ph\u1ea9m c\u1ee7a T\u1eadp \u0111o\u00e0n Solmax c\u00f3 tr\u1ee5 s\u1edf t\u1ea1i Canada, \u0111\u01b0\u1ee3c s\u1eed d\u1ee5ng r\u1ed9ng r\u00e3i trong vi\u1ec7c l\u00f3t \u0111\u00e1y v\u00e0 ch\u1ed1ng th\u1ea5m cho c\u00e1c c\u00f4ng tr\u00ecnh x\u1eed l\u00fd n\u01b0\u1edbc th\u1ea3i v\u00e0 b\u00e3i r\u00e1c. \u0110\u1eb7c bi\u1ec7t, s\u1ea3n ph\u1ea9m n\u00e0y c\u00f3 kh\u1ea3 n\u0103ng ng\u0103n ch\u1eb7n m\u00f9i h\u00f4i th\u1ed1i lan ra m\u00f4i tr\u01b0\u1eddng xung quanh.<\/span><\/p>\n<ol style=\"text-align: justify;\" start=\"4\">\n<li><b> M\u00e0ng HDPE HUITEX<\/b><\/li>\n<\/ol>\n<p style=\"text-align: justify;\"><span style=\"font-weight: 400;\">\u0110\u01b0\u1ee3c s\u1ea3n xu\u1ea5t b\u1edfi t\u1eadp \u0111o\u00e0n Huikwang, \u0110\u00e0i Loan, v\u00e0 \u0111\u1ea1t c\u00e1c ch\u1ee9ng nh\u1eadn qu\u1ed1c t\u1ebf v\u1ec1 m\u00f4i tr\u01b0\u1eddng nh\u01b0 ISO 9001, ISO 140001 v\u00e0 CE. S\u1ea3n ph\u1ea9m n\u00e0y \u0111\u00e1p \u1ee9ng \u0111\u01b0\u1ee3c c\u00e1c y\u00eau c\u1ea7u nghi\u00eam ng\u1eb7t v\u1ec1 ch\u1ea5t l\u01b0\u1ee3ng v\u00e0 an to\u00e0n cho m\u00f4i tr\u01b0\u1eddng.<\/span><\/p>\n<p style=\"text-align: justify;\"><span style=\"font-weight: 400;\">C\u00e1c lo\u1ea1i m\u00e0ng HDPE n\u00e0y kh\u00f4ng ch\u1ec9 c\u00f3 kh\u1ea3 n\u0103ng ch\u1ed1ng th\u1ea5m t\u1ed1t m\u00e0 c\u00f2n \u0111\u1ea3m b\u1ea3o an to\u00e0n, tu\u00e2n th\u1ee7 c\u00e1c ti\u00eau chu\u1ea9n m\u00f4i tr\u01b0\u1eddng qu\u1ed1c t\u1ebf v\u00e0 ph\u00f9 h\u1ee3p v\u1edbi nhi\u1ec1u lo\u1ea1i d\u1ef1 \u00e1n x\u00e2y d\u1ef1ng v\u00e0 b\u1ea3o v\u1ec7 m\u00f4i tr\u01b0\u1eddng kh\u00e1c nhau.<\/span><\/p>\n<p style=\"text-align: justify;\"><b>B\u1ea2NG B\u00c1O GI\u00c1 M\u00c0NG CH\u1ed0NG TH\u1ea4M HDPE\u00a0<\/b><\/p>\n<p style=\"text-align: justify;\"><span style=\"font-weight: 400;\">Hi\u1ec7n nay tr\u00ean th\u1ecb tr\u01b0\u1eddng c\u00f3 r\u1ea5t nhi\u1ec1u m\u1ee9c gi\u00e1 kh\u00e1c nhau. \u0110\u1ec3 c\u00f3 \u0111\u01b0\u1ee3c b\u1ea3ng gi\u00e1 m\u00e0ng ch\u1ed1ng th\u1ea5m hdpe chu\u1ea9n x\u00e1c nh\u1ea5t b\u1ea1n c\u1ea7n li\u00ean h\u1ec7 v\u1edbi ch\u00fang t\u00f4i qua website: s\u01a1n epoxy T\u00edn Ph\u00e1t ho\u1eb7c hotline:<\/span> <span style=\"font-weight: 400;\">0911.128.356 <\/span><span style=\"font-weight: 400;\">. \u0110\u1ec3 ch\u00fang t\u00f4i t\u01b0 v\u1ea5n c\u0169ng nh\u01b0 n\u1eafm b\u1eaft \u0111\u01b0\u1ee3c nhu c\u1ea7u v\u00e0 m\u1ee5c \u0111\u00edch s\u1eed d\u1ee5ng c\u1ee7a qu\u00fd v\u1ecb. T\u1eeb \u0111\u00f3 bi\u1ebft \u0111\u01b0\u1ee3c lo\u1ea1i\u00a0 HDPE c\u1ea7n d\u00f9ng, ph\u01b0\u01a1ng ph\u00e1p thi c\u00f4ng \u0111\u1ec3 d\u1ef1 tr\u00f9 v\u00e0 b\u00e1o gi\u00e1 \u0111\u1ebfn qu\u00fd v\u1ecb kh\u00e1ch h\u00e0ng nhanh v\u00e0 ch\u00ednh x\u00e1c nh\u1ea5t.<\/span><\/p>\n","protected":false},"excerpt":{"rendered":"<p>M\u00e0ng ch\u1ed1ng th\u1ea5m HDPE l\u00e0 m\u1ed9t lo\u1ea1i m\u00e0ng ch\u1ea5t li\u1ec7u polyethylene cao c\u1ea5p, \u0111\u01b0\u1ee3c s\u1eed d\u1ee5ng \u0111\u1ec3 ng\u0103n ch\u1eb7n s\u1ef1 th\u1ea5m n\u01b0\u1edbc ho\u1eb7c ch\u1ea5t l\u1ecfng qua c\u00e1c b\u1ec1 m\u1eb7t. \u0110\u1eb7c t\u00ednh ph\u00e2n t\u1eed cao, k\u1ebft h\u1ee3p v\u1edbi c\u00e1c ph\u1ee5 gia nh\u01b0 carbon, kho\u00e1ng h\u00f3a h\u1ecdc, ch\u1ea5t kh\u00e1ng vi sinh, v\u00e0 kh\u00e1ng tia UV. HDPE c\u00f3 [&#8230;]\n","protected":false},"featured_media":12370,"comment_status":"open","ping_status":"closed","template":"","meta":[],"product_brand":[],"product_cat":[51],"product_tag":[],"class_list":{"0":"post-9758","1":"product","2":"type-product","3":"status-publish","4":"has-post-thumbnail","6":"product_cat-vat-lieu-chong-tham","8":"first","9":"instock","10":"shipping-taxable","11":"product-type-simple"},"_links":{"self":[{"href":"https:\/\/sonsanepoxy.vn\/index.php\/wp-json\/wp\/v2\/product\/9758","targetHints":{"allow":["GET"]}}],"collection":[{"href":"https:\/\/sonsanepoxy.vn\/index.php\/wp-json\/wp\/v2\/product"}],"about":[{"href":"https:\/\/sonsanepoxy.vn\/index.php\/wp-json\/wp\/v2\/types\/product"}],"replies":[{"embeddable":true,"href":"https:\/\/sonsanepoxy.vn\/index.php\/wp-json\/wp\/v2\/comments?post=9758"}],"wp:featuredmedia":[{"embeddable":true,"href":"https:\/\/sonsanepoxy.vn\/index.php\/wp-json\/wp\/v2\/media\/12370"}],"wp:attachment":[{"href":"https:\/\/sonsanepoxy.vn\/index.php\/wp-json\/wp\/v2\/media?parent=9758"}],"wp:term":[{"taxonomy":"product_brand","embeddable":true,"href":"https:\/\/sonsanepoxy.vn\/index.php\/wp-json\/wp\/v2\/product_brand?post=9758"},{"taxonomy":"product_cat","embeddable":true,"href":"https:\/\/sonsanepoxy.vn\/index.php\/wp-json\/wp\/v2\/product_cat?post=9758"},{"taxonomy":"product_tag","embeddable":true,"href":"https:\/\/sonsanepoxy.vn\/index.php\/wp-json\/wp\/v2\/product_tag?post=9758"}],"curies":[{"name":"wp","href":"https:\/\/api.w.org\/{rel}","templated":true}]}}