{"id":97,"date":"2026-05-05T08:19:23","date_gmt":"2026-05-05T08:19:23","guid":{"rendered":"https:\/\/sonsanepoxy.vn\/?post_type=product&#038;p=97"},"modified":"2026-05-05T08:19:57","modified_gmt":"2026-05-05T08:19:57","slug":"son-chiu-nhiet-phan-quang-kcc-ot407-9180-siliver","status":"publish","type":"product","link":"https:\/\/sonsanepoxy.vn\/index.php\/san-pham\/son-chiu-nhiet-phan-quang-kcc-ot407-9180-siliver\/","title":{"rendered":"S\u01a1n ch\u1ecbu nhi\u1ec7t, ph\u1ea3n quang KCC OT407-9180 siliver"},"content":{"rendered":"<table style=\"width: 100%;\" width=\"100%\">\n<tbody>\n<tr>\n<td style=\"width: 16.6724%;\" width=\"16%\"><strong>M\u00f4 t\u1ea3 &amp; \u1ee8ng d\u1ee5ng<\/strong><\/td>\n<td style=\"width: 84.3276%;\" width=\"85%\">S\u01a1n ch\u1ecbu nhi\u1ec7t, ph\u1ea3n quang OT407-9180 siliver l\u00e0 d\u00f2ng s\u01a1n ph\u1ee7 epoxy \u0111\u01b0\u1ee3c s\u1eed d\u1ee5ng \u0111\u1ec3 ph\u1ee7 tr\u00ean c\u00e1c b\u1ec1 m\u1eb7t kim lo\u1ea1i c\u1ee7a v\u1eadt d\u1ee5ng ch\u1ecbu nhi\u1ec7t nh\u1eb1m gi\u00fap cho c\u00e1c thi\u1ebft b\u1ecb hay v\u1eadt d\u1ee5ng \u0111\u00f3 kh\u00f4ng b\u1ecb \u0103n m\u00f2n b\u1edfi nhi\u1ec7t \u0111\u1ed9 hay t\u00e1c \u0111\u1ed9ng t\u1eeb con ng\u01b0\u1eddi, t\u1eeb thi\u00ean nhi\u00ean g\u00e2y n\u00ean hi\u1ec7n t\u01b0\u1ee3ng r\u1ec9 s\u00e9t.<\/td>\n<\/tr>\n<tr>\n<td style=\"width: 16.6724%;\" width=\"16%\"><strong>\u0110\u1eb7c t\u00ednh<\/strong><\/td>\n<td style=\"width: 84.3276%;\" width=\"85%\"><\/td>\n<\/tr>\n<tr>\n<td style=\"width: 16.6724%;\" width=\"16%\"><strong>Th\u00f4ng s\u1ed1 k\u1ef9 thu\u1eadt<\/strong><\/td>\n<td style=\"width: 84.3276%;\" width=\"85%\">\n<table style=\"width: 100%;\" width=\"100%\">\n<tbody>\n<tr>\n<td colspan=\"3\" width=\"974\"><strong>D\u1eee LI\u1ec6U V\u1eacT L\u00dd<\/strong><\/td>\n<\/tr>\n<tr>\n<td width=\"186\">Ch\u1ea5t pha lo\u00e3ng<\/td>\n<td width=\"787\">Thinner No. 002 or 029K<\/td>\n<td width=\"1\"><\/td>\n<\/tr>\n<tr>\n<td width=\"186\">Kh\u1ea3 n\u0103ng ch\u1ecbu nhi\u1ec7t<\/td>\n<td width=\"787\">200 \u00baC<\/td>\n<td width=\"1\"><\/td>\n<\/tr>\n<tr>\n<td width=\"186\">\u0110\u1ed9 ph\u1ee7 s\u01a1n<\/td>\n<td width=\"787\">24.5 \u33a1\/L in 20 \u339b dry<\/td>\n<td width=\"1\"><\/td>\n<\/tr>\n<tr>\n<td width=\"186\">S\u1ed1 l\u1edbp s\u01a1n<\/td>\n<td width=\"787\">02 l\u1edbp<\/td>\n<td width=\"1\"><\/td>\n<\/tr>\n<tr>\n<td width=\"186\">S\u01a1n l\u00f3t<\/td>\n<td width=\"787\">Koramel Primer H.B. MP120<\/td>\n<td width=\"1\"><\/td>\n<\/tr>\n<tr>\n<td width=\"186\">T\u1ef7 tr\u1ecdng Kg\/L<\/td>\n<td width=\"787\">1.2kg\/lit<\/td>\n<td width=\"1\"><\/td>\n<\/tr>\n<tr>\n<td width=\"186\">Th\u1eddi gian kh\u00f4<\/td>\n<td width=\"787\">4h<\/td>\n<td width=\"1\"><\/td>\n<\/tr>\n<tr>\n<td width=\"186\">Th\u1eddi gian kh\u00f4 \u0111\u00f3ng r\u1eafn<\/td>\n<td width=\"787\">\u1edf nhi\u1ec7t \u0111\u1ed9 5 \u00baC\/ 41 \u00baF l\u00e0 24 gi\u1edd, \u1edf 20 \u00baC\/ 68 \u00baF l\u00e0 10 ng\u00e0y v\u00e0 \u1edf 30 \u00baC\/ 86 \u00baF l\u00e0 8 gi\u1edd<\/td>\n<td width=\"1\"><\/td>\n<\/tr>\n<tr>\n<td width=\"186\">Th\u1eddi gian kh\u00f4 ch\u1ea1m tay<\/td>\n<td width=\"787\">\u1edf nhi\u1ec7t \u0111\u1ed9 5 \u00baC\/ 41 \u00baF l\u00e0 4 gi\u1edd, \u1edf 20 \u00baC\/ 68 \u00baF l\u00e0 1 gi\u1edd v\u00e0 \u1edf 30 \u00baC\/ 86 \u00baF l\u00e0 30 ph\u00fat<\/td>\n<td width=\"1\"><\/td>\n<\/tr>\n<tr>\n<td width=\"186\">Th\u00e0nh ph\u1ea7n ch\u1ea5t r\u1eafn<\/td>\n<td width=\"787\">X\u1ea5p x\u1ec9 32% ( \u0110\u01b0\u1ee3c x\u00e1c \u0111\u1ecbnh b\u1edfi ISO 3233 )<\/td>\n<td width=\"1\"><\/td>\n<\/tr>\n<tr>\n<td width=\"186\">\u0110\u1ed9 ph\u1ee7 l\u00fd thuy\u1ebft<\/td>\n<td width=\"787\">17m2\/L\u00edt v\u1edbi \u0111\u1ed9 d\u00e0y m\u00e0ng s\u01a1n khi kh\u00f4 l\u00e0 20 \u00b5m cho m\u1eb7t ph\u1eb3ng m\u1ecbn<\/td>\n<td width=\"1\"><\/td>\n<\/tr>\n<tr>\n<td width=\"186\">T\u1ef7 tr\u1ecdng<\/td>\n<td width=\"787\">1.15kg\/L<\/td>\n<td width=\"1\"><\/td>\n<\/tr>\n<tr>\n<td width=\"186\">\u0110i\u1ec3m ch\u1edbp ch\u00e1y<\/td>\n<td width=\"787\">26\u2103 \/ \u21097 Closed cup.<\/td>\n<td width=\"1\"><\/td>\n<\/tr>\n<tr>\n<td width=\"186\">\u0110i\u1ec3m s\u00e1ng<\/td>\n<td width=\"787\">26 \u2103 \/ 79 \u2109 (C\u1ed1c \u0111\u00f3ng)<\/td>\n<td width=\"1\"><\/td>\n<\/tr>\n<\/tbody>\n<\/table>\n<\/td>\n<\/tr>\n<tr>\n<td style=\"width: 16.6724%;\" width=\"16%\"><strong>Chu\u1ea9n b\u1ecb b\u1ec1 m\u1eb7t<\/strong><\/td>\n<td style=\"width: 84.3276%;\" width=\"85%\">Y\u00eau c\u1ea7u lo\u1ea1i b\u1ecf t\u1ea5t c\u1ea3 c\u00e1c ch\u1ea5t d\u1ea7u m\u1ee1, ch\u1ea5t b\u1ea9n v\u00e0 nh\u1eefng ch\u1ea5t \u00f4 nhi\u1ec5m m\u00f4i tr\u01b0\u1eddng kh\u00e1c<\/p>\n<p>Tr\u01b0\u1edbc khi s\u01a1n b\u1eb1ng ph\u01b0\u01a1ng ph\u00e1p \u0111\u1eb7t bi\u1ec7t nh\u01b0 ch\u1ea5t dung m\u00f4i l\u00e0m s\u1ea1ch v\u00e0 r\u1eeda b\u1eb1ng n\u01b0\u1edbc s\u1ea1ch.v.v..<\/p>\n<p>\u0110\u1ed1i v\u1edbi s\u1eaft, th\u00e9p: Th\u1ed5i c\u00e1t l\u00e0m s\u1ea1ch theo ti\u00eau chu\u1ea9n Sa 2.5 hay m\u00e1y c\u00f4ng c\u1ee5 l\u00e0m s\u1ea1ch theo ti\u00eau chu\u1ea9n St3<\/p>\n<p>B\u1ec1 m\u1eb7t ph\u1ea3i \u0111\u01b0\u1ee3c l\u00e0m s\u1ea1ch ho\u00e0n to\u00e0n v\u00e0 l\u00e0m kh\u00f4.<\/p>\n<p>Kh\u00f4ng thi c\u00f4ng OT407-9180 siliver khi \u0111\u1ed9 \u1ea9m t\u01b0\u01a1ng \u0111\u1ed1i tr\u00ean 85%.<\/p>\n<p>Nhi\u1ec7t \u0111\u1ed9 b\u1ec1 m\u1eb7t ph\u1ea3i cao h\u01a1n \u0111i\u1ec3m s\u01b0\u01a1ng \u00edt nh\u1ea5t 2,7 \u2103 (5 \u2109) \u0111\u1ec3 tr\u00e1nh ng\u01b0ng t\u1ee5.<\/p>\n<p>Trong khu v\u1ef1c h\u1ea1n ch\u1ebf, th\u00f4ng gi\u00f3 b\u1eb1ng kh\u00f4ng kh\u00ed s\u1ea1ch trong qu\u00e1 tr\u00ecnh thi c\u00f4ng \u0111\u1ec3 h\u1ed7 tr\u1ee3 bay h\u01a1i dung m\u00f4i.<\/td>\n<\/tr>\n<tr>\n<td style=\"width: 16.6724%;\" width=\"16%\"><em>\u00a0<\/em><\/p>\n<p><em>\u00a0<\/em><\/p>\n<p><strong>Thi c\u00f4ng<\/strong><\/td>\n<td style=\"width: 84.3276%;\" width=\"85%\">C\u00f3 th\u1ec3 \u00e1p d\u1ee5ng tr\u1ef1c ti\u1ebfp l\u00ean b\u1ec1 m\u1eb7t \u0111\u00e3 \u0111\u01b0\u1ee3c l\u00e0m s\u1ea1ch.<\/p>\n<p>Tuy nhi\u00ean, \u0111\u1ec3 c\u00f3 hi\u1ec7u qu\u1ea3 ch\u1ed1ng \u0103n m\u00f2n t\u1ed1t h\u01a1n, Yeolcoat Primer QP160 ho\u1eb7c l\u1edbp ph\u1ee7 tr\u01b0\u1edbc th\u00edch h\u1ee3p<\/p>\n<p>C\u00f3 th\u1ec3 \u0111\u01b0\u1ee3c \u00e1p d\u1ee5ng nh\u01b0 m\u1ed9t l\u1edbp s\u01a1n l\u00f3t theo \u0111\u1eb7c \u0111i\u1ec3m k\u1ef9 thu\u1eadt.<\/p>\n<p>Ti\u1ebfp \u0111\u00f3, pha dung m\u00f4i Thinner 002 ho\u1eb7c Thinner 029K\u00a0 ( kh\u00f4ng pha ri\u00eang l\u1ebb, ch\u1ec9 pha khi \u0111\u00e3 tr\u1ed9n s\u1eb5n )<\/p>\n<p>Phun (kh\u00f4ng kh\u00ed ho\u1eb7c kh\u00f4ng kh\u00ed) ho\u1eb7c \u1ee9ng d\u1ee5ng ch\u1ed5i qu\u00e9t.<\/p>\n<p>\u0110\u1ed1i v\u1edbi \u1ee9ng d\u1ee5ng phun kh\u00f4ng c\u00f3 kh\u00f4ng kh\u00ed<\/p>\n<p>L\u1ed7 phun: 330 \u339b ~ 381 \u339b (0,013 \u2033 ~ 0,015 \u2033)<\/p>\n<p>\u00c1p su\u1ea5t \u0111\u1ea7u ra: 11,7 MPa ~ 15,2 MPa<\/p>\n<p>Qu\u1ea1t: 60 \u00ba<\/p>\n<p>(D\u1eef li\u1ec7u phun kh\u00f4ng c\u00f3 kh\u00f4ng kh\u00ed l\u00e0 ch\u1ec9 d\u1eabn v\u00e0 c\u00f3 th\u1ec3 \u0111i\u1ec1u ch\u1ec9nh)<\/td>\n<\/tr>\n<tr>\n<td style=\"width: 16.6724%;\" width=\"16%\"><strong>D\u1ee5ng c\u1ee5 thi c\u00f4ng <\/strong><\/td>\n<td style=\"width: 84.3276%;\" width=\"85%\">Qu\u1ea7n \u00e1o b\u1ea3o h\u1ed9 lao \u0111\u1ed9ng<\/p>\n<p>\u0110eo g\u0103ng tay, kh\u1ea9u trang v\u00e0 k\u00ednh m\u1eaft<\/p>\n<p>S\u01a1n ch\u1ecbu nhi\u1ec7t OT407-9180 siliver<\/p>\n<p>Dung m\u00f4i pha s\u01a1n Thinner 002 ho\u1eb7c 029K<\/p>\n<p>S\u01a1n l\u00f3t KCC<\/p>\n<p>S\u00fang phun (kh\u00f4ng kh\u00ed\/ ch\u00e2n kh\u00f4ng) hay c\u1ecd<\/p>\n<p>V\u00e0 c\u00e1ch d\u1ee5ng c\u1ee5 c\u1ea7n thi\u1ebft kh\u00e1c, v.v\u2026.<\/td>\n<\/tr>\n<tr>\n<td style=\"width: 16.6724%;\" width=\"16%\"><strong>\u0110\u00f3ng g\u00f3i<\/strong><\/td>\n<td style=\"width: 84.3276%;\" width=\"85%\">20L<\/td>\n<\/tr>\n<tr>\n<td style=\"width: 16.6724%;\" width=\"16%\"><strong>L\u01b0u \u00fd<\/strong><\/td>\n<td style=\"width: 84.3276%;\" width=\"85%\">Xu\u1ea5t ph\u00e1t t\u1eeb \u0111\u1eb7c \u0111i\u1ec3m ri\u00eang, khi s\u1eed d\u1ee5ng s\u01a1n d\u1ea7u ch\u1ecbu nhi\u1ec7t OT407-9180 ph\u1ea3i l\u01b0u \u00fd nh\u1eefng \u0111i\u1ec1u sau \u0111\u1ec3 \u0111\u1ea3m b\u1ea3o an to\u00e0n:<\/p>\n<p>&nbsp;<\/p>\n<p>Tr\u00e1nh h\u00edt h\u01a1i dung m\u00f4i k\u00e9o d\u00e0i s\u1ebd khi\u1ebfn b\u1ea1n kh\u00f3 ch\u1ecbu khi s\u1eed d\u1ee5ng<\/p>\n<p>S\u1eed d\u1ee5ng v\u1edbi h\u1ec7 th\u1ed1ng th\u00f4ng gi\u00f3 \u0111\u1ea7y \u0111\u1ee7<\/p>\n<p>Khuy\u1ebfn c\u00e1o b\u1ea3o v\u1ec7 \u0111\u01b0\u1eddng h\u00f4 h\u1ea5p khi \u00e1p d\u1ee5ng v\u1eadt li\u1ec7u n\u00e0y trong kh\u00f4ng gian h\u1ea1n ch\u1ebf ho\u1eb7c kh\u00f4ng kh\u00ed t\u00f9 \u0111\u1ecdng<\/p>\n<p>Tr\u00e1nh xa tia l\u1eeda v\u00e0 ng\u1ecdn l\u1eeda \u0111ang m\u1edf<\/p>\n<p>M\u1eb7c d\u00f9 s\u1ea3n ph\u1ea9m n\u00e0y kh\u00f4 nhanh trong kh\u00f4ng kh\u00ed; OT407-9180 siliver v\u1eabn h\u01a1i m\u1ec1m cho \u0111\u1ebfn khi ti\u1ebfp x\u00fac v\u1edbi nhi\u1ec7t tr\u00ean 200 \u2103 \/ 392 \u2109, v\u00e0 c\u00f3 th\u1ec3 d\u1ec5 b\u1ecb h\u01b0 h\u1ecfng c\u01a1 h\u1ecdc.<\/p>\n<p>Tuy nhi\u00ean, n\u00f3 kh\u00f4ng b\u1ecb \u1ea3nh h\u01b0\u1edfng khi ti\u1ebfp x\u00fac v\u1edbi th\u1eddi ti\u1ebft v\u1eeba ph\u1ea3i<\/p>\n<p>L\u1edbp s\u01a1n qu\u00e1 n\u1eb7ng s\u1ebd l\u00e0m gi\u1ea3m \u0111\u1ed9 b\u00e1m d\u00ednh<\/p>\n<p>Gi\u1eef \u0111\u1ed9 d\u00e0y m\u00e0ng s\u01a1n kh\u00f4 theo khuy\u1ebfn ngh\u1ecb<\/td>\n<\/tr>\n<tr>\n<td style=\"width: 16.6724%;\" width=\"16%\"><strong>S\u1ee9c kh\u1ecfe v\u00e0 an to\u00e0n<\/strong><\/td>\n<td style=\"width: 84.3276%;\" width=\"85%\">B\u1ea3o v\u1ec7 da v\u00e0 m\u1eaft, v\u00e0 tr\u00e1nh h\u00edt v\u00e0o h\u01a1i c\u1ee7a dung m\u00f4i.<\/p>\n<p>S\u1eed d\u1ee5ng \u0111\u1ea7y \u0111\u1ee7 th\u00f4ng gi\u00f3<\/p>\n<p>Khuy\u1ebfn c\u00e1o n\u00ean b\u1ea3o v\u1ec7 h\u00f4 h\u1ea5p khi thi c\u00f4ng s\u1ea3n ph\u1ea9m trong khu v\u1ef1c gi\u1edbi h\u1ea1n hay khu v\u1ef1c thi\u1ebfu kh\u00f4ng kh\u00ed.<\/p>\n<p>Trong h\u1ed7n h\u1ee3p c\u00f3 ch\u1ee9a dung m\u00f4i d\u1ec5 ch\u00e1y, khi v\u1eadn chuy\u1ec3n, s\u1eed d\u1ee5ng, hay \u0111\u1ec3 trong nh\u00e0<\/p>\n<p>kho n\u00ean \u0111\u1ec3 tr\u00e1nh xa c\u00e1c ngu\u1ed3n l\u1eeda, n\u01a1i d\u1ec5 b\u1eaft ch\u00e1y.<\/p>\n<p>N\u00ean l\u01b0u tr\u1eef n\u01a1i kh\u00f4 r\u00e1o, \u0111\u00f3ng ch\u1eb7t n\u1eafp th\u00f9ng sau khi s\u1eed d\u1ee5ng.<\/td>\n<\/tr>\n<\/tbody>\n<\/table>\n<p>Xem th\u00eam: <span style=\"color: #0000ff;\"><strong><a style=\"color: #0000ff;\" href=\"https:\/\/sonsanepoxy.com.vn\/son-epoxy-la-gi\/\">S\u01a1n Epoxy<\/a><\/strong><\/span><\/p>\n<p>&nbsp;<\/p>\n","protected":false},"excerpt":{"rendered":"<p>S\u01a1n ch\u1ecbu nhi\u1ec7t, ph\u1ea3n quang OT407-9180 siliver l\u00e0 d\u00f2ng s\u01a1n ph\u1ee7 epoxy \u0111\u01b0\u1ee3c s\u1eed d\u1ee5ng \u0111\u1ec3 ph\u1ee7 tr\u00ean c\u00e1c b\u1ec1 m\u1eb7t kim lo\u1ea1i c\u1ee7a v\u1eadt d\u1ee5ng ch\u1ecbu nhi\u1ec7t nh\u1eb1m gi\u00fap cho c\u00e1c thi\u1ebft b\u1ecb hay v\u1eadt d\u1ee5ng \u0111\u00f3 kh\u00f4ng b\u1ecb \u0103n m\u00f2n b\u1edfi nhi\u1ec7t \u0111\u1ed9 hay t\u00e1c \u0111\u1ed9ng t\u1eeb con ng\u01b0\u1eddi, t\u1eeb thi\u00ean nhi\u00ean g\u00e2y n\u00ean hi\u1ec7n t\u01b0\u1ee3ng r\u1ec9 s\u00e9t.<\/p>\n","protected":false},"featured_media":154,"comment_status":"open","ping_status":"closed","template":"","meta":[],"product_brand":[],"product_cat":[17,19],"product_tag":[],"class_list":{"0":"post-97","1":"product","2":"type-product","3":"status-publish","4":"has-post-thumbnail","6":"product_cat-hang-son","7":"product_cat-son-epoxy-kcc","9":"first","10":"instock","11":"sale","12":"shipping-taxable","13":"purchasable","14":"product-type-simple"},"_links":{"self":[{"href":"https:\/\/sonsanepoxy.vn\/index.php\/wp-json\/wp\/v2\/product\/97","targetHints":{"allow":["GET"]}}],"collection":[{"href":"https:\/\/sonsanepoxy.vn\/index.php\/wp-json\/wp\/v2\/product"}],"about":[{"href":"https:\/\/sonsanepoxy.vn\/index.php\/wp-json\/wp\/v2\/types\/product"}],"replies":[{"embeddable":true,"href":"https:\/\/sonsanepoxy.vn\/index.php\/wp-json\/wp\/v2\/comments?post=97"}],"wp:featuredmedia":[{"embeddable":true,"href":"https:\/\/sonsanepoxy.vn\/index.php\/wp-json\/wp\/v2\/media\/154"}],"wp:attachment":[{"href":"https:\/\/sonsanepoxy.vn\/index.php\/wp-json\/wp\/v2\/media?parent=97"}],"wp:term":[{"taxonomy":"product_brand","embeddable":true,"href":"https:\/\/sonsanepoxy.vn\/index.php\/wp-json\/wp\/v2\/product_brand?post=97"},{"taxonomy":"product_cat","embeddable":true,"href":"https:\/\/sonsanepoxy.vn\/index.php\/wp-json\/wp\/v2\/product_cat?post=97"},{"taxonomy":"product_tag","embeddable":true,"href":"https:\/\/sonsanepoxy.vn\/index.php\/wp-json\/wp\/v2\/product_tag?post=97"}],"curies":[{"name":"wp","href":"https:\/\/api.w.org\/{rel}","templated":true}]}}