{"id":95,"date":"2026-05-05T08:19:22","date_gmt":"2026-05-05T08:19:22","guid":{"rendered":"https:\/\/sonsanepoxy.vn\/?post_type=product&#038;p=95"},"modified":"2026-05-05T08:20:15","modified_gmt":"2026-05-05T08:20:15","slug":"vua-pu-kcc-crete-hd","status":"publish","type":"product","link":"https:\/\/sonsanepoxy.vn\/index.php\/san-pham\/vua-pu-kcc-crete-hd\/","title":{"rendered":"V\u1eefa PU Kcc Crete HD"},"content":{"rendered":"<table width=\"102%\">\n<tbody>\n<tr>\n<td width=\"16%\"><strong>M\u00f4 t\u1ea3 &amp; \u1ee8ng d\u1ee5ng<\/strong><\/td>\n<td width=\"85%\">KCC Crete HD ( 5 part) l\u00e0 m\u1ed9t lo\u1ea1i v\u1eefa polyurethane d\u00e0nh cho n\u1ec1n, c\u00f3 kh\u00e1 n\u0103ng ch\u1ecbu s\u1ed1c nhi\u1ec7t, l\u1edbp v\u1eefa tr\u00e1t d\u00e0y t\u1eeb 6-15mm s\u00e0n l\u1edbp \u00e1o v\u00e0 Crete HD c\u00f3 t\u00ednh ch\u1ea5t c\u01a1 h\u1ecdc cao, cao h\u00f3a ch\u1ea5t, ch\u1ed1ng tr\u01a1n tr\u01b0\u1ee3t, ch\u1ecbu nhi\u1ec7t v\u00e0 m\u00e1t v\u1edbi k\u1ebft c\u1ea5u k\u1ebft th\u00fac m\u1edd<\/td>\n<\/tr>\n<tr>\n<td width=\"16%\"><strong>\u0110\u1eb7c t\u00ednh<\/strong><\/td>\n<td width=\"85%\">V\u1eefa polyurethane KCC Crete HD ( 5 part) c\u00f3 nhi\u1ec1u \u0111\u1eb7c t\u00ednh v\u01b0\u1ee3t tr\u1ed9i h\u00e0ng \u0111\u1ea7u hi\u1ec7n nay nh\u01b0:<\/p>\n<p>Kh\u1ea3 n\u0103ng che ph\u1ee7 v\u1ebft n\u1ee9t r\u1ea5t t\u1ed1t nh\u1edd c\u00f3 l\u1edbp m\u00e0n \u0111\u00e0n h\u1ed3i cao;<\/p>\n<p>\u0110\u1ed9 b\u00e1m d\u00ednh cao tr\u00ean nhi\u1ec1u ch\u1ea5t li\u1ec7u, b\u1ec1 m\u1eb7t kh\u00e1c nhau<\/p>\n<p>Ch\u1ecbu \u0111\u01b0\u1ee3c s\u1ef1 kh\u1eafc nghi\u1ec7t c\u1ee7a th\u1eddi ti\u1ebft n\u00ean kh\u1ea3 n\u0103ng l\u00e3o h\u00f3a c\u0169ng r\u1ea5t ch\u1eadm so v\u1edbi nhi\u1ec1u loxa\u1ea1i v\u1eadt li\u1ec7u kh\u00e1c hi\u1ec7n nay<\/p>\n<p>\u0110\u1ed9 b\u1ec1n h\u00f3a h\u1ecdc cao ch\u1ed1ng l\u1ea1i ki\u1ec1m, axit v\u00e0 h\u1eefu c\u01a1<\/p>\n<p>\u0110\u1ed9 b\u00e1m d\u00ednh c\u1ef1c cao, c\u00f3 th\u1ec3 b\u00e1m d\u00ednh tr\u00ean nhi\u1ec1u ki\u1ec3u b\u1ec1 m\u1eb7t kh\u00e1c nhau.<\/p>\n<p>Kh\u1ea3 n\u0103ng \u0111\u00e0n h\u1ed3i c\u1ee7a v\u1eadt li\u1ec7u t\u1ed1t, ch\u1ecbu \u0111\u01b0\u1ee3c nhi\u1ec7t \u0111\u1ed9 cao.<\/p>\n<p>T\u00ednh th\u1ea9m m\u1ef9 c\u1ee7a s\u1ea3n ph\u1ea9m cao, m\u00e0u s\u1eafc \u0111a d\u1ea1ng, ph\u00f9 h\u1ee3p v\u1edbi nhi\u1ec1u lo\u1ea1i c\u00f4ng tr\u00ecnh kh\u00e1c nhau.<\/p>\n<p>KCC Crete HD ( 5 part) c\u00f3 kh\u1ea3 n\u0103ng ng\u0103n ch\u1eb7n r\u00eau m\u1ed1c, ch\u1ed1ng tr\u01a1n tr\u01b0\u1ee3t \u0111\u1ec3 an to\u00e0n<\/p>\n<p>S\u1eed d\u1ee5ng v\u1eefa KCC Crete HD trong c\u00e1c m\u00f4i tr\u01b0\u1eddng c\u00f3 s\u1ef1 thay \u0111\u1ed5i nhi\u1ec7t \u0111\u1ed9 t\u1eeb -40 \u00b0 C \u0111\u1ebfn 150 \u00b0 C.<\/p>\n<p>Ch\u1ed1ng n\u1ea5m, m\u1ed1c v\u00e0 vi khu\u1ea9n v\u00e0 kh\u00f4ng dung m\u00f4i, kh\u00f4ng c\u00f3 ch\u1ea5t \u0111\u1ed9c h\u1ea1i<\/p>\n<p>V\u1eefa polyurethane KCC Crete HD ( 5 part) d\u00e0nh cho s\u00e0n n\u1ec1n \u1edf khu v\u1ef1c s\u1eed d\u1ee5ng cho c\u00f4ng nghi\u1ec7p GMP, HYGIENIC, HACCP s\u00e0n nh\u01b0<\/p>\n<p>Ch\u1ebf bi\u1ebfn th\u1ef1c ph\u1ea9m \u01b0\u1edbt<\/p>\n<p>\u0110\u1ed3 u\u1ed1ng<\/p>\n<p>H\u1ea3i s\u1ea3n<\/p>\n<p>Th\u1ecbt b\u1ebfp<\/p>\n<p>Kho l\u1ea1nh<\/p>\n<p>T\u1ee7 \u0111\u00f4ng (ph\u00f2ng m\u00e1t)<\/p>\n<p>D\u1ea7u c\u1ecd nh\u00e0 m\u00e1y ch\u1ebf bi\u1ebfn<\/p>\n<p>V\u00e0 c\u00e1c nh\u00e0 m\u00e1y \u0111\u00f3ng g\u00f3i \u01b0\u1edbt<\/td>\n<\/tr>\n<tr>\n<td width=\"16%\"><strong>Th\u00f4ng s\u1ed1 k\u1ef9 thu\u1eadt<\/strong><\/td>\n<td width=\"85%\">\n<table>\n<tbody>\n<tr>\n<td colspan=\"2\" width=\"786\"><strong>D\u1eee LI\u1ec6U V\u1eacT L\u00dd<\/strong><\/td>\n<\/tr>\n<tr>\n<td width=\"65\">M\u1eadt \u0111\u1ed9 h\u1ed7n h\u1ee3p (28C) g \/ cm\u00b3<\/td>\n<td width=\"721\">2.2g\/ml<\/td>\n<\/tr>\n<tr>\n<td width=\"65\">\u0110\u1ed9 b\u1ec1n k\u00e9o<\/td>\n<td width=\"721\">25 MPa<\/td>\n<\/tr>\n<tr>\n<td width=\"65\">C\u01b0\u1eddng \u0111\u1ed9 n\u00e9n (28 ng\u00e0y)<\/td>\n<td width=\"721\">50N \/ mm<\/td>\n<\/tr>\n<tr>\n<td width=\"65\">\u0110\u1ed9 k\u1ebft d\u00ednh<\/td>\n<td width=\"721\">&gt;2.0 Mpa (S\u1ef1 c\u1ed1 b\u00ea t\u00f4ng)<\/td>\n<\/tr>\n<tr>\n<td width=\"65\">\u0110\u1ed9 b\u1ec1n u\u1ed1n<\/td>\n<td width=\"721\">15MPa<\/td>\n<\/tr>\n<tr>\n<td width=\"65\">Ph\u1ea1m vi nhi\u1ec7t \u0111\u1ed9<\/td>\n<td width=\"721\">T\u1eeb 6mm \u0111\u1ebfn 9mm: -15\u2070C ~ 130\u2070C (t\u1ed1i \u0111a)<\/p>\n<p>T\u1eeb 9mm \u0111\u1ebfn 12mm: -40\u2070C ~ 150\u2070C (t\u1ed1i \u0111a)<\/td>\n<\/tr>\n<tr>\n<td width=\"65\">Th\u1eddi gian \u0111\u00f3ng r\u1eafn<\/p>\n<p>&nbsp;<\/td>\n<td width=\"721\">\n<table width=\"705\">\n<tbody>\n<tr>\n<td width=\"176\"><\/td>\n<td width=\"176\">15\u00b0C<\/td>\n<td width=\"176\">25\u00b0C<\/td>\n<td width=\"176\">32\u00b0C<\/td>\n<\/tr>\n<tr>\n<td>Ng\u01b0\u1eddi \u0111i l\u1ea1i<\/td>\n<td>36 gi\u1edd<\/td>\n<td>30 gi\u1edd<\/td>\n<td>24 gi\u1edd<\/td>\n<\/tr>\n<tr>\n<td>\u00c1nh s\u00e1ng giao th\u00f4ng<\/td>\n<td>48 gi\u1edd<\/td>\n<td>36 gi\u1edd<\/td>\n<td>30 gi\u1edd<\/td>\n<\/tr>\n<tr>\n<td>Kh\u00f4 ho\u00e0n to\u00e0n<\/td>\n<td>7 ng\u00e0y<\/td>\n<td>6 ng\u00e0y<\/td>\n<td>5 ng\u00e0y<\/td>\n<\/tr>\n<\/tbody>\n<\/table>\n<\/td>\n<\/tr>\n<tr>\n<td width=\"65\">Kh\u1ea3 n\u0103ng kh\u00e1ng h\u00f3a ch\u1ea5t<\/td>\n<td width=\"721\">\n<table width=\"705\">\n<tbody>\n<tr>\n<td width=\"176\">H\u00d3A CH\u1ea4T<\/td>\n<td width=\"176\">N\u1ed2NG \u0110\u1ed8<\/td>\n<td width=\"176\">NHI\u1ec6T \u0110\u1ed8 (\u00b0 C)<\/td>\n<td width=\"176\">\u0110\u00c1NH GI\u00c1<\/td>\n<\/tr>\n<tr>\n<td>A-x\u00edt a-x\u00ea-t\u00edc<\/td>\n<td>10%<\/td>\n<td>28\u00b0C<\/td>\n<td>Tuy\u1ec7t v\u1eddi<\/td>\n<\/tr>\n<tr>\n<td>Bia<\/td>\n<td>\u2013<\/td>\n<td>28\u00b0C<\/td>\n<td>Tuy\u1ec7t v\u1eddi<\/td>\n<\/tr>\n<tr>\n<td>M\u00e1u<\/td>\n<td>\u2013<\/td>\n<td>28\u00b0C<\/td>\n<td>Tuy\u1ec7t v\u1eddi<\/td>\n<\/tr>\n<tr>\n<td>Axit citric<\/td>\n<td>20%<\/td>\n<td>28\u00b0C<\/td>\n<td>Tuy\u1ec7t v\u1eddi<\/td>\n<\/tr>\n<tr>\n<td>Ch\u1ea5t t\u1ea9y r\u1eeda- c\u00f3 t\u00ednh axit<\/td>\n<td>T\u1ea5t c\u1ea3<\/td>\n<td>28\u00b0C<\/td>\n<td>Tuy\u1ec7t v\u1eddi<\/td>\n<\/tr>\n<tr>\n<td>Ch\u1ea5t t\u1ea9y r\u1eeda- ki\u1ec1m<\/td>\n<td>T\u1ea5t c\u1ea3<\/td>\n<td>28\u00b0C<\/td>\n<td>Tuy\u1ec7t v\u1eddi<\/td>\n<\/tr>\n<tr>\n<td>Ch\u1ea5t b\u00e9o \u0111\u1ed9ng v\u1eadt v\u00e0 th\u1ef1c v\u1eadt<\/td>\n<td>\u2013<\/td>\n<td>28\u00b0C<\/td>\n<td>Tuy\u1ec7t v\u1eddi<\/td>\n<\/tr>\n<tr>\n<td>D\u1ea7u c\u00e1<\/td>\n<td>\u2013<\/td>\n<td>28\u00b0C<\/td>\n<td>Tuy\u1ec7t v\u1eddi<\/td>\n<\/tr>\n<tr>\n<td>Axit lactic<\/td>\n<td>5%<\/td>\n<td>28\u00b0C<\/td>\n<td>Tuy\u1ec7t v\u1eddi<\/td>\n<\/tr>\n<tr>\n<td>D\u1ea7u &#8211; diesel<\/td>\n<td>\u2013<\/td>\n<td>28\u00b0C<\/td>\n<td>Tuy\u1ec7t v\u1eddi<\/td>\n<\/tr>\n<tr>\n<td>D\u1ea7u \u2013Fuel<\/td>\n<td>\u2013<\/td>\n<td>28\u00b0C<\/td>\n<td>Tuy\u1ec7t v\u1eddi<\/td>\n<\/tr>\n<tr>\n<td>D\u1ea7u-kho\u00e1ng<\/td>\n<td>\u2013<\/td>\n<td>28\u00b0C<\/td>\n<td>Tuy\u1ec7t v\u1eddi<\/td>\n<\/tr>\n<tr>\n<td>\u0110\u01b0\u1eddng<\/td>\n<td>100%<\/td>\n<td>28\u00b0C<\/td>\n<td>Tuy\u1ec7t v\u1eddi<\/td>\n<\/tr>\n<tr>\n<td>Natri Hidroxit<\/td>\n<td>50%<\/td>\n<td>28\u00b0C<\/td>\n<td>Tuy\u1ec7t v\u1eddi<\/td>\n<\/tr>\n<tr>\n<td>Natri sunfat<\/td>\n<td>T\u1ea5t c\u1ea3<\/td>\n<td>28\u00b0C<\/td>\n<td>Tuy\u1ec7t v\u1eddi<\/td>\n<\/tr>\n<\/tbody>\n<\/table>\n<\/td>\n<\/tr>\n<\/tbody>\n<\/table>\n<p>&nbsp;<\/td>\n<\/tr>\n<tr>\n<td width=\"16%\"><strong>Chu\u1ea9n b\u1ecb b\u1ec1 m\u1eb7t<\/strong><\/td>\n<td width=\"85%\">B\u00ea t\u00f4ng n\u1ec1n ho\u1eb7c l\u1edbp l\u00e1ng n\u1ec1n ph\u1ea3i c\u00f3 c\u01b0\u1eddng \u0111\u1ed9 n\u00e9n t\u1ed1i thi\u1ec3u 25N \/ mm\u00b2<\/p>\n<p>V\u00e0 c\u01b0\u1eddng \u0111\u1ed9 k\u00e9o ra c\u1ee7a ch\u1ea5t k\u1ebft d\u00ednh t\u1ed1i thi\u1ec3u 1,5N \/ mm\u00b2<\/p>\n<p>B\u1ec1 m\u1eb7t n\u1ec1n ph\u1ea3i s\u1ea1ch s\u1ebd v\u00e0 kh\u00f4ng c\u00f3 c\u1eb7n b\u1ea9n, d\u1ea7u, b\u1ee5i, c\u00e1c th\u00e0nh ph\u1ea7n l\u1ecfng l\u1ebbo; s\u01a1n d\u01b0 l\u01b0\u1ee3ng, h\u00f3a ch\u1ea5t, t\u1ea3o v\u00e0 c\u00e1c ch\u1ea5t nhi\u1ec5m b\u1ea9n kh\u00e1c c\u1ea7n \u0111\u01b0\u1ee3c lo\u1ea1i b\u1ecf.<\/p>\n<p>N\u1ec1n ph\u1ea3i kh\u00f4 v\u00e0 kh\u00f4ng c\u00f3 \u00e1p l\u1ef1c n\u01b0\u1edbc ng\u1ea7m.<\/p>\n<p>N\u1ebfu \u0111\u1ed9 \u1ea9m v\u01b0\u1ee3t qu\u00e1 8%, \u00e1p d\u1ee5ng KCC Crete HD ( 5 part) v\u1edbi \u0111\u1ed9 d\u00e0y t\u1ed1i thi\u1ec3u 8mm tr\u1edf l\u00ean.<\/p>\n<p>B\u1ec1 m\u1eb7t ph\u1ea3i \u0111\u01b0\u1ee3c chu\u1ea9n b\u1ecb b\u1eb1ng c\u00e1ch phun h\u1ea1t ch\u00e2n kh\u00f4ng, nh\u00e1m \u0111\u1ec3 lo\u1ea1i b\u1ecf c\u00e1c ch\u1ea5t b\u1ea9n b\u1eb1ng c\u00e1ch m\u00e0i.<\/p>\n<p>C\u00e1c v\u1ebft n\u1ee9t v\u00e0 l\u1ed7 r\u1ed7ng ph\u1ea3i \u0111\u01b0\u1ee3c l\u00e0m \u0111\u00fang c\u00e1ch \u0111\u00e3 kh\u1eafc ph\u1ee5c<\/p>\n<p>Chu\u1ea9n b\u1ecb c\u00e1c r\u00e3nh r\u1ed9ng 5mm x s\u00e2u 5mm \u1edf t\u1ea5t c\u1ea3 c\u00e1c c\u1ea1nh; r\u00e3nh n\u1ed1i c\u1ed9t; c\u1eeda ra v\u00e0o v\u00e0 c\u1ed1ng r\u00e3nh cho m\u1ee5c \u0111\u00edch neo \u0111\u1eadu<\/p>\n<p>Kh\u00f4ng thi c\u00f4ng khi \u0111\u1ed9 \u1ea9m t\u01b0\u01a1ng \u0111\u1ed1i v\u01b0\u1ee3t qu\u00e1 90% khi b\u1ec1 m\u1eb7t \u0111\u01b0\u1ee3c tr\u00e1ng cao h\u01a1n \u0111i\u1ec3m s\u01b0\u01a1ng d\u01b0\u1edbi 5%.<\/p>\n<p>Kh\u00f4ng thi c\u00f4ng nhi\u1ec7t \u0111\u1ed9 d\u01b0\u1edbi 5 \u00b0C v\u00e0 nhi\u1ec7t \u0111\u1ed9 tr\u00ean 40 \u00b0C<\/td>\n<\/tr>\n<tr>\n<td width=\"16%\"><em>\u00a0<\/em><\/p>\n<p><em>\u00a0<\/em><\/p>\n<p><strong>Thi c\u00f4ng<\/strong><\/td>\n<td width=\"85%\">Tr\u01b0\u1edbc khi thi c\u00f4ng KCC Crete HD n\u00ean l\u1eafc ph\u1ea7n A Polyol tr\u01b0\u1edbc khi \u0111\u1ed5 v\u00e0o th\u00f9ng<\/p>\n<p>\u0110\u1ed5 t\u1ea5t c\u1ea3 ph\u1ea7n B v\u00e0 ph\u1ea7n A v\u00e0o th\u00f9ng tr\u1ed9n s\u1ea1ch v\u00e0 tr\u1ed9n trong 5 gi\u00e2y b\u1eb1ng c\u00e1ch s\u1eed d\u1ee5ng \u0111i\u1ec7n ph\u00f9 h\u1ee3p m\u00e1y khu\u1ea5y (v\u1edbi c\u00f4ng su\u1ea5t cao 750W)<\/p>\n<p>Ch\u1ec9 th\u00eam Color Filler CS-2 (2kg) v\u00e0 b\u1ed9t Plain Filler (12kg) \u0111\u1ec3 tr\u1ed9n \u00edt nh\u1ea5t 10 gi\u00e2y<\/p>\n<p>Sau \u0111\u00f3 th\u00eam v\u00e0o Filler HD (12kg) \u0111\u1ec3 tr\u1ed9n \u00edt nh\u1ea5t 50 gi\u00e2y \u2013 60 gi\u00e2y cho \u0111\u1ebfn khi \u0111\u1ea1t \u0111\u01b0\u1ee3c ho\u00e0n to\u00e0n \u0111\u1ed3ng nh\u1ea5t nh\u1ea5t qu\u00e1n<\/p>\n<p>Thi c\u00f4ng s\u01a1n l\u00f3t Epoxy \u0111\u1ec3 tr\u00e1m b\u00edt t\u1ed1t \u0111\u1ed9 x\u1ed1p c\u1ee7a b\u1ec1 m\u1eb7t n\u1ec1n.<\/p>\n<p>Trong v\u00f2ng 14 ~ 18 gi\u1edd; s\u01a1n l\u00f3t \u0111\u00e3 \u0111\u00f3ng r\u1eafn<\/p>\n<p>Sau \u0111\u00f3 ch\u1ec9 thi c\u00f4ng KCC Crete HD ( 5 part) l\u00e0m l\u1edbp ph\u1ee7 x\u01b0\u1edbc (d\u00e0y trong v\u00f2ng 1mm \u00b1)<\/p>\n<p>Trong v\u00f2ng 14 \u2013 18 gi\u1edd k\u1ec3 t\u1eeb khi l\u1edbp s\u01a1n ch\u1ed1ng x\u01b0\u1edbc KCC-CRETE MF \u0111\u01b0\u1ee3c ch\u1eefa kh\u1ecfi<\/p>\n<p>Sau \u0111\u00f3 ch\u1ec9 cho ph\u00e9p th\u1ef1c hi\u1ec7n ph\u00e2n l\u1edbp c\u1ee7a KCC-CRETE HD ph\u1ee7 l\u00ean KCC-CRETE<\/p>\n<p>\u00c1p d\u1ee5ng KCC-CRETE HD Topping ph\u1ea3i trong v\u00f2ng \u0111\u1eddi c\u1ee7a n\u1ed3i (th\u1eddi gian l\u00e0m vi\u1ec7c \u00b1 22 ph\u00fat.)<\/p>\n<p>Tr\u1ea3i ma tr\u1eadn h\u1ed7n h\u1ee3p v\u1edbi h\u1ed9p l\u00e1ng n\u1ec1n b\u1eb1ng bay th\u1ee7 c\u00f4ng theo \u0111\u1ed9 d\u00e0y y\u00eau c\u1ea7u<\/p>\n<p>Ngay l\u1eadp t\u1ee9c s\u1eed d\u1ee5ng con l\u0103n ng\u1eafn \u0111\u1ec3 l\u0103n \u0111\u1ec1u tr\u00ean b\u1ec1 m\u1eb7t \u0111\u1ec3 c\u00f3 \u0111\u01b0\u1ee3c \u0111\u1ed9 \u0111\u1ed3ng \u0111\u1ec1u khi ho\u00e0n thi\u1ec7n k\u1ebft c\u1ea5u b\u1ec1 m\u1eb7t.<\/td>\n<\/tr>\n<tr>\n<td width=\"16%\"><strong>D\u1ee5ng c\u1ee5 thi c\u00f4ng <\/strong><\/td>\n<td width=\"85%\">\u0110\u1ed3 b\u1ea3o h\u1ed9 lao \u0111\u1ed9ng<\/p>\n<p>\u0110eo g\u0103ng tay, kh\u1ea9u trang<\/p>\n<p>V\u00e0 m\u1eaft k\u00ednh<\/p>\n<p>S\u01a1n l\u00f3t KCC<\/p>\n<p>V\u1eefa polyurethane KCC Crete HD ( 5 part)<\/p>\n<p>V\u00e0 c\u00e1c d\u1ee5ng c\u1ee5 c\u1ea7n thi\u1ebft kh\u00e1c<\/td>\n<\/tr>\n<tr>\n<td width=\"16%\"><strong>\u0110\u00f3ng g\u00f3i<\/strong><\/td>\n<td width=\"85%\">32KG<\/td>\n<\/tr>\n<tr>\n<td width=\"16%\"><strong>L\u01b0u \u00fd<\/strong><\/td>\n<td width=\"85%\">Ch\u00fang t\u00f4i khuy\u00ean b\u1ea1n n\u00ean l\u00e0m s\u1ea1ch v\u00e0 b\u1ea3o tr\u00ec c\u01a1 b\u1ea3n s\u1ebd k\u00e9o d\u00e0i tu\u1ed5i th\u1ecd c\u1ee7a s\u00e0n polyurethane<\/p>\n<p>L\u00e0m s\u1ea1ch th\u01b0\u1eddng xuy\u00ean b\u1eb1ng c\u00e1ch s\u1eed d\u1ee5ng quay m\u1ed9t<\/p>\n<p>Ho\u1eb7c hai \u0111\u1ea7u m\u00e1y s\u1ea5y ch\u00e0 s\u00e0n k\u1ebft h\u1ee3p v\u1edbi ch\u1ea5t t\u1ea9y r\u1eeda ki\u1ec1m.<\/td>\n<\/tr>\n<tr>\n<td width=\"16%\"><strong>S\u1ee9c kh\u1ecfe v\u00e0 an to\u00e0n<\/strong><\/td>\n<td width=\"85%\">B\u1ea3o v\u1ec7 da v\u00e0 m\u1eaft, v\u00e0 tr\u00e1nh h\u00edt v\u00e0o h\u01a1i c\u1ee7a dung m\u00f4i.<\/p>\n<p>S\u1eed d\u1ee5ng \u0111\u1ea7y \u0111\u1ee7 th\u00f4ng gi\u00f3<\/p>\n<p>Khuy\u1ebfn c\u00e1o n\u00ean b\u1ea3o v\u1ec7 h\u00f4 h\u1ea5p khi thi c\u00f4ng s\u1ea3n ph\u1ea9m trong khu v\u1ef1c gi\u1edbi h\u1ea1n hay khu v\u1ef1c thi\u1ebfu kh\u00f4ng kh\u00ed.<\/p>\n<p>Trong h\u1ed7n h\u1ee3p c\u00f3 ch\u1ee9a dung m\u00f4i d\u1ec5 ch\u00e1y, khi v\u1eadn chuy\u1ec3n, s\u1eed d\u1ee5ng, hay \u0111\u1ec3 trong nh\u00e0<\/p>\n<p>kho n\u00ean \u0111\u1ec3 tr\u00e1nh xa c\u00e1c ngu\u1ed3n l\u1eeda, n\u01a1i d\u1ec5 b\u1eaft ch\u00e1y.<\/p>\n<p>N\u00ean l\u01b0u tr\u1eef n\u01a1i kh\u00f4 r\u00e1o, \u0111\u00f3ng ch\u1eb7t n\u1eafp th\u00f9ng sau khi s\u1eed d\u1ee5ng.<\/td>\n<\/tr>\n<\/tbody>\n<\/table>\n<p>Xem th\u00eam: <span style=\"color: #0000ff;\"><a style=\"color: #0000ff;\" href=\"https:\/\/sonsanepoxy.com.vn\/son-epoxy-la-gi\/\"><strong>S\u01a1n Epoxy<\/strong><\/a><\/span><\/p>\n<p>&nbsp;<\/p>\n","protected":false},"excerpt":{"rendered":"<p>KCC Crete HD ( 5 part) l\u00e0 m\u1ed9t lo\u1ea1i v\u1eefa polyurethane d\u00e0nh cho n\u1ec1n, c\u00f3 kh\u00e1 n\u0103ng ch\u1ecbu s\u1ed1c nhi\u1ec7t, l\u1edbp v\u1eefa tr\u00e1t d\u00e0y t\u1eeb 6-15mm s\u00e0n l\u1edbp \u00e1o v\u00e0 Crete HD c\u00f3 t\u00ednh ch\u1ea5t c\u01a1 h\u1ecdc cao, cao h\u00f3a ch\u1ea5t, ch\u1ed1ng tr\u01a1n tr\u01b0\u1ee3t, ch\u1ecbu nhi\u1ec7t v\u00e0 m\u00e1t v\u1edbi k\u1ebft c\u1ea5u k\u1ebft th\u00fac m\u1edd<\/p>\n","protected":false},"featured_media":152,"comment_status":"open","ping_status":"closed","template":"","meta":[],"product_brand":[],"product_cat":[17,19],"product_tag":[],"class_list":{"0":"post-95","1":"product","2":"type-product","3":"status-publish","4":"has-post-thumbnail","6":"product_cat-hang-son","7":"product_cat-son-epoxy-kcc","9":"first","10":"instock","11":"shipping-taxable","12":"purchasable","13":"product-type-variable"},"_links":{"self":[{"href":"https:\/\/sonsanepoxy.vn\/index.php\/wp-json\/wp\/v2\/product\/95","targetHints":{"allow":["GET"]}}],"collection":[{"href":"https:\/\/sonsanepoxy.vn\/index.php\/wp-json\/wp\/v2\/product"}],"about":[{"href":"https:\/\/sonsanepoxy.vn\/index.php\/wp-json\/wp\/v2\/types\/product"}],"replies":[{"embeddable":true,"href":"https:\/\/sonsanepoxy.vn\/index.php\/wp-json\/wp\/v2\/comments?post=95"}],"wp:featuredmedia":[{"embeddable":true,"href":"https:\/\/sonsanepoxy.vn\/index.php\/wp-json\/wp\/v2\/media\/152"}],"wp:attachment":[{"href":"https:\/\/sonsanepoxy.vn\/index.php\/wp-json\/wp\/v2\/media?parent=95"}],"wp:term":[{"taxonomy":"product_brand","embeddable":true,"href":"https:\/\/sonsanepoxy.vn\/index.php\/wp-json\/wp\/v2\/product_brand?post=95"},{"taxonomy":"product_cat","embeddable":true,"href":"https:\/\/sonsanepoxy.vn\/index.php\/wp-json\/wp\/v2\/product_cat?post=95"},{"taxonomy":"product_tag","embeddable":true,"href":"https:\/\/sonsanepoxy.vn\/index.php\/wp-json\/wp\/v2\/product_tag?post=95"}],"curies":[{"name":"wp","href":"https:\/\/api.w.org\/{rel}","templated":true}]}}