{"id":79,"date":"2026-05-05T08:18:48","date_gmt":"2026-05-05T08:18:48","guid":{"rendered":"https:\/\/sonsanepoxy.vn\/?post_type=product&#038;p=79"},"modified":"2026-05-05T08:20:15","modified_gmt":"2026-05-05T08:20:15","slug":"son-phu-bao-ve-kcc-sporthane-topcoat","status":"publish","type":"product","link":"https:\/\/sonsanepoxy.vn\/index.php\/san-pham\/son-phu-bao-ve-kcc-sporthane-topcoat\/","title":{"rendered":"S\u01a1n phu\u0309 b\u1ea3o v\u1ec7 KCC Sporthane Topcoat"},"content":{"rendered":"<table width=\"102%\">\n<tbody>\n<tr>\n<td width=\"16%\"><strong>M\u00f4 t\u1ea3 &amp; \u1ee8ng d\u1ee5ng<\/strong><\/td>\n<td width=\"85%\">Sporthane Topcoat l\u00e0 lo\u1ea1i s\u01a1n ph\u1ee7 2 th\u00e0nh ph\u1ea7n, g\u1ed1c polyurethane, kh\u00f4 nhanh, ch\u1ecbu m\u00e0i m\u00f2n v\u00e0 \u0103n m\u00f2n cao, b\u1ec1n b\u1ec9 v\u1edbi th\u1eddi ti\u1ebft, kh\u00e1ng UV, c\u00f3 kh\u1ea3 n\u0103ng co d\u00e3n t\u1ed1t, ch\u1ecbu t\u1ea3i tr\u1ecdng cao.<\/p>\n<p>\u0110\u1ec1 ngh\u1ecb s\u1eed d\u1ee5ng: l\u1edbp s\u01a1n ph\u1ee7 ho\u00e0n thi\u1ec7n trong c\u00e1c h\u1ec7 th\u1ed1ng ch\u1ed1ng th\u1ea5m s\u00e0n m\u00e1i b\u00ea t\u00f4ng, m\u00e1i tole, t\u1ea7ng h\u1ea7m, b\u00e3i \u0111\u1ed5 xe, s\u00e2n th\u1ec3 thao, h\u1ed3 b\u01a1i, b\u1ec3 ch\u1ee9a\u2026<\/td>\n<\/tr>\n<tr>\n<td width=\"16%\"><strong>\u0110\u1eb7c t\u00ednh<\/strong><\/td>\n<td width=\"85%\">S\u1eed d\u1ee5ng \u1edf n\u01a1i y\u00eau c\u1ea7u kh\u1ea3 n\u0103ng ch\u1ecbu va \u0111\u1eadp, kh\u00e1ng h\u00f3a ch\u1ea5t cao trong khu v\u1ef1c ch\u1ee9a h\u00e0ng ch\u1ecbu t\u1ea3i.<\/p>\n<p>S\u1eed d\u1ee5ng t\u1ed1t cho s\u00e0n ph\u00f2ng th\u00ed nghi\u1ec7m, nh\u00e0 m\u00e1y \u0111i\u1ec7n h\u1ea1t nh\u00e2n, b\u1ec7nh vi\u1ec7n, \u0111i\u1ec7n t\u1eed, nh\u00e0 m\u00e1y h\u00f3a ch\u1ea5t, d\u01b0\u1ee3c ph\u1ea9m, v.v.<\/td>\n<\/tr>\n<tr>\n<td width=\"16%\"><strong>Th\u00f4ng s\u1ed1 k\u1ef9 thu\u1eadt<\/strong><\/td>\n<td width=\"85%\">\n<table style=\"width: 100.462%;\">\n<tbody>\n<tr>\n<td style=\"width: 110.799%;\" colspan=\"2\" width=\"699\"><strong>D\u1eee LI\u1ec6U V\u1eacT L\u00dd<\/strong><\/td>\n<\/tr>\n<tr>\n<td style=\"width: 28.1907%;\" width=\"198\">M\u00e0u s\u01a1n ho\u00e0n thi\u1ec7n<\/td>\n<td style=\"width: 82.6087%;\" width=\"501\">\u00a0Xanh, Ghi<\/td>\n<\/tr>\n<tr>\n<td style=\"width: 28.1907%;\" width=\"198\">Ch\u1ea5t r\u1eafn theo th\u1ec3 t\u00edch<\/td>\n<td style=\"width: 82.6087%;\" width=\"501\">X\u1ea5p x\u1ec9 50%<\/td>\n<\/tr>\n<tr>\n<td style=\"width: 28.1907%;\" width=\"198\">\u0110\u1ed9 ph\u1ee7 l\u00fd thuy\u1ebft<\/td>\n<td style=\"width: 82.6087%;\" width=\"501\">8 m2\/kg (10,4 m2\/L) cho b\u1ec1 m\u1eb7t ph\u1eb3ng d\u00e0y 0.05 mm khi kh\u00f4 (50 microns)<\/td>\n<\/tr>\n<tr>\n<td style=\"width: 28.1907%;\" width=\"198\">T\u1ec9 tr\u1ecdng<\/td>\n<td style=\"width: 82.6087%;\" width=\"501\">\u0110\u00e3 tr\u1ed9n: X\u1ea5p x\u1ec9 1.3 \u0111\u1ebfn 1.4 (kg\/L)<\/td>\n<\/tr>\n<tr>\n<td style=\"width: 28.1907%;\" width=\"198\">\u0110i\u1ec3m ch\u1edbp ch\u00e1y<\/td>\n<td style=\"width: 82.6087%;\" width=\"501\">27 \u00b0C\/100.4 \u2109<\/td>\n<\/tr>\n<tr>\n<td style=\"width: 28.1907%;\" width=\"198\">Th\u1eddi gian kh\u00f4<\/td>\n<td style=\"width: 82.6087%;\" width=\"501\">\n<table style=\"width: 100.329%;\" width=\"480\">\n<tbody>\n<tr>\n<td style=\"width: 26.294%;\" width=\"131\"><\/td>\n<td style=\"width: 22.7743%;\" width=\"113\">5\u2103<\/td>\n<td style=\"width: 15.942%;\" width=\"76\">10\u2103<\/td>\n<td style=\"width: 17.5983%;\" width=\"85\">20\u2103<\/td>\n<td style=\"width: 30.2277%;\" width=\"74\">30\u2103<\/td>\n<\/tr>\n<tr>\n<td style=\"width: 26.294%;\" width=\"131\">Kh\u00f4 ch\u1ea1m tay<\/td>\n<td style=\"width: 22.7743%;\" width=\"113\">10 gi\u1edd<\/td>\n<td style=\"width: 15.942%;\" width=\"76\">6 gi\u1edd<\/td>\n<td style=\"width: 17.5983%;\" width=\"85\">3 gi\u1edd<\/td>\n<td style=\"width: 30.2277%;\" width=\"74\">2 gi\u1edd<\/td>\n<\/tr>\n<tr>\n<td style=\"width: 26.294%;\" width=\"131\">Kh\u00f4 \u0111\u00f3ng r\u1eafn<\/td>\n<td style=\"width: 22.7743%;\" width=\"113\">48 gi\u1edd<\/td>\n<td style=\"width: 15.942%;\" width=\"76\">35 gi\u1edd<\/td>\n<td style=\"width: 17.5983%;\" width=\"85\">17 gi\u1edd<\/td>\n<td style=\"width: 30.2277%;\" width=\"74\">12 gi\u1edd<\/td>\n<\/tr>\n<tr>\n<td style=\"width: 26.294%;\" width=\"131\">Kh\u00f4 ho\u00e0n to\u00e0n<\/td>\n<td style=\"width: 22.7743%;\" width=\"113\">9 ng\u00e0y<\/td>\n<td style=\"width: 15.942%;\" width=\"76\">6 ng\u00e0y<\/td>\n<td style=\"width: 17.5983%;\" width=\"85\">4 ng\u00e0y<\/td>\n<td style=\"width: 30.2277%;\" width=\"74\">3 ng\u00e0y<\/td>\n<\/tr>\n<\/tbody>\n<\/table>\n<\/td>\n<\/tr>\n<tr>\n<td style=\"width: 28.1907%;\" width=\"198\">Th\u1eddi gian \u0111\u00f3ng r\u1eafn<\/td>\n<td style=\"width: 82.6087%;\" width=\"501\">\n<table style=\"width: 98.3114%;\">\n<tbody>\n<tr>\n<td style=\"width: 46.771%;\" colspan=\"2\" width=\"232\"><\/td>\n<td style=\"width: 17.8082%;\" width=\"87\">10\u2103<\/td>\n<td style=\"width: 16.8297%;\" width=\"82\">20\u2103<\/td>\n<td style=\"width: 24.8532%;\" width=\"79\">30\u00b0C<\/td>\n<\/tr>\n<tr>\n<td style=\"width: 46.771%;\" colspan=\"2\" width=\"232\">Th\u1eddi gian \u0111\u00f3ng r\u1eafn<\/td>\n<td style=\"width: 17.8082%;\" width=\"87\">3 gi\u1edd<\/td>\n<td style=\"width: 16.8297%;\" width=\"82\">1 gi\u1edd<\/td>\n<td style=\"width: 24.8532%;\" width=\"79\">40 ph\u00fat<\/td>\n<\/tr>\n<tr>\n<td style=\"width: 30.137%;\" rowspan=\"2\" width=\"150\">Th\u1eddi gian chuy\u1ec3n ti\u1ebfp gi\u1eefa 2 l\u1edbp s\u01a1n<\/td>\n<td style=\"width: 16.6341%;\" width=\"81\">Nh\u1ecf nh\u1ea5t<\/td>\n<td style=\"width: 17.8082%;\" width=\"87\">18 gi\u1edd<\/td>\n<td style=\"width: 16.8297%;\" width=\"82\">9 gi\u1edd<\/td>\n<td style=\"width: 24.8532%;\" width=\"79\">6 gi\u1edd<\/td>\n<\/tr>\n<tr>\n<td style=\"width: 16.6341%;\" width=\"81\">L\u1edbn nh\u1ea5t<\/td>\n<td style=\"width: 17.8082%;\" width=\"87\">5 ng\u00e0y<\/td>\n<td style=\"width: 16.8297%;\" width=\"82\">3 ng\u00e0y<\/td>\n<td style=\"width: 24.8532%;\" width=\"79\">2 ng\u00e0y<\/td>\n<\/tr>\n<\/tbody>\n<\/table>\n<\/td>\n<\/tr>\n<tr>\n<td style=\"width: 28.1907%;\" width=\"198\">Th\u1eddi h\u1ea1n s\u1eed d\u1ee5ng<\/td>\n<td style=\"width: 82.6087%;\" width=\"501\">&#8211; 12 th\u00e1ng (b\u1ea3o qu\u1ea3n n\u01a1i m\u00e1t, kh\u00f4, th\u00f4ng gi\u00f3).<\/td>\n<\/tr>\n<tr>\n<td style=\"width: 28.1907%;\" width=\"198\">Dung m\u00f4i pha lo\u00e3ng<\/td>\n<td style=\"width: 82.6087%;\" width=\"501\">Sporthane Thinner 037U(S) (T\u1ec9 l\u1ec7 pha lo\u00e3ng t\u1ed1i \u0111a 10% th\u1ec3 t\u00edch).<\/td>\n<\/tr>\n<tr>\n<td style=\"width: 28.1907%;\" width=\"198\">\u0110\u1ed9 d\u00e0y m\u00e0n s\u01a1n<\/td>\n<td style=\"width: 82.6087%;\" width=\"501\">khuy\u1ebfn c\u00e1o 0.05 mm (50 microns) khi kh\u00f4<\/td>\n<\/tr>\n<tr>\n<td style=\"width: 28.1907%;\" width=\"198\">L\u1edbp s\u01a1n l\u00f3t<\/td>\n<td style=\"width: 82.6087%;\" width=\"501\">B\u1ec1 m\u1eb7t \u0111\u00e3 \u0111\u01b0\u1ee3c s\u01a1n \u00edt nh\u1ea5t 01 l\u1edbp s\u01a1n l\u00f3t Epoxy c\u00f9ng h\u1ec7 s\u01a1n ch\u1ed1ng th\u1ea5m KCC nh\u01b0 SPORTHANE PRIMER.<\/td>\n<\/tr>\n<\/tbody>\n<\/table>\n<\/td>\n<\/tr>\n<tr>\n<td width=\"16%\"><strong>Chu\u1ea9n b\u1ecb b\u1ec1 m\u1eb7t<\/strong><\/td>\n<td width=\"85%\">B\u1ec1 m\u1eb7t b\u00ea t\u00f4ng c\u1ea7n thi c\u00f4ng Sporthane Topcoat \u00edt nh\u1ea5t l\u00e0 \u0111\u00e3 \u0111\u01b0\u1ee3c \u0111\u1ec3 kh\u00f4 trong 28 ng\u00e0y<\/p>\n<p>T\u1ea9y ch\u1ea5t b\u1ea9n, d\u1ecbch v\u00e0 t\u1ea1p ch\u1ea5t t\u1ef1 m\u1eb7t n\u1ec1n chu\u1ea9n b\u1ecb s\u01a1n<\/p>\n<p>C\u00e1c v\u1ebft v\u1eefa th\u00f4, b\u1ee5i b\u1ea9n c\u00f2n s\u00f3t l\u1ea1i b\u1eb1ng ch\u1ea5t t\u1ea9y Epoxy 003 ho\u1eb7c ph\u01b0\u01a1ng ph\u00e1p h\u00f3a h\u1ecdc.<\/p>\n<p>S\u1eeda ch\u1eefa b\u1eb1ng c\u00e1c v\u1eadt li\u1ec7u chuy\u00ean d\u1ee5ng n\u1ebfu b\u1ec1 m\u1eb7t c\u00f3 nh\u1eefng ch\u1ed7 h\u01b0 h\u1ecfng<\/p>\n<p>Kh\u00f4ng \u0111\u01b0\u1ee3c thi c\u00f4ng s\u01a1n ph\u1ee7 KCC Sporthane Topcoat khi nhi\u1ec7t \u0111\u1ed9 \u00edt h\u01a1n 5\u2103 \/41\u2109<\/p>\n<p>V\u00e0 \u0111\u1ed9 \u1ea9m th\u00f4ng th\u01b0\u1eddng tr\u00ean 80%<\/p>\n<p>Nhi\u1ec7t \u0111\u1ed9 b\u1ec1 m\u1eb7t n\u00ean \u00edt nh\u1ea5t l\u00e0 3\u2103 (37 \u2109) tr\u00ean \u0111i\u1ec3m ng\u01b0ng t\u1ee5 s\u01b0\u01a1ng (nh\u1ecf gi\u1ecdt)<\/td>\n<\/tr>\n<tr>\n<td width=\"16%\"><em>\u00a0<\/em><\/p>\n<p><em>\u00a0<\/em><\/p>\n<p><strong>Thi c\u00f4ng<\/strong><\/td>\n<td width=\"85%\">B\u1ec1 m\u1eb7t \u0111\u00e3 \u0111\u01b0\u1ee3c s\u01a1n \u00edt nh\u1ea5t 01 l\u1edbp s\u01a1n l\u00f3t Epoxy c\u00f9ng h\u1ec7 s\u01a1n ch\u1ed1ng th\u1ea5m KCC nh\u01b0 SPORTHANE PRIMER.<\/p>\n<p>Lo\u1ea1i s\u01a1n c\u00f9ng l\u00f4 s\u1ea3n xu\u1ea5t, t\u1ea1o ch\u00e2n b\u00e1m ho\u00e0n h\u1ea3o cho l\u1edbp s\u01a1n<\/p>\n<p>Tr\u1ed9n ri\u00eang bi\u1ec7t, sau \u0111\u00f3 k\u1ebft h\u1ee3p l\u1eabn nhau v\u00e0 tr\u1ed9n \u0111\u1ec1u v\u1edbi t\u1ed1c \u0111\u1ed9 cao kh\u00f4ng dung m\u00f4i trong 5 ph\u00fat tr\u01b0\u1edbc khi thi c\u00f4ng<\/p>\n<p>Dung m\u00f4i : Thinner No.037U ( pha lo\u00e3ng t\u1ef7 l\u1ec7 : cao nh\u1ea5t l\u00e0 25% th\u1ec3 t\u00edch )<\/p>\n<p>D\u00f9ng rulo thi c\u00f4ng s\u01a1n ph\u1ee7 Sporthane Topcoat l\u00ean tr\u00ean l\u1edbp s\u01a1n ph\u1ee7 ch\u1ed1ng th\u1ea5m l\u1ed9 thi\u00ean.<\/p>\n<p>\u0110i s\u01a1n \u0111\u1ec1u v\u00e0 nhi\u1ec1u l\u1ea7n.<\/p>\n<p>H\u1ea1n ch\u1ebf nh\u1eefng v\u1ebft h\u1eb1n do d\u1ee5ng c\u1ee5 thi c\u00f4ng \u0111\u1ec3 l\u1ea1i.<\/p>\n<p>\u0110\u1ed9 d\u00e0y l\u1edbp ph\u1ee7 khuy\u1ebfn c\u00e1o l\u00e0 50microns khi kh\u00f4<\/td>\n<\/tr>\n<tr>\n<td width=\"16%\"><strong>D\u1ee5ng c\u1ee5 thi c\u00f4ng <\/strong><\/td>\n<td width=\"85%\">Qu\u1ea7n \u00e1o b\u1ea3o h\u1ed9<\/p>\n<p>\u0110eo gang tay<\/p>\n<p>\u0110eo kh\u1ea9u trang<\/p>\n<p>V\u00e0 k\u00ednh m\u1eaft<\/p>\n<p>V\u00e0 c\u00e1c d\u1ee5ng c\u1ee5 chuy\u00ean d\u1ee5ng kh\u00e1c, vv\u2026<\/td>\n<\/tr>\n<tr>\n<td width=\"16%\"><strong>\u0110\u00f3ng g\u00f3i<\/strong><\/td>\n<td width=\"85%\">B\u1ed9 12,6kg (PTA : PTB = 9.6 : 3.0 kg )<\/td>\n<\/tr>\n<tr>\n<td width=\"16%\"><strong>L\u01b0u \u00fd<\/strong><\/td>\n<td width=\"85%\">T\u00f9y thu\u1ed9c v\u00e0o nhi\u1ec7t \u0111\u1ed9 khi thi c\u00f4ng l\u00e0 bao nhi\u00eau \u0111\u1ec3 tr\u1ed9n l\u01b0\u1ee3ng s\u01a1n v\u1eeba \u0111\u1ee7 thi c\u00f4ng trong th\u1eddi gian s\u1ed1ng c\u1ee7a s\u01a1n; qua th\u1eddi gian s\u1ed1ng s\u01a1n s\u1ebd b\u1ecb \u0111\u00f4ng c\u1ee9ng v\u00e0 kh\u00f4ng d\u00f9ng \u0111\u01b0\u1ee3c n\u1eefa.<\/p>\n<p>S\u1ee7i b\u1ecdt c\u00f3 th\u1ec3 x\u1ea3y ra trong tr\u01b0\u1eddng h\u1ee3p thi c\u00f4ng v\u1eadt li\u1ec7u \u1edf nhi\u1ec7t \u0111\u1ed9 cao<\/p>\n<p>( Kh\u00f4ng kh\u00ed : tr\u00ean 28\u2103\/82\u2109, b\u1ec1 m\u1eb7t : tr\u00ean 40 \u2103\/104\u2109)<\/p>\n<p>Kh\u00f4ng n\u00ean b\u1ea3o qu\u1ea3n s\u01a1n ph\u1ee7 KCC Sporthane Topcoat t\u1ea1i n\u01a1i c\u00f3 nhi\u1ec7t \u0111\u1ed9 tr\u00ean 30\u2103 \/86\u2109<\/p>\n<p>S\u1eed d\u1ee5ng \u0111\u1ea7y \u0111\u1ee7 th\u00f4ng gi\u00f3<\/p>\n<p>Khuy\u1ebfn c\u00e1o n\u00ean b\u1ea3o v\u1ec7 h\u00f4 h\u1ea5p khi thi c\u00f4ng s\u1ea3n ph\u1ea9m trong khu v\u1ef1c gi\u1edbi h\u1ea1n hay thi\u1ebfu kh\u00f4ng kh\u00ed<\/p>\n<p>R\u1eeda thi\u1ebft b\u1ecb b\u1eb1ng thinner No.002 sau khi s\u1eed d\u1ee5ng Sporthane Topcoat<\/td>\n<\/tr>\n<tr>\n<td width=\"16%\"><strong>S\u1ee9c kh\u1ecfe v\u00e0 an to\u00e0n<\/strong><\/td>\n<td width=\"85%\">B\u1ea3o v\u1ec7 da v\u00e0 m\u1eaft, v\u00e0 tr\u00e1nh h\u00edt v\u00e0o h\u01a1i c\u1ee7a dung m\u00f4i.<\/p>\n<p>S\u1eed d\u1ee5ng \u0111\u1ea7y \u0111\u1ee7 th\u00f4ng gi\u00f3<\/p>\n<p>Khuy\u1ebfn c\u00e1o n\u00ean b\u1ea3o v\u1ec7 h\u00f4 h\u1ea5p khi thi c\u00f4ng s\u1ea3n ph\u1ea9m trong khu v\u1ef1c gi\u1edbi h\u1ea1n hay khu v\u1ef1c thi\u1ebfu kh\u00f4ng kh\u00ed.<\/p>\n<p>Trong h\u1ed7n h\u1ee3p c\u00f3 ch\u1ee9a dung m\u00f4i d\u1ec5 ch\u00e1y, khi v\u1eadn chuy\u1ec3n, s\u1eed d\u1ee5ng, hay \u0111\u1ec3 trong nh\u00e0<\/p>\n<p>kho n\u00ean \u0111\u1ec3 tr\u00e1nh xa c\u00e1c ngu\u1ed3n l\u1eeda, n\u01a1i d\u1ec5 b\u1eaft ch\u00e1y.<\/p>\n<p>N\u00ean l\u01b0u tr\u1eef n\u01a1i kh\u00f4 r\u00e1o, \u0111\u00f3ng ch\u1eb7t n\u1eafp th\u00f9ng sau khi s\u1eed d\u1ee5ng.<\/td>\n<\/tr>\n<\/tbody>\n<\/table>\n<p>Xem th\u00eam: <span style=\"color: #0000ff;\"><a style=\"color: #0000ff;\" href=\"https:\/\/sonsanepoxy.com.vn\/son-epoxy-la-gi\/\"><strong>S\u01a1n Epoxy<\/strong><\/a><\/span><\/p>\n<p>&nbsp;<\/p>\n","protected":false},"excerpt":{"rendered":"<p>Sporthane Topcoat l\u00e0 lo\u1ea1i s\u01a1n ph\u1ee7 2 th\u00e0nh ph\u1ea7n, g\u1ed1c polyurethane, kh\u00f4 nhanh, ch\u1ecbu m\u00e0i m\u00f2n v\u00e0 \u0103n m\u00f2n cao, b\u1ec1n b\u1ec9 v\u1edbi th\u1eddi ti\u1ebft, kh\u00e1ng UV, c\u00f3 kh\u1ea3 n\u0103ng co d\u00e3n t\u1ed1t, ch\u1ecbu t\u1ea3i tr\u1ecdng cao.<\/p>\n","protected":false},"featured_media":150,"comment_status":"open","ping_status":"closed","template":"","meta":[],"product_brand":[],"product_cat":[17,19],"product_tag":[],"class_list":{"0":"post-79","1":"product","2":"type-product","3":"status-publish","4":"has-post-thumbnail","6":"product_cat-hang-son","7":"product_cat-son-epoxy-kcc","9":"first","10":"instock","11":"shipping-taxable","12":"purchasable","13":"product-type-variable"},"_links":{"self":[{"href":"https:\/\/sonsanepoxy.vn\/index.php\/wp-json\/wp\/v2\/product\/79","targetHints":{"allow":["GET"]}}],"collection":[{"href":"https:\/\/sonsanepoxy.vn\/index.php\/wp-json\/wp\/v2\/product"}],"about":[{"href":"https:\/\/sonsanepoxy.vn\/index.php\/wp-json\/wp\/v2\/types\/product"}],"replies":[{"embeddable":true,"href":"https:\/\/sonsanepoxy.vn\/index.php\/wp-json\/wp\/v2\/comments?post=79"}],"wp:featuredmedia":[{"embeddable":true,"href":"https:\/\/sonsanepoxy.vn\/index.php\/wp-json\/wp\/v2\/media\/150"}],"wp:attachment":[{"href":"https:\/\/sonsanepoxy.vn\/index.php\/wp-json\/wp\/v2\/media?parent=79"}],"wp:term":[{"taxonomy":"product_brand","embeddable":true,"href":"https:\/\/sonsanepoxy.vn\/index.php\/wp-json\/wp\/v2\/product_brand?post=79"},{"taxonomy":"product_cat","embeddable":true,"href":"https:\/\/sonsanepoxy.vn\/index.php\/wp-json\/wp\/v2\/product_cat?post=79"},{"taxonomy":"product_tag","embeddable":true,"href":"https:\/\/sonsanepoxy.vn\/index.php\/wp-json\/wp\/v2\/product_tag?post=79"}],"curies":[{"name":"wp","href":"https:\/\/api.w.org\/{rel}","templated":true}]}}