{"id":78,"date":"2026-05-05T08:18:48","date_gmt":"2026-05-05T08:18:48","guid":{"rendered":"https:\/\/sonsanepoxy.vn\/?post_type=product&#038;p=78"},"modified":"2026-05-05T08:20:16","modified_gmt":"2026-05-05T08:20:16","slug":"son-chong-tham-lo-thien-kcc-sporthane-wtr-expose","status":"publish","type":"product","link":"https:\/\/sonsanepoxy.vn\/index.php\/san-pham\/son-chong-tham-lo-thien-kcc-sporthane-wtr-expose\/","title":{"rendered":"S\u01a1n ch\u00f4\u0301ng th\u00e2\u0301m l\u00f4\u0323 thi\u00ean KCC Sporthane WTR expose"},"content":{"rendered":"<table style=\"width: 101.799%; height: 3045px;\" width=\"102%\">\n<tbody>\n<tr style=\"height: 72px;\">\n<td style=\"height: 72px;\" width=\"16%\">\n<p style=\"text-align: justify;\"><strong>M\u00f4 t\u1ea3 &amp; \u1ee8ng d\u1ee5ng<\/strong><\/p>\n<\/td>\n<td style=\"text-align: justify; height: 72px;\" width=\"85%\">S\u01a1n ch\u1ed1ng th\u1ea5m KCC Sporthane Exposure WTR l\u00e0 lo\u1ea1i s\u01a1n ch\u1ed1ng th\u1ea5m l\u00f4 thi\u00ean 2 th\u00e0nh ph\u1ea7n Polyurethane g\u1ed1c nh\u1ef1a ch\u1ed1ng th\u1ea5m v\u1edbi kh\u1ea3 n\u0103ng kh\u00e1ng th\u1eddi ti\u1ebft tuy\u1ec7t h\u1ea3o v\u00e0 Sporthane Exposure \u0111\u01b0\u1ee3c s\u1eed d\u1ee5ng l\u00e0m l\u1edbp ch\u1ed1ng th\u1ea5m cho khu v\u1ef1c ngo\u00e0i tr\u1eddi c\u1ee7a m\u00e1i nh\u00e0 v\u00e0 c\u00e1c m\u00e1i nh\u00e0 v\u00e0 c\u00e1c th\u00e0nh ph\u1ea7n kh\u00e1c c\u1ee7a t\u00f2a nh\u00e0<\/td>\n<\/tr>\n<tr style=\"text-align: justify;\">\n<td style=\"height: 96px;\" width=\"16%\"><strong>\u0110\u1eb7c t\u00ednh<\/strong><\/td>\n<td style=\"height: 96px;\" width=\"85%\">S\u1eed d\u1ee5ng \u1edf n\u01a1i y\u00eau c\u1ea7u kh\u1ea3 n\u0103ng ch\u1ecbu va \u0111\u1eadp, kh\u00e1ng h\u00f3a ch\u1ea5t cao trong khu v\u1ef1c ch\u1ee9a h\u00e0ng ch\u1ecbu t\u1ea3i.<\/p>\n<p>S\u1eed d\u1ee5ng t\u1ed1t cho s\u00e0n ph\u00f2ng th\u00ed nghi\u1ec7m, nh\u00e0 m\u00e1y \u0111i\u1ec7n h\u1ea1t nh\u00e2n, b\u1ec7nh vi\u1ec7n, \u0111i\u1ec7n t\u1eed, nh\u00e0 m\u00e1y h\u00f3a ch\u1ea5t, d\u01b0\u1ee3c ph\u1ea9m, v.v.<\/td>\n<\/tr>\n<tr style=\"text-align: justify;\">\n<td style=\"height: 569px;\" width=\"16%\"><strong>Th\u00f4ng s\u1ed1 k\u1ef9 thu\u1eadt<\/strong><\/td>\n<td style=\"height: 569px;\" width=\"85%\">\n<table>\n<tbody>\n<tr>\n<td colspan=\"2\" width=\"699\"><strong>D\u1eee LI\u1ec6U V\u1eacT L\u00dd<\/strong><\/td>\n<\/tr>\n<tr>\n<td width=\"198\">M\u00e0u s\u01a1n ho\u00e0n thi\u1ec7n<\/td>\n<td width=\"501\">B\u00f3ng, Xanh, Ghi<\/td>\n<\/tr>\n<tr>\n<td width=\"198\">Ch\u1ea5t r\u1eafn theo th\u1ec3 t\u00edch<\/td>\n<td width=\"501\">X\u1ea5p x\u1ec9 93%<\/td>\n<\/tr>\n<tr>\n<td width=\"198\">\u0110\u1ed9 ph\u1ee7 l\u00fd thuy\u1ebft<\/td>\n<td width=\"501\">4.4kg\/m2 \u0111\u1ed9 d\u00e0y khi kh\u00f4 l\u00e0 3mm tr\u00ean m\u1eb7t ph\u1eb3ng l\u00e1ng<\/td>\n<\/tr>\n<tr>\n<td width=\"198\">T\u1ec9 tr\u1ecdng<\/td>\n<td width=\"501\">\u0110\u00e3 tr\u1ed9n 1.33kg\/L<\/td>\n<\/tr>\n<tr>\n<td width=\"198\">\u0110i\u1ec3m ch\u1edbp ch\u00e1y<\/td>\n<td width=\"501\">27 \u0111\u1ed9 C<\/td>\n<\/tr>\n<tr>\n<td width=\"198\">Th\u1eddi gian kh\u00f4<\/td>\n<td width=\"501\">\n<table width=\"468\">\n<tbody>\n<tr>\n<td width=\"108\"><\/td>\n<td width=\"90\">5\u2103<\/td>\n<td width=\"74\">20\u2103<\/td>\n<td width=\"196\">30\u2103<\/td>\n<\/tr>\n<tr>\n<td width=\"108\">Kh\u00f4 ch\u1ea1m tay<\/td>\n<td width=\"90\">10 gi\u1edd<\/td>\n<td width=\"74\">5 gi\u1edd<\/td>\n<td width=\"196\">3 gi\u1edd<\/td>\n<\/tr>\n<tr>\n<td width=\"108\">Kh\u00f4 \u0111\u00f3ng r\u1eafn<\/td>\n<td width=\"90\">48 gi\u1edd<\/td>\n<td width=\"74\">24 gi\u1edd<\/td>\n<td width=\"196\">18 gi\u1edd<\/td>\n<\/tr>\n<tr>\n<td width=\"108\">Kh\u00f4 ho\u00e0n to\u00e0n<\/td>\n<td width=\"90\">10 ng\u00e0y<\/td>\n<td width=\"74\">5 ng\u00e0y<\/td>\n<td width=\"196\">3 ng\u00e0y<\/td>\n<\/tr>\n<\/tbody>\n<\/table>\n<\/td>\n<\/tr>\n<tr>\n<td width=\"198\">Th\u1eddi gian \u0111\u00f3ng r\u1eafn<\/td>\n<td width=\"501\">\n<table>\n<tbody>\n<tr>\n<td colspan=\"2\" width=\"232\"><\/td>\n<td width=\"87\">5\u2103<\/td>\n<td width=\"82\">20\u2103<\/td>\n<td width=\"79\">30\u00b0C<\/td>\n<\/tr>\n<tr>\n<td colspan=\"2\" width=\"232\">Th\u1eddi gian \u0111\u00f3ng r\u1eafn<\/td>\n<td width=\"87\">50 ph\u00fat<\/td>\n<td width=\"82\">30 ph\u00fat<\/td>\n<td width=\"79\">20 ph\u00fat<\/td>\n<\/tr>\n<tr>\n<td rowspan=\"2\" width=\"150\">Th\u1eddi gian chuy\u1ec3n ti\u1ebfp gi\u1eefa 2 l\u1edbp s\u01a1n<\/td>\n<td width=\"81\">Nh\u1ecf nh\u1ea5t<\/td>\n<td width=\"87\">36 gi\u1edd<\/td>\n<td width=\"82\">24 gi\u1edd<\/td>\n<td width=\"79\">18 gi\u1edd<\/td>\n<\/tr>\n<tr>\n<td width=\"81\">L\u1edbn nh\u1ea5t<\/td>\n<td width=\"87\">92 gi\u1edd<\/td>\n<td width=\"82\">48 gi\u1edd<\/td>\n<td width=\"79\">36 gi\u1edd<\/td>\n<\/tr>\n<\/tbody>\n<\/table>\n<\/td>\n<\/tr>\n<tr>\n<td width=\"198\">Th\u1eddi h\u1ea1n s\u1eed d\u1ee5ng<\/td>\n<td width=\"501\">&#8211; 12 th\u00e1ng (b\u1ea3o qu\u1ea3n n\u01a1i m\u00e1t, kh\u00f4, th\u00f4ng gi\u00f3).<\/td>\n<\/tr>\n<tr>\n<td width=\"198\">Dung m\u00f4i pha lo\u00e3ng<\/td>\n<td width=\"501\">Kh\u00f4ng c\u00f3<\/td>\n<\/tr>\n<tr>\n<td width=\"198\">\u0110\u1ed9 d\u00e0y m\u00e0n s\u01a1n<\/td>\n<td width=\"501\"><\/td>\n<\/tr>\n<tr>\n<td width=\"198\">L\u1edbp s\u01a1n l\u00f3t<\/td>\n<td width=\"501\">Sporthane Primer + l\u1edbp \u0111\u1ec7m Sporthane Exposure (0.5 \u2013 0.8)<\/td>\n<\/tr>\n<\/tbody>\n<\/table>\n<\/td>\n<\/tr>\n<tr style=\"text-align: justify;\">\n<td style=\"height: 448px;\" width=\"16%\"><strong>Chu\u1ea9n b\u1ecb b\u1ec1 m\u1eb7t<\/strong><\/td>\n<td style=\"height: 448px;\" width=\"85%\">B\u1ec1 m\u1eb7t b\u00ea t\u00f4ng c\u0169 ho\u1eb7c m\u1edbi, b\u1ec1 m\u1eb7t g\u1ea1ch g\u1ed1m, g\u1ea1ch men,\u2026 \u0111\u1ec1u ph\u1ea3i m\u00e0i b\u1eb1ng m\u00e1y chuy\u00ean d\u1ee5ng tr\u01b0\u1edbc khi thi c\u00f4ng ch\u1ed1ng th\u1ea5m<\/p>\n<p>V\u1ec7 sinh s\u1ea1ch b\u1ec1 m\u1eb7t n\u1ec1n b\u1eb1ng m\u00e1y th\u1ed5i b\u1ee5i, m\u00e1y h\u00fat b\u1ee5i, ch\u1ed5i qu\u00e9t\u2026 Tuy\u1ec7t \u0111\u1ed1i kh\u00f4ng d\u00f9ng n\u01b0\u1edbc \u0111\u1ec3 l\u00e0m s\u1ea1ch v\u00e0 r\u1eeda b\u1ec1 m\u1eb7t<\/p>\n<p>Ki\u1ec3m tra b\u1ec1 m\u1eb7t sau khi m\u00e0i, n\u1ebfu b\u1ecb r\u1ed7ng, r\u1ed7, bong tr\u00f3c\u2026c\u1ea7n ph\u1ea3i \u0111\u01b0\u1ee3c s\u1eeda ch\u1eefa b\u1eb1ng v\u1eefa s\u1eeda ch\u1eefa chuy\u00ean d\u1ee5ng<\/p>\n<p>Ki\u1ec3m tra \u0111\u1ed9 \u1ea9m c\u1ee7a b\u00ea t\u00f4ng ch\u1ed1ng th\u1ea5m b\u1eb1ng m\u00e1y \u0111o \u0111\u1ed9 \u1ea9m b\u1ec1 m\u1eb7t b\u00ea t\u00f4ng chuy\u00ean d\u1ee5ng, n\u1ebfu \u0111\u1ed9 \u1ea9m th\u1ea5p h\u01a1n 6% th\u00ec ti\u1ebfn h\u00e0nh thi c\u00f4ng<\/p>\n<p>Kh\u00f4ng s\u01a1n n\u1ec1n b\u00ea t\u00f4ng ch\u01b0a qua kh\u1ecfi 28 ng\u00e0y t\u1ea1i 20\u00b0C\/68\u00b0F v\u00e0 d\u01b0\u1edbi 80% R.H<\/p>\n<p>V\u00e0 b\u1ec1 m\u1eb7t b\u00ea t\u00f4ng ph\u1ea3i \u0111\u01b0\u1ee3c t\u1ea9y s\u1ea1ch t\u1ea5t c\u1ea3 c\u00e1c ch\u1ea5t \u00f4 nhi\u1ec5m<\/p>\n<p>Kh\u00f4ng thi c\u00f4ng Sporthane Exposure WTR khi nhi\u1ec7t \u0111\u1ed9 th\u1ea5p h\u01a1n 5 \u00b0C\/41\u00b0F<\/p>\n<p>Kh\u00f4ng thi c\u00f4ng khi \u0111\u1ed9 \u1ea9m t\u01b0\u01a1ng \u0111\u1ed1i kho\u1ea3ng tr\u00ean 80%<\/p>\n<p>V\u00e0 nhi\u1ec7t \u0111\u1ed9 b\u1ec1 m\u1eb7t ph\u1ea3i tr\u00ean 3\u00b0C \u0111\u1ec3 tr\u00e1nh s\u01a1n b\u1ecb c\u00f4 \u0111\u1eb7t<\/td>\n<\/tr>\n<tr style=\"text-align: justify;\">\n<td style=\"height: 1016px;\" width=\"16%\"><em>\u00a0<\/em><\/p>\n<p><em>\u00a0<\/em><\/p>\n<p><strong>Thi c\u00f4ng<\/strong><\/td>\n<td style=\"height: 1016px;\" width=\"85%\">S\u01a1n l\u1edbp l\u00f3t<\/p>\n<p>Sporthane Primer + l\u1edbp \u0111\u1ec7m Sporthane Exposure (0.5 \u2013 0.8)<\/p>\n<p>Tr\u01b0\u1edbc khi s\u01a1n ch\u1ed1ng th\u1ea5m l\u1ed9 thi\u00ean Sporthane Exposure WTR th\u00ec c\u1ea7n ph\u1ee7 s\u01a1n l\u00f3t gi\u00fap t\u1ea1o \u0111\u1ed9 b\u00e1m d\u00ednh t\u1ed1t v\u1edbi l\u1edbp ph\u1ee7 ngo\u00e0i.<\/p>\n<p>C\u00f3 \u0111\u1ed9 b\u1ec1n cao, \u0111\u1ed9 gi\u00e3n v\u00e0 c\u00f3 kh\u1ea3 n\u0103ng ch\u1ecbu th\u1eddi ti\u1ebft v\u00e0 n\u01b0\u1edbc.<\/p>\n<p>L\u1edbp l\u00f3t Sporthane Primer ch\u1ec9 \u0111\u01b0\u1ee3c thi c\u00f4ng khi b\u1ec1 m\u1eb7t n\u1ec1n \u0111\u1ea1t v\u1ec1 \u0111\u1ed9 \u1ea9m, \u0111\u1ed9 ph\u1eb3ng v\u00e0 \u0111\u1ed9 \u0111\u1eb7c ch\u1eafc.<\/p>\n<p>Ph\u1ee7 s\u01a1n l\u00f3t m\u1ed9t v\u00e0i l\u1ea7n b\u1eb1ng ch\u1ed5i qu\u00e9t con l\u0103n ho\u1eb7c m\u00e1y phun chuy\u00ean d\u1ee5ng v\u1edbi t\u1ef7 l\u1ec7 0,1~0,2kg\/m2. Thi c\u00f4ng 1 ho\u1eb7c 2 l\u1edbp.<\/p>\n<p>Kho\u1ea3ng th\u1eddi gian s\u01a1n l\u1ea1i khuy\u1ebfn ngh\u1ecb l\u00e0 4h \u1edf nhi\u1ec7t \u0111\u1ed9 25\u00baC<\/p>\n<p>B\u01b0\u1edbc 5: Ti\u1ebfn h\u00e0nh s\u01a1n l\u1edbp s\u01a1n ch\u1ed1ng th\u1ea5m ph\u1ee7 th\u1ee9 nh\u1ea5t<\/p>\n<p>Ti\u1ebfn h\u00e0nh thi c\u00f4ng ngay l\u1edbp s\u01a1n ph\u1ee7 Polyurethane Sporthane Exposure WTR khi l\u1edbp l\u00f3t Primer \u0111\u00e3 kh\u00f4 (th\u00f4ng th\u01b0\u1eddng ch\u1edd 1 gi\u1edd sau khi thi c\u00f4ng xong).<\/p>\n<p>Nhi\u1ec7t \u0111\u1ed9 m\u00f4i tr\u01b0\u1eddng cao th\u00ec th\u1eddi gian kh\u00f4 nhanh h\u01a1n.<\/p>\n<p>T\u1ef7 l\u1ec7 pha tr\u1ed9n: PTA: PTB = 2.66 : 1 ( theo tr\u1ecdng l\u01b0\u1ee3ng )<\/p>\n<p>L\u01b0u \u00fd trong qu\u00e1 tr\u00ecnh tr\u1ed9n ch\u1ec9 pha l\u01b0\u1ee3ng v\u1eeba \u0111\u1ee7 \u0111\u1ec3 thi c\u00f4ng v\u00e0 ch\u00fa \u00fd th\u1eddi gian \u0111\u00f3ng r\u1eafn c\u1ee7a s\u01a1n<\/p>\n<p>Dung m\u00f4i: Kh\u00f4ng c\u00f3<\/p>\n<p>Ti\u1ec1n h\u00e0nh thi c\u00f4ng s\u01a1n ph\u1ee7 Polyurethane b\u1eb1ng c\u00e1ch \u0111\u1ed5 l\u00ean m\u1eb7t s\u00e0n; sau \u0111\u00f3 s\u1eed d\u1ee5ng b\u00e0n c\u00e0o hay mi\u1ebfng nh\u1ef1a plastic v\u00e9t m\u1ecfng \u0111\u1ec3 thi c\u00f4ng<\/p>\n<p>\u0110\u1ed9 d\u00e0y v\u1edbi l\u1edbp s\u01a1n khuy\u1ebfn c\u00e1o l\u00e0 t\u1eeb 2 \u0111\u1ebfn 5 mm khi kh\u00f4<\/p>\n<p>B\u01b0\u1edbc 6: L\u1edbp s\u01a1n ph\u1ee7 b\u1ea3o v\u1ec7 kh\u00e1ng th\u1eddi ti\u1ebft<\/p>\n<p>L\u1edbp s\u01a1n ph\u1ee7 ho\u00e0n thi\u1ec7n c\u1ea7n thi\u1ebft trong m\u1ed9t s\u1ed1 \u1ee9ng d\u1ee5ng. \u0110\u1eb7c bi\u1ec7t trong tr\u01b0\u1eddng h\u1ee3p y\u00eau c\u1ea7u b\u1ec1n m\u00e0u.<\/p>\n<p>B\u1ea3o v\u1ec7 l\u1edbp ph\u1ee7 s\u01a1n ph\u1ee7 Sporthane Exposure WTR g\u1ed1c Polyurethane b\u1eb1ng s\u01a1n Sporthane Topcoat<\/p>\n<p>M\u1edf th\u00e0nh ph\u1ea7n A c\u1ee7a s\u01a1n ch\u1ed1ng tia UV, d\u00f9ng m\u00e1y khu\u1ea5y \u0111\u1ec1u trong v\u00f2ng 2-3 ph\u00fat.<\/p>\n<p>Sau \u0111\u00f3 \u0111\u1ed5 h\u1ebft th\u00e0nh ph\u1ea7n B v\u00e0o th\u00f9ng c\u1ee7a th\u00e0nh ph\u1ea7n A v\u00e0 tr\u1ed9n ti\u1ebfp t\u1ed1i thi\u1ec3u 5 ph\u00fat t\u1edbi khi h\u1ed7n h\u1ee3p \u0111\u1ed3ng nh\u1ea5t.<\/p>\n<p>Thi c\u00f4ng s\u01a1n ch\u1ed1ng tia UV b\u1eb1ng rul\u00f4 ho\u1eb7c m\u00e1y phun chuy\u00ean d\u1ee5ng,<\/p>\n<p>Th\u1eddi gian thi c\u00f4ng s\u01a1n ch\u1ed1ng tia t\u1eed ngo\u1ea1i: Sau khi l\u1edbp s\u01a1n ph\u1ee7 Polyurethane \u0111\u00e3 kh\u00f4 (kho\u1ea3ng 24 gi\u1edd sau khi thi c\u00f4ng xong)<\/td>\n<\/tr>\n<tr style=\"text-align: justify;\">\n<td style=\"height: 216px;\" width=\"16%\"><strong>D\u1ee5ng c\u1ee5 thi c\u00f4ng <\/strong><\/td>\n<td style=\"height: 216px;\" width=\"85%\">Qu\u1ea7n \u00e1o b\u1ea3o h\u1ed9<\/p>\n<p>\u0110eo gang tay<\/p>\n<p>\u0110eo kh\u1ea9u trang<\/p>\n<p>V\u00e0 k\u00ednh m\u1eaft<\/p>\n<p>V\u00e0 c\u00e1c d\u1ee5ng c\u1ee5 chuy\u00ean d\u1ee5ng kh\u00e1c, vv\u2026<\/td>\n<\/tr>\n<tr style=\"text-align: justify;\">\n<td style=\"height: 24px;\" width=\"16%\"><strong>\u0110\u00f3ng g\u00f3i<\/strong><\/td>\n<td style=\"height: 24px;\" width=\"85%\">B\u1ed9 20kg ( PTA: 14.3kg v\u00e0 PTB: 5.7kg )<\/td>\n<\/tr>\n<tr style=\"text-align: justify;\">\n<td style=\"height: 344px;\" width=\"16%\"><strong>L\u01b0u \u00fd<\/strong><\/td>\n<td style=\"height: 344px;\" width=\"85%\">N\u1ebfu b\u1ec1 m\u1eb7t kh\u00f4ng kh\u00f4 do m\u01b0a v\u00e0 tuy\u1ebft, Sporthane Primer UP166T n\u00ean \u0111\u01b0\u1ee3c th\u1eed nghi\u1ec7m tr\u01b0\u1edbc khi ch\u00ednh th\u1ee9c thi c\u00f4ng<\/p>\n<p>Trong th\u1eddi gian \u0111\u00f3, \u0111\u1ecbnh m\u1ee9c cho UT166(T) l\u00e0 0.1kg\/m2<\/p>\n<p>Bong b\u00f3ng c\u00f3 th\u1ec3 x\u1ea3y ra trong tr\u01b0\u1eddng h\u1ee3p \u0111ang thi c\u00f4ng v\u1eadt t\u01b0 trong \u0111i\u1ec1u ki\u1ec7n nhi\u1ec7t \u0111\u1ed9 cao ( kh\u00f4ng kh\u00ed: tr\u00ean 28 \u0111\u1ed9 C, b\u1ec1 m\u1eb7t: tr\u00ean 40 \u0111\u1ed9 C )<\/p>\n<p>Kh\u00f4ng b\u1ea3o qu\u1ea3n Sporthane Exposure WTR t\u1ea1i nhi\u1ec7t \u0111\u1ed9 tr\u00ean 30 \u0111\u1ed9 C<\/p>\n<p>S\u1eed d\u1ee5ng \u0111\u1ea7y \u0111\u1ee7 th\u00f4ng gi\u00f3<\/p>\n<p>Khuy\u1ebfn c\u00e1o n\u00ean b\u1ea3o v\u1ec7 h\u00f4 h\u1ea5p khi thi c\u00f4ng s\u1ea3n ph\u1ea9m n\u00e0y trong kh\u00f4ng gian h\u1ea1n ch\u1ebf v\u00e0 k\u00edn gi\u00f3<\/p>\n<p>R\u1eeda s\u1ea1ch c\u00e1c thi\u1ebft b\u1ecb b\u1eb1ng dung m\u00f4i 002 ngay sau khi s\u1eed d\u1ee5ng<\/td>\n<\/tr>\n<tr style=\"text-align: justify;\">\n<td style=\"height: 260px;\" width=\"16%\"><strong>S\u1ee9c kh\u1ecfe v\u00e0 an to\u00e0n<\/strong><\/td>\n<td style=\"height: 260px;\" width=\"85%\">B\u1ea3o v\u1ec7 da v\u00e0 m\u1eaft, v\u00e0 tr\u00e1nh h\u00edt v\u00e0o h\u01a1i c\u1ee7a dung m\u00f4i.<\/p>\n<p>S\u1eed d\u1ee5ng \u0111\u1ea7y \u0111\u1ee7 th\u00f4ng gi\u00f3<\/p>\n<p>Khuy\u1ebfn c\u00e1o n\u00ean b\u1ea3o v\u1ec7 h\u00f4 h\u1ea5p khi thi c\u00f4ng s\u1ea3n ph\u1ea9m trong khu v\u1ef1c gi\u1edbi h\u1ea1n hay khu v\u1ef1c thi\u1ebfu kh\u00f4ng kh\u00ed.<\/p>\n<p>Trong h\u1ed7n h\u1ee3p c\u00f3 ch\u1ee9a dung m\u00f4i d\u1ec5 ch\u00e1y, khi v\u1eadn chuy\u1ec3n, s\u1eed d\u1ee5ng, hay \u0111\u1ec3 trong nh\u00e0<\/p>\n<p>kho n\u00ean \u0111\u1ec3 tr\u00e1nh xa c\u00e1c ngu\u1ed3n l\u1eeda, n\u01a1i d\u1ec5 b\u1eaft ch\u00e1y.<\/p>\n<p>N\u00ean l\u01b0u tr\u1eef n\u01a1i kh\u00f4 r\u00e1o, \u0111\u00f3ng ch\u1eb7t n\u1eafp th\u00f9ng sau khi s\u1eed d\u1ee5ng.<\/p>\n<p>&nbsp;<\/td>\n<\/tr>\n<\/tbody>\n<\/table>\n<p>Xem th\u00eam: <a href=\"https:\/\/sonsanepoxy.com.vn\/son-epoxy-la-gi\/\"><span style=\"color: #0000ff;\"><strong>S\u01a1n Epoxy<\/strong><\/span><\/a><\/p>\n","protected":false},"excerpt":{"rendered":"<p>S\u01a1n ch\u1ed1ng th\u1ea5m KCC Sporthane Exposure WTR l\u00e0 lo\u1ea1i s\u01a1n ch\u1ed1ng th\u1ea5m l\u00f4 thi\u00ean 2 th\u00e0nh ph\u1ea7n Polyurethane g\u1ed1c nh\u1ef1a ch\u1ed1ng th\u1ea5m v\u1edbi kh\u1ea3 n\u0103ng kh\u00e1ng th\u1eddi ti\u1ebft tuy\u1ec7t h\u1ea3o v\u00e0 Sporthane Exposure \u0111\u01b0\u1ee3c s\u1eed d\u1ee5ng l\u00e0m l\u1edbp ch\u1ed1ng th\u1ea5m cho khu v\u1ef1c ngo\u00e0i tr\u1eddi c\u1ee7a m\u00e1i nh\u00e0 v\u00e0 c\u00e1c m\u00e1i nh\u00e0 v\u00e0 c\u00e1c th\u00e0nh ph\u1ea7n kh\u00e1c c\u1ee7a t\u00f2a nh\u00e0<\/p>\n","protected":false},"featured_media":149,"comment_status":"open","ping_status":"closed","template":"","meta":[],"product_brand":[],"product_cat":[17,35,19],"product_tag":[],"class_list":{"0":"post-78","1":"product","2":"type-product","3":"status-publish","4":"has-post-thumbnail","6":"product_cat-hang-son","7":"product_cat-son-epoxy-chong-tham","8":"product_cat-son-epoxy-kcc","10":"first","11":"instock","12":"shipping-taxable","13":"purchasable","14":"product-type-variable"},"_links":{"self":[{"href":"https:\/\/sonsanepoxy.vn\/index.php\/wp-json\/wp\/v2\/product\/78","targetHints":{"allow":["GET"]}}],"collection":[{"href":"https:\/\/sonsanepoxy.vn\/index.php\/wp-json\/wp\/v2\/product"}],"about":[{"href":"https:\/\/sonsanepoxy.vn\/index.php\/wp-json\/wp\/v2\/types\/product"}],"replies":[{"embeddable":true,"href":"https:\/\/sonsanepoxy.vn\/index.php\/wp-json\/wp\/v2\/comments?post=78"}],"wp:featuredmedia":[{"embeddable":true,"href":"https:\/\/sonsanepoxy.vn\/index.php\/wp-json\/wp\/v2\/media\/149"}],"wp:attachment":[{"href":"https:\/\/sonsanepoxy.vn\/index.php\/wp-json\/wp\/v2\/media?parent=78"}],"wp:term":[{"taxonomy":"product_brand","embeddable":true,"href":"https:\/\/sonsanepoxy.vn\/index.php\/wp-json\/wp\/v2\/product_brand?post=78"},{"taxonomy":"product_cat","embeddable":true,"href":"https:\/\/sonsanepoxy.vn\/index.php\/wp-json\/wp\/v2\/product_cat?post=78"},{"taxonomy":"product_tag","embeddable":true,"href":"https:\/\/sonsanepoxy.vn\/index.php\/wp-json\/wp\/v2\/product_tag?post=78"}],"curies":[{"name":"wp","href":"https:\/\/api.w.org\/{rel}","templated":true}]}}