{"id":77,"date":"2026-05-05T08:18:48","date_gmt":"2026-05-05T08:18:48","guid":{"rendered":"https:\/\/sonsanepoxy.vn\/?post_type=product&#038;p=77"},"modified":"2026-05-05T08:20:00","modified_gmt":"2026-05-05T08:20:00","slug":"son-phu-ho-xu-ly-nuoc-thai-epoxy-kcc-eh2351-eh2350","status":"publish","type":"product","link":"https:\/\/sonsanepoxy.vn\/index.php\/san-pham\/son-phu-ho-xu-ly-nuoc-thai-epoxy-kcc-eh2351-eh2350\/","title":{"rendered":"S\u01a1n phu\u0309 h\u00f4\u0300 x\u01b0\u0309 ly\u0301 n\u01b0\u01a1\u0301c tha\u0309i Epoxy KCC EH2351 \u00a0EH2350"},"content":{"rendered":"<table width=\"102%\">\n<tbody>\n<tr>\n<td style=\"text-align: justify;\" width=\"16%\"><strong>M\u00f4 t\u1ea3 &amp; \u1ee8ng d\u1ee5ng<\/strong><\/td>\n<td style=\"text-align: justify;\" width=\"85%\">S\u01a1n ph\u1ee7 Epoxy KCC EH2351 \u00a0EH2350 \u00a0l\u00e0 lo\u1ea1i s\u01a1n ph\u1ee7 KCC g\u1ed1c nh\u1ef1a Epoxy c\u00f3 hai th\u00e0nh ph\u1ea7n (A v\u00e0 B) , d\u00f9ng \u0111\u1ec3 ch\u1ed1ng th\u1ea5m h\u1ed3 x\u1eed l\u00fd n\u01b0\u1edbc th\u1ea3i kh\u00e1ng ho\u00e1 ch\u1ea5t v\u00e0 EH2351 ch\u1ed1ng m\u00e0i m\u00f2n v\u1edbi kh\u1ea3 n\u0103ng ch\u1ed1ng n\u01b0\u1edbc bi\u1ec3n, d\u1ea7u th\u00f4, d\u1ea7u nhi\u00ean li\u1ec7u v\u00e0 ch\u1ecbu m\u00e0i m\u00f2n cao<\/td>\n<\/tr>\n<tr style=\"text-align: justify;\">\n<td width=\"16%\"><strong>\u0110\u1eb7c t\u00ednh<\/strong><\/td>\n<td width=\"85%\">S\u1eed d\u1ee5ng \u1edf n\u01a1i y\u00eau c\u1ea7u kh\u1ea3 n\u0103ng ch\u1ecbu va \u0111\u1eadp, kh\u00e1ng h\u00f3a ch\u1ea5t cao trong khu v\u1ef1c ch\u1ee9a h\u00e0ng ch\u1ecbu t\u1ea3i.<\/p>\n<p>S\u1eed d\u1ee5ng t\u1ed1t cho s\u00e0n ph\u00f2ng th\u00ed nghi\u1ec7m, nh\u00e0 m\u00e1y \u0111i\u1ec7n h\u1ea1t nh\u00e2n, b\u1ec7nh vi\u1ec7n, \u0111i\u1ec7n t\u1eed, nh\u00e0 m\u00e1y h\u00f3a ch\u1ea5t, d\u01b0\u1ee3c ph\u1ea9m, v.v.<\/td>\n<\/tr>\n<tr style=\"text-align: justify;\">\n<td width=\"16%\"><strong>Th\u00f4ng s\u1ed1 k\u1ef9 thu\u1eadt<\/strong><\/td>\n<td width=\"85%\">\n<table style=\"width: 99.2309%;\">\n<tbody>\n<tr>\n<td style=\"width: 96.6626%;\" colspan=\"2\" width=\"699\"><strong>D\u1eee LI\u1ec6U V\u1eacT L\u00dd<\/strong><\/td>\n<\/tr>\n<tr>\n<td style=\"width: 89.4179%;\" width=\"58\">M\u00e0u s\u01a1n ho\u00e0n thi\u1ec7n<\/td>\n<td style=\"width: 7.24469%;\" width=\"641\">M\u00e0u ghi, m\u00e0u n\u00e2u \u0111\u1ecf<\/td>\n<\/tr>\n<tr>\n<td style=\"width: 89.4179%;\" width=\"58\">Ch\u1ea5t r\u1eafn theo th\u1ec3 t\u00edch<\/td>\n<td style=\"width: 7.24469%;\" width=\"641\">X\u1ea5p x\u1ec9 72 %<\/td>\n<\/tr>\n<tr>\n<td style=\"width: 89.4179%;\" width=\"58\">\u0110\u1ed9 ph\u1ee7 l\u00fd thuy\u1ebft<\/td>\n<td style=\"width: 7.24469%;\" width=\"641\">7,2 m\u00b2\/l\u00edt v\u1edbi \u0111\u1ed9 d\u00e0y khi kh\u00f4 l\u00e0 100 \u00b5m<\/td>\n<\/tr>\n<tr>\n<td style=\"width: 89.4179%;\" width=\"58\">T\u1ec9 tr\u1ecdng<\/td>\n<td style=\"width: 7.24469%;\" width=\"641\">X\u1ea5p x\u1ec9 1,5 kg\/l\u00edt t\u00f9y theo m\u00e0u s\u1eafc<\/td>\n<\/tr>\n<tr>\n<td style=\"width: 89.4179%;\" width=\"58\">\u0110i\u1ec3m ch\u1edbp ch\u00e1y<\/td>\n<td style=\"width: 7.24469%;\" width=\"641\">26\u00baC\/79F v\u00e0 PTB: 26\u00baC\/79F<\/td>\n<\/tr>\n<tr>\n<td style=\"width: 89.4179%;\" width=\"58\">Th\u1eddi gian kh\u00f4<\/td>\n<td style=\"width: 7.24469%;\" width=\"641\">\n<table style=\"width: 90.5182%;\" width=\"361\">\n<tbody>\n<tr>\n<td style=\"width: 29.0055%;\" width=\"108\"><\/td>\n<td style=\"width: 24.0331%;\" width=\"90\">5\u2103<\/td>\n<td style=\"width: 20.442%;\" width=\"74\">20\u2103<\/td>\n<td style=\"width: 61.3171%;\" width=\"89\">30\u2103<\/td>\n<\/tr>\n<tr>\n<td style=\"width: 29.0055%;\" width=\"108\">Kh\u00f4 ch\u1ea1m tay<\/td>\n<td style=\"width: 24.0331%;\" width=\"90\">8 gi\u1edd<\/td>\n<td style=\"width: 20.442%;\" width=\"74\">1 gi\u1edd<\/td>\n<td style=\"width: 61.3171%;\" width=\"89\">30 ph\u00fat<\/td>\n<\/tr>\n<tr>\n<td style=\"width: 29.0055%;\" width=\"108\">Kh\u00f4 ho\u00e0n to\u00e0n<\/td>\n<td style=\"width: 24.0331%;\" width=\"90\">16 gi\u1edd<\/td>\n<td style=\"width: 20.442%;\" width=\"74\">3 gi\u1edd<\/td>\n<td style=\"width: 61.3171%;\" width=\"89\">2 gi\u1edd<\/td>\n<\/tr>\n<\/tbody>\n<\/table>\n<\/td>\n<\/tr>\n<tr>\n<td style=\"width: 89.4179%;\" width=\"58\">Th\u1eddi h\u1ea1n s\u1eed d\u1ee5ng<\/td>\n<td style=\"width: 7.24469%;\" width=\"641\">&#8211; 12 th\u00e1ng (b\u1ea3o qu\u1ea3n n\u01a1i m\u00e1t, kh\u00f4, th\u00f4ng gi\u00f3).<\/td>\n<\/tr>\n<tr>\n<td style=\"width: 89.4179%;\" width=\"58\">Dung m\u00f4i pha lo\u00e3ng<\/td>\n<td style=\"width: 7.24469%;\" width=\"641\">Thinner 024 (Max 10% V, pha lo\u00e3ng t\u1eebng th\u00e0nh ph\u1ea7n)<\/td>\n<\/tr>\n<tr>\n<td style=\"width: 89.4179%;\" width=\"58\">\u0110\u1ed9 d\u00e0y m\u00e0n s\u01a1n<\/td>\n<td style=\"width: 7.24469%;\" width=\"641\">L\u1ea7n\u00a01:\u00a0EH\u00a02351\u00a0(M\u00e0ng\u00a0s\u01a1n\u00a0d\u00e0y\u00a0100\u00a0\u00b5m\u00a0khi\u00a0kh\u00f4)L\u1ea7n\u00a02:\u00a0EH\u00a02351\u00a0(M\u00e0ng\u00a0s\u01a1n\u00a0d\u00e0y\u00a0100\u00a0\u00b5m\u00a0khi\u00a0kh\u00f4)<\/td>\n<\/tr>\n<tr>\n<td style=\"width: 89.4179%;\" width=\"58\">L\u1edbp s\u01a1n l\u00f3t<\/td>\n<td style=\"width: 7.24469%;\" width=\"641\">L\u1edbp s\u01a1n l\u00f3t EP118<\/td>\n<\/tr>\n<\/tbody>\n<\/table>\n<\/td>\n<\/tr>\n<tr style=\"text-align: justify;\">\n<td width=\"16%\"><strong>Chu\u1ea9n b\u1ecb b\u1ec1 m\u1eb7t<\/strong><\/td>\n<td width=\"85%\">M\u00e0i s\u00e0n x\u1eed l\u00ed s\u00e0n b\u00ea t\u00f4ng nh\u1eb1m t\u1ea1o nh\u00e1m v\u00e0 ch\u00e2n b\u00e1m.<\/p>\n<p>V\u00e0 v\u1ec7 sinh h\u00fat b\u1ee5i b\u1ec1 m\u1eb7t s\u00e0n.<\/p>\n<p>Lo\u1ea1i b\u1ecf t\u1ea5t c\u1ea3 d\u1ea7u v\u00e0 d\u1ea7u m\u1ee1, ch\u1ea5t b\u1ea9n v\u00e0 ch\u1ea5t g\u00e2y \u00f4 nhi\u1ec5m t\u1eeb b\u1ec1 m\u1eb7t b\u1eb1ng ph\u01b0\u01a1ng ph\u00e1p d\u00f9ng dung m\u00f4i t\u1ea9y v\u00e0 n\u01b0\u1edbc s\u1ea1ch c\u1ecd r\u1eeda\u2026<\/p>\n<p>Th\u00e9p: b\u1eafn c\u00e1t l\u00e0m s\u1ea1ch SA 2.5 hay d\u1ee5ng c\u1ee5 l\u00e0m s\u1ea1ch St3<\/p>\n<p>Ph\u1ea3i ch\u1eafc ch\u1eafn b\u1ec1 m\u1eb7t kh\u00f4 v\u00e0 s\u1ea1ch.<\/p>\n<p>Kh\u00f4ng thi c\u00f4ng khi \u0111\u1ed9 \u1ea9m t\u01b0\u01a1ng \u0111\u1ed1i c\u1ee7a kh\u00f4ng kh\u00ed tr\u00ean 85%.<\/p>\n<p>Nhi\u1ec7t \u0111\u1ed9 b\u1ec1 m\u1eb7t n\u00ean thi c\u00f4ng \u00edt nh\u1ea5t 2.7\u00baC (5F) tr\u00ean \u0111i\u1ec3m \u0111\u1eadm s\u01b0\u01a1ng.<\/p>\n<p>Trong kh\u00f4ng gian gi\u1edbi h\u1ea1n, th\u00f4ng gi\u00f3 t\u1ea1o kh\u00f4ng kh\u00ed s\u1ea1ch trong su\u1ed1t qu\u00e1 tr\u00ecnh thi c\u00f4ng; nh\u1eb1m b\u1ea3o v\u1ec7 s\u1ee9c kh\u1ecfe c\u0169ng nh\u01b0 h\u1ed7 tr\u1ee3 s\u1ef1 bay h\u01a1i c\u1ee7a dung m\u00f4i (l\u00e0m kh\u00f4 s\u01a1n nhanh ch\u00f3ng).<\/td>\n<\/tr>\n<tr style=\"text-align: justify;\">\n<td width=\"16%\"><em>\u00a0<\/em><\/p>\n<p><em>\u00a0<\/em><\/p>\n<p><strong>Thi c\u00f4ng<\/strong><\/td>\n<td width=\"85%\">Thi c\u00f4ng l\u1edbp s\u01a1n l\u00f3t Epoxy EP118<\/p>\n<p>T\u1ea1o k\u1ebft n\u1ed1i v\u1edbi \u0111\u1ecbnh m\u1ee9c d\u1ef1 ki\u1ebfn: (0.1 l\u00edt\/m2).<\/p>\n<p>S\u01a1n l\u00f3t epoxy EP118 bao g\u1ed3m 2 th\u00e0nh ph\u1ea7n (2 th\u00f9ng): \u201cEP118PTA \u2013 CLEAR (8l\u00edt) v\u00e0 EP118PTB (8 l\u00edt)\u201d<\/p>\n<p>L\u1ea5y 2 th\u00f9ng n\u00e0y tr\u1ed9n v\u00e0o nhau v\u00e0 khu\u1ea5y \u0111\u1ec1u l\u00ean r\u1ed3i d\u00f9ng rulo, m\u00e1y phun, ch\u1ed5i qu\u00e9t\u2026. \u0111\u1ec1u l\u00ean b\u1ec1 m\u1eb7t \u0111\u00e3 v\u1ec7 sinh s\u1ea1ch<\/p>\n<p>M\u1ed9t b\u1ed9 s\u01a1n l\u00f3t EP118 s\u1ebd thi c\u00f4ng \u0111\u01b0\u1ee3c cho kho\u1ea3ng 150 m2\/l\u1edbp (\u00e1p d\u1ee5ng cho b\u1ec1 m\u1eb7t s\u00e0n ti\u00eau chu\u1ea9n).<\/p>\n<p>Tr\u01b0\u1eddng h\u1ee3p di\u1ec7n t\u00edch thi c\u00f4ng nh\u1ecf, c\u1ea7n ph\u1ea3i pha l\u1ebb th\u00ec b\u1ea1n pha theo t\u1ec9 l\u1ec7 1 : 1 v\u00e0 ti\u1ebfn h\u00e0nh thi c\u00f4ng nh\u01b0 b\u00ecnh th\u01b0\u1eddng.<\/p>\n<p>B\u01b0\u1edbc 5: Thi c\u00f4ng s\u01a1n Epoxy kh\u00e1ng h\u00f3a ch\u1ea5t EH2351<\/p>\n<p>S\u01a1n ph\u1ee7 EH2351 l\u1edbp th\u1ee9 nh\u1ea5t<\/p>\n<p>&nbsp;<\/p>\n<p>Sau khi l\u1edbp s\u01a1n l\u00f3t EP118 kh\u00f4 (s\u1edd kh\u00f4ng d\u00ednh tay) ti\u1ebfn h\u00e0nh thi c\u00f4ng l\u1edbp s\u01a1n ph\u1ee7 epoxy EH2351 l\u1edbp th\u1ee9 nh\u1ea5t:<\/p>\n<p>S\u01a1n ph\u1ee7 Epoxy KCC EH2351 bao g\u1ed3m 2 th\u00e0nh ph\u1ea7n (2 th\u00f9ng): \u201cEH2351- A (12,8Lit) v\u00e0 EH2351-B(S) (3,2 Lit)\u201d.<\/p>\n<p>Khu\u1ea5y \u0111\u1ec1u th\u00e0nh ph\u1ea7n A.<\/p>\n<p>Sau \u0111\u00f3 \u0111\u1ed5 t\u1eeb th\u00f9ng EH2351-B(S) (3,2 Lit) v\u00e0o v\u00e0 khu\u1ea5y \u0111\u1ec1u trong 2 ph\u00fat b\u1eb1ng m\u00e1y khu\u1ea5y tr\u1ed9n r\u1ed3i d\u00f9ng rulo, m\u00e1y phun; \u2026. l\u0103n \u0111\u1ec1u l\u00ean b\u1ec1 m\u1eb7t s\u00e0n \u0111\u00e3 thi c\u00f4ng l\u1edbp s\u01a1n l\u00f3t EP118.<\/p>\n<p>S\u01a1n ph\u1ee7 epoxy EH2351 s\u1ebd thi c\u00f4ng \u0111\u01b0\u1ee3c cho kho\u1ea3ng 120 m2\/1l\u1edbp (\u00e1p d\u1ee5ng cho b\u1ec1 m\u1eb7t ti\u00eau chu\u1ea9n).<\/p>\n<p>Tr\u01b0\u1eddng h\u1ee3p di\u1ec7n t\u00edch thi c\u00f4ng nh\u1ecf c\u1ea7n ph\u1ea3i pha l\u1ebb th\u00ec pha theo t\u1ec9 l\u1ec7 4:1 v\u00e0 ti\u1ebfn h\u00e0nh thi c\u00f4ng nh\u01b0 b\u00ecnh th\u01b0\u1eddng.<\/p>\n<p>S\u01a1n ph\u1ee7 EH2351 l\u1edbp th\u1ee9 hai ( l\u1edbp ho\u00e0n thi\u1ec7n )<\/p>\n<p>&nbsp;<\/p>\n<p>L\u1edbp s\u01a1n epoxy kh\u00e1ng h\u00f3a ch\u1ea5t EH2351 th\u1ee9 2 (l\u1edbp ho\u00e0n thi\u1ec7n) \u0111\u01b0\u1ee3c thi c\u00f4ng sau khi l\u1edbp th\u1ee9 nh\u1ea5t kh\u00f4.<\/p>\n<p>V\u00e0 c\u00e1ch thi c\u00f4ng gi\u1ed1ng v\u1edbi thi c\u00f4ng s\u01a1n ph\u1ee7 Epoxy KCC EH2351 l\u1edbp th\u1ee9 nh\u1ea5t<\/p>\n<p>L\u01b0u \u00fd: S\u01a1n Epoxy h\u00f3a c\u1ee9ng (\u0111\u00f3ng r\u1eafn) b\u1eb1ng ph\u1ea3n \u1ee9ng h\u00f3a h\u1ecdc c\u1ee7a 2 th\u00e0nh ph\u1ea7n A v\u00e0 B; n\u00ean trong qu\u00e1 tr\u00ecnh thi c\u00f4ng c\u1ea7n tu\u00e2n th\u1ee7 \u0111\u00fang t\u1ec9 l\u1ec7 pha v\u00e0 khu\u1ea5y \u0111\u1ec1u 2 th\u00e0nh ph\u1ea7n c\u1ee7a s\u01a1n Epoxy KCC<\/p>\n<p>B\u01b0\u1edbc 6: Th\u1eddi gian b\u1ea3o d\u01b0\u1ee1ng<\/p>\n<p>B\u00e3o d\u01b0\u1ee1ng 24 gi\u1edd t\u1ea1i nhi\u1ec7t \u0111\u1ed9 30\u1d3cC<\/p>\n<p>B\u00e3o d\u01b0\u1ee1ng sau 48 gi\u1edd: l\u01b0u th\u00f4ng nh\u1eb9<\/p>\n<p>B\u00e3o d\u01b0\u1ee1ng ho\u00e0n to\u00e0n sau 7 ng\u00e0y tr\u01b0\u1edbc khi \u0111\u1ec3 b\u1ec1 m\u1eb7t s\u01a1n ti\u1ebfp x\u00fac v\u1edbi n\u01b0\u1edbc v\u00e0 h\u00f3a ch\u1ea5t<\/td>\n<\/tr>\n<tr style=\"text-align: justify;\">\n<td width=\"16%\"><strong>D\u1ee5ng c\u1ee5 thi c\u00f4ng <\/strong><\/td>\n<td width=\"85%\">Qu\u1ea7n \u00e1o b\u1ea3o h\u1ed9<\/p>\n<p>\u0110eo gang tay<\/p>\n<p>\u0110eo kh\u1ea9u trang<\/p>\n<p>V\u00e0 k\u00ednh m\u1eaft<\/p>\n<p>V\u00e0 c\u00e1c d\u1ee5ng c\u1ee5 chuy\u00ean d\u1ee5ng kh\u00e1c, vv\u2026<\/td>\n<\/tr>\n<tr style=\"text-align: justify;\">\n<td width=\"16%\"><strong>\u0110\u00f3ng g\u00f3i<\/strong><\/td>\n<td width=\"85%\">\u0110\u00f3ng g\u00f3i: B\u1ed9 16 l\u00edt (PTA: 12.8 l\u00edt, PTB: 3.2 l\u00edt)<\/td>\n<\/tr>\n<tr style=\"text-align: justify;\">\n<td width=\"16%\"><strong>L\u01b0u \u00fd<\/strong><\/td>\n<td width=\"85%\">Kh\u00f4ng \u0111\u01b0\u1ee3c d\u00f9ng dung m\u00f4i pha lo\u00e3ng c\u00e1c th\u00e0nh ph\u1ea7n ri\u00eang l\u1ebd, ch\u1ec9 pha khi \u0111\u00e3 khu\u1ea5y<\/p>\n<p>N\u1ebfu c\u1ea7n tr\u1ed9n l\u01b0\u1ee3ng nh\u1ecf th\u00ec ph\u1ea3i theo \u0111\u00fang t\u1ec9 l\u1ec7 c\u00e1c th\u00e0nh ph\u1ea7n ghi tr\u00ean bao b\u00ec<\/p>\n<p>Kh\u00f4ng n\u00ean l\u01b0u tr\u1eef s\u01a1n ph\u1ee7 Epoxy KCC EH2351 t\u1ea1i nhi\u1ec7t \u0111\u1ed9 d\u01b0\u1edbi 5\u00baC\/41F hay tr\u00ean 40\u00baC\/104F<\/p>\n<p>Sau khi ho\u00e0n thi\u1ec7n, b\u1ec1 m\u1eb7t n\u00ean \u0111\u01b0\u1ee3c b\u1ea3o v\u1ec7 tr\u00e1nh n\u01b0\u1edbc, h\u01a1i \u1ea9m, c\u00f4n tr\u00f9ng; b\u1ee5i b\u1eadm trong \u00edt nh\u1ea5t 24 gi\u1edd v\u00e0 tr\u00e1nh t\u1ea3i tr\u1ecdng n\u1eb7ng trong \u00edt nh\u1ea5t 2 ng\u00e0y.<\/p>\n<p>\u0110\u1ec3 bi\u1ebft th\u00eam chi ti\u1ebft, xin vui l\u00f2ng xem t\u00e0i li\u1ec7u k\u1ef9 thu\u1eadt chi ti\u1ebft c\u1ee7a t\u1eebng s\u1ea3n ph\u1eabm k\u00e8m theo.<\/td>\n<\/tr>\n<tr style=\"text-align: justify;\">\n<td width=\"16%\"><strong>S\u1ee9c kh\u1ecfe v\u00e0 an to\u00e0n<\/strong><\/td>\n<td width=\"85%\">B\u1ea3o v\u1ec7 da v\u00e0 m\u1eaft, v\u00e0 tr\u00e1nh h\u00edt v\u00e0o h\u01a1i c\u1ee7a dung m\u00f4i.<\/p>\n<p>S\u1eed d\u1ee5ng \u0111\u1ea7y \u0111\u1ee7 th\u00f4ng gi\u00f3<\/p>\n<p>Khuy\u1ebfn c\u00e1o n\u00ean b\u1ea3o v\u1ec7 h\u00f4 h\u1ea5p khi thi c\u00f4ng s\u1ea3n ph\u1ea9m trong khu v\u1ef1c gi\u1edbi h\u1ea1n hay khu v\u1ef1c thi\u1ebfu kh\u00f4ng kh\u00ed.<\/p>\n<p>Trong h\u1ed7n h\u1ee3p c\u00f3 ch\u1ee9a dung m\u00f4i d\u1ec5 ch\u00e1y, khi v\u1eadn chuy\u1ec3n, s\u1eed d\u1ee5ng, hay \u0111\u1ec3 trong nh\u00e0<\/p>\n<p>kho n\u00ean \u0111\u1ec3 tr\u00e1nh xa c\u00e1c ngu\u1ed3n l\u1eeda, n\u01a1i d\u1ec5 b\u1eaft ch\u00e1y.<\/p>\n<p>N\u00ean l\u01b0u tr\u1eef n\u01a1i kh\u00f4 r\u00e1o, \u0111\u00f3ng ch\u1eb7t n\u1eafp th\u00f9ng sau khi s\u1eed d\u1ee5ng.<\/td>\n<\/tr>\n<\/tbody>\n<\/table>\n<p style=\"text-align: justify;\">Xem th\u00eam: <span style=\"color: #0000ff;\"><a style=\"color: #0000ff;\" href=\"https:\/\/sonsanepoxy.com.vn\/son-epoxy-la-gi\/\"><span style=\"text-decoration: underline;\"><strong>S\u01a1n Epoxy<\/strong><\/span><\/a><\/span><\/p>\n","protected":false},"excerpt":{"rendered":"<p>S\u01a1n ph\u1ee7 Epoxy KCC EH2351 \u00a0EH2350 \u00a0l\u00e0 lo\u1ea1i s\u01a1n ph\u1ee7 KCC g\u1ed1c nh\u1ef1a Epoxy c\u00f3 hai th\u00e0nh ph\u1ea7n (A v\u00e0 B) , d\u00f9ng \u0111\u1ec3 ch\u1ed1ng th\u1ea5m h\u1ed3 x\u1eed l\u00fd n\u01b0\u1edbc th\u1ea3i kh\u00e1ng ho\u00e1 ch\u1ea5t v\u00e0 EH2351 ch\u1ed1ng m\u00e0i m\u00f2n v\u1edbi kh\u1ea3 n\u0103ng ch\u1ed1ng n\u01b0\u1edbc bi\u1ec3n, d\u1ea7u th\u00f4, d\u1ea7u nhi\u00ean li\u1ec7u v\u00e0 ch\u1ecbu m\u00e0i m\u00f2n cao<\/p>\n","protected":false},"featured_media":131,"comment_status":"open","ping_status":"closed","template":"","meta":[],"product_brand":[],"product_cat":[17,19],"product_tag":[],"class_list":{"0":"post-77","1":"product","2":"type-product","3":"status-publish","4":"has-post-thumbnail","6":"product_cat-hang-son","7":"product_cat-son-epoxy-kcc","9":"first","10":"instock","11":"shipping-taxable","12":"purchasable","13":"product-type-variable"},"_links":{"self":[{"href":"https:\/\/sonsanepoxy.vn\/index.php\/wp-json\/wp\/v2\/product\/77","targetHints":{"allow":["GET"]}}],"collection":[{"href":"https:\/\/sonsanepoxy.vn\/index.php\/wp-json\/wp\/v2\/product"}],"about":[{"href":"https:\/\/sonsanepoxy.vn\/index.php\/wp-json\/wp\/v2\/types\/product"}],"replies":[{"embeddable":true,"href":"https:\/\/sonsanepoxy.vn\/index.php\/wp-json\/wp\/v2\/comments?post=77"}],"wp:featuredmedia":[{"embeddable":true,"href":"https:\/\/sonsanepoxy.vn\/index.php\/wp-json\/wp\/v2\/media\/131"}],"wp:attachment":[{"href":"https:\/\/sonsanepoxy.vn\/index.php\/wp-json\/wp\/v2\/media?parent=77"}],"wp:term":[{"taxonomy":"product_brand","embeddable":true,"href":"https:\/\/sonsanepoxy.vn\/index.php\/wp-json\/wp\/v2\/product_brand?post=77"},{"taxonomy":"product_cat","embeddable":true,"href":"https:\/\/sonsanepoxy.vn\/index.php\/wp-json\/wp\/v2\/product_cat?post=77"},{"taxonomy":"product_tag","embeddable":true,"href":"https:\/\/sonsanepoxy.vn\/index.php\/wp-json\/wp\/v2\/product_tag?post=77"}],"curies":[{"name":"wp","href":"https:\/\/api.w.org\/{rel}","templated":true}]}}