{"id":74,"date":"2026-05-05T08:18:48","date_gmt":"2026-05-05T08:18:48","guid":{"rendered":"https:\/\/sonsanepoxy.vn\/?post_type=product&#038;p=74"},"modified":"2026-05-05T08:20:16","modified_gmt":"2026-05-05T08:20:16","slug":"kcc-unipoxy-lining-son-epoxy-tu-san-phang-kcc-trong-suot","status":"publish","type":"product","link":"https:\/\/sonsanepoxy.vn\/index.php\/san-pham\/kcc-unipoxy-lining-son-epoxy-tu-san-phang-kcc-trong-suot\/","title":{"rendered":"KCC Unipoxy Lining &#8211; S\u01a1n epoxy t\u1ef1 san ph\u1eb3ng KCC &#8211; Trong Su\u1ed1t"},"content":{"rendered":"<table width=\"102%\">\n<tbody>\n<tr>\n<td width=\"16%\"><strong>M\u00f4 t\u1ea3 &amp; \u1ee8ng d\u1ee5ng<\/strong><\/td>\n<td width=\"85%\">S\u01a1n UNIPOXY LINING l\u00e0 lo\u1ea1i s\u01a1n s\u00e0n epoxy t\u1ef1 san ph\u1eb3ng, kh\u00f4ng dung m\u00f4i, c\u00f3 kh\u1ea3 n\u0103ng ch\u1ed1ng m\u00e0i m\u00f2n v\u00e0 va \u0111\u1eadp v\u01b0\u1ee3t tr\u1ed9i. L\u1edbp s\u01a1n ph\u1ee7 sau khi \u0111\u00f3ng r\u1eafn ho\u00e0n thi\u1ec7n c\u00f3 \u0111\u1eb7c t\u00ednh c\u1ee9ng, dai, m\u1ecbn v\u00e0 c\u00f3 kh\u1ea3 n\u0103ng ch\u1ed1ng l\u1ea1i h\u00f3a ch\u1ea5t, m\u00e0i m\u00f2n, va \u0111\u1eadp v\u01b0\u1ee3t tr\u1ed9i.<\/p>\n<p>L\u00e0m l\u1edbp ph\u1ee7 ch\u1ecbu l\u1ef1c tr\u00ean s\u00e0n b\u00ea t\u00f4ng. N\u01a1i \u0111\u01b0\u1ee3c s\u1eed d\u1ee5ng y\u00eau c\u1ea7u ch\u1ecbu va \u0111\u1eadp v\u00e0 h\u00f3a ch\u1ea5t cao nh\u01b0 cho s\u00e0n ph\u00f2ng th\u00ed nghi\u1ec7m, nh\u00e0 m\u00e1y h\u1ea1t nh\u00e2n, b\u1ec7nh vi\u1ec7n, nh\u00e0 m\u00e1y \u0111i\u1ec7n t\u1eed, h\u00f3a ch\u1ea5t, d\u01b0\u1ee3c ph\u1ea9m, v.v.<\/td>\n<\/tr>\n<tr>\n<td width=\"16%\"><strong>\u0110\u1eb7c t\u00ednh<\/strong><\/td>\n<td width=\"85%\">S\u01a1n s\u00e0n Epoxy Lining l\u00e0 l\u1edbp trung gian ch\u1ecbu l\u1ef1c cho s\u00e0n b\u00ea t\u00f4ng ch\u1ecbu l\u1ef1c v\u00e0 m\u00e0i m\u00f2n l\u1edbn.<\/p>\n<p>C\u00f3 kh\u1ea3 n\u0103ng ch\u1ecbu va \u0111\u1eadp v\u00e0 ch\u1ed1ng ho\u00e1 ch\u1ea5t<\/p>\n<p>S\u1eed d\u1ee5ng t\u1ed1t cho s\u00e0n ph\u00f2ng th\u00ed nghi\u1ec7m, nh\u00e0 m\u00e1y \u0111i\u1ec7n h\u1ea1t nh\u00e2n, b\u1ec7nh vi\u1ec7n, \u0111i\u1ec7n t\u1eed, nh\u00e0 m\u00e1y h\u00f3a ch\u1ea5t, d\u01b0\u1ee3c ph\u1ea9m, v.v.<\/td>\n<\/tr>\n<tr>\n<td width=\"16%\"><strong>Th\u00f4ng s\u1ed1 k\u1ef9 thu\u1eadt<\/strong><\/td>\n<td width=\"85%\">\n<table>\n<tbody>\n<tr>\n<td colspan=\"2\" width=\"631\"><strong>D\u1eee LI\u1ec6U V\u1eacT L\u00dd<\/strong><\/td>\n<\/tr>\n<tr>\n<td width=\"170\">M\u00e0u s\u01a1n ho\u00e0n thi\u1ec7n<\/td>\n<td width=\"461\">B\u00f3ng, Xanh l\u00e1. C\u00e1c m\u00e0u kh\u00e1c \u0111\u01b0\u1ee3c s\u1ea3n xu\u1ea5t theo y\u00eau c\u1ea7u.<\/td>\n<\/tr>\n<tr>\n<td width=\"170\">Ch\u1ea5t r\u1eafn theo th\u1ec3 t\u00edch<\/td>\n<td width=\"461\">X\u1ea5p x\u1ec9 96%<\/td>\n<\/tr>\n<tr>\n<td width=\"170\">\u0110\u1ed9 ph\u1ee7 l\u00fd thuy\u1ebft<\/td>\n<td width=\"461\">1,04\u2113\/\u33a1 \u0111\u1ed9 d\u00e0y m\u00e0ng kh\u00f4 1mm tr\u00ean b\u1ec1 m\u1eb7t nh\u1eb5n.<\/p>\n<p>2.08\u2113\/\u33a1 \u0111\u1ed9 d\u00e0y m\u00e0ng kh\u00f4 3mm tr\u00ean b\u1ec1 m\u1eb7t nh\u1eb5n.<\/p>\n<p>3.12\u2113\/\u33a1 \u0111\u1ed9 d\u00e0y m\u00e0ng kh\u00f4 3mm tr\u00ean b\u1ec1 m\u1eb7t nh\u1eb5n.<\/td>\n<\/tr>\n<tr>\n<td width=\"170\">Tr\u1ecdng l\u01b0\u1ee3ng ri\u00eang<\/td>\n<td width=\"461\">1.43 ~ 1.53 (Kg\/L) t\u00f9y theo m\u00e0u s\u1eafc<\/td>\n<\/tr>\n<tr>\n<td width=\"170\">\u0110i\u1ec3m ch\u1edbp ch\u00e1y<\/td>\n<td width=\"461\">Base (PTA): tr\u00ean 60\u2103<\/td>\n<\/tr>\n<tr>\n<td width=\"170\">Th\u1eddi gian kh\u00f4<\/td>\n<td width=\"461\">\n<table width=\"446\">\n<tbody>\n<tr>\n<td width=\"108\"><\/td>\n<td width=\"85\">5\u2103<\/td>\n<td width=\"90\">10\u2103<\/td>\n<td width=\"74\">20\u2103<\/td>\n<td width=\"89\">30\u2103<\/td>\n<\/tr>\n<tr>\n<td width=\"108\">Kh\u00f4 ch\u1ea1m tay<\/td>\n<td width=\"85\">10 gi\u1edd<\/td>\n<td width=\"90\">6 gi\u1edd<\/td>\n<td width=\"74\">3 gi\u1edd<\/td>\n<td width=\"89\">2 ph\u00fat<\/td>\n<\/tr>\n<tr>\n<td width=\"108\">Kh\u00f4 \u0111i l\u1ea1i nh\u1eb9<\/td>\n<td width=\"85\">48 gi\u1edd<\/td>\n<td width=\"90\">35 gi\u1edd<\/td>\n<td width=\"74\">17 gi\u1edd<\/td>\n<td width=\"89\">12 gi\u1edd<\/td>\n<\/tr>\n<tr>\n<td width=\"108\">Kh\u00f4 ho\u00e0n to\u00e0n<\/td>\n<td width=\"85\">9 ng\u00e0y<\/td>\n<td width=\"90\">6 ng\u00e0y<\/td>\n<td width=\"74\">4 ng\u00e0y<\/td>\n<td width=\"89\">3 ng\u00e0y<\/td>\n<\/tr>\n<\/tbody>\n<\/table>\n<\/td>\n<\/tr>\n<tr>\n<td width=\"170\">\u0110\u00f3ng g\u00f3i<\/td>\n<td width=\"461\">16L<\/td>\n<\/tr>\n<tr>\n<td width=\"170\">Th\u1eddi gian \u0111\u00f3ng r\u1eafn<\/td>\n<td width=\"461\">\n<table width=\"534\">\n<tbody>\n<tr>\n<td width=\"111\">Nhi\u1ec7t \u0111\u1ed9<\/td>\n<td width=\"111\">5\u2103<\/td>\n<td width=\"111\">10\u2103<\/td>\n<td width=\"111\">20\u2103<\/td>\n<td width=\"89\">30\u2103<\/td>\n<\/tr>\n<tr>\n<td width=\"111\">Th\u1eddi gian<\/td>\n<td width=\"111\">48 gi\u1edd<\/td>\n<td width=\"111\">25 gi\u1edd<\/td>\n<td width=\"111\">17 gi\u1edd<\/td>\n<td width=\"89\">12 gi\u1edd<\/td>\n<\/tr>\n<\/tbody>\n<\/table>\n<\/td>\n<\/tr>\n<tr>\n<td width=\"170\">Th\u1eddi h\u1ea1n s\u1eed d\u1ee5ng<\/td>\n<td width=\"461\">&#8211; 6 th\u00e1ng (b\u1ea3o qu\u1ea3n n\u01a1i m\u00e1t, kh\u00f4, th\u00f4ng gi\u00f3).<\/td>\n<\/tr>\n<tr>\n<td width=\"170\">Dung m\u00f4i pha lo\u00e3ng<\/td>\n<td width=\"461\">Kh\u00f4ng y\u00eau c\u1ea7u<\/td>\n<\/tr>\n<tr>\n<td width=\"170\">\u0110\u1ed9 d\u00e0y m\u00e0n s\u01a1n<\/td>\n<td width=\"461\">Khuy\u1ebfn ngh\u1ecb m\u1ed7i l\u1edbp kh\u00f4 2000\u00b5m \u2013 3000\u00b5m<\/p>\n<p>&nbsp;<\/p>\n<p>N\u00ean thi c\u00f4ng 2 l\u1edbp<\/td>\n<\/tr>\n<tr>\n<td width=\"170\">L\u1edbp s\u01a1n l\u00f3t<\/td>\n<td width=\"461\">UNIPOXY PRIMER ho\u1eb7c theo \u0111\u1eb7c \u0111i\u1ec3m k\u1ef9 thu\u1eadt.<\/p>\n<p>&nbsp;<\/p>\n<p>UNIPOXY LINING ph\u1ea3i \u0111\u01b0\u1ee3c ph\u1ee7 hai l\u1ea7n (l\u1ea7n th\u1ee9 nh\u1ea5t: l\u1edbp ph\u1ee7 1mm, l\u1ea7n th\u1ee9 hai: l\u1edbp ph\u1ee7 ch\u00ednh 2mm) \u0111\u1ec3 ng\u0103n ng\u1eeba hi\u1ec7n t\u01b0\u1ee3ng bong b\u00f3ng do kho\u1ea3ng tr\u1ed1ng b\u00ea t\u00f4ng v\u00e0 khuy\u1ebft t\u1eadt l\u1edbp ph\u1ee7 do v\u1eadt li\u1ec7u \u00f4 nhi\u1ec5m<\/td>\n<\/tr>\n<tr>\n<td width=\"170\">T\u1ef7 l\u1ec7 pha tr\u1ed9n<\/td>\n<td width=\"461\">PTA (C\u01a1 s\u1edf): PTB (Ch\u1ea5t \u0111\u00f3ng r\u1eafn) = 20: 4 (theo kh\u1ed1i l\u01b0\u1ee3ng)<\/p>\n<p>&nbsp;<\/p>\n<p>Tr\u1ed9n ri\u00eang, sau \u0111\u00f3 k\u1ebft h\u1ee3p v\u1edbi nhau v\u00e0 tr\u1ed9n k\u1ef9 b\u1eb1ng m\u00e1y khu\u1ea5y s\u01a1n t\u1ed1c \u0111\u1ed9 cao \u0111\u1ec3 t\u1eeb 2 \u2013 3 ph\u00fat tr\u01b0\u1edbc khi thi c\u00f4ng theo t\u1ef7 l\u1ec7 \u0111\u00e3 ph\u00e2n ph\u1ed1i<\/td>\n<\/tr>\n<\/tbody>\n<\/table>\n<\/td>\n<\/tr>\n<tr>\n<td width=\"16%\"><strong>Chu\u1ea9n b\u1ecb b\u1ec1 m\u1eb7t<\/strong><\/td>\n<td width=\"85%\">Lo\u1ea1i b\u1ecf d\u1ea7u m\u1ee1 b\u00e1m tr\u00ean b\u1ec1 m\u1eb7t c\u1ea7n s\u01a1n v\u1edbi Thinner No. 003 or Toluene<\/p>\n<p>Kh\u00f4ng thi c\u00f4ng l\u1edbp ph\u1ee7 tr\u1eeb khi b\u00ea t\u00f4ng \u0111\u00e3 \u0111\u00f3ng r\u1eafn \u00edt nh\u1ea5t 28 ng\u00e0y \u1edf 20\u2103\/68\u2109 v\u00e0 d\u01b0\u1edbi 80% RH ho\u1eb7c t\u01b0\u01a1ng \u0111\u01b0\u01a1ng<\/p>\n<p>\u0110\u1ed9 \u1ea9m c\u1ee7a b\u1ec1 m\u1eb7t ph\u1ea3i d\u01b0\u1edbi 6%<\/td>\n<\/tr>\n<tr>\n<td width=\"16%\"><em>\u00a0<\/em><\/p>\n<p><em>\u00a0<\/em><\/p>\n<p><strong>Thi c\u00f4ng<\/strong><\/td>\n<td width=\"85%\">Nhi\u1ec7t \u0111\u1ed9 thi c\u00f4ng, b\u1ea3o d\u01b0\u1ee1ng th\u00edch h\u1ee3p l\u00e0 10\u2103 -28\u2103<\/p>\n<p>Kh\u00f4ng thi c\u00f4ng khi \u0111\u1ed9 \u1ea9m tr\u00ean 85\u2103 v\u00e0 nhi\u1ec7t \u0111\u1ed9 b\u1ec1 m\u1eb7t ph\u1ea3i tr\u00ean 10\u2103 \u0111\u1ec3 tr\u00e1nh ng\u01b0ng t\u1ee5<\/p>\n<p>M\u00f9a h\u00e8: c\u00e0o, tr\u00e1t<\/p>\n<p>M\u00f9a \u0111\u00f4ng: b\u1ed9t b\u1ea3 (\u0111\u1ec3 ng\u0103n bong tr\u00f3c b\u1ec1 m\u1eb7t)<\/td>\n<\/tr>\n<tr>\n<td width=\"16%\"><strong>D\u1ee5ng c\u1ee5 thi c\u00f4ng <\/strong><\/td>\n<td width=\"85%\">Qu\u1ea7n \u00e1o b\u1ea3o h\u1ed9<\/p>\n<p>\u0110eo gang tay<\/p>\n<p>\u0110eo kh\u1ea9u trang<\/p>\n<p>V\u00e0 k\u00ednh m\u1eaft<\/p>\n<p>V\u00e0 c\u00e1c d\u1ee5ng c\u1ee5 chuy\u00ean d\u1ee5ng kh\u00e1c, vv\u2026<\/td>\n<\/tr>\n<tr>\n<td width=\"16%\"><strong>\u0110\u00f3ng g\u00f3i<\/strong><\/td>\n<td width=\"85%\">16 l\u00edt\/ b\u1ed9<\/td>\n<\/tr>\n<tr>\n<td width=\"16%\"><strong>L\u01b0u \u00fd<\/strong><\/td>\n<td width=\"85%\">C\u00e1c h\u1ee3p ch\u1ea5t s\u01a1n s\u1ebd g\u00e2y ra \u0111au \u0111\u1ea7u, ch\u00f3ng m\u1eb7t, m\u1ea5t th\u0103ng b\u1eb1ng v\u00e0 c\u00e1c v\u1ea5n \u0111\u1ec1 v\u1ec1 s\u1ee9c kh\u1ecfe, v\u00ec v\u1eady kh\u00f4ng \u0111\u01b0\u1ee3c h\u00edt th\u1edf h\u01a1i, phun s\u01b0\u01a1ng, kh\u00f3i v\u00e0 kh\u00f4ng n\u1ebfm th\u1eed c\u00e1c h\u1ee3p ch\u1ea5t s\u01a1n.<\/p>\n<p>Trong qu\u00e1 tr\u00ecnh thi c\u00f4ng, \u0111\u1ec3 tr\u00e1nh h\u00edt h\u01a1i s\u01a1n ho\u1eb7c s\u01b0\u01a1ng c\u1ee7a s\u00fang phun s\u01b0\u01a1ng, h\u00e3y \u0111eo kh\u1ea9u trang, k\u00ednh b\u1ea3o h\u1ed9, g\u0103ng tay v\u00e0 thi\u1ebft b\u1ecb b\u1ea3o h\u1ed9 th\u00edch h\u1ee3p.<\/p>\n<p>Tr\u00e1nh ti\u1ebfp x\u00fac v\u1edbi m\u1eaft v\u00e0 da trong qu\u00e1 tr\u00ecnh thi c\u00f4ng, trong tr\u01b0\u1eddng h\u1ee3p ti\u1ebfp x\u00fac v\u1edbi da v\u00e0 m\u1eaft ho\u1eb7c \u0103n s\u01a1n, h\u00e3y s\u01a1 c\u1ee9u b\u1eb1ng xem c\u00e1c h\u01b0\u1edbng d\u1eabn h\u1ed7 tr\u1ee3 tr\u00ean nh\u00e3n s\u01a1n v\u00e0 sau \u0111\u00f3 nh\u1edd b\u00e1c s\u0129 h\u1ed7 tr\u1ee3 y t\u1ebf ngay l\u1eadp t\u1ee9c.<\/p>\n<p>Kh\u00f4ng s\u01a1n \u1edf nh\u1eefng khu v\u1ef1c h\u1ea1n ch\u1ebf kh\u00f4ng kh\u00ed. N\u1ebfu b\u1ea1n b\u1eaft bu\u1ed9c ph\u1ea3i thi c\u00f4ng trong c\u00e1c khu v\u1ef1c h\u1ea1n ch\u1ebf th\u00ec n\u00ean s\u1eed d\u1ee5ng m\u00e1y th\u00f4ng gi\u00f3 \u0111\u1ec3 th\u1ed5i ra ngo\u00e0i, c\u00f4ng nh\u00e2n ph\u1ea3i \u0111eo m\u1eb7t n\u1ea1 ph\u00f2ng \u0111\u1ed9c.<\/p>\n<p>Ngo\u00e0i \u1ee9ng d\u1ee5ng, kh\u00f4ng cho ph\u00e9p s\u1eed d\u1ee5ng s\u01a1n l\u00e0m nhi\u00ean li\u1ec7u.<\/td>\n<\/tr>\n<tr>\n<td width=\"16%\"><strong>S\u1ee9c kh\u1ecfe v\u00e0 an to\u00e0n<\/strong><\/td>\n<td width=\"85%\">B\u1ea3o v\u1ec7 da v\u00e0 m\u1eaft, v\u00e0 tr\u00e1nh h\u00edt v\u00e0o h\u01a1i c\u1ee7a dung m\u00f4i.<\/p>\n<p>S\u1eed d\u1ee5ng \u0111\u1ea7y \u0111\u1ee7 th\u00f4ng gi\u00f3<\/p>\n<p>Khuy\u1ebfn c\u00e1o n\u00ean b\u1ea3o v\u1ec7 h\u00f4 h\u1ea5p khi thi c\u00f4ng s\u1ea3n ph\u1ea9m trong khu v\u1ef1c gi\u1edbi h\u1ea1n hay khu v\u1ef1c thi\u1ebfu kh\u00f4ng kh\u00ed.<\/p>\n<p>Trong h\u1ed7n h\u1ee3p c\u00f3 ch\u1ee9a dung m\u00f4i d\u1ec5 ch\u00e1y, khi v\u1eadn chuy\u1ec3n, s\u1eed d\u1ee5ng, hay \u0111\u1ec3 trong nh\u00e0<\/p>\n<p>kho n\u00ean \u0111\u1ec3 tr\u00e1nh xa c\u00e1c ngu\u1ed3n l\u1eeda, n\u01a1i d\u1ec5 b\u1eaft ch\u00e1y.<\/p>\n<p>N\u00ean l\u01b0u tr\u1eef n\u01a1i kh\u00f4 r\u00e1o, \u0111\u00f3ng ch\u1eb7t n\u1eafp th\u00f9ng sau khi s\u1eed d\u1ee5ng.<\/td>\n<\/tr>\n<\/tbody>\n<\/table>\n<p>Xem th\u00eam: <a href=\"https:\/\/sonsanepoxy.com.vn\/son-epoxy-la-gi\/\"><strong><span style=\"color: #0000ff;\">S\u01a1n Epoxy<\/span><\/strong><\/a><\/p>\n","protected":false},"excerpt":{"rendered":"<p>S\u01a1n UNIPOXY LINING l\u00e0 lo\u1ea1i s\u01a1n s\u00e0n epoxy t\u1ef1 san ph\u1eb3ng, kh\u00f4ng dung m\u00f4i, c\u00f3 kh\u1ea3 n\u0103ng ch\u1ed1ng m\u00e0i m\u00f2n v\u00e0 va \u0111\u1eadp v\u01b0\u1ee3t tr\u1ed9i. L\u1edbp s\u01a1n ph\u1ee7 sau khi \u0111\u00f3ng r\u1eafn ho\u00e0n thi\u1ec7n c\u00f3 \u0111\u1eb7c t\u00ednh c\u1ee9ng, dai, m\u1ecbn v\u00e0 c\u00f3 kh\u1ea3 n\u0103ng ch\u1ed1ng l\u1ea1i h\u00f3a ch\u1ea5t, m\u00e0i m\u00f2n, va \u0111\u1eadp v\u01b0\u1ee3t tr\u1ed9i.<\/p>\n","protected":false},"featured_media":125,"comment_status":"open","ping_status":"closed","template":"","meta":[],"product_brand":[],"product_cat":[17,19],"product_tag":[],"class_list":{"0":"post-74","1":"product","2":"type-product","3":"status-publish","4":"has-post-thumbnail","6":"product_cat-hang-son","7":"product_cat-son-epoxy-kcc","9":"first","10":"instock","11":"shipping-taxable","12":"purchasable","13":"product-type-variable"},"_links":{"self":[{"href":"https:\/\/sonsanepoxy.vn\/index.php\/wp-json\/wp\/v2\/product\/74","targetHints":{"allow":["GET"]}}],"collection":[{"href":"https:\/\/sonsanepoxy.vn\/index.php\/wp-json\/wp\/v2\/product"}],"about":[{"href":"https:\/\/sonsanepoxy.vn\/index.php\/wp-json\/wp\/v2\/types\/product"}],"replies":[{"embeddable":true,"href":"https:\/\/sonsanepoxy.vn\/index.php\/wp-json\/wp\/v2\/comments?post=74"}],"wp:featuredmedia":[{"embeddable":true,"href":"https:\/\/sonsanepoxy.vn\/index.php\/wp-json\/wp\/v2\/media\/125"}],"wp:attachment":[{"href":"https:\/\/sonsanepoxy.vn\/index.php\/wp-json\/wp\/v2\/media?parent=74"}],"wp:term":[{"taxonomy":"product_brand","embeddable":true,"href":"https:\/\/sonsanepoxy.vn\/index.php\/wp-json\/wp\/v2\/product_brand?post=74"},{"taxonomy":"product_cat","embeddable":true,"href":"https:\/\/sonsanepoxy.vn\/index.php\/wp-json\/wp\/v2\/product_cat?post=74"},{"taxonomy":"product_tag","embeddable":true,"href":"https:\/\/sonsanepoxy.vn\/index.php\/wp-json\/wp\/v2\/product_tag?post=74"}],"curies":[{"name":"wp","href":"https:\/\/api.w.org\/{rel}","templated":true}]}}