{"id":73,"date":"2026-05-05T08:18:48","date_gmt":"2026-05-05T08:18:48","guid":{"rendered":"https:\/\/sonsanepoxy.vn\/?post_type=product&#038;p=73"},"modified":"2026-05-05T08:19:39","modified_gmt":"2026-05-05T08:19:39","slug":"son-epoxy-kcc-unipoxy-putty-mau-xam","status":"publish","type":"product","link":"https:\/\/sonsanepoxy.vn\/index.php\/san-pham\/son-epoxy-kcc-unipoxy-putty-mau-xam\/","title":{"rendered":"S\u01a1n Epoxy KCC Unipoxy Putty m\u00e0u x\u00e1m"},"content":{"rendered":"<table width=\"102%\">\n<tbody>\n<tr>\n<td width=\"16%\">\n<p style=\"text-align: justify;\"><strong>M\u00f4 t\u1ea3 &amp; \u1ee8ng d\u1ee5ng<\/strong><\/p>\n<\/td>\n<td style=\"text-align: justify;\" width=\"83%\">B\u1ed9t tr\u00e1m tr\u00e9t Epoxy Unipoxy Putty v\u01a1\u0301i tha\u0300nh ph\u00e2\u0300n chi\u0301nh la\u0300 nh\u01b0\u0323a Epoxy cao c\u1ea5p va\u0300 ch\u00e2\u0301t la\u0300m c\u01b0\u0301ng g\u00f4\u0301c polyamide; Unipoxy Putty chuy\u00ean\u00a0 \u0111\u01b0\u1ee3c s\u1eed d\u1ee5ng \u0111\u1ec3 tr\u00e1m tr\u00e9t c\u00e1c v\u1ebft n\u1ee9t s\u00e0n nh\u00e0 x\u01b0\u1edfng, v\u1ebft l\u00f5m, khuy\u1ebft t\u1eadt c\u1ee7a s\u00e0n b\u00ea t\u00f4ng, t\u1ea1o \u0111\u1ed9 b\u1eb1ng ph\u1eb3ng tr\u01b0\u1edbc khi thi c\u00f4ng c\u00e1c l\u1edbp s\u01a1n ph\u00eda tr\u00ean<\/td>\n<\/tr>\n<tr style=\"text-align: justify;\">\n<td width=\"16%\"><strong>\u0110\u1eb7c t\u00ednh<\/strong><\/td>\n<td width=\"83%\">\u0110\u1ed9 b\u00e1m d\u00ednh cao tr\u00ean n\u1ec1n kim l\u1ecdai, b\u00ea t\u00f4ng<\/p>\n<p>Ch\u1ecbu m\u00e0i m\u00f2n, va \u0111\u1eadp, ch\u1ecbu \u1ea9m, ch\u1ecbu h\u00f3a ch\u1ea5t, b\u1ec1n m\u00e0u, ch\u1ed1ng r\u00eau m\u1ed1c.<\/p>\n<p>Kh\u1ea3 n\u0103ng ch\u1ecbu nhi\u1ec7t cao c\u00f3 th\u1ec3 s\u1eed d\u1ee5ng cho c\u00e1c b\u1ec1 m\u1eb7t b\u1ecb l\u00e0m n\u00f3ng l\u00ean \u0111\u1ebfn 100oC (kh\u00f4ng li\u00ean t\u1ee5c).<\/td>\n<\/tr>\n<tr style=\"text-align: justify;\">\n<td width=\"16%\"><strong>Chu\u1ea9n b\u1ecb b\u1ec1 m\u1eb7t<\/strong><\/td>\n<td width=\"83%\">B\u1ec1 m\u1eb7t s\u00e0n ph\u1ea3i \u0111\u01b0\u1ee3c l\u00e0m s\u1ea1ch, lo\u1ea1i b\u1ecf c\u00e1c ch\u1ea5t b\u1ea9n nh\u01b0 d\u1ea7u, \u0111\u1ed9 \u1ea9m, b\u1ee5i\u2026<\/p>\n<p>B\u1ec1 m\u1eb7t c\u1ea7n s\u01a1n ph\u1ea3i kh\u00f4ng b\u1ecb h\u01b0 h\u1ea1i, s\u1ea1ch, kh\u00f4ng c\u00f3 b\u1ee5i, d\u1ea7u m\u1ee1 v\u00e0 nh\u1ef1a xi m\u0103ng\u2026x\u1ea3 s\u1ea1ch b\u1eb1ng n\u01b0\u1edbc v\u00e0 l\u00e0m kh\u00f4<\/p>\n<p>V\u1ec7 sinh b\u1ec1 m\u1eb7t l\u00e0 c\u00f4ng \u0111o\u1ea1n n\u1ec1n t\u1ea3ng \u0111\u1ec3 t\u1ea1o n\u00ean ch\u1ea5t l\u01b0\u1ee3ng s\u1ea3n ph\u1ea9m \u0111\u1ea1t chu\u1ea9n<\/td>\n<\/tr>\n<tr style=\"text-align: justify;\">\n<td width=\"16%\"><em>\u00a0<\/em><\/p>\n<p><em>\u00a0<\/em><\/p>\n<p><strong>Thi c\u00f4ng<\/strong><\/td>\n<td width=\"83%\">B\u00ea t\u00f4ng c\u00e2\u0300n \u0111\u01b0\u01a1\u0323c ba\u0309o d\u01b0\u01a1\u0303ng i\u0301t nh\u00e2\u0301t 28 nga\u0300y \u01a1\u0309 nhi\u00ea\u0323t \u0111\u00f4\u0323 20oC \u0111\u00f4\u0323 \u00e2\u0309m kh\u00f4ng khi\u0301 d\u01b0\u01a1\u0301i 80%, ma\u0301c b\u00ea t\u00f4ng t\u01b0\u0300 250 tr\u01a1\u0309 l\u00ean .<\/p>\n<p>B\u00ea\u0300 m\u0103\u0323t thi\u0301ch h\u01a1\u0323p thi c\u00f4ng b\u1ed9t tr\u00e1m tr\u00e9t Epoxy Unipoxy Putty KCC \u0111\u00f4\u0323 \u00e2\u0309m sa\u0300n d\u01b0\u01a1\u0301i 6% \u0111\u00f4\u0323 \u00e2\u0309m kh\u00f4ng khi\u0301 d\u01b0\u01a1\u0301i 85%<\/p>\n<p>Nhi\u1ec7t \u0111\u1ed9 kh\u00f4ng kh\u00ed phu\u0300 h\u01a1\u0323p \u0111\u00ea\u0309 thi c\u00f4ng l\u00e0: 5 ~ 30 \u2103<\/p>\n<p>\u0110\u1ed9 ph\u1ee7 l\u00fd thuy\u1ebft: 1 l\u00edt b\u1ed9t b\u1ea3 tr\u00e9t Epoxy KCC Unipoxy Putty b\u1ea3 \u0111\u01b0\u1ee3c 2m2<\/p>\n<p>Tr\u1ed9n k\u1ef9 b\u00f4\u0323t ba\u0309 tra\u0301m tre\u0301t Epoxy tr\u01b0\u1edbc khi thi c\u00f4ng: tr\u00f4\u0323n ki\u0303 t\u01b0\u0300 2 phu\u0301t phu\u0301t \u0111a\u0309m ba\u0309o h\u00f4\u0303n h\u01a1\u0323p \u0111\u00f4\u0300ng nh\u00e2\u0301t.<\/p>\n<p>D\u00f9ng dao ho\u1eb7c bay \u0111\u1ec3 l\u00e0m ph\u1eb3ng l\u1edbp b\u1ed9t tr\u00e9t tr\u00ean b\u1ec1 m\u1eb7t k\u1ebft c\u1ea5u<\/p>\n<p>Khi h\u00f4\u0303n h\u01a1\u0323p kh\u00f4 co\u0301 th\u1ec3 d\u00f9ng m\u00e1y m\u00e0i l\u1eafp \u0111\u00e1 m\u00e0i \u0111\u1ec3 t\u1ea1o th\u00e0nh l\u1edbp b\u1ed9t b\u1ea3 m\u1ecbn tr\u01b0\u01a1\u0301c khi thi c\u00f4ng s\u01a1n Epoxy phu\u0309 hoa\u0300n thi\u1ec7n<\/td>\n<\/tr>\n<tr style=\"text-align: justify;\">\n<td width=\"16%\"><strong>D\u1ee5ng c\u1ee5 thi c\u00f4ng <\/strong><\/td>\n<td width=\"83%\">Qu\u1ea7n \u00e1o b\u1ea3o h\u1ed9<\/p>\n<p>\u0110eo gang tay<\/p>\n<p>\u0110eo kh\u1ea9u trang<\/p>\n<p>V\u00e0 k\u00ednh m\u1eaft<\/p>\n<p>B\u1ed9t tr\u00e1m tr\u00e9t Epoxy Unipoxy Putty<\/p>\n<p>D\u00f9ng dao tr\u00e9t, bay tr\u00e9t<\/p>\n<p>M\u00e1y m\u00e0i g\u1eafn \u0111\u0129a nh\u00e1m<\/p>\n<p>V\u00e0 c\u00e1c d\u1ee5ng c\u1ee5 chuy\u00ean d\u1ee5ng kh\u00e1c, vv\u2026<\/td>\n<\/tr>\n<tr style=\"text-align: justify;\">\n<td width=\"16%\"><strong>\u0110\u00f3ng g\u00f3i<\/strong><\/td>\n<td width=\"83%\">9 l\u00edt\/ b\u1ed9<\/td>\n<\/tr>\n<tr style=\"text-align: justify;\">\n<td width=\"16%\"><strong>L\u01b0u \u00fd<\/strong><\/td>\n<td width=\"83%\">S\u00e0n b\u00ea t\u00f4ng m\u1edbi ph\u1ea3i c\u00f3 tu\u1ed5i \u00edt nh\u1ea5t 4 tu\u1ea7n tu\u1ed5i tr\u01b0\u1edbc khi \u0111\u01b0a v\u00e0o s\u1eed d\u1ee5ng.<\/p>\n<p>Th\u1eddi gian kh\u00f4 v\u00e0 tu\u1ed5i th\u1ecd s\u1eed s\u1ee5ng c\u00f3 th\u1ec3 gi\u1ea3m \u1edf nhi\u1ec7t \u0111\u1ed9 cao h\u01a1n.<\/p>\n<p>Kh\u00f4ng n\u00ean \u0111\u1ec3 b\u1ea3 tr\u00e9t ti\u1ebfp x\u00fac v\u1edbi n\u01b0\u1edbc, h\u00f3a ch\u1ea5t tr\u01b0\u1edbc khi d\u00f9ng.<\/p>\n<p>N\u00ean s\u1eed d\u1ee5ng b\u1ed9t tr\u00e1m tr\u00e9t Epoxy Unipoxy Putty KCCkhi \u0111\u00e3 m\u1edf n\u1eafp v\u00e0 \u0111\u01b0\u1ee3c h\u00f2a tan v\u1edbi c\u00e1c dung d\u1ecbch kh\u00e1c.<\/p>\n<p>Kh\u00f4ng n\u00ean tr\u00e9t \u1edf nhi\u1ec7t \u0111\u1ed9 qu\u00e1 cao s\u1ebd l\u00e0m gi\u1ea3m tu\u1ed5i th\u1ecd s\u1eed d\u1ee5ng c\u1ee7a b\u1ec1 m\u1eb7t thi c\u00f4ng; m\u00e0 b\u1ed9t b\u1ea3 tr\u00e9t l\u00ean c\u0169ng s\u1ebd l\u00e2u kh\u00f4 h\u01a1n.<\/p>\n<p>Kh\u00f4ng n\u00ean \u0111\u1ec3 b\u1ed9t b\u1ea3 tr\u00e9t Epoxy KCC ti\u1ebfp x\u00fac tr\u1ef1c ti\u1ebfp v\u1edbi n\u01b0\u1edbc v\u00e0 c\u00e1c h\u00f3a ch\u1ea5t kh\u00e1c<\/p>\n<p>\u0110i\u1ec1u \u0111\u00f3 s\u1ebd l\u00e0m \u1ea3nh h\u01b0\u1edfng \u0111\u1ebfn ch\u1ea5t l\u01b0\u1ee3ng c\u1ee7a b\u1ed9t; n\u00ean khi tr\u00e9t l\u00ean t\u01b0\u1eddng s\u1ebd kh\u00f4ng \u0111\u1ed3ng \u0111\u1ec1u m\u00e0 b\u1ec1 m\u1eb7t c\u00e0ng nhanh h\u1ecfng<\/td>\n<\/tr>\n<tr style=\"text-align: justify;\">\n<td width=\"16%\"><strong>S\u1ee9c kh\u1ecfe v\u00e0 an to\u00e0n<\/strong><\/td>\n<td width=\"83%\">B\u1ea3o v\u1ec7 da v\u00e0 m\u1eaft, v\u00e0 tr\u00e1nh h\u00edt v\u00e0o h\u01a1i c\u1ee7a dung m\u00f4i.<\/p>\n<p>S\u1eed d\u1ee5ng \u0111\u1ea7y \u0111\u1ee7 th\u00f4ng gi\u00f3<\/p>\n<p>Khuy\u1ebfn c\u00e1o n\u00ean b\u1ea3o v\u1ec7 h\u00f4 h\u1ea5p khi thi c\u00f4ng s\u1ea3n ph\u1ea9m trong khu v\u1ef1c gi\u1edbi h\u1ea1n hay khu v\u1ef1c thi\u1ebfu kh\u00f4ng kh\u00ed.<\/p>\n<p>Trong h\u1ed7n h\u1ee3p c\u00f3 ch\u1ee9a dung m\u00f4i d\u1ec5 ch\u00e1y, khi v\u1eadn chuy\u1ec3n, s\u1eed d\u1ee5ng, hay \u0111\u1ec3 trong nh\u00e0<\/p>\n<p>kho n\u00ean \u0111\u1ec3 tr\u00e1nh xa c\u00e1c ngu\u1ed3n l\u1eeda, n\u01a1i d\u1ec5 b\u1eaft ch\u00e1y.<\/p>\n<p>N\u00ean l\u01b0u tr\u1eef n\u01a1i kh\u00f4 r\u00e1o, \u0111\u00f3ng ch\u1eb7t n\u1eafp th\u00f9ng sau khi s\u1eed d\u1ee5ng.<\/td>\n<\/tr>\n<\/tbody>\n<\/table>\n<p style=\"text-align: justify;\">Xem th\u00eam: <a href=\"https:\/\/sonsanepoxy.com.vn\/son-epoxy-la-gi\/\"><span style=\"color: #0000ff;\"><strong>S\u01a1n Epoxy<\/strong><\/span><\/a><\/p>\n","protected":false},"excerpt":{"rendered":"<p>B\u1ed9t tr\u00e1m tr\u00e9t Epoxy Unipoxy Putty v\u01a1\u0301i tha\u0300nh ph\u00e2\u0300n chi\u0301nh la\u0300 nh\u01b0\u0323a Epoxy cao c\u1ea5p va\u0300 ch\u00e2\u0301t la\u0300m c\u01b0\u0301ng g\u00f4\u0301c polyamide; Unipoxy Putty chuy\u00ean\u00a0 \u0111\u01b0\u1ee3c s\u1eed d\u1ee5ng \u0111\u1ec3 tr\u00e1m tr\u00e9t c\u00e1c v\u1ebft n\u1ee9t s\u00e0n nh\u00e0 x\u01b0\u1edfng, v\u1ebft l\u00f5m, khuy\u1ebft t\u1eadt c\u1ee7a s\u00e0n b\u00ea t\u00f4ng, t\u1ea1o \u0111\u1ed9 b\u1eb1ng ph\u1eb3ng tr\u01b0\u1edbc khi thi c\u00f4ng c\u00e1c l\u1edbp s\u01a1n ph\u00eda tr\u00ean<\/p>\n","protected":false},"featured_media":123,"comment_status":"open","ping_status":"closed","template":"","meta":[],"product_brand":[],"product_cat":[17,19],"product_tag":[],"class_list":{"0":"post-73","1":"product","2":"type-product","3":"status-publish","4":"has-post-thumbnail","6":"product_cat-hang-son","7":"product_cat-son-epoxy-kcc","9":"first","10":"instock","11":"shipping-taxable","12":"purchasable","13":"product-type-simple"},"_links":{"self":[{"href":"https:\/\/sonsanepoxy.vn\/index.php\/wp-json\/wp\/v2\/product\/73","targetHints":{"allow":["GET"]}}],"collection":[{"href":"https:\/\/sonsanepoxy.vn\/index.php\/wp-json\/wp\/v2\/product"}],"about":[{"href":"https:\/\/sonsanepoxy.vn\/index.php\/wp-json\/wp\/v2\/types\/product"}],"replies":[{"embeddable":true,"href":"https:\/\/sonsanepoxy.vn\/index.php\/wp-json\/wp\/v2\/comments?post=73"}],"wp:featuredmedia":[{"embeddable":true,"href":"https:\/\/sonsanepoxy.vn\/index.php\/wp-json\/wp\/v2\/media\/123"}],"wp:attachment":[{"href":"https:\/\/sonsanepoxy.vn\/index.php\/wp-json\/wp\/v2\/media?parent=73"}],"wp:term":[{"taxonomy":"product_brand","embeddable":true,"href":"https:\/\/sonsanepoxy.vn\/index.php\/wp-json\/wp\/v2\/product_brand?post=73"},{"taxonomy":"product_cat","embeddable":true,"href":"https:\/\/sonsanepoxy.vn\/index.php\/wp-json\/wp\/v2\/product_cat?post=73"},{"taxonomy":"product_tag","embeddable":true,"href":"https:\/\/sonsanepoxy.vn\/index.php\/wp-json\/wp\/v2\/product_tag?post=73"}],"curies":[{"name":"wp","href":"https:\/\/api.w.org\/{rel}","templated":true}]}}