{"id":53,"date":"2026-05-05T08:18:27","date_gmt":"2026-05-05T08:18:27","guid":{"rendered":"https:\/\/sonsanepoxy.vn\/?post_type=product&#038;p=53"},"modified":"2026-05-05T08:19:36","modified_gmt":"2026-05-05T08:19:36","slug":"son-epoxy-samhwa-spiguard-lining","status":"publish","type":"product","link":"https:\/\/sonsanepoxy.vn\/index.php\/san-pham\/son-epoxy-samhwa-spiguard-lining\/","title":{"rendered":"S\u01a1n Epoxy Samhwa SPIGUARD LINING"},"content":{"rendered":"<table width=\"102%\">\n<tbody>\n<tr>\n<td width=\"16%\"><strong>M\u00f4 t\u1ea3 &amp; \u1ee8ng d\u1ee5ng<\/strong><\/td>\n<td width=\"85%\">SPIGUARD LINING l\u00e0 s\u01a1n hai th\u00e0nh ph\u1ea7n g\u1ed1c epoxy \u0111\u01b0\u1ee3c s\u1eed d\u1ee5ng l\u00e0m l\u1edbp ph\u1ee7 ch\u1ed1ng t\u0129nh \u0111i\u1ec1n cho s\u00e0n c\u1ee7a m\u1ed9t s\u1ed1 n\u01a1i \u0111\u01b0\u1ee3c d\u1ef1 \u0111o\u00e1n l\u00e0 c\u00f3 th\u1ec3 x\u1ea3y ra vi\u1ec7c ph\u00f3ng t\u0129nh \u0111i\u1ec7n. SPIGUARD LINING l\u00e0 d\u00f2ng s\u01a1n t\u1ef1 san kh\u00f4ng dung m\u00f4i k\u00e8m theo s\u1ef1 ch\u1ed1ng va \u0111\u1eadp v\u00e0 m\u00e0i m\u00f2n tuy\u1ec7t v\u1eddi.<\/p>\n<p>D\u00f9ng l\u00e0m l\u1edbp ph\u1ee7 ch\u1ed1ng t\u0129nh \u0111i\u1ec7n b\u1ec1 m\u1eb7t cho b\u00ea t\u00f4ng v\u00e0 motar.<\/td>\n<\/tr>\n<tr>\n<td width=\"16%\"><strong>\u0110\u1eb7c t\u00ednh<\/strong><\/td>\n<td width=\"85%\">\u0110\u1ed9 b\u00e1m d\u00ednh cao tr\u00ean n\u1ec1n kim l\u1ecdai, b\u00ea t\u00f4ng<\/p>\n<p>Ch\u1ecbu m\u00e0i m\u00f2n, va \u0111\u1eadp, ch\u1ecbu \u1ea9m, ch\u1ecbu h\u00f3a ch\u1ea5t, b\u1ec1n m\u00e0u, ch\u1ed1ng r\u00eau m\u1ed1c.<\/p>\n<p>Kh\u1ea3 n\u0103ng ch\u1ecbu nhi\u1ec7t cao c\u00f3 th\u1ec3 s\u1eed d\u1ee5ng cho c\u00e1c b\u1ec1 m\u1eb7t b\u1ecb l\u00e0m n\u00f3ng l\u00ean \u0111\u1ebfn 100oC (kh\u00f4ng li\u00ean t\u1ee5c).<\/td>\n<\/tr>\n<tr>\n<td width=\"16%\"><strong>Th\u00f4ng s\u1ed1 k\u1ef9 thu\u1eadt<\/strong><\/td>\n<td width=\"85%\">\n<table>\n<tbody>\n<tr>\n<td colspan=\"4\" width=\"548\"><strong>D\u1eee LI\u1ec6U V\u1eacT L\u00dd<\/strong><\/td>\n<td width=\"55\"><\/td>\n<\/tr>\n<tr>\n<td width=\"236\">Ho\u00e0n th\u00e0nh<\/td>\n<td colspan=\"3\" width=\"312\">B\u00f3ng<\/td>\n<td width=\"55\"><\/td>\n<\/tr>\n<tr>\n<td width=\"236\">M\u00e0u<\/td>\n<td colspan=\"3\" width=\"312\">Nhi\u1ec1u m\u00e0u<\/td>\n<td width=\"55\"><\/td>\n<\/tr>\n<tr>\n<td width=\"236\">S\u1eed d\u1ee5ng v\u1edbi<\/td>\n<td colspan=\"3\" width=\"312\">B\u00ea t\u00f4ng v\u00e0 mortal<\/td>\n<td width=\"55\"><\/td>\n<\/tr>\n<tr>\n<td width=\"236\">S\u1ed1 th\u00e0nh ph\u1ea7n<\/td>\n<td colspan=\"3\" width=\"312\">2<\/td>\n<td width=\"55\"><\/td>\n<\/tr>\n<tr>\n<td width=\"236\">T\u1ec9 l\u1ec7 tr\u1ed9n (KG)<\/td>\n<td colspan=\"3\" width=\"312\">TP A:TP B= 5:1<\/td>\n<td width=\"55\"><\/td>\n<\/tr>\n<tr>\n<td width=\"236\">T\u1ec9 l\u1ec7 ch\u1ea5t r\u1eafn(%)<\/td>\n<td colspan=\"3\" width=\"312\">97\u00b12%<\/td>\n<td width=\"55\"><\/td>\n<\/tr>\n<tr>\n<td width=\"236\">\u0110\u1ed9 d\u00e0y l\u1edbp s\u01a1n kh\u00f4 khuy\u00ean d\u00f9ng<\/td>\n<td colspan=\"3\" width=\"312\">2mm<\/td>\n<td width=\"55\"><\/td>\n<\/tr>\n<tr>\n<td width=\"236\">S\u1ed1 l\u1edbp<\/td>\n<td colspan=\"3\" width=\"312\">1~2<\/td>\n<td width=\"55\"><\/td>\n<\/tr>\n<tr>\n<td width=\"236\">Thinner<\/td>\n<td colspan=\"3\" width=\"312\">Kh\u00f4ng s\u1eed d\u1ee5ng<\/td>\n<td width=\"55\"><\/td>\n<\/tr>\n<tr>\n<td width=\"236\">\u0110\u1ed9 ph\u1ee7 l\u00fd thuy\u1ebft<\/td>\n<td colspan=\"3\" width=\"312\">3.09Kg\/m<sup>2<\/sup> (V\u1edbi \u0111\u1ed9 d\u00e0y l\u1edbp s\u01a1n 2mm, ch\u01b0a bao g\u1ed3m hao h\u1ee5t trong thi c\u00f4ng v\u00e0 s\u1ef1 b\u1ea5t th\u01b0\u1eddng c\u1ee7a b\u1ec1 m\u1eb7t)<\/td>\n<td width=\"55\"><\/td>\n<\/tr>\n<tr>\n<td width=\"236\">\u0110\u01a1n v\u1ecb \u0111\u00f3ng g\u00f3i (TP A\/B)<\/td>\n<td colspan=\"3\" width=\"312\">20KG\/4KG<\/td>\n<td width=\"55\"><\/td>\n<\/tr>\n<tr>\n<td width=\"236\">Th\u1eddi gian l\u01b0u kho<\/td>\n<td colspan=\"3\" width=\"312\">6 th\u00e1ng (khi l\u01b0u tr\u1eef trong kho \u1edf 5~35\u00baC)<\/td>\n<td width=\"55\"><\/td>\n<\/tr>\n<tr>\n<td width=\"236\">\u0110\u1ed9 ch\u1ed1ng t\u0129nh \u0111i\u1ec7n b\u1ec1 m\u1eb7t (\u03a9\/m<sup>2<\/sup>)<\/td>\n<td colspan=\"3\" width=\"312\">10<sup>7<\/sup>~10<sup>9<\/sup><\/p>\n<p>(Nhi\u1ec7t \u0111\u1ed9: 20\u00b11\u00baC<\/p>\n<p>\u0110\u1ed9 \u1ea9m: 40\u00b15%<\/p>\n<p>D.F.T: 2mm)<\/td>\n<td width=\"55\"><\/td>\n<\/tr>\n<tr>\n<td width=\"236\"><\/td>\n<td width=\"16\">5\u00baC<\/td>\n<td width=\"49\">20\u00baC<\/td>\n<td colspan=\"2\" width=\"301\">30\u00baC<\/td>\n<\/tr>\n<tr>\n<td width=\"236\">Kh\u00f4 c\u1ee9ng sau(gi\u1edd)<\/td>\n<td width=\"16\">48<\/td>\n<td width=\"49\">18<\/td>\n<td colspan=\"2\" width=\"301\">12<\/td>\n<\/tr>\n<tr>\n<td width=\"236\">Kh\u00f4 ho\u00e0n to\u00e0n sau (ng\u00e0y)<\/td>\n<td width=\"16\">9<\/td>\n<td width=\"49\">4<\/td>\n<td colspan=\"2\" width=\"301\">3<\/td>\n<\/tr>\n<tr>\n<td width=\"236\">V\u00f2ng \u0111\u1eddi sau khi tr\u1ed9n (ph\u00fat)<\/td>\n<td width=\"16\">40<\/td>\n<td width=\"49\">25<\/td>\n<td colspan=\"2\" width=\"301\">20<\/td>\n<\/tr>\n<tr>\n<td width=\"236\">S\u01a1n ch\u1ed3ng l\u1edbp m\u1edbi sau(ng\u00e0y)<\/td>\n<td width=\"16\">2~9<\/td>\n<td width=\"49\">1~4<\/td>\n<td colspan=\"2\" width=\"301\">1~3<\/td>\n<\/tr>\n<tr>\n<td width=\"224\"><\/td>\n<td width=\"39\"><\/td>\n<td width=\"49\"><\/td>\n<td width=\"231\"><\/td>\n<td width=\"51\"><\/td>\n<\/tr>\n<\/tbody>\n<\/table>\n<\/td>\n<\/tr>\n<tr>\n<td width=\"16%\"><strong>Chu\u1ea9n b\u1ecb b\u1ec1 m\u1eb7t<\/strong><\/td>\n<td width=\"85%\">B\u1ec1 m\u1eb7t kh\u00f4ng \u0111\u01b0\u1ee3c c\u00f3 b\u1ed9t xi m\u0103ng, b\u1ee5i, d\u1ea7u v\u00e0 c\u00e1c ch\u1ea5t b\u00e1m b\u1ea9n kh\u00e1c<\/p>\n<p>Nhi\u1ec7t \u0111\u1ed9 kh\u00f4ng kh\u00ed: 5~35\u00baC<\/p>\n<p>Nhi\u1ec7t \u0111\u1ed9 b\u1ec1 m\u1eb7t: d\u01b0\u1edbi 40\u00baC (Nhi\u1ec7t \u0111\u1ed9 b\u1ec1 m\u1eb7t ph\u1ea3i cao h\u01a1n \u0111i\u1ec3m s\u01b0\u01a1ng \u00edt nh\u1ea5t 3\u00baC \u0111\u1ec3 tr\u00e1nh t\u00ecnh tr\u1ea1ng ng\u01b0ng t\u1ee5 h\u01a1i n\u01b0\u1edbc)<\/p>\n<p>\u0110\u1ed9 \u1ea9m m\u00f4i tr\u01b0\u1eddng: d\u01b0\u1edbi 80%<\/p>\n<p>\u0110\u1ed9 \u1ea9m b\u1ec1 m\u1eb7t: d\u01b0\u1edbi 6%<\/td>\n<\/tr>\n<tr>\n<td width=\"16%\"><em>\u00a0<\/em><\/p>\n<p><em>\u00a0<\/em><\/p>\n<p><strong>Thi c\u00f4ng<\/strong><\/td>\n<td width=\"85%\">Kh\u1ea3 n\u0103ng ch\u1ed1ng t\u0129nh \u0111i\u1ec7n c\u1ee7a SPIGUARD LINING ph\u1ee5 thu\u1ed9c v\u00e0o b\u1ec1 m\u1eb7t v\u00e0 \u0111\u1ed9 m\u01b0\u1ee3t c\u1ee7a s\u01a1n.<\/p>\n<p>Th\u1eadn tr\u1ecdng, khi s\u01a1n SPIGUARD LINING b\u1eb1ng m\u00e1y phun ch\u00e2n kh\u00f4ng c\u00f3 th\u1ec3 xu\u1ea5t hi\u1ec7n b\u00f3ng m\u1edd \u1edf nh\u1eefng n\u01a1i tr\u00f9ng l\u1eadp.<\/p>\n<p>\u0110\u1ed9 ch\u1ed1ng t\u0129nh \u0111i\u1ec7n b\u1ec1 m\u1eb7t: 107~109\u03a9\/m2.<\/p>\n<p>S\u01a1n l\u00f3t: Epocoat Primer ho\u1eb7c Epocoat Primer Transparency<\/td>\n<\/tr>\n<tr>\n<td width=\"16%\"><strong>D\u1ee5ng c\u1ee5 thi c\u00f4ng <\/strong><\/td>\n<td width=\"85%\">C\u00e0o r\u0103ng c\u01b0a<\/td>\n<\/tr>\n<tr>\n<td width=\"16%\"><strong>\u0110\u00f3ng g\u00f3i<\/strong><\/td>\n<td width=\"85%\">24kg\/B\u1ed9<\/td>\n<\/tr>\n<tr>\n<td width=\"16%\"><strong>L\u01b0u \u00fd<\/strong><\/td>\n<td width=\"85%\">\u0110i\u1ec1u ki\u1ec7n b\u1ea3o qu\u00e1n:<\/p>\n<p>Nhi\u1ec7t \u0111\u1ed9 : 7 ~ 43 \u00baC<\/p>\n<p>\u0110\u1ed9 \u1ea9m: 0 ~ 100%<\/p>\n<p>Th\u1eddi gian b\u1ea3o qu\u1ea3n 12 th\u00e1ng ( b\u1ea3o qu\u1ea3n n\u01a1i m\u00e1t, kh\u00f4, th\u00f4ng gi\u00f3)<\/td>\n<\/tr>\n<tr>\n<td width=\"16%\"><strong>S\u1ee9c kh\u1ecfe v\u00e0 an to\u00e0n<\/strong><\/td>\n<td width=\"85%\">B\u1ea3o v\u1ec7 da v\u00e0 m\u1eaft, v\u00e0 tr\u00e1nh h\u00edt v\u00e0o h\u01a1i c\u1ee7a dung m\u00f4i.<\/p>\n<p>S\u1eed d\u1ee5ng \u0111\u1ea7y \u0111\u1ee7 th\u00f4ng gi\u00f3<\/p>\n<p>Khuy\u1ebfn c\u00e1o n\u00ean b\u1ea3o v\u1ec7 h\u00f4 h\u1ea5p khi thi c\u00f4ng s\u1ea3n ph\u1ea9m trong khu v\u1ef1c gi\u1edbi h\u1ea1n hay khu v\u1ef1c thi\u1ebfu kh\u00f4ng kh\u00ed.<\/p>\n<p>Trong h\u1ed7n h\u1ee3p c\u00f3 ch\u1ee9a dung m\u00f4i d\u1ec5 ch\u00e1y, khi v\u1eadn chuy\u1ec3n, s\u1eed d\u1ee5ng, hay \u0111\u1ec3 trong nh\u00e0<\/p>\n<p>kho n\u00ean \u0111\u1ec3 tr\u00e1nh xa c\u00e1c ngu\u1ed3n l\u1eeda, n\u01a1i d\u1ec5 b\u1eaft ch\u00e1y.<\/p>\n<p>N\u00ean l\u01b0u tr\u1eef n\u01a1i kh\u00f4 r\u00e1o, \u0111\u00f3ng ch\u1eb7t n\u1eafp th\u00f9ng sau khi s\u1eed d\u1ee5ng.<\/td>\n<\/tr>\n<\/tbody>\n<\/table>\n<p>Xem th\u00eam: <a href=\"https:\/\/sonsanepoxy.com.vn\/son-epoxy-la-gi\/\"><span style=\"color: #0000ff;\"><strong>S\u01a1n Epoxy<\/strong><\/span><\/a><\/p>\n","protected":false},"excerpt":{"rendered":"<p>SPIGUARD LINING l\u00e0 s\u01a1n hai th\u00e0nh ph\u1ea7n g\u1ed1c epoxy \u0111\u01b0\u1ee3c s\u1eed d\u1ee5ng l\u00e0m l\u1edbp ph\u1ee7 ch\u1ed1ng t\u0129nh \u0111i\u1ec1n cho s\u00e0n c\u1ee7a m\u1ed9t s\u1ed1 n\u01a1i \u0111\u01b0\u1ee3c d\u1ef1 \u0111o\u00e1n l\u00e0 c\u00f3 th\u1ec3 x\u1ea3y ra vi\u1ec7c ph\u00f3ng t\u0129nh \u0111i\u1ec7n. SPIGUARD LINING l\u00e0 d\u00f2ng s\u01a1n t\u1ef1 san kh\u00f4ng dung m\u00f4i k\u00e8m theo s\u1ef1 ch\u1ed1ng va \u0111\u1eadp v\u00e0 m\u00e0i m\u00f2n tuy\u1ec7t v\u1eddi.<\/p>\n","protected":false},"featured_media":119,"comment_status":"open","ping_status":"closed","template":"","meta":[],"product_brand":[],"product_cat":[17,23],"product_tag":[],"class_list":{"0":"post-53","1":"product","2":"type-product","3":"status-publish","4":"has-post-thumbnail","6":"product_cat-hang-son","7":"product_cat-son-epoxy-samwha","9":"first","10":"instock","11":"sale","12":"shipping-taxable","13":"purchasable","14":"product-type-simple"},"_links":{"self":[{"href":"https:\/\/sonsanepoxy.vn\/index.php\/wp-json\/wp\/v2\/product\/53","targetHints":{"allow":["GET"]}}],"collection":[{"href":"https:\/\/sonsanepoxy.vn\/index.php\/wp-json\/wp\/v2\/product"}],"about":[{"href":"https:\/\/sonsanepoxy.vn\/index.php\/wp-json\/wp\/v2\/types\/product"}],"replies":[{"embeddable":true,"href":"https:\/\/sonsanepoxy.vn\/index.php\/wp-json\/wp\/v2\/comments?post=53"}],"wp:featuredmedia":[{"embeddable":true,"href":"https:\/\/sonsanepoxy.vn\/index.php\/wp-json\/wp\/v2\/media\/119"}],"wp:attachment":[{"href":"https:\/\/sonsanepoxy.vn\/index.php\/wp-json\/wp\/v2\/media?parent=53"}],"wp:term":[{"taxonomy":"product_brand","embeddable":true,"href":"https:\/\/sonsanepoxy.vn\/index.php\/wp-json\/wp\/v2\/product_brand?post=53"},{"taxonomy":"product_cat","embeddable":true,"href":"https:\/\/sonsanepoxy.vn\/index.php\/wp-json\/wp\/v2\/product_cat?post=53"},{"taxonomy":"product_tag","embeddable":true,"href":"https:\/\/sonsanepoxy.vn\/index.php\/wp-json\/wp\/v2\/product_tag?post=53"}],"curies":[{"name":"wp","href":"https:\/\/api.w.org\/{rel}","templated":true}]}}