{"id":52,"date":"2026-05-05T08:18:27","date_gmt":"2026-05-05T08:18:27","guid":{"rendered":"https:\/\/sonsanepoxy.vn\/?post_type=product&#038;p=52"},"modified":"2026-05-05T08:19:34","modified_gmt":"2026-05-05T08:19:34","slug":"son-epoxy-samhwa-asphales-top","status":"publish","type":"product","link":"https:\/\/sonsanepoxy.vn\/index.php\/san-pham\/son-epoxy-samhwa-asphales-top\/","title":{"rendered":"S\u01a1n Epoxy Samhwa ASPHALES TOP"},"content":{"rendered":"<table width=\"102%\">\n<tbody>\n<tr>\n<td width=\"16%\"><strong>M\u00f4 t\u1ea3 &amp; \u1ee8ng d\u1ee5ng<\/strong><\/td>\n<td width=\"85%\">Asphales Top l\u00e0 d\u00f2ng s\u01a1n epoxy th\u01b0\u01a1ng hi\u1ec7u Samhwa c\u00f3 vai tr\u00f2 b\u1ea3o v\u1ec7 b\u1ec1 m\u1eb7t b\u00ea t\u00f4ng v\u00e0 b\u1ec1 m\u1eb7t \u0111\u01b0\u1ee3c \u0111\u00e1nh b\u00f3ng, \u0111\u01b0\u1ee3c t\u1ea1o th\u00e0nh t\u1eeb m\u1ed9t lo\u1ea1i nh\u1ef1a nh\u0169 t\u01b0\u01a1ng acrylic \u0111\u1eb7c bi\u1ec7t c\u00f3 t\u00ednh ch\u1ea5t t\u0103ng \u0111\u1ed9 b\u00f3ng. Asphales Top mang l\u1ea1i \u0111\u1ed9 b\u00f3ng cao, kh\u1ea3 n\u0103ng ch\u1ed1ng d\u00ednh, s\u1ee9c kh\u00e1ng n\u01b0\u1edbc v\u00e0 ch\u1ea5t b\u1ea9n cho b\u1ec1 m\u1eb7t \u0111\u01b0\u1ee3c \u0111\u00e1nh b\u00f3ng.<\/p>\n<p>S\u1eed d\u1ee5ng v\u1edbi s\u00e0n trong nh\u00e0 ho\u1eb7c ngo\u00e0i tr\u1eddi c\u1ee7a c\u00e1c nh\u00e0 m\u00e1y, ga ra, b\u00e3i \u0111\u1eadu xe\u2026<\/td>\n<\/tr>\n<tr>\n<td width=\"16%\"><strong>\u0110\u1eb7c t\u00ednh<\/strong><\/td>\n<td width=\"85%\">\u0110\u1ed9 b\u00e1m d\u00ednh cao tr\u00ean n\u1ec1n kim l\u1ecdai, b\u00ea t\u00f4ng<\/p>\n<p>Ch\u1ecbu m\u00e0i m\u00f2n, va \u0111\u1eadp, ch\u1ecbu \u1ea9m, ch\u1ecbu h\u00f3a ch\u1ea5t, b\u1ec1n m\u00e0u, ch\u1ed1ng r\u00eau m\u1ed1c.<\/p>\n<p>Kh\u1ea3 n\u0103ng ch\u1ecbu nhi\u1ec7t cao c\u00f3 th\u1ec3 s\u1eed d\u1ee5ng cho c\u00e1c b\u1ec1 m\u1eb7t b\u1ecb l\u00e0m n\u00f3ng l\u00ean \u0111\u1ebfn 100oC (kh\u00f4ng li\u00ean t\u1ee5c).<\/td>\n<\/tr>\n<tr>\n<td width=\"16%\"><strong>Th\u00f4ng s\u1ed1 k\u1ef9 thu\u1eadt<\/strong><\/td>\n<td width=\"85%\">\n<table style=\"width: 97.3786%;\" width=\"643\">\n<tbody>\n<tr>\n<td style=\"width: 49.5356%;\" width=\"322\"><strong>Ho\u00e0n th\u00e0nh<\/strong><\/td>\n<td style=\"width: 56.5015%;\" width=\"322\">B\u00f3ng<\/td>\n<\/tr>\n<tr>\n<td style=\"width: 49.5356%;\" width=\"322\"><strong>S\u1eed d\u1ee5ng v\u1edbi<\/strong><\/td>\n<td style=\"width: 56.5015%;\" width=\"322\">B\u00ea t\u00f4ng, xi m\u0103ng \u0111\u00e3 \u0111\u01b0\u1ee3c \u0111\u00e1nh b\u00f3ng<\/td>\n<\/tr>\n<tr>\n<td style=\"width: 49.5356%;\" width=\"322\"><strong>T\u1ec9 l\u1ec7 ch\u1ea5t r\u1eafn<\/strong><\/td>\n<td style=\"width: 56.5015%;\" width=\"322\">~25%<\/td>\n<\/tr>\n<tr>\n<td style=\"width: 49.5356%;\" width=\"322\"><strong>S\u1ed1 l\u1edbp<\/strong><\/td>\n<td style=\"width: 56.5015%;\" width=\"322\">18L<\/td>\n<\/tr>\n<tr>\n<td style=\"width: 49.5356%;\" width=\"322\"><strong>Th\u1eddi gian kh\u00f4 (25<\/strong>\u00ba<strong>C)<\/strong><\/td>\n<td style=\"width: 56.5015%;\" width=\"322\">1~2<\/td>\n<\/tr>\n<tr>\n<td style=\"width: 49.5356%;\" width=\"322\"><strong>T\u1ec9 l\u1ec7 pha lo\u00e3ng<\/strong><\/td>\n<td style=\"width: 56.5015%;\" width=\"322\">\u0110\u00e1nh b\u00f3ng sau \u00edt nh\u1ea5t 2 gi\u1edd<\/td>\n<\/tr>\n<tr>\n<td style=\"width: 49.5356%;\" width=\"322\"><strong>\u0110\u01a1n v\u1ecb \u0111\u00f3ng g\u00f3i<\/strong><\/td>\n<td style=\"width: 56.5015%;\" width=\"322\">N\u01b0\u1edbc (t\u1ed1i \u0111a 100%, t\u00f9y thu\u1ed9c v\u00e0o b\u1ec1 m\u1eb7t b\u00ea t\u00f4ng)<\/td>\n<\/tr>\n<tr>\n<td style=\"width: 49.5356%;\" width=\"322\"><strong>M\u00e0u<\/strong><\/td>\n<td style=\"width: 56.5015%;\" width=\"322\">Trong su\u1ed1t<\/td>\n<\/tr>\n<tr>\n<td style=\"width: 49.5356%;\" width=\"322\"><strong>S\u1ed1 th\u00e0nh ph\u1ea7n<\/strong><\/td>\n<td style=\"width: 56.5015%;\" width=\"322\">1<\/td>\n<\/tr>\n<tr>\n<td style=\"width: 49.5356%;\" width=\"322\"><strong>\u0110\u1ed9 ph\u1ee7 khuy\u1ebfn ngh\u1ecb<\/strong><\/td>\n<td style=\"width: 56.5015%;\" width=\"322\">10m<sup>2<\/sup>\/L ( \u0111\u1ed9 d\u00e0y l\u1edbp s\u01a1n kh\u00f4 25 \u00b5m,t\u00f9y thu\u1ed9c v\u00e0o b\u1ec1 m\u1eb7t b\u00ea t\u00f4ng)<\/td>\n<\/tr>\n<tr>\n<td style=\"width: 49.5356%;\" width=\"322\"><strong>S\u01a1n ch\u1ed3ng l\u1edbp m\u1edbi (25<\/strong>\u00ba<strong>C)<\/strong><\/td>\n<td style=\"width: 56.5015%;\" width=\"322\"><\/td>\n<\/tr>\n<tr>\n<td style=\"width: 49.5356%;\" width=\"322\"><strong>Pha lo\u00e3ng v\u1edbi<\/strong><\/td>\n<td style=\"width: 56.5015%;\" width=\"322\">Sau 2 gi\u1edd<\/td>\n<\/tr>\n<tr>\n<td style=\"width: 49.5356%;\" width=\"322\"><strong>Th\u1eddi gian l\u01b0u kho<\/strong><\/p>\n<p><strong>(b\u1ea3o qu\u1ea3n trong nh\u00e0 \u1edf 5~35<\/strong>\u00ba<strong>C)<\/strong><\/td>\n<td style=\"width: 56.5015%;\" width=\"322\">N\u01b0\u1edbc<\/td>\n<\/tr>\n<tr>\n<td style=\"width: 49.5356%;\" width=\"322\"><strong>\u00a0<\/strong><\/td>\n<td style=\"width: 56.5015%;\" width=\"322\">12 th\u00e1ng<\/td>\n<\/tr>\n<\/tbody>\n<\/table>\n<\/td>\n<\/tr>\n<tr>\n<td width=\"16%\"><strong>Chu\u1ea9n b\u1ecb b\u1ec1 m\u1eb7t<\/strong><\/td>\n<td width=\"85%\">B\u1ec1 m\u1eb7t kh\u00f4ng \u0111\u01b0\u1ee3c c\u00f3 b\u1ed9t xi m\u0103ng, b\u1ee5i, d\u1ea7u v\u00e0 c\u00e1c ch\u1ea5t b\u00e1m b\u1ea9n kh\u00e1c<\/p>\n<p>Nhi\u1ec7t \u0111\u1ed9 kh\u00f4ng kh\u00ed: 10~35\u00baC<\/p>\n<p>\u0110\u1ed9 \u1ea9m m\u00f4i tr\u01b0\u1eddng: d\u01b0\u1edbi 80%<\/p>\n<p>\u0110\u1ed9 \u1ea9m b\u1ec1 m\u1eb7t n\u1ec1n: d\u01b0\u1edbi 6%<\/p>\n<p>Nhi\u1ec7t \u0111\u1ed9 b\u1ec1 m\u1eb7t ph\u1ea3i cao h\u01a1n nhi\u1ec7t \u0111\u1ed9 \u0111i\u1ec3m s\u01b0\u01a1ng \u00edt nh\u1ea5t 3\u00baC \u0111\u1ec3 ng\u0103n ng\u1eeba t\u00ecnh tr\u1ea1ng ng\u01b0ng t\u1ee5 h\u01a1i n\u01b0\u1edbc.<\/td>\n<\/tr>\n<tr>\n<td width=\"16%\"><em>\u00a0<\/em><\/p>\n<p><em>\u00a0<\/em><\/p>\n<p><strong>Thi c\u00f4ng<\/strong><\/td>\n<td width=\"85%\">S\u1ea3n ph\u1ea9m n\u00e0y \u1ee9ng d\u1ee5ng cho b\u00ea t\u00f4ng v\u00e0 kh\u00f4ng th\u1ec3 \u1ee9ng d\u1ee5ng tr\u00ean c\u00e1c b\u1ec1 m\u1eb7t kh\u00e1c<\/p>\n<p>Tr\u00e1nh \u0111\u1ec3 s\u1ea3n ph\u1ea9m b\u1ecb \u0111\u00f3ng b\u0103ng<\/p>\n<p>L\u1eafc \u0111\u1ec1u tr\u01b0\u1edbc khi s\u1eed d\u1ee5ng.<\/p>\n<p>Thi c\u00f4ng tr\u00ean b\u1ec1 m\u1eb7t b\u00ea t\u00f4ng \u0111\u00e3 \u0111\u01b0\u1ee3c \u0111\u00e1nh b\u00f3ng v\u1edbi l\u01b0\u1ee3ng kho\u1ea3ng 10m2\/L (0.1L\/m2, \u0111\u1ed9 d\u00e0y l\u1edbp s\u01a1n kh\u00f4 kho\u1ea3ng 25\u00b5m), s\u1eed d\u1ee5ng m\u00e1y phu ch\u00e2n kh\u00f4ng \u00e1p l\u1ef1c th\u1ea5p, c\u00e2y l\u0103n, c\u1ecd qu\u00e9t, m\u00e1y phun. Thi c\u00f4ng 1 ho\u1eb7c 2 l\u1ea7n \u0111\u1ec3 lau b\u1ec1 m\u1eb7t.<\/p>\n<p>Sau khi kh\u00f4 \u00edt nh\u1ea5t 2 gi\u1edd \u1edf 25oC, \u0111\u00e1nh b\u00f3ng b\u1ec1 m\u1eb7t v\u1edbi m\u00e1y \u0111\u1ec3 t\u1ea1o \u0111\u1ed9 b\u00f3ng.<\/p>\n<p>Th\u1eadn tr\u1ecdng khi thi c\u00f4ng v\u1edbi \u0111\u1ed9 d\u00e0y cao v\u00ec \u0111\u1ed9 c\u1ee9ng l\u1edbp s\u01a1n c\u00f3 th\u1ec3 b\u1ecb gi\u1ea3m.<\/p>\n<p>T\u00e1c d\u1ee5ng c\u1ee7a s\u01a1n c\u00f3 th\u1ec3 b\u1ecb gi\u1ea3m b\u1edfi s\u1ef1 pha lo\u00e3ng qu\u00e1 m\u1ee9c. \u0110\u1ed9 pha lo\u00e3ng v\u00e0 s\u1ed1 l\u1edbp thi c\u00f4ng c\u00f3 th\u1ec3 thay \u0111\u1ed5i ph\u1ee5 thu\u1ed9c v\u00e0o v\u00e0o \u0111i\u1ec1u ki\u1ec7n m\u00f4i tr\u01b0\u1eddng (\u0111\u1ed9 x\u1ed1p c\u1ee7a b\u00ea t\u00f4ng, \u0111\u1ed9 c\u1ee9ng b\u1ec1 m\u1eb7t, h\u00e0m l\u01b0\u1ee3ng n\u01b0\u1edbc, nhi\u1ec7t \u0111\u1ed9 kh\u00f4ng kh\u00ed\u2026)N\u1ebfu keo \u0111\u01b0\u1ee3c t\u1ea1o th\u00e0nh tr\u00ean b\u1ec1 m\u1eb7t b\u00ea t\u00f4ng sau khi thi c\u00f4ng, c\u1ea7n ph\u1ea3i th\u00eam v\u00e0o m\u1ed9t l\u01b0\u1ee3ng nh\u1ecf n\u01b0\u1edbc, sau \u0111\u00f3 ch\u00e0 v\u1edbi m\u00e1y \u0111\u1ec3 th\u1ea9m th\u1ea5u Asphales xu\u1ed1ng b\u00ea t\u00f4ng<\/p>\n<p>S\u01a1n l\u00f3t: Kh\u00f4ng c\u1ea7n thi\u1ebft<\/p>\n<p>S\u01a1n trung gian: Asphales D v\u00e0 \u0111\u00e1nh b\u00f3ng<\/p>\n<p>S\u01a1n ho\u00e0n thi\u1ec7n: Asphales Top (n\u1ebfu c\u1ea7n thi\u1ebft)<\/td>\n<\/tr>\n<tr>\n<td width=\"16%\"><strong>D\u1ee5ng c\u1ee5 thi c\u00f4ng <\/strong><\/td>\n<td width=\"85%\">M\u00e1y phun ch\u00e2n kh\u00f4ng \u00e1p l\u1ef1c th\u1ea5p, m\u00e1y phun, c\u00e2y l\u0103n, n\u1ec9 cotton.<\/td>\n<\/tr>\n<tr>\n<td width=\"16%\"><strong>\u0110\u00f3ng g\u00f3i<\/strong><\/td>\n<td width=\"85%\">18L\/B\u1ed9<\/td>\n<\/tr>\n<tr>\n<td width=\"16%\"><strong>L\u01b0u \u00fd<\/strong><\/td>\n<td width=\"85%\">\u0110i\u1ec1u ki\u1ec7n b\u1ea3o qu\u00e1n:<\/p>\n<p>Nhi\u1ec7t \u0111\u1ed9 : 7 ~ 43 \u00baC<\/p>\n<p>\u0110\u1ed9 \u1ea9m: 0 ~ 100%<\/p>\n<p>Th\u1eddi gian b\u1ea3o qu\u1ea3n 12 th\u00e1ng ( b\u1ea3o qu\u1ea3n n\u01a1i m\u00e1t, kh\u00f4, th\u00f4ng gi\u00f3)<\/td>\n<\/tr>\n<tr>\n<td width=\"16%\"><strong>S\u1ee9c kh\u1ecfe v\u00e0 an to\u00e0n<\/strong><\/td>\n<td width=\"85%\">B\u1ea3o v\u1ec7 da v\u00e0 m\u1eaft, v\u00e0 tr\u00e1nh h\u00edt v\u00e0o h\u01a1i c\u1ee7a dung m\u00f4i.<\/p>\n<p>S\u1eed d\u1ee5ng \u0111\u1ea7y \u0111\u1ee7 th\u00f4ng gi\u00f3<\/p>\n<p>Khuy\u1ebfn c\u00e1o n\u00ean b\u1ea3o v\u1ec7 h\u00f4 h\u1ea5p khi thi c\u00f4ng s\u1ea3n ph\u1ea9m trong khu v\u1ef1c gi\u1edbi h\u1ea1n hay khu v\u1ef1c thi\u1ebfu kh\u00f4ng kh\u00ed.<\/p>\n<p>Trong h\u1ed7n h\u1ee3p c\u00f3 ch\u1ee9a dung m\u00f4i d\u1ec5 ch\u00e1y, khi v\u1eadn chuy\u1ec3n, s\u1eed d\u1ee5ng, hay \u0111\u1ec3 trong nh\u00e0<\/p>\n<p>kho n\u00ean \u0111\u1ec3 tr\u00e1nh xa c\u00e1c ngu\u1ed3n l\u1eeda, n\u01a1i d\u1ec5 b\u1eaft ch\u00e1y.<\/p>\n<p>N\u00ean l\u01b0u tr\u1eef n\u01a1i kh\u00f4 r\u00e1o, \u0111\u00f3ng ch\u1eb7t n\u1eafp th\u00f9ng sau khi s\u1eed d\u1ee5ng.<\/td>\n<\/tr>\n<tr>\n<td><strong>Xem th\u00eam:<\/strong><\/td>\n<td><a href=\"https:\/\/sonsanepoxy.com.vn\/son-epoxy-la-gi\/\"><span style=\"color: #0000ff;\"><strong>S\u01a1n Epoxy<\/strong><\/span><\/a><\/td>\n<\/tr>\n<\/tbody>\n<\/table>\n<p>&nbsp;<\/p>\n","protected":false},"excerpt":{"rendered":"<p>Asphales Top c\u00f3 vai tr\u00f2 b\u1ea3o v\u1ec7 b\u1ec1 m\u1eb7t b\u00ea t\u00f4ng v\u00e0 b\u1ec1 m\u1eb7t \u0111\u01b0\u1ee3c \u0111\u00e1nh b\u00f3ng, \u0111\u01b0\u1ee3c t\u1ea1o th\u00e0nh t\u1eeb m\u1ed9t lo\u1ea1i nh\u1ef1a nh\u0169 t\u01b0\u01a1ng acrylic \u0111\u1eb7c bi\u1ec7t c\u00f3 t\u00ednh ch\u1ea5t t\u0103ng \u0111\u1ed9 b\u00f3ng. Asphales Top mang l\u1ea1i \u0111\u1ed9 b\u00f3ng cao, kh\u1ea3 n\u0103ng ch\u1ed1ng d\u00ednh, s\u1ee9c kh\u00e1ng n\u01b0\u1edbc v\u00e0 ch\u1ea5t b\u1ea9n cho b\u1ec1 m\u1eb7t \u0111\u01b0\u1ee3c \u0111\u00e1nh b\u00f3ng.<\/p>\n","protected":false},"featured_media":117,"comment_status":"open","ping_status":"closed","template":"","meta":[],"product_brand":[],"product_cat":[17,23],"product_tag":[],"class_list":{"0":"post-52","1":"product","2":"type-product","3":"status-publish","4":"has-post-thumbnail","6":"product_cat-hang-son","7":"product_cat-son-epoxy-samwha","9":"first","10":"instock","11":"sale","12":"shipping-taxable","13":"purchasable","14":"product-type-simple"},"_links":{"self":[{"href":"https:\/\/sonsanepoxy.vn\/index.php\/wp-json\/wp\/v2\/product\/52","targetHints":{"allow":["GET"]}}],"collection":[{"href":"https:\/\/sonsanepoxy.vn\/index.php\/wp-json\/wp\/v2\/product"}],"about":[{"href":"https:\/\/sonsanepoxy.vn\/index.php\/wp-json\/wp\/v2\/types\/product"}],"replies":[{"embeddable":true,"href":"https:\/\/sonsanepoxy.vn\/index.php\/wp-json\/wp\/v2\/comments?post=52"}],"wp:featuredmedia":[{"embeddable":true,"href":"https:\/\/sonsanepoxy.vn\/index.php\/wp-json\/wp\/v2\/media\/117"}],"wp:attachment":[{"href":"https:\/\/sonsanepoxy.vn\/index.php\/wp-json\/wp\/v2\/media?parent=52"}],"wp:term":[{"taxonomy":"product_brand","embeddable":true,"href":"https:\/\/sonsanepoxy.vn\/index.php\/wp-json\/wp\/v2\/product_brand?post=52"},{"taxonomy":"product_cat","embeddable":true,"href":"https:\/\/sonsanepoxy.vn\/index.php\/wp-json\/wp\/v2\/product_cat?post=52"},{"taxonomy":"product_tag","embeddable":true,"href":"https:\/\/sonsanepoxy.vn\/index.php\/wp-json\/wp\/v2\/product_tag?post=52"}],"curies":[{"name":"wp","href":"https:\/\/api.w.org\/{rel}","templated":true}]}}