{"id":50,"date":"2026-05-05T08:18:27","date_gmt":"2026-05-05T08:18:27","guid":{"rendered":"https:\/\/sonsanepoxy.vn\/?post_type=product&#038;p=50"},"modified":"2026-05-05T08:20:00","modified_gmt":"2026-05-05T08:20:00","slug":"son-epoxy-samhwa-urethane-waterproof-master-355","status":"publish","type":"product","link":"https:\/\/sonsanepoxy.vn\/index.php\/san-pham\/son-epoxy-samhwa-urethane-waterproof-master-355\/","title":{"rendered":"S\u01a1n Epoxy Samhwa URETHANE WATERPROOF MASTER 355"},"content":{"rendered":"<table width=\"102%\">\n<tbody>\n<tr>\n<td width=\"16%\"><strong>M\u00f4 t\u1ea3 &amp; \u1ee8ng d\u1ee5ng<\/strong><\/td>\n<td width=\"85%\">URETHANE WATERPROOF MASTER 355 \u0111\u01b0\u1ee3c t\u1ea1o th\u00e0nh ch\u1ee7 y\u1ebfu t\u1eeb nh\u1ef1a aliphatic urethane, l\u00e0 l\u1edbp ph\u1ee7 \u0111\u00e0n h\u1ed3i cho n\u1ec1n nh\u00e0, cung c\u1ea5p gi\u1ea3i ph\u00e1p ch\u1ed1ng tr\u01b0\u1ee3t cho n\u1ec1n v\u00e0 c\u00e1c b\u1ec1 m\u1eb7t ki\u1ebfn tr\u00fac. \u0110\u00e2y l\u00e0 lo\u1ea1i s\u01a1n m\u1ec1m, ch\u1ed1ng m\u00e0i m\u00f2n v\u1edbi s\u1ef1 b\u00e1m d\u00ednh t\u1ed1i \u01b0u cho vi\u1ec7c ho\u00e0n thi\u1ec7n c\u00f4ng tr\u00ecnh.<\/p>\n<p>S\u01a1n ho\u00e0n thi\u1ec7n b\u1ec1 m\u1eb7t Urethane Waterproof Master<\/td>\n<\/tr>\n<tr>\n<td width=\"16%\"><strong>\u0110\u1eb7c t\u00ednh<\/strong><\/td>\n<td width=\"85%\">\u0110\u1ed9 b\u00e1m d\u00ednh cao tr\u00ean n\u1ec1n kim l\u1ecdai, b\u00ea t\u00f4ng<\/p>\n<p>Ch\u1ecbu m\u00e0i m\u00f2n, va \u0111\u1eadp, ch\u1ecbu \u1ea9m, ch\u1ecbu h\u00f3a ch\u1ea5t, b\u1ec1n m\u00e0u, ch\u1ed1ng r\u00eau m\u1ed1c.<\/p>\n<p>Kh\u1ea3 n\u0103ng ch\u1ecbu nhi\u1ec7t cao c\u00f3 th\u1ec3 s\u1eed d\u1ee5ng cho c\u00e1c b\u1ec1 m\u1eb7t b\u1ecb l\u00e0m n\u00f3ng l\u00ean \u0111\u1ebfn 100oC (kh\u00f4ng li\u00ean t\u1ee5c).<\/td>\n<\/tr>\n<tr>\n<td width=\"16%\"><strong>Th\u00f4ng s\u1ed1 k\u1ef9 thu\u1eadt<\/strong><\/td>\n<td width=\"85%\">\n<table style=\"width: 95.1254%;\">\n<tbody>\n<tr>\n<td style=\"width: 95.0147%;\" colspan=\"4\" width=\"578\"><strong>D\u1eee LI\u1ec6U V\u1eacT L\u00dd<\/strong><\/td>\n<td style=\"width: 3.66569%;\" width=\"47\"><\/td>\n<\/tr>\n<tr>\n<td style=\"width: 36.8035%;\" width=\"246\">Ho\u00e0n th\u00e0nh<\/td>\n<td style=\"width: 58.2111%;\" colspan=\"3\" width=\"332\">B\u00f3ng<\/td>\n<td style=\"width: 3.66569%;\" width=\"47\"><\/td>\n<\/tr>\n<tr>\n<td style=\"width: 36.8035%;\" width=\"246\">M\u00e0u<\/td>\n<td style=\"width: 58.2111%;\" colspan=\"3\" width=\"332\">Xanh t\u01b0\u01a1i, x\u00e1m t\u01b0\u01a1i\u2026<\/td>\n<td style=\"width: 3.66569%;\" width=\"47\"><\/td>\n<\/tr>\n<tr>\n<td style=\"width: 36.8035%;\" width=\"246\">S\u1ed1 th\u00e0nh ph\u1ea7n<\/td>\n<td style=\"width: 58.2111%;\" colspan=\"3\" width=\"332\">2<\/td>\n<td style=\"width: 3.66569%;\" width=\"47\"><\/td>\n<\/tr>\n<tr>\n<td style=\"width: 36.8035%;\" width=\"246\">T\u1ec9 l\u1ec7 tr\u1ed9n (L)<\/td>\n<td style=\"width: 58.2111%;\" colspan=\"3\" width=\"332\">TPA : TPB= 2 : 1<\/td>\n<td style=\"width: 3.66569%;\" width=\"47\"><\/td>\n<\/tr>\n<tr>\n<td style=\"width: 36.8035%;\" width=\"246\">T\u1ec9 l\u1ec7 ch\u1ea5t r\u1eafn<\/td>\n<td style=\"width: 58.2111%;\" colspan=\"3\" width=\"332\">45\u00b15%<\/td>\n<td style=\"width: 3.66569%;\" width=\"47\"><\/td>\n<\/tr>\n<tr>\n<td style=\"width: 36.8035%;\" width=\"246\">\u0110\u1ed9 d\u00e0y l\u1edbp s\u01a1n kh\u00f4 khuy\u00ean d\u00f9ng<\/td>\n<td style=\"width: 58.2111%;\" colspan=\"3\" width=\"332\">45\u00b5m<\/td>\n<td style=\"width: 3.66569%;\" width=\"47\"><\/td>\n<\/tr>\n<tr>\n<td style=\"width: 36.8035%;\" width=\"246\">S\u1ed1 l\u1edbp<\/td>\n<td style=\"width: 58.2111%;\" colspan=\"3\" width=\"332\">1~2<\/td>\n<td style=\"width: 3.66569%;\" width=\"47\"><\/td>\n<\/tr>\n<tr>\n<td style=\"width: 36.8035%;\" width=\"246\">\u0110\u1ed9 ph\u1ee7 l\u00fd thuy\u1ebft<\/td>\n<td style=\"width: 58.2111%;\" colspan=\"3\" width=\"332\">10,7 m<sup>2<\/sup>\/l (V\u1edbi \u0111\u1ed9 d\u00e0y l\u1edbp s\u01a1n 45\u00b5m, ch\u01b0a bao g\u1ed3m hao h\u1ee5t trong thi c\u00f4ng v\u00e0 s\u1ef1 b\u1ea5t th\u01b0\u1eddng c\u1ee7a b\u1ec1 m\u1eb7t)<\/td>\n<td style=\"width: 3.66569%;\" width=\"47\"><\/td>\n<\/tr>\n<tr>\n<td style=\"width: 36.8035%;\" width=\"246\">Pha lo\u00e3ng<\/td>\n<td style=\"width: 58.2111%;\" colspan=\"3\" width=\"332\">D\u01b0\u1edbi 10%(tr\u00ean t\u1ed5ng kh\u1ed1i l\u01b0\u1ee3ng)<\/td>\n<td style=\"width: 3.66569%;\" width=\"47\"><\/td>\n<\/tr>\n<tr>\n<td style=\"width: 36.8035%;\" width=\"246\">Thinner<\/td>\n<td style=\"width: 58.2111%;\" colspan=\"3\" width=\"332\">Urethane 1000 thinner, T-1021<\/td>\n<td style=\"width: 3.66569%;\" width=\"47\"><\/td>\n<\/tr>\n<tr>\n<td style=\"width: 36.8035%;\" width=\"246\">Th\u1eddi gian l\u01b0u kho<\/td>\n<td style=\"width: 58.2111%;\" colspan=\"3\" width=\"332\">12 th\u00e1ng (khi l\u01b0u tr\u1eef trong kho \u1edf 5~35\u00baC)<\/td>\n<td style=\"width: 3.66569%;\" width=\"47\"><\/td>\n<\/tr>\n<tr>\n<td style=\"width: 36.8035%;\" width=\"246\">\u0110\u01a1n v\u1ecb \u0111\u00f3ng g\u00f3i<\/td>\n<td style=\"width: 58.2111%;\" colspan=\"3\" width=\"332\">10,67L\/5,33L<\/td>\n<td style=\"width: 3.66569%;\" width=\"47\"><\/td>\n<\/tr>\n<tr>\n<td style=\"width: 36.8035%;\" width=\"246\"><\/td>\n<td style=\"width: 8.79765%;\" width=\"27\">10\u00baC<\/td>\n<td style=\"width: 8.79765%;\" width=\"55\">20\u00baC<\/td>\n<td style=\"width: 44.2815%;\" colspan=\"2\" width=\"298\">30\u00baC<\/td>\n<\/tr>\n<tr>\n<td style=\"width: 36.8035%;\" width=\"246\">C\u00f3 th\u1ec3 ch\u1ea1m \u0111\u01b0\u1ee3c sau (ph\u00fat)<\/td>\n<td style=\"width: 8.79765%;\" width=\"27\">40<\/td>\n<td style=\"width: 8.79765%;\" width=\"55\">20<\/td>\n<td style=\"width: 44.2815%;\" colspan=\"2\" width=\"298\">10<\/td>\n<\/tr>\n<tr>\n<td style=\"width: 36.8035%;\" width=\"246\">Th\u1eddi gian \u0111\u00f3ng c\u1ee9ng (gi\u1edd)<\/td>\n<td style=\"width: 8.79765%;\" width=\"27\">16<\/td>\n<td style=\"width: 8.79765%;\" width=\"55\">12<\/td>\n<td style=\"width: 44.2815%;\" colspan=\"2\" width=\"298\">18<\/td>\n<\/tr>\n<tr>\n<td style=\"width: 36.8035%;\" width=\"246\">Th\u1eddi gian kh\u00f4 (ng\u00e0y)<\/td>\n<td style=\"width: 8.79765%;\" width=\"27\">3<\/td>\n<td style=\"width: 8.79765%;\" width=\"55\">2<\/td>\n<td style=\"width: 44.2815%;\" colspan=\"2\" width=\"298\">2<\/td>\n<\/tr>\n<tr>\n<td style=\"width: 36.8035%;\" width=\"246\">V\u00f2ng \u0111\u1eddi sau khi tr\u1ed9n (gi\u1edd)<\/td>\n<td style=\"width: 8.79765%;\" width=\"27\">8<\/td>\n<td style=\"width: 8.79765%;\" width=\"55\">5<\/td>\n<td style=\"width: 44.2815%;\" colspan=\"2\" width=\"298\">3<\/td>\n<\/tr>\n<tr>\n<td style=\"width: 36.8035%;\" width=\"246\">S\u01a1n ch\u1ed3ng l\u1edbp m\u1edbi sau (gi\u1edd)<\/td>\n<td style=\"width: 8.79765%;\" width=\"27\">48~72<\/td>\n<td style=\"width: 8.79765%;\" width=\"55\">24~48<\/td>\n<td style=\"width: 44.2815%;\" colspan=\"2\" width=\"298\">24~48<\/td>\n<\/tr>\n<tr>\n<td style=\"width: 36.8035%;\" width=\"220\"><\/td>\n<td style=\"width: 8.79765%;\" width=\"55\"><\/td>\n<td style=\"width: 8.79765%;\" width=\"55\"><\/td>\n<td style=\"width: 40.6158%;\" width=\"222\"><\/td>\n<td style=\"width: 3.66569%;\" width=\"42\"><\/td>\n<\/tr>\n<\/tbody>\n<\/table>\n<\/td>\n<\/tr>\n<tr>\n<td width=\"16%\"><strong>Chu\u1ea9n b\u1ecb b\u1ec1 m\u1eb7t<\/strong><\/td>\n<td width=\"85%\">B\u1ec1 m\u1eb7t kh\u00f4ng \u0111\u01b0\u1ee3c c\u00f3 b\u1ed9t xi m\u0103ng, b\u1ee5i, d\u1ea7u, \u0111\u1ed9 \u1ea9m v\u00e0 c\u00e1c\u00a0 ch\u1ea5t b\u00e1m b\u1ea9n kh\u00e1c.<\/p>\n<p>Nhi\u1ec7t \u0111\u1ed9 kh\u00f4ng kh\u00ed: 5~35\u00baC<\/p>\n<p>Nhi\u1ec7t \u0111\u1ed9 b\u1ec1 m\u1eb7t: 5~35\u00baC<\/p>\n<p>\u0110\u1ed9 \u1ea9m: d\u01b0\u1edbi 85%<\/p>\n<p>\u0110i\u1ec3m s\u01b0\u01a1ng: nhi\u1ec7t \u0111\u1ed9 b\u1ec1 m\u1eb7t ph\u1ea3i cao h\u01a1n \u0111i\u1ec3m s\u01b0\u01a1ng \u00edt nh\u1ea5t 3\u00baC \u0111\u1ec3 tr\u00e1nh t\u00ecnh tr\u1ea1ng h\u01a1i n\u01b0\u1edbc ng\u01b0ng t\u1ee5.<\/td>\n<\/tr>\n<tr>\n<td width=\"16%\"><em>\u00a0<\/em><\/p>\n<p><em>\u00a0<\/em><\/p>\n<p><strong>Thi c\u00f4ng<\/strong><\/td>\n<td width=\"85%\">S\u01a1n l\u00f3t trung gian: Urethane Waterproof Master 200<\/p>\n<p>T\u1ef7 l\u1ec7 tr\u1ed9n ph\u1ea3i \u0111\u01b0\u1ee3c theo d\u00f5i v\u00e0 khu\u1ea5y \u0111\u1ec1u b\u1eb1ng m\u00e1y khu\u1ea5y trong kho\u1ea3ng 3~5 ph\u00fat tr\u01b0\u1edbc khi s\u1eed d\u1ee5ng (D\u00f9ng m\u00e1y khu\u1ea5y \u0111i\u1ec7n c\u00f3 c\u00f4ng su\u1ea5t t\u1eeb 1000RPM, 500W)<\/td>\n<\/tr>\n<tr>\n<td width=\"16%\"><strong>D\u1ee5ng c\u1ee5 thi c\u00f4ng <\/strong><\/td>\n<td width=\"85%\">M\u00e1y phun s\u01a1n, c\u1ecd qu\u00e9t v\u00e0 c\u00e2y l\u0103n th\u00edch h\u1ee3p.<\/td>\n<\/tr>\n<tr>\n<td width=\"16%\"><strong>\u0110\u00f3ng g\u00f3i<\/strong><\/td>\n<td width=\"85%\">16L\/B\u1ed9<\/td>\n<\/tr>\n<tr>\n<td width=\"16%\"><strong>L\u01b0u \u00fd<\/strong><\/td>\n<td width=\"85%\">\u0110i\u1ec1u ki\u1ec7n b\u1ea3o qu\u00e1n:<\/p>\n<p>Nhi\u1ec7t \u0111\u1ed9 : 7 ~ 43 \u00baC<\/p>\n<p>\u0110\u1ed9 \u1ea9m: 0 ~ 100%<\/p>\n<p>Th\u1eddi gian b\u1ea3o qu\u1ea3n 12 th\u00e1ng ( b\u1ea3o qu\u1ea3n n\u01a1i m\u00e1t, kh\u00f4, th\u00f4ng gi\u00f3)<\/td>\n<\/tr>\n<tr>\n<td width=\"16%\"><strong>S\u1ee9c kh\u1ecfe v\u00e0 an to\u00e0n<\/strong><\/td>\n<td width=\"85%\">B\u1ea3o v\u1ec7 da v\u00e0 m\u1eaft, v\u00e0 tr\u00e1nh h\u00edt v\u00e0o h\u01a1i c\u1ee7a dung m\u00f4i.<\/p>\n<p>S\u1eed d\u1ee5ng \u0111\u1ea7y \u0111\u1ee7 th\u00f4ng gi\u00f3<\/p>\n<p>Khuy\u1ebfn c\u00e1o n\u00ean b\u1ea3o v\u1ec7 h\u00f4 h\u1ea5p khi thi c\u00f4ng s\u1ea3n ph\u1ea9m trong khu v\u1ef1c gi\u1edbi h\u1ea1n hay khu v\u1ef1c thi\u1ebfu kh\u00f4ng kh\u00ed.<\/p>\n<p>Trong h\u1ed7n h\u1ee3p c\u00f3 ch\u1ee9a dung m\u00f4i d\u1ec5 ch\u00e1y, khi v\u1eadn chuy\u1ec3n, s\u1eed d\u1ee5ng, hay \u0111\u1ec3 trong nh\u00e0<\/p>\n<p>kho n\u00ean \u0111\u1ec3 tr\u00e1nh xa c\u00e1c ngu\u1ed3n l\u1eeda, n\u01a1i d\u1ec5 b\u1eaft ch\u00e1y.<\/p>\n<p>N\u00ean l\u01b0u tr\u1eef n\u01a1i kh\u00f4 r\u00e1o, \u0111\u00f3ng ch\u1eb7t n\u1eafp th\u00f9ng sau khi s\u1eed d\u1ee5ng.<\/td>\n<\/tr>\n<\/tbody>\n<\/table>\n<p>Xem th\u00eam: <a href=\"https:\/\/sonsanepoxy.com.vn\/son-epoxy-la-gi\/\"><span style=\"color: #0000ff;\"><strong>S\u01a1n Epoxy<\/strong><\/span><\/a><\/p>\n","protected":false},"excerpt":{"rendered":"<p>URETHANE WATERPROOF MASTER 355 \u0111\u01b0\u1ee3c t\u1ea1o th\u00e0nh ch\u1ee7 y\u1ebfu t\u1eeb nh\u1ef1a aliphatic urethane, l\u00e0 l\u1edbp ph\u1ee7 \u0111\u00e0n h\u1ed3i cho n\u1ec1n nh\u00e0, cung c\u1ea5p gi\u1ea3i ph\u00e1p ch\u1ed1ng tr\u01b0\u1ee3t cho n\u1ec1n v\u00e0 c\u00e1c b\u1ec1 m\u1eb7t ki\u1ebfn tr\u00fac. \u0110\u00e2y l\u00e0 lo\u1ea1i s\u01a1n m\u1ec1m, ch\u1ed1ng m\u00e0i m\u00f2n v\u1edbi s\u1ef1 b\u00e1m d\u00ednh t\u1ed1i \u01b0u cho vi\u1ec7c ho\u00e0n thi\u1ec7n c\u00f4ng tr\u00ecnh.<\/p>\n","protected":false},"featured_media":115,"comment_status":"open","ping_status":"closed","template":"","meta":[],"product_brand":[],"product_cat":[17,23],"product_tag":[],"class_list":{"0":"post-50","1":"product","2":"type-product","3":"status-publish","4":"has-post-thumbnail","6":"product_cat-hang-son","7":"product_cat-son-epoxy-samwha","9":"first","10":"instock","11":"shipping-taxable","12":"purchasable","13":"product-type-variable"},"_links":{"self":[{"href":"https:\/\/sonsanepoxy.vn\/index.php\/wp-json\/wp\/v2\/product\/50","targetHints":{"allow":["GET"]}}],"collection":[{"href":"https:\/\/sonsanepoxy.vn\/index.php\/wp-json\/wp\/v2\/product"}],"about":[{"href":"https:\/\/sonsanepoxy.vn\/index.php\/wp-json\/wp\/v2\/types\/product"}],"replies":[{"embeddable":true,"href":"https:\/\/sonsanepoxy.vn\/index.php\/wp-json\/wp\/v2\/comments?post=50"}],"wp:featuredmedia":[{"embeddable":true,"href":"https:\/\/sonsanepoxy.vn\/index.php\/wp-json\/wp\/v2\/media\/115"}],"wp:attachment":[{"href":"https:\/\/sonsanepoxy.vn\/index.php\/wp-json\/wp\/v2\/media?parent=50"}],"wp:term":[{"taxonomy":"product_brand","embeddable":true,"href":"https:\/\/sonsanepoxy.vn\/index.php\/wp-json\/wp\/v2\/product_brand?post=50"},{"taxonomy":"product_cat","embeddable":true,"href":"https:\/\/sonsanepoxy.vn\/index.php\/wp-json\/wp\/v2\/product_cat?post=50"},{"taxonomy":"product_tag","embeddable":true,"href":"https:\/\/sonsanepoxy.vn\/index.php\/wp-json\/wp\/v2\/product_tag?post=50"}],"curies":[{"name":"wp","href":"https:\/\/api.w.org\/{rel}","templated":true}]}}