{"id":49,"date":"2026-05-05T08:18:26","date_gmt":"2026-05-05T08:18:26","guid":{"rendered":"https:\/\/sonsanepoxy.vn\/?post_type=product&#038;p=49"},"modified":"2026-05-05T08:20:00","modified_gmt":"2026-05-05T08:20:00","slug":"son-epoxy-samhwa-nexposed-non-tar-waterprooftan-ks","status":"publish","type":"product","link":"https:\/\/sonsanepoxy.vn\/index.php\/san-pham\/son-epoxy-samhwa-nexposed-non-tar-waterprooftan-ks\/","title":{"rendered":"S\u01a1n Epoxy Samhwa NEXPOSED NON-TAR WATERPROOFTAN (KS)"},"content":{"rendered":"<table width=\"102%\">\n<tbody>\n<tr>\n<td width=\"16%\">\n<p style=\"text-align: justify;\"><strong>M\u00f4 t\u1ea3 &amp; \u1ee8ng d\u1ee5ng<\/strong><\/p>\n<\/td>\n<td style=\"text-align: justify;\" width=\"85%\">S\u01a1n Samhwa NEXPOSED NON-TAR WATERPROOFTAN (KS)\u00a0c\u00f3 th\u00e0nh ph\u1ea7n ch\u1ee7 y\u1ebfu t\u1eeb m\u1ed9t lo\u1ea1i nh\u1ef1a urethane \u0111\u00e0n h\u1ed3i, l\u00e0 m\u1ed9t lo\u1ea1i s\u01a1n ch\u1ed1ng th\u1ea5m unexposed hai th\u00e0nh ph\u1ea7n Non-tar urethane, c\u00f3 kh\u1ea3 n\u0103ng \u0111\u00e0n h\u1ed3i v\u01b0\u1ee3t tr\u1ed9i v\u00e0 ch\u1ed1ng ch\u1ecbu l\u1ef1c k\u00e9o, \u00e9p g\u00e2y ra b\u1edfi s\u1ef1 thay \u0111\u1ed5i nhi\u1ec7t \u0111\u1ed9 ho\u1eb7c \u0111\u1ed9ng \u0111\u1ea5t. \u0110\u00e2y l\u00e0 lo\u1ea1i s\u01a1n c\u00f3 \u0111\u1ed9 b\u00e1m d\u00ednh, \u0111\u00e0n h\u1ed3i, ch\u1ed1ng ch\u1ecbu t\u1ed1t v\u1edbi th\u1eddi ti\u1ebft l\u1ea1nh v\u00e0 n\u01b0\u1edbc.<\/p>\n<p>L\u1edbp ch\u1ed1ng th\u1ea5m kh\u00f4ng l\u1ed9 thi\u00ean( cho nh\u1eefng n\u01a1i th\u01b0\u1eddng xuy\u00ean ti\u1ebfp x\u00fac v\u1edbi n\u01b0\u1edbc nh\u01b0 toilet, b\u1ec3 ch\u1ee9a\u2026)<\/td>\n<\/tr>\n<tr style=\"text-align: justify;\">\n<td width=\"16%\"><strong>\u0110\u1eb7c t\u00ednh<\/strong><\/td>\n<td width=\"85%\">\u0110\u1ed9 b\u00e1m d\u00ednh cao tr\u00ean n\u1ec1n kim l\u1ecdai, b\u00ea t\u00f4ng<\/p>\n<p>Ch\u1ecbu m\u00e0i m\u00f2n, va \u0111\u1eadp, ch\u1ecbu \u1ea9m, ch\u1ecbu h\u00f3a ch\u1ea5t, b\u1ec1n m\u00e0u, ch\u1ed1ng r\u00eau m\u1ed1c.<\/p>\n<p>Kh\u1ea3 n\u0103ng ch\u1ecbu nhi\u1ec7t cao c\u00f3 th\u1ec3 s\u1eed d\u1ee5ng cho c\u00e1c b\u1ec1 m\u1eb7t b\u1ecb l\u00e0m n\u00f3ng l\u00ean \u0111\u1ebfn 100oC (kh\u00f4ng li\u00ean t\u1ee5c).<\/td>\n<\/tr>\n<tr style=\"text-align: justify;\">\n<td width=\"16%\"><strong>Th\u00f4ng s\u1ed1 k\u1ef9 thu\u1eadt<\/strong><\/td>\n<td width=\"85%\">\n<table>\n<tbody>\n<tr>\n<td colspan=\"4\" width=\"632\"><strong>D\u1eee LI\u1ec6U V\u1eacT L\u00dd<\/strong><\/td>\n<\/tr>\n<tr>\n<td width=\"227\">Ho\u00e0n th\u00e0nh<\/td>\n<td colspan=\"3\" width=\"406\">B\u00e1n b\u00f3ng<\/td>\n<\/tr>\n<tr>\n<td width=\"227\">M\u00e0u<\/td>\n<td colspan=\"3\" width=\"406\">\u0110en, x\u00e1m, xanh<\/td>\n<\/tr>\n<tr>\n<td width=\"227\">S\u1eed d\u1ee5ng v\u1edbi<\/td>\n<td colspan=\"3\" width=\"406\">B\u00ea t\u00f4ng, mortal<\/td>\n<\/tr>\n<tr>\n<td width=\"227\">S\u1ed1 th\u00e0nh ph\u1ea7n<\/td>\n<td colspan=\"3\" width=\"406\">2<\/td>\n<\/tr>\n<tr>\n<td width=\"227\">T\u1ec9 l\u1ec7 tr\u1ed9n (KG)<\/td>\n<td colspan=\"3\" width=\"406\">TP A:TP B= 3:1<\/td>\n<\/tr>\n<tr>\n<td width=\"227\">S\u1ed1 l\u1edbp<\/td>\n<td colspan=\"3\" width=\"406\">1~2<\/td>\n<\/tr>\n<tr>\n<td width=\"227\">\u0110\u1ed9 d\u00e0y l\u1edbp s\u01a1n kh\u00f4 khuy\u00ean d\u00f9ng<\/td>\n<td colspan=\"3\" width=\"406\">3mm<\/td>\n<\/tr>\n<tr>\n<td width=\"227\">\u0110\u1ed9 c\u1ee9ng<\/td>\n<td colspan=\"3\" width=\"406\">50~70<\/td>\n<\/tr>\n<tr>\n<td width=\"227\">\u0110\u1ed9 gi\u00e3n d\u00e0i<\/td>\n<td colspan=\"3\" width=\"406\">&gt; 550%<\/td>\n<\/tr>\n<tr>\n<td width=\"227\">S\u1ee9c c\u0103ng<\/td>\n<td colspan=\"3\" width=\"406\">&gt; 2.0 N\/m<sup>2<\/sup><\/td>\n<\/tr>\n<tr>\n<td width=\"227\">\u0110\u1ed9 b\u1ec1n va \u0111\u1eadp<\/td>\n<td colspan=\"3\" width=\"406\">&gt; 12,8 N\/mm<\/td>\n<\/tr>\n<tr>\n<td width=\"227\">&nbsp;<\/p>\n<p>&nbsp;<\/p>\n<p>\u0110\u1ed9 ph\u1ee7 l\u00fd thuy\u1ebft<\/td>\n<td colspan=\"3\" width=\"406\">4,2kg\/m<sup>2<\/sup> (V\u1edbi \u0111\u1ed9 d\u00e0y l\u1edbp s\u01a1n 3mm, ch\u01b0a bao g\u1ed3m hao h\u1ee5t trong thi c\u00f4ng v\u00e0 s\u1ef1 b\u1ea5t th\u01b0\u1eddng c\u1ee7a b\u1ec1 m\u1eb7t)<\/td>\n<\/tr>\n<tr>\n<td width=\"227\">Thinner<\/td>\n<td colspan=\"3\" width=\"406\">Urethane 1000 thinner, T-1021<\/td>\n<\/tr>\n<tr>\n<td width=\"227\">Th\u1eddi gian l\u01b0u kho<\/td>\n<td colspan=\"3\" width=\"406\">6 th\u00e1ng (khi l\u01b0u tr\u1eef trong kho \u1edf 5~35\u00baC)<\/td>\n<\/tr>\n<tr>\n<td width=\"227\">\u0110\u01a1n v\u1ecb \u0111\u00f3ng g\u00f3i<\/td>\n<td colspan=\"3\" width=\"406\">24KG\/8KG<\/td>\n<\/tr>\n<tr>\n<td width=\"227\"><\/td>\n<td width=\"55\">5\u00baC<\/td>\n<td width=\"55\">20\u00baC<\/td>\n<td width=\"295\">30\u00baC<\/td>\n<\/tr>\n<tr>\n<td width=\"227\">Th\u1eddi gian kh\u00f4 c\u1ee9ng (gi\u1edd)<\/td>\n<td width=\"55\">48<\/td>\n<td width=\"55\">24<\/td>\n<td width=\"295\">18<\/td>\n<\/tr>\n<tr>\n<td width=\"227\">Th\u1eddi gian kh\u00f4 ho\u00e0n to\u00e0n (ng\u00e0y)<\/td>\n<td width=\"55\">10<\/td>\n<td width=\"55\">5<\/td>\n<td width=\"295\">3<\/td>\n<\/tr>\n<tr>\n<td width=\"227\">V\u00f2ng \u0111\u1eddi sau khi tr\u1ed9n (ph\u00fat)<\/td>\n<td width=\"55\">40<\/td>\n<td width=\"55\">30<\/td>\n<td width=\"295\">20<\/td>\n<\/tr>\n<tr>\n<td width=\"227\">S\u01a1n ch\u1ed3ng l\u1edbp m\u1edbi sau(gi\u1edd)<\/td>\n<td width=\"55\">48~96<\/td>\n<td width=\"55\">24~48<\/td>\n<td width=\"295\">18~48<\/td>\n<\/tr>\n<\/tbody>\n<\/table>\n<\/td>\n<\/tr>\n<tr style=\"text-align: justify;\">\n<td width=\"16%\"><strong>Chu\u1ea9n b\u1ecb b\u1ec1 m\u1eb7t<\/strong><\/td>\n<td width=\"85%\">B\u1ec1 m\u1eb7t kh\u00f4ng \u0111\u01b0\u1ee3c c\u00f3 b\u1ed9t xi m\u0103ng, b\u1ee5i, d\u1ea7u, \u0111\u1ed9 \u1ea9m v\u00e0 c\u00e1c\u00a0 ch\u1ea5t b\u00e1m b\u1ea9n kh\u00e1c.<\/p>\n<p>Nhi\u1ec7t \u0111\u1ed9 kh\u00f4ng kh\u00ed: 10~35\u00baC<\/p>\n<p>Nhi\u1ec7t \u0111\u1ed9 b\u1ec1 m\u1eb7t: 5~30\u00baC (B\u1eaft bu\u1ed9c ph\u1ea3i cao h\u01a1n nhi\u1ec7t \u0111\u1ed9 c\u1ee7a \u0111i\u1ec3m s\u01b0\u01a1ng \u00edt nh\u1ea5t 3\u00baC)<\/p>\n<p>\u0110\u1ed9 \u1ea9m m\u00f4i tr\u01b0\u1eddng: d\u01b0\u1edbi 85%<\/td>\n<\/tr>\n<tr style=\"text-align: justify;\">\n<td width=\"16%\"><em>\u00a0<\/em><\/p>\n<p><em>\u00a0<\/em><\/p>\n<p><strong>Thi c\u00f4ng<\/strong><\/td>\n<td width=\"85%\">S\u01a1n l\u00f3t: Urethane Waterproof Master100<\/p>\n<p>T\u1ef7 l\u1ec7 tr\u1ed9n ph\u1ea3i \u0111\u01b0\u1ee3c theo d\u00f5i v\u00e0 khu\u1ea5y \u0111\u1ec1u b\u1eb1ng m\u00e1y khu\u1ea5y trong kho\u1ea3ng 3~5 ph\u00fat tr\u01b0\u1edbc khi s\u1eed d\u1ee5ng (D\u00f9ng m\u00e1y khu\u1ea5y \u0111i\u1ec7n c\u00f3 c\u00f4ng su\u1ea5t t\u1eeb 1000RPM, 500W)<\/td>\n<\/tr>\n<tr style=\"text-align: justify;\">\n<td width=\"16%\"><strong>D\u1ee5ng c\u1ee5 thi c\u00f4ng <\/strong><\/td>\n<td width=\"85%\">C\u00e0o r\u0103ng c\u01b0a<\/td>\n<\/tr>\n<tr style=\"text-align: justify;\">\n<td width=\"16%\"><strong>\u0110\u00f3ng g\u00f3i<\/strong><\/td>\n<td width=\"85%\">32kg\/B\u1ed9<\/td>\n<\/tr>\n<tr style=\"text-align: justify;\">\n<td width=\"16%\"><strong>L\u01b0u \u00fd<\/strong><\/td>\n<td width=\"85%\">\u0110i\u1ec1u ki\u1ec7n b\u1ea3o qu\u00e1n:<\/p>\n<p>Nhi\u1ec7t \u0111\u1ed9 : 7 ~ 43 \u00baC<\/p>\n<p>\u0110\u1ed9 \u1ea9m: 0 ~ 100%<\/p>\n<p>Th\u1eddi gian b\u1ea3o qu\u1ea3n 12 th\u00e1ng ( b\u1ea3o qu\u1ea3n n\u01a1i m\u00e1t, kh\u00f4, th\u00f4ng gi\u00f3)<\/td>\n<\/tr>\n<tr style=\"text-align: justify;\">\n<td width=\"16%\"><strong>S\u1ee9c kh\u1ecfe v\u00e0 an to\u00e0n<\/strong><\/td>\n<td width=\"85%\">B\u1ea3o v\u1ec7 da v\u00e0 m\u1eaft, v\u00e0 tr\u00e1nh h\u00edt v\u00e0o h\u01a1i c\u1ee7a dung m\u00f4i.<\/p>\n<p>S\u1eed d\u1ee5ng \u0111\u1ea7y \u0111\u1ee7 th\u00f4ng gi\u00f3<\/p>\n<p>Khuy\u1ebfn c\u00e1o n\u00ean b\u1ea3o v\u1ec7 h\u00f4 h\u1ea5p khi thi c\u00f4ng s\u1ea3n ph\u1ea9m trong khu v\u1ef1c gi\u1edbi h\u1ea1n hay khu v\u1ef1c thi\u1ebfu kh\u00f4ng kh\u00ed.<\/p>\n<p>Trong h\u1ed7n h\u1ee3p c\u00f3 ch\u1ee9a dung m\u00f4i d\u1ec5 ch\u00e1y, khi v\u1eadn chuy\u1ec3n, s\u1eed d\u1ee5ng, hay \u0111\u1ec3 trong nh\u00e0<\/p>\n<p>kho n\u00ean \u0111\u1ec3 tr\u00e1nh xa c\u00e1c ngu\u1ed3n l\u1eeda, n\u01a1i d\u1ec5 b\u1eaft ch\u00e1y.<\/p>\n<p>N\u00ean l\u01b0u tr\u1eef n\u01a1i kh\u00f4 r\u00e1o, \u0111\u00f3ng ch\u1eb7t n\u1eafp th\u00f9ng sau khi s\u1eed d\u1ee5ng.<\/td>\n<\/tr>\n<\/tbody>\n<\/table>\n<p style=\"text-align: justify;\">Xem th\u00eam: <a href=\"https:\/\/sonsanepoxy.com.vn\/son-epoxy-la-gi\/\"><span style=\"color: #0000ff;\"><strong>S\u01a1n Epoxy<\/strong><\/span><\/a><\/p>\n","protected":false},"excerpt":{"rendered":"<p>UNEXPOSED NON-TAR WATERPROOFTAN (KS), c\u00f3 th\u00e0nh ph\u1ea7n ch\u1ee7 y\u1ebfu t\u1eeb m\u1ed9t lo\u1ea1i nh\u1ef1a urethane \u0111\u00e0n h\u1ed3i, l\u00e0 m\u1ed9t lo\u1ea1i s\u01a1n ch\u1ed1ng th\u1ea5m unexposed hai th\u00e0nh ph\u1ea7n Non-tar urethane, c\u00f3 kh\u1ea3 n\u0103ng \u0111\u00e0n h\u1ed3i v\u01b0\u1ee3t tr\u1ed9i v\u00e0 ch\u1ed1ng ch\u1ecbu l\u1ef1c k\u00e9o, \u00e9p g\u00e2y ra b\u1edfi s\u1ef1 thay \u0111\u1ed5i nhi\u1ec7t \u0111\u1ed9 ho\u1eb7c \u0111\u1ed9ng \u0111\u1ea5t. \u0110\u00e2y l\u00e0 lo\u1ea1i s\u01a1n c\u00f3 \u0111\u1ed9 b\u00e1m d\u00ednh, \u0111\u00e0n h\u1ed3i, ch\u1ed1ng ch\u1ecbu t\u1ed1t v\u1edbi th\u1eddi ti\u1ebft l\u1ea1nh v\u00e0 n\u01b0\u1edbc.<\/p>\n","protected":false},"featured_media":113,"comment_status":"open","ping_status":"closed","template":"","meta":[],"product_brand":[],"product_cat":[17,23],"product_tag":[],"class_list":{"0":"post-49","1":"product","2":"type-product","3":"status-publish","4":"has-post-thumbnail","6":"product_cat-hang-son","7":"product_cat-son-epoxy-samwha","9":"first","10":"instock","11":"shipping-taxable","12":"purchasable","13":"product-type-variable"},"_links":{"self":[{"href":"https:\/\/sonsanepoxy.vn\/index.php\/wp-json\/wp\/v2\/product\/49","targetHints":{"allow":["GET"]}}],"collection":[{"href":"https:\/\/sonsanepoxy.vn\/index.php\/wp-json\/wp\/v2\/product"}],"about":[{"href":"https:\/\/sonsanepoxy.vn\/index.php\/wp-json\/wp\/v2\/types\/product"}],"replies":[{"embeddable":true,"href":"https:\/\/sonsanepoxy.vn\/index.php\/wp-json\/wp\/v2\/comments?post=49"}],"wp:featuredmedia":[{"embeddable":true,"href":"https:\/\/sonsanepoxy.vn\/index.php\/wp-json\/wp\/v2\/media\/113"}],"wp:attachment":[{"href":"https:\/\/sonsanepoxy.vn\/index.php\/wp-json\/wp\/v2\/media?parent=49"}],"wp:term":[{"taxonomy":"product_brand","embeddable":true,"href":"https:\/\/sonsanepoxy.vn\/index.php\/wp-json\/wp\/v2\/product_brand?post=49"},{"taxonomy":"product_cat","embeddable":true,"href":"https:\/\/sonsanepoxy.vn\/index.php\/wp-json\/wp\/v2\/product_cat?post=49"},{"taxonomy":"product_tag","embeddable":true,"href":"https:\/\/sonsanepoxy.vn\/index.php\/wp-json\/wp\/v2\/product_tag?post=49"}],"curies":[{"name":"wp","href":"https:\/\/api.w.org\/{rel}","templated":true}]}}