{"id":46,"date":"2026-05-05T08:18:26","date_gmt":"2026-05-05T08:18:26","guid":{"rendered":"https:\/\/sonsanepoxy.vn\/?post_type=product&#038;p=46"},"modified":"2026-05-05T08:20:42","modified_gmt":"2026-05-05T08:20:42","slug":"son-epoxy-samhwa-epocoat-210-svh","status":"publish","type":"product","link":"https:\/\/sonsanepoxy.vn\/index.php\/san-pham\/son-epoxy-samhwa-epocoat-210-svh\/","title":{"rendered":"S\u01a1n Epoxy Samhwa Epocoat 210 (SVH)"},"content":{"rendered":"<table style=\"width: 102%; height: 2554px;\" width=\"102%\">\n<tbody>\n<tr style=\"height: 167px;\">\n<td style=\"height: 167px;\" width=\"16%\"><strong>M\u00f4 t\u1ea3 &amp; \u1ee8ng d\u1ee5ng<\/strong><\/td>\n<td style=\"height: 167px;\" width=\"85%\">EPOCOAT 210 (SVH) l\u00e0 s\u01a1n ph\u1ee7 epoxy hai th\u00e0nh ph\u1ea7n \u0111\u1ec3 s\u1eed d\u1ee5ng tr\u00ean b\u1ec1 m\u1eb7t c\u1ee7a th\u00e9p, xi m\u0103ng n\u01a1i y\u00eau c\u1ea7u c\u00e1c l\u1edbp ph\u1ee7 h\u00f3a ch\u1ea5t, d\u1ea7u ho\u1eb7c c\u00f3 \u0111\u1ed9 ch\u1ed1ng ch\u1ecbu cao. EPOCOAT 210 (SVH) l\u00e0 v\u1eadt li\u1ec7u l\u00fd t\u01b0\u1edfng \u0111\u1ec3 b\u1ea3o v\u1ec7 cho b\u00ea t\u00f4ng trong nh\u00e0, n\u1ec1n ch\u1ed1ng th\u1ea5m s\u1eed d\u1ee5ng cho c\u00f4ng nghi\u1ec7p n\u1eb7ng v\u00e0 n\u1ed9i \u0111\u1ecba.<\/p>\n<p>S\u1eed d\u1ee5ng l\u00e0m s\u01a1n l\u0103n cho b\u1ec1 m\u1eb7t th\u00e9p, b\u00ea t\u00f4ng c\u1ee7a c\u00f4ng tr\u00ecnh, v\u0103n ph\u00f2ng\u2026<\/td>\n<\/tr>\n<tr style=\"height: 135px;\">\n<td style=\"height: 135px;\" width=\"16%\"><strong>\u0110\u1eb7c t\u00ednh<\/strong><\/td>\n<td style=\"height: 135px;\" width=\"85%\">\u0110\u1ed9 b\u00e1m d\u00ednh cao tr\u00ean n\u1ec1n kim l\u1ecdai, b\u00ea t\u00f4ng<\/p>\n<p>Ch\u1ecbu m\u00e0i m\u00f2n, va \u0111\u1eadp, ch\u1ecbu \u1ea9m, ch\u1ecbu h\u00f3a ch\u1ea5t, b\u1ec1n m\u00e0u, ch\u1ed1ng r\u00eau m\u1ed1c.<\/p>\n<p>Kh\u1ea3 n\u0103ng ch\u1ecbu nhi\u1ec7t cao c\u00f3 th\u1ec3 s\u1eed d\u1ee5ng cho c\u00e1c b\u1ec1 m\u1eb7t b\u1ecb l\u00e0m n\u00f3ng l\u00ean \u0111\u1ebfn 100oC (kh\u00f4ng li\u00ean t\u1ee5c).<\/td>\n<\/tr>\n<tr style=\"height: 1274px;\">\n<td style=\"height: 1274px;\" width=\"16%\"><strong>Th\u00f4ng s\u1ed1 k\u1ef9 thu\u1eadt<\/strong><\/td>\n<td style=\"height: 1274px;\" width=\"85%\">\n<table style=\"width: 99.9473%;\" width=\"633\">\n<tbody>\n<tr>\n<td style=\"width: 111.252%;\" colspan=\"2\" width=\"633\"><strong>D\u1eee LI\u1ec6U V\u1eacT L\u00dd<\/strong><\/td>\n<\/tr>\n<tr>\n<td style=\"width: 31.3788%;\" width=\"198\">Ho\u00e0n th\u00e0nh<\/td>\n<td style=\"width: 79.8732%;\" width=\"435\">\u0110\u1ed9 b\u00f3ng cao<\/td>\n<\/tr>\n<tr>\n<td style=\"width: 31.3788%;\" width=\"198\">M\u00e0u<\/td>\n<td style=\"width: 79.8732%;\" width=\"435\">\u0110a d\u1ea1ng<\/td>\n<\/tr>\n<tr>\n<td style=\"width: 31.3788%;\" width=\"198\">S\u1eed d\u1ee5ng v\u1edbi<\/td>\n<td style=\"width: 79.8732%;\" width=\"435\">B\u00ea t\u00f4ng, th\u00e9p<\/td>\n<\/tr>\n<tr>\n<td style=\"width: 31.3788%;\" width=\"198\">S\u1ed1 th\u00e0nh ph\u1ea7n<\/td>\n<td style=\"width: 79.8732%;\" width=\"435\">2<\/td>\n<\/tr>\n<tr>\n<td style=\"width: 31.3788%;\" width=\"198\">Tr\u1ecdng l\u01b0\u1ee3ng ri\u00eang<\/td>\n<td style=\"width: 79.8732%;\" width=\"435\">1.00-1.30, ph\u1ee5 thu\u1ed9c v\u00e0o m\u00e0u<\/td>\n<\/tr>\n<tr>\n<td style=\"width: 31.3788%;\" width=\"198\">T\u1ec9 l\u1ec7 ch\u1ea5t r\u1eafn(%)<\/td>\n<td style=\"width: 79.8732%;\" width=\"435\">51\u00b13%<\/td>\n<\/tr>\n<tr>\n<td style=\"width: 31.3788%;\" width=\"198\">T\u1ec9 l\u1ec7 tr\u1ed9n (L)<\/td>\n<td style=\"width: 79.8732%;\" width=\"435\">TP A:TP B= 4:1<\/td>\n<\/tr>\n<tr>\n<td style=\"width: 31.3788%;\" width=\"198\">\u0110\u1ed9 d\u00e0y l\u1edbp s\u01a1n kh\u00f4<\/td>\n<td style=\"width: 79.8732%;\" width=\"435\">50-80\u00b5m<\/td>\n<\/tr>\n<tr>\n<td style=\"width: 31.3788%;\" width=\"198\">S\u1ed1 l\u1edbp<\/td>\n<td style=\"width: 79.8732%;\" width=\"435\">1~3<\/td>\n<\/tr>\n<tr>\n<td style=\"width: 31.3788%;\" width=\"198\">\u0110\u1ed9 ph\u1ee7 l\u00fd thuy\u1ebft<\/td>\n<td style=\"width: 79.8732%;\" width=\"435\">10,2-6,4m<sup>2<\/sup>\/l (V\u1edbi \u0111\u1ed9 d\u00e0y l\u1edbp s\u01a1n 50-80\u00b5m, ch\u01b0a bao g\u1ed3m hao h\u1ee5t trong thi c\u00f4ng v\u00e0 s\u1ef1 b\u1ea5t th\u01b0\u1eddng c\u1ee7a b\u1ec1 m\u1eb7t)<\/td>\n<\/tr>\n<tr>\n<td style=\"width: 31.3788%;\" width=\"198\">Nhi\u1ec7t \u0111\u1ed9 kh\u00f4<\/td>\n<td style=\"width: 79.8732%;\" width=\"435\">20~30<sup>\u00ba<\/sup>C<\/td>\n<\/tr>\n<tr>\n<td style=\"width: 31.3788%;\" width=\"198\">V\u00f2ng \u0111\u1eddi sau tr\u1ed9n<\/td>\n<td style=\"width: 79.8732%;\" width=\"435\">6~8 gi\u1edd<\/td>\n<\/tr>\n<tr>\n<td style=\"width: 31.3788%;\" width=\"198\">C\u00f3 th\u1ec3 ch\u1ea1m \u0111\u01b0\u1ee3c sau<\/td>\n<td style=\"width: 79.8732%;\" width=\"435\">2~3 gi\u1edd<\/td>\n<\/tr>\n<tr>\n<td style=\"width: 31.3788%;\" width=\"198\">Ho\u00e0n to\u00e0n kh\u00f4 sau<\/td>\n<td style=\"width: 79.8732%;\" width=\"435\">15~16 gi\u1edd<\/td>\n<\/tr>\n<tr>\n<td style=\"width: 31.3788%;\" width=\"198\">\u0110\u1ea1t \u0111\u1ed9 c\u1ee9ng t\u1ed1i \u0111a sau<\/td>\n<td style=\"width: 79.8732%;\" width=\"435\">6~7 ng\u00e0y<\/td>\n<\/tr>\n<tr>\n<td style=\"width: 31.3788%;\" width=\"198\">S\u01a1n ch\u1ed3ng l\u1edbp m\u1edbi sau<\/td>\n<td style=\"width: 79.8732%;\" width=\"435\">16 gi\u1edd~3 ng\u00e0y<\/td>\n<\/tr>\n<tr>\n<td style=\"width: 31.3788%;\" width=\"198\">Thinner, Dung m\u00f4i lau ch\u00f9i<\/td>\n<td style=\"width: 79.8732%;\" width=\"435\">Epocoat 1000 thinner<\/td>\n<\/tr>\n<tr>\n<td style=\"width: 31.3788%;\" width=\"198\">\u0110\u00f3ng g\u00f3i<\/td>\n<td style=\"width: 79.8732%;\" width=\"435\">12,8L\/3,2L<\/td>\n<\/tr>\n<tr>\n<td style=\"width: 31.3788%;\" width=\"198\">Th\u1eddi gian l\u01b0u kho<\/td>\n<td style=\"width: 79.8732%;\" width=\"435\">12 th\u00e1ng(khi l\u01b0u tr\u1eef trong kho \u1edf 5~35<sup>\u00ba<\/sup>C)<\/td>\n<\/tr>\n<\/tbody>\n<\/table>\n<\/td>\n<\/tr>\n<tr style=\"height: 279px;\">\n<td style=\"height: 279px;\" width=\"16%\"><strong>Chu\u1ea9n b\u1ecb b\u1ec1 m\u1eb7t<\/strong><\/td>\n<td style=\"height: 279px;\" width=\"85%\">B\u1ec1 m\u1eb7t th\u00e9p: L\u00e0m s\u1ea1ch b\u1eb1ng phun bi \u0111\u1ebfn t\u1ed1i thi\u1ec3u Sa 21\/2 ISO 8501-1:1998 ho\u1eb7c nh\u1eefng ti\u00eau chu\u1ea9n qu\u1ed1c t\u1ebf t\u01b0\u01a1ng \u0111\u01b0\u01a1ng kh\u00e1c. B\u1ec1 m\u1eb7t kh\u00f4ng \u0111\u01b0\u1ee3c c\u00f3 c\u1eb7n, b\u1ee5i, d\u1ea7u, \u0111\u1ed9 \u1ea9m hay c\u00e1c ch\u1ea5t b\u00e1m b\u1ea9n kh\u00e1c.<\/p>\n<p>B\u1ec1 m\u1eb7t b\u00ea t\u00f4ng: B\u1ec1 m\u1eb7t kh\u00f4ng \u0111\u01b0\u1ee3c c\u00f3 b\u1ed9t xi m\u0103ng, b\u1ee5i, d\u1ea7u, \u0111\u1ed9 \u1ea9m v\u00e0 c\u00e1c ch\u1ea5t b\u00e1m b\u1ea9n kh\u00e1c.<\/p>\n<p>Nhi\u1ec7t \u0111\u1ed9 kh\u00f4ng kh\u00ed: 10~35\u00baC<\/p>\n<p>Nhi\u1ec7t \u0111\u1ed9 b\u1ec1 m\u1eb7t: 5~30\u00baC<\/p>\n<p>\u0110\u1ed9 \u1ea9m: d\u01b0\u1edbi 85%<\/p>\n<p>\u0110i\u1ec3m s\u01b0\u01a1ng: Nhi\u1ec7t \u0111\u1ed9 b\u1ec1 m\u1eb7t ph\u1ea3i cao h\u01a1n nhi\u1ec7t \u0111\u1ed9 c\u1ee7a \u0111i\u1ec3m s\u01b0\u01a1ng \u00edt nh\u1ea5t 3\u00baC.<\/td>\n<\/tr>\n<tr style=\"height: 135px;\">\n<td style=\"height: 135px;\" width=\"16%\"><em>\u00a0<\/em><\/p>\n<p><em>\u00a0<\/em><\/p>\n<p><strong>Thi c\u00f4ng<\/strong><\/td>\n<td style=\"height: 135px;\" width=\"85%\">T\u1ef7 l\u1ec7 tr\u1ed9n ph\u1ea3i \u0111\u01b0\u1ee3c theo d\u00f5i v\u00e0 khu\u1ea5y \u0111\u1ec1u b\u1eb1ng m\u00e1y khu\u1ea5y trong kho\u1ea3ng 3~5 ph\u00fat tr\u01b0\u1edbc khi s\u1eed d\u1ee5ng (D\u00f9ng m\u00e1y khu\u1ea5y \u0111i\u1ec7n c\u00f3 c\u00f4ng su\u1ea5t t\u1eeb 1000RPM, 500W).<\/p>\n<p>S\u01a1n l\u00f3t: Epocoat Primer, Epocoat Aqua Primer, Epocoat Primer Transparency<\/td>\n<\/tr>\n<tr style=\"height: 55px;\">\n<td style=\"height: 55px;\" width=\"16%\"><strong>D\u1ee5ng c\u1ee5 thi c\u00f4ng <\/strong><\/td>\n<td style=\"height: 55px;\" width=\"85%\">C\u00e2y l\u0103n, c\u1ecd qu\u00e9t, m\u00e1y phun s\u01a1n\u2026<\/td>\n<\/tr>\n<tr style=\"height: 55px;\">\n<td style=\"height: 55px;\" width=\"16%\"><strong>\u0110\u00f3ng g\u00f3i<\/strong><\/td>\n<td style=\"height: 55px;\" width=\"85%\">16L\/B\u1ed9<\/td>\n<\/tr>\n<tr style=\"height: 175px;\">\n<td style=\"height: 175px;\" width=\"16%\"><strong>L\u01b0u \u00fd<\/strong><\/td>\n<td style=\"height: 175px;\" width=\"85%\">\u0110i\u1ec1u ki\u1ec7n b\u1ea3o qu\u00e1n:<\/p>\n<p>Nhi\u1ec7t \u0111\u1ed9 : 7 ~ 43 \u00baC<\/p>\n<p>\u0110\u1ed9 \u1ea9m: 0 ~ 100%<\/p>\n<p>Th\u1eddi gian b\u1ea3o qu\u1ea3n 12 th\u00e1ng ( b\u1ea3o qu\u1ea3n n\u01a1i m\u00e1t, kh\u00f4, th\u00f4ng gi\u00f3)<\/td>\n<\/tr>\n<tr style=\"height: 279px;\">\n<td style=\"height: 279px;\" width=\"16%\"><strong>S\u1ee9c kh\u1ecfe v\u00e0 an to\u00e0n<\/strong><\/td>\n<td style=\"height: 279px;\" width=\"85%\">B\u1ea3o v\u1ec7 da v\u00e0 m\u1eaft, v\u00e0 tr\u00e1nh h\u00edt v\u00e0o h\u01a1i c\u1ee7a dung m\u00f4i.<\/p>\n<p>S\u1eed d\u1ee5ng \u0111\u1ea7y \u0111\u1ee7 th\u00f4ng gi\u00f3<\/p>\n<p>Khuy\u1ebfn c\u00e1o n\u00ean b\u1ea3o v\u1ec7 h\u00f4 h\u1ea5p khi thi c\u00f4ng s\u1ea3n ph\u1ea9m trong khu v\u1ef1c gi\u1edbi h\u1ea1n hay khu v\u1ef1c thi\u1ebfu kh\u00f4ng kh\u00ed.<\/p>\n<p>Trong h\u1ed7n h\u1ee3p c\u00f3 ch\u1ee9a dung m\u00f4i d\u1ec5 ch\u00e1y, khi v\u1eadn chuy\u1ec3n, s\u1eed d\u1ee5ng, hay \u0111\u1ec3 trong nh\u00e0<\/p>\n<p>kho n\u00ean \u0111\u1ec3 tr\u00e1nh xa c\u00e1c ngu\u1ed3n l\u1eeda, n\u01a1i d\u1ec5 b\u1eaft ch\u00e1y.<\/p>\n<p>N\u00ean l\u01b0u tr\u1eef n\u01a1i kh\u00f4 r\u00e1o, \u0111\u00f3ng ch\u1eb7t n\u1eafp th\u00f9ng sau khi s\u1eed d\u1ee5ng.<\/td>\n<\/tr>\n<\/tbody>\n<\/table>\n<p>Xem th\u00eam: <a href=\"https:\/\/sonsanepoxy.com.vn\/son-epoxy-la-gi\/\"><span style=\"color: #0000ff;\"><strong>S\u01a1n Epoxy<\/strong><\/span><\/a><\/p>\n","protected":false},"excerpt":{"rendered":"<p>EPOCOAT 210 (SVH) l\u00e0 s\u01a1n ph\u1ee7 epoxy hai th\u00e0nh ph\u1ea7n \u0111\u1ec3 s\u1eed d\u1ee5ng tr\u00ean b\u1ec1 m\u1eb7t c\u1ee7a th\u00e9p, xi m\u0103ng n\u01a1i y\u00eau c\u1ea7u c\u00e1c l\u1edbp ph\u1ee7 h\u00f3a ch\u1ea5t, d\u1ea7u ho\u1eb7c c\u00f3 \u0111\u1ed9 ch\u1ed1ng ch\u1ecbu cao. EPOCOAT 210 (SVH) l\u00e0 v\u1eadt li\u1ec7u l\u00fd t\u01b0\u1edfng \u0111\u1ec3 b\u1ea3o v\u1ec7 cho b\u00ea t\u00f4ng trong nh\u00e0, n\u1ec1n ch\u1ed1ng th\u1ea5m s\u1eed d\u1ee5ng cho c\u00f4ng nghi\u1ec7p n\u1eb7ng v\u00e0 n\u1ed9i \u0111\u1ecba.<\/p>\n","protected":false},"featured_media":92,"comment_status":"open","ping_status":"closed","template":"","meta":[],"product_brand":[],"product_cat":[17,23],"product_tag":[],"class_list":{"0":"post-46","1":"product","2":"type-product","3":"status-publish","4":"has-post-thumbnail","6":"product_cat-hang-son","7":"product_cat-son-epoxy-samwha","9":"first","10":"instock","11":"shipping-taxable","12":"purchasable","13":"product-type-variable"},"_links":{"self":[{"href":"https:\/\/sonsanepoxy.vn\/index.php\/wp-json\/wp\/v2\/product\/46","targetHints":{"allow":["GET"]}}],"collection":[{"href":"https:\/\/sonsanepoxy.vn\/index.php\/wp-json\/wp\/v2\/product"}],"about":[{"href":"https:\/\/sonsanepoxy.vn\/index.php\/wp-json\/wp\/v2\/types\/product"}],"replies":[{"embeddable":true,"href":"https:\/\/sonsanepoxy.vn\/index.php\/wp-json\/wp\/v2\/comments?post=46"}],"wp:featuredmedia":[{"embeddable":true,"href":"https:\/\/sonsanepoxy.vn\/index.php\/wp-json\/wp\/v2\/media\/92"}],"wp:attachment":[{"href":"https:\/\/sonsanepoxy.vn\/index.php\/wp-json\/wp\/v2\/media?parent=46"}],"wp:term":[{"taxonomy":"product_brand","embeddable":true,"href":"https:\/\/sonsanepoxy.vn\/index.php\/wp-json\/wp\/v2\/product_brand?post=46"},{"taxonomy":"product_cat","embeddable":true,"href":"https:\/\/sonsanepoxy.vn\/index.php\/wp-json\/wp\/v2\/product_cat?post=46"},{"taxonomy":"product_tag","embeddable":true,"href":"https:\/\/sonsanepoxy.vn\/index.php\/wp-json\/wp\/v2\/product_tag?post=46"}],"curies":[{"name":"wp","href":"https:\/\/api.w.org\/{rel}","templated":true}]}}