{"id":37,"date":"2026-05-05T08:18:25","date_gmt":"2026-05-05T08:18:25","guid":{"rendered":"https:\/\/sonsanepoxy.vn\/?post_type=product&#038;p=37"},"modified":"2026-05-05T08:20:16","modified_gmt":"2026-05-05T08:20:16","slug":"son-lot-chong-gi-joton-primer-alkyd","status":"publish","type":"product","link":"https:\/\/sonsanepoxy.vn\/index.php\/san-pham\/son-lot-chong-gi-joton-primer-alkyd\/","title":{"rendered":"S\u01a1n l\u00f3t ch\u1ed1ng g\u1ec9 Joton PRIMER Alkyd"},"content":{"rendered":"<table style=\"width: 102%;\" width=\"102%\">\n<tbody>\n<tr>\n<td style=\"width: 14.6486%;\" width=\"16%\"><strong>M\u00f4 t\u1ea3 &amp; \u1ee8ng d\u1ee5ng<\/strong><\/td>\n<td style=\"width: 86.3514%;\" width=\"85%\">S\u01a1n l\u00f3t ch\u1ed1ng g\u1ec9 PRIMER l\u00e0 lo\u1ea1i s\u01a1n Alkyd g\u1ed1c d\u1ea7u do JOTON., JSC s\u1ea3n xu\u1ea5t. D\u00f9ng \u0111\u1ec3 s\u01a1n l\u00f3t ch\u1ed1ng g\u1ec9 cho c\u00e1c b\u1ec1 m\u1eb7t s\u1eaft th\u00e9p trong nh\u00e0 v\u00e0 ngo\u00e0i tr\u1eddi (ph\u1ea7n kh\u00f4ng b\u1ecb ng\u1eadp n\u01b0\u1edbc).<\/p>\n<p>SP PRIMER c\u00f3 s\u1eed d\u1ee5ng ph\u1ee5 gia ch\u1ed1ng g\u1ec9 t\u1ea1o n\u00ean m\u00e0ng s\u01a1n b\u1ec1n v\u00e0 ng\u0103n ng\u1eeba qu\u00e1 tr\u00ecnh \u00f4xi ho\u00e1 b\u1ec1 m\u1eb7t s\u1eaft th\u00e9p, b\u1ea3o v\u1ec7 t\u1ed1t m\u00e0ng v\u00e0 m\u00e0u s\u01a1n ph\u1ee7.<\/p>\n<p>SP PRIMER \u0111\u1ea1t ti\u00eau chu\u1ea9n c\u00f4ng nghi\u1ec7p Nh\u1eadt B\u1ea3n JIS K 5962:1993.<\/td>\n<\/tr>\n<tr>\n<td style=\"width: 14.6486%;\" width=\"16%\"><strong>\u0110\u1eb7c t\u00ednh<\/strong><\/td>\n<td style=\"width: 86.3514%;\" width=\"85%\">\u0110\u1ed9 b\u00e1m d\u00ednh cao tr\u00ean n\u1ec1n kim l\u1ecdai, b\u00ea t\u00f4ng<\/p>\n<p>Ch\u1ecbu m\u00e0i m\u00f2n, va \u0111\u1eadp, ch\u1ecbu \u1ea9m, ch\u1ecbu h\u00f3a ch\u1ea5t, b\u1ec1n m\u00e0u, ch\u1ed1ng r\u00eau m\u1ed1c.<\/p>\n<p>Kh\u1ea3 n\u0103ng ch\u1ecbu nhi\u1ec7t cao c\u00f3 th\u1ec3 s\u1eed d\u1ee5ng cho c\u00e1c b\u1ec1 m\u1eb7t b\u1ecb l\u00e0m n\u00f3ng l\u00ean \u0111\u1ebfn 100oC (kh\u00f4ng li\u00ean t\u1ee5c).<\/td>\n<\/tr>\n<tr>\n<td style=\"width: 14.6486%;\" width=\"16%\"><strong>Th\u00f4ng s\u1ed1 k\u1ef9 thu\u1eadt<\/strong><\/td>\n<td style=\"width: 86.3514%;\" width=\"85%\">\n<table style=\"width: 112.754%;\" width=\"661\">\n<tbody>\n<tr>\n<td style=\"width: 34%;\" width=\"34%\">M\u00e0u s\u1eafc:<\/p>\n<p>H\u00e0m l\u01b0\u1ee3ng r\u1eafn<\/td>\n<td style=\"width: 110.909%;\" width=\"65%\">M\u00e0u \u0111\u1ecf, m\u00e0u ghi, m\u00e0u n\u00e2u.<\/p>\n<p>75 \u00b1 3 %<\/td>\n<\/tr>\n<tr>\n<td style=\"width: 34%;\" width=\"34%\">T\u1ef7 tr\u1ecdng<\/td>\n<td style=\"width: 110.909%;\" width=\"65%\">1.43 \u00b1 0.05 g\/ml<\/td>\n<\/tr>\n<tr>\n<td style=\"width: 34%;\" width=\"34%\">\u0110\u1ed9 ph\u1ee7 l\u00fd thuy\u1ebft<\/td>\n<td style=\"width: 110.909%;\" width=\"65%\">6 \u00f7 9 m2\/ kg\/ l\u1edbp. T\u00f9y thu\u1ed9c v\u00e0o \u0111i\u1ec1u ki\u1ec7n b\u1ec1 m\u1eb7t<\/td>\n<\/tr>\n<tr>\n<td style=\"width: 34%;\" width=\"34%\">\u0110\u1ed9 d\u00e0y m\u00e0ng s\u01a1n \u01b0\u1edbt<\/td>\n<td style=\"width: 110.909%;\" width=\"65%\">80\u00b5m<\/td>\n<\/tr>\n<tr>\n<td style=\"width: 34%;\" width=\"34%\">\u0110\u1ed9 d\u00e0y m\u00e0ng s\u01a1n kh\u00f4<\/td>\n<td style=\"width: 110.909%;\" width=\"65%\">35\u00b5m<\/td>\n<\/tr>\n<tr>\n<td style=\"width: 34%;\" width=\"34%\">Th\u1eddi gian kh\u00f4 b\u1ec1 m\u1eb7t (230C)<\/td>\n<td style=\"width: 110.909%;\" width=\"65%\">Sau 30 ph\u00fat<\/td>\n<\/tr>\n<tr>\n<td style=\"width: 34%;\" width=\"34%\">Th\u1eddi gian kh\u00f4 c\u1ee9ng (230C)<\/td>\n<td style=\"width: 110.909%;\" width=\"65%\">Sau 5 \u2013 6 gi\u1edd<\/td>\n<\/tr>\n<tr>\n<td style=\"width: 34%;\" width=\"34%\">Th\u1eddi gian ph\u1ee7 l\u1edbp k\u1ebf ti\u1ebfp (230C)<\/td>\n<td style=\"width: 110.909%;\" width=\"65%\">T\u1ed1i thi\u1ec3u sau 6 gi\u1edd<\/td>\n<\/tr>\n<tr>\n<td style=\"width: 34%;\" width=\"34%\">Ch\u1ea5t pha lo\u00e3ng\/ l\u00e0m s\u1ea1ch<\/td>\n<td style=\"width: 110.909%;\" width=\"65%\">JOTHINNER \u2013 180<\/td>\n<\/tr>\n<\/tbody>\n<\/table>\n<\/td>\n<\/tr>\n<tr>\n<td style=\"width: 14.6486%;\" width=\"16%\"><strong>Chu\u1ea9n b\u1ecb b\u1ec1 m\u1eb7t<\/strong><\/td>\n<td style=\"width: 86.3514%;\" width=\"85%\">B\u1ec1 m\u1eb7t thi c\u00f4ng ph\u1ea3i s\u1ea1ch s\u1ebd, kh\u00f4ng d\u00ednh d\u1ea7u m\u1ee1, c\u00e1t b\u1ee5i, g\u1ec9 s\u00e9t\u2026<\/p>\n<p>T\u1ea1o \u0111i\u1ec1u ki\u1ec7n th\u00f4ng gi\u00f3 t\u1ed1t \u1edf n\u01a1i thi c\u00f4ng.<\/p>\n<p>Th\u1ef1c hi\u1ec7n khu\u1ea5y \u0111\u1ec1u s\u01a1n tr\u01b0\u1edbc khi s\u1eed d\u1ee5ng<\/td>\n<\/tr>\n<tr>\n<td style=\"width: 14.6486%;\" width=\"16%\"><em>\u00a0<\/em><\/p>\n<p><em>\u00a0<\/em><\/p>\n<p><strong>Thi c\u00f4ng<\/strong><\/td>\n<td style=\"width: 86.3514%;\" width=\"85%\">B\u1ec1 m\u1eb7t ph\u1ea3i th\u1eadt kh\u00f4 v\u00e0 s\u1ea1ch<\/p>\n<p>Kh\u00f4ng thi c\u00f4ng khi \u0111\u1ed9 \u1ea9m kho\u1ea3ng tr\u00ean 85 %. V\u00e0 nhi\u1ec7t \u0111\u1ed9 b\u1ec1 m\u1eb7t ph\u1ea3i tr\u00ean 3 \u00baC<\/p>\n<p>\u0111\u1ec3 tr\u00e1nh s\u01a1n b\u1ecb c\u00f4 \u0111\u1eb7t.<\/p>\n<p>Nh\u1eefng khu v\u1ef1c b\u1ecb gi\u1edbi h\u1ea1n, n\u00ean \u0111\u1ec3 qu\u1ea1t gi\u00f3 \u0111\u1ec3 t\u0103ng s\u1ef1 bay h\u01a1i c\u1ee7a s\u01a1n.<\/p>\n<p>L\u1edbp l\u00f3t: 1\u00f72 l\u1edbp s\u01a1n l\u00f3t ch\u1ed1ng g\u1ec9 PRIMER.<\/p>\n<p>L\u1edbp ho\u00e0n thi\u1ec7n:\u00a0 2 l\u1edbp s\u01a1n JIMMY<\/td>\n<\/tr>\n<tr>\n<td style=\"width: 14.6486%;\" width=\"16%\"><strong>D\u1ee5ng c\u1ee5 thi c\u00f4ng <\/strong><\/td>\n<td style=\"width: 86.3514%;\" width=\"85%\">Ch\u1ed5i s\u01a1n, rulo, s\u00fang phun.<\/p>\n<p>D\u1ee5ng c\u1ee5 thi c\u00f4ng ph\u1ea3i s\u1ea1ch s\u1ebd, ph\u00f9 h\u1ee3p v\u1edbi thi c\u00f4ng s\u01a1n d\u1ea7u<\/p>\n<p>Khi thi c\u00f4ng d\u1edf dang, d\u1ee5ng c\u1ee5 thi c\u00f4ng ph\u1ea3i \u0111\u01b0\u1ee3c ng\u00e2m trong d\u1ea7u ho\u1ea3 ho\u1eb7c dung m\u00f4i pha s\u01a1n<\/td>\n<\/tr>\n<tr>\n<td style=\"width: 14.6486%;\" width=\"16%\"><strong>\u0110\u00f3ng g\u00f3i<\/strong><\/td>\n<td style=\"width: 86.3514%;\" width=\"85%\">20kg<\/td>\n<\/tr>\n<tr>\n<td style=\"width: 14.6486%;\" width=\"16%\"><strong>L\u01b0u \u00fd<\/strong><\/td>\n<td style=\"width: 86.3514%;\" width=\"85%\">\u0110i\u1ec1u ki\u1ec7n b\u1ea3o qu\u00e1n:<\/p>\n<p>Nhi\u1ec7t \u0111\u1ed9 : 7 ~ 43 \u00baC<\/p>\n<p>\u0110\u1ed9 \u1ea9m: 0 ~ 100%<\/p>\n<p>Th\u1eddi gian b\u1ea3o qu\u1ea3n 12 th\u00e1ng ( b\u1ea3o qu\u1ea3n n\u01a1i m\u00e1t, kh\u00f4, th\u00f4ng gi\u00f3)<\/td>\n<\/tr>\n<tr>\n<td style=\"width: 14.6486%;\" width=\"16%\"><strong>S\u1ee9c kh\u1ecfe v\u00e0 an to\u00e0n<\/strong><\/td>\n<td style=\"width: 86.3514%;\" width=\"85%\">B\u1ea3o v\u1ec7 da v\u00e0 m\u1eaft, v\u00e0 tr\u00e1nh h\u00edt v\u00e0o h\u01a1i c\u1ee7a dung m\u00f4i.<\/p>\n<p>S\u1eed d\u1ee5ng \u0111\u1ea7y \u0111\u1ee7 th\u00f4ng gi\u00f3<\/p>\n<p>Khuy\u1ebfn c\u00e1o n\u00ean b\u1ea3o v\u1ec7 h\u00f4 h\u1ea5p khi thi c\u00f4ng s\u1ea3n ph\u1ea9m trong khu v\u1ef1c gi\u1edbi h\u1ea1n hay khu v\u1ef1c thi\u1ebfu kh\u00f4ng kh\u00ed.<\/p>\n<p>Trong h\u1ed7n h\u1ee3p c\u00f3 ch\u1ee9a dung m\u00f4i d\u1ec5 ch\u00e1y, khi v\u1eadn chuy\u1ec3n, s\u1eed d\u1ee5ng, hay \u0111\u1ec3 trong nh\u00e0<\/p>\n<p>kho n\u00ean \u0111\u1ec3 tr\u00e1nh xa c\u00e1c ngu\u1ed3n l\u1eeda, n\u01a1i d\u1ec5 b\u1eaft ch\u00e1y.<\/p>\n<p>N\u00ean l\u01b0u tr\u1eef n\u01a1i kh\u00f4 r\u00e1o, \u0111\u00f3ng ch\u1eb7t n\u1eafp th\u00f9ng sau khi s\u1eed d\u1ee5ng.<\/td>\n<\/tr>\n<\/tbody>\n<\/table>\n<p>Xem th\u00eam: <span style=\"color: #0000ff;\"><strong><a style=\"color: #0000ff;\" href=\"https:\/\/sonsanepoxy.com.vn\/son-epoxy-la-gi\/\">S\u01a1n Epoxy<\/a><\/strong><\/span><\/p>\n","protected":false},"excerpt":{"rendered":"<p>S\u01a1n l\u00f3t ch\u1ed1ng g\u1ec9 PRIMER l\u00e0 lo\u1ea1i s\u01a1n Alkyd g\u1ed1c d\u1ea7u do JOTON., JSC s\u1ea3n xu\u1ea5t. D\u00f9ng \u0111\u1ec3 s\u01a1n l\u00f3t ch\u1ed1ng g\u1ec9 cho c\u00e1c b\u1ec1 m\u1eb7t s\u1eaft th\u00e9p trong nh\u00e0 v\u00e0 ngo\u00e0i tr\u1eddi (ph\u1ea7n kh\u00f4ng b\u1ecb ng\u1eadp n\u01b0\u1edbc).<\/p>\n<p>SP PRIMER c\u00f3 s\u1eed d\u1ee5ng ph\u1ee5 gia ch\u1ed1ng g\u1ec9 t\u1ea1o n\u00ean m\u00e0ng s\u01a1n b\u1ec1n v\u00e0 ng\u0103n ng\u1eeba qu\u00e1 tr\u00ecnh \u00f4xi ho\u00e1 b\u1ec1 m\u1eb7t s\u1eaft th\u00e9p, b\u1ea3o v\u1ec7 t\u1ed1t m\u00e0ng v\u00e0 m\u00e0u s\u01a1n ph\u1ee7.<\/p>\n<p>SP PRIMER \u0111\u1ea1t ti\u00eau chu\u1ea9n c\u00f4ng nghi\u1ec7p Nh\u1eadt B\u1ea3n JIS K 5962:1993.<\/p>\n","protected":false},"featured_media":87,"comment_status":"open","ping_status":"closed","template":"","meta":[],"product_brand":[],"product_cat":[22,18],"product_tag":[],"class_list":{"0":"post-37","1":"product","2":"type-product","3":"status-publish","4":"has-post-thumbnail","6":"product_cat-son-epoxy-chong-ri","7":"product_cat-son-epoxy-joton","9":"first","10":"instock","11":"shipping-taxable","12":"purchasable","13":"product-type-variable"},"_links":{"self":[{"href":"https:\/\/sonsanepoxy.vn\/index.php\/wp-json\/wp\/v2\/product\/37","targetHints":{"allow":["GET"]}}],"collection":[{"href":"https:\/\/sonsanepoxy.vn\/index.php\/wp-json\/wp\/v2\/product"}],"about":[{"href":"https:\/\/sonsanepoxy.vn\/index.php\/wp-json\/wp\/v2\/types\/product"}],"replies":[{"embeddable":true,"href":"https:\/\/sonsanepoxy.vn\/index.php\/wp-json\/wp\/v2\/comments?post=37"}],"wp:featuredmedia":[{"embeddable":true,"href":"https:\/\/sonsanepoxy.vn\/index.php\/wp-json\/wp\/v2\/media\/87"}],"wp:attachment":[{"href":"https:\/\/sonsanepoxy.vn\/index.php\/wp-json\/wp\/v2\/media?parent=37"}],"wp:term":[{"taxonomy":"product_brand","embeddable":true,"href":"https:\/\/sonsanepoxy.vn\/index.php\/wp-json\/wp\/v2\/product_brand?post=37"},{"taxonomy":"product_cat","embeddable":true,"href":"https:\/\/sonsanepoxy.vn\/index.php\/wp-json\/wp\/v2\/product_cat?post=37"},{"taxonomy":"product_tag","embeddable":true,"href":"https:\/\/sonsanepoxy.vn\/index.php\/wp-json\/wp\/v2\/product_tag?post=37"}],"curies":[{"name":"wp","href":"https:\/\/api.w.org\/{rel}","templated":true}]}}