{"id":33,"date":"2026-05-05T08:18:25","date_gmt":"2026-05-05T08:18:25","guid":{"rendered":"https:\/\/sonsanepoxy.vn\/?post_type=product&#038;p=33"},"modified":"2026-05-05T08:20:16","modified_gmt":"2026-05-05T08:20:16","slug":"son-ke-vach-giao-thong-joway","status":"publish","type":"product","link":"https:\/\/sonsanepoxy.vn\/index.php\/san-pham\/son-ke-vach-giao-thong-joway\/","title":{"rendered":"S\u01a1n k\u1ebb v\u1ea1ch giao th\u00f4ng Joway"},"content":{"rendered":"<table style=\"width: 100.422%;\">\n<tbody>\n<tr>\n<td style=\"width: 15.8311%;\" width=\"116\"><strong>M\u00f4 t\u1ea3 &amp; \u1ee8ng d\u1ee5ng<\/strong><\/td>\n<td style=\"width: 94.3272%;\" width=\"631\">JOWAY<sup>\u00ae<\/sup> l\u00e0 m\u1ed9t lo\u1ea1i s\u01a1n \u0111\u1eb7c bi\u1ec7t d\u00f9ng cho giao th\u00f4ng, g\u1ed1c nh\u1ef1a Acrylic. JOWAY<sup>\u00ae<\/sup> c\u00f3 t\u00ednh kh\u00e1ng n\u01b0\u1edbc, ki\u1ec1m, x\u0103ng d\u1ea7u v\u00e0 ch\u1ecbu m\u00e0i m\u00f2n cao.<\/p>\n<p>JOWAY<sup>\u00ae<\/sup> \u0111\u01b0\u1ee3c d\u00f9ng k\u1ebb v\u1ea1ch cho: \u0111\u01b0\u1eddng b\u0103ng s\u00e2n bay, xa l\u1ed9 cao t\u1ed1c, c\u1ea7u, c\u1ea7u c\u1ea3ng, gi\u1ea3i ph\u00e2n c\u00e1ch, b\u00e3i \u0111\u1eadu xe, s\u00e2n thi \u0111\u1ea5u, \u0111\u01b0\u1eddng \u0111ua th\u1ec3 thao, n\u1ec1n nh\u00e0 x\u01b0\u1edfng, etc.<\/td>\n<\/tr>\n<tr>\n<td style=\"width: 15.8311%;\" width=\"116\"><strong>Th\u00f4ng s\u1ed1 k\u1ef9 thu\u1eadt<\/strong><\/td>\n<td style=\"width: 94.3272%;\" width=\"631\">\n<table style=\"border-collapse: collapse; width: 100%;\">\n<tbody>\n<tr>\n<td style=\"width: 50%;\">M\u00e0u s\u1eafc<\/td>\n<td style=\"width: 50%;\">Theo y\u00eau c\u1ea7u<\/td>\n<\/tr>\n<tr>\n<td style=\"width: 50%;\">H\u00e0m l\u01b0\u1ee3ng r\u1eafn<\/td>\n<td style=\"width: 50%;\">min.50 %<\/td>\n<\/tr>\n<tr>\n<td style=\"width: 50%;\">T\u1ef7 tr\u1ecdng<\/td>\n<td style=\"width: 50%;\">1.30 \uf0b1 0.15 g\/ml<\/td>\n<\/tr>\n<tr>\n<td style=\"width: 50%;\">\u0110\u1ed9 ph\u1ee7 l\u00fd thuy\u1ebft<\/td>\n<td style=\"width: 50%;\">3 \u2013 5m<sup>2<\/sup>\/kg\/l\u1edbp.<\/td>\n<\/tr>\n<tr>\n<td style=\"width: 50%;\">Th\u1eddi gian kh\u00f4 (23<sup>0<\/sup>C)<\/td>\n<td style=\"width: 50%;\">max.15 ph\u00fat<\/td>\n<\/tr>\n<tr>\n<td style=\"width: 50%;\">Th\u1eddi gian s\u01a1n l\u1edbp k\u1ebf ti\u1ebfp (23<sup>0<\/sup>C)<\/td>\n<td style=\"width: 50%;\">sau 1 gi\u1edd<\/td>\n<\/tr>\n<tr>\n<td style=\"width: 50%;\">Ch\u1ea5t pha lo\u00e3ng\/ l\u00e0m s\u1ea1ch<\/td>\n<td style=\"width: 50%;\">JOTHINNER<sup>\u00ae<\/sup> &#8211; 400<\/td>\n<\/tr>\n<tr>\n<td style=\"width: 50%;\">T\u1ef7 l\u1ec7 pha lo\u00e3ng<\/td>\n<td style=\"width: 50%;\">Kh\u00f4ng qu\u00e1 5 % theo kh\u1ed1i l\u01b0\u1ee3ng<\/td>\n<\/tr>\n<\/tbody>\n<\/table>\n<p>&nbsp;<\/td>\n<\/tr>\n<tr>\n<td style=\"width: 15.8311%;\" width=\"116\"><strong>Chu\u1ea9n b\u1ecb<\/strong><\/p>\n<p><strong>b\u1ec1 m\u1eb7t<\/strong><\/td>\n<td style=\"width: 94.3272%;\" width=\"631\">B\u1ec1 m\u1eb7t c\u1ea7n s\u01a1n k\u1ebb v\u1ea1ch ph\u1ea3i s\u1ea1ch v\u00e0 kh\u00f4, kh\u00f4ng d\u00ednh d\u1ea7u m\u1ee1, b\u1ee5i b\u1ea9n.<\/p>\n<p>\u0110\u1ed9 \u1ea9m b\u1ec1 m\u1eb7t \u226412%.<\/td>\n<\/tr>\n<tr>\n<td style=\"width: 15.8311%;\" width=\"116\"><strong>Thi c\u00f4ng<\/strong><\/td>\n<td style=\"width: 94.3272%;\" width=\"631\">Khu\u1ea5y k\u1ef9 s\u01a1n t\u1edbi t\u1eadn \u0111\u00e1y th\u00f9ng.<\/p>\n<p>Ch\u1ec9 pha lo\u00e3ng khi \u0111\u01b0\u1ee3c y\u00eau c\u1ea7u (T\u1ef7 l\u1ec7 t\u1ed1i \u0111a 5% theo kh\u1ed1i l\u01b0\u1ee3ng c\u1ee7a s\u01a1n).<\/td>\n<\/tr>\n<tr>\n<td style=\"width: 15.8311%;\" width=\"116\"><strong>\u00a0 <\/strong><strong>D\u1ee5ng c\u1ee5<\/strong><\/td>\n<td style=\"width: 94.3272%;\" width=\"631\">C\u1ecd, rulo, m\u00e1y phun s\u01a1n, m\u00e1y k\u1ebb v\u1ea1ch. R\u1eeda s\u1ea1ch d\u1ee5ng c\u1ee5 sau khi thi c\u00f4ng<\/td>\n<\/tr>\n<tr>\n<td style=\"width: 15.8311%;\" width=\"116\"><strong>C\u00e1ch r\u1ea3i bi ph\u1ea3n<\/strong><\/p>\n<p><strong>quang<\/strong><\/td>\n<td style=\"width: 94.3272%;\" width=\"631\">Chuy\u1ec3n m\u00e1y k\u1ebb v\u1ea1ch sang ch\u1ebf \u0111\u1ed9 r\u1ea3i bi. \u0110i\u1ec1u ch\u1ec9nh l\u1ef1c \u00e9p sao cho 40% &#8211; 60% di\u1ec7n t\u00edch b\u1ec1 m\u1eb7t bi n\u1ed5i l\u00ean tr\u00ean b\u1ec1 m\u1eb7t s\u01a1n. Mu\u1ed1n t\u0103ng hi\u1ec7u qu\u1ea3 ph\u1ea3n quang, r\u1ea3i bi ph\u1ea3n quang tr\u01b0\u1edbc khi l\u1edbp s\u01a1n cu\u1ed1i c\u00f9ng kh\u00f4.<\/td>\n<\/tr>\n<tr>\n<td style=\"width: 15.8311%;\" width=\"116\"><strong>\u0110\u00f3ng g\u00f3i<\/strong><\/td>\n<td style=\"width: 94.3272%;\" width=\"631\">\u009f Lon 5 kg.<\/p>\n<p>T\u1ed3n tr\u1eef n\u01a1i m\u00e1t m\u1ebb kh\u00f4 r\u00e1o. Tr\u00e1nh ngu\u1ed3n nhi\u1ec7t v\u00e0 l\u1eeda.<\/td>\n<\/tr>\n<tr>\n<td style=\"width: 15.8311%;\" width=\"116\"><em>\u00a0 <\/em><strong>L\u01b0u \u00fd<\/strong><\/td>\n<td style=\"width: 94.3272%;\" width=\"631\">Th\u1eddi gian kh\u00f4 ph\u1ee5 thu\u1ed9c v\u00e0o nhi\u1ec7t \u0111\u1ed9, \u0111\u1ed9 \u1ea9m, m\u1ee9c \u0111\u1ed9 th\u00f4ng tho\u00e1ng c\u1ee7a m\u00f4i tr\u01b0\u1eddng. Nhi\u1ec7t \u0111\u1ed9 cao v\u00e0 th\u00f4ng tho\u00e1ng t\u1ed1t l\u00e0m cho s\u01a1n kh\u00f4 nhanh h\u01a1n.<\/td>\n<\/tr>\n<tr>\n<td style=\"width: 15.8311%;\" width=\"116\"><strong>S\u1ee9c kh\u1ecfe v\u00e0 an to\u00e0n<\/strong><\/td>\n<td style=\"width: 94.3272%;\" width=\"631\">\u00b7\u00a0 \u0110\u1ec3 xa t\u1ea7m tay tr\u1ebb em.<\/p>\n<p>\u00b7\u00a0 \u0110\u1ea3m b\u1ea3o th\u00f4ng tho\u00e1ng t\u1ed1t khi thi c\u00f4ng v\u00e0 ch\u1edd kh\u00f4. Tr\u00e1nh h\u00edt ph\u1ea3i b\u1ee5i s\u01a1n.<\/p>\n<p>\u00b7\u00a0\u00a0 N\u00ean \u0111eo k\u00ednh b\u1ea3o h\u1ed9 khi thi c\u00f4ng. Tr\u01b0\u1eddng h\u1ee3p s\u01a1n d\u00ednh v\u00e0o m\u1eaft, r\u1eeda v\u1edbi nhi\u1ec1u n\u01b0\u1edbc s\u1ea1ch v\u00e0 \u0111i \u0111\u1ebfn c\u01a1 s\u1edf \u00a0y t\u1ebf ngay.<\/p>\n<p>\u00b7\u00a0 D\u00f9ng dung m\u00f4i th\u00edch h\u1ee3p \u0111\u1ec3 ch\u00f9i s\u1ea1ch s\u01a1n d\u00ednh v\u00e0o da, sau \u0111\u00f3 d\u00f9ng n\u01b0\u1edbc v\u00e0 x\u00e0 ph\u00f2ng \u0111\u1ec3 r\u1eeda s\u1ea1ch.<\/p>\n<p>\u00b7\u00a0 C\u1ea9n th\u1eadn khi v\u1eadn chuy\u1ec3n s\u01a1n. N\u1ebfu \u0111\u1ed5 s\u01a1n th\u00ec thu gom b\u1eb1ng c\u00e1ch r\u1ea3i \u0111\u1ea5t ho\u1eb7c c\u00e1t.<\/p>\n<p>\u00b7\u00a0 CH\u00da \u00dd PH\u00d2NG NG\u1eeaA R\u1ee6I RO CH\u00c1Y N\u1ed4.<\/p>\n<p>\u00b7\u00a0\u00a0\u00a0 KH\u00d4NG \u0110\u01af\u1ee2C \u0110\u1ed4 S\u01a0N RA C\u1ed0NG R\u00c3NH HO\u1eb6C NGU\u1ed2N N\u01af\u1edaC.<\/td>\n<\/tr>\n<\/tbody>\n<\/table>\n<p>Xem th\u00eam: <span style=\"color: #0000ff;\"><strong><a style=\"color: #0000ff;\" href=\"https:\/\/sonsanepoxy.com.vn\/son-epoxy-la-gi\/\">S\u01a1n Epoxy<\/a><\/strong><\/span><\/p>\n","protected":false},"excerpt":{"rendered":"<p>JOWAY<sup>\u00ae<\/sup> l\u00e0 m\u1ed9t lo\u1ea1i s\u01a1n \u0111\u1eb7c bi\u1ec7t d\u00f9ng cho giao th\u00f4ng, g\u1ed1c nh\u1ef1a Acrylic. JOWAY<sup>\u00ae<\/sup> c\u00f3 t\u00ednh kh\u00e1ng n\u01b0\u1edbc, ki\u1ec1m, x\u0103ng d\u1ea7u v\u00e0 ch\u1ecbu m\u00e0i m\u00f2n cao.<\/p>\n<p>JOWAY<sup>\u00ae<\/sup> \u0111\u01b0\u1ee3c d\u00f9ng k\u1ebb v\u1ea1ch cho: \u0111\u01b0\u1eddng b\u0103ng s\u00e2n bay, xa l\u1ed9 cao t\u1ed1c, c\u1ea7u, c\u1ea7u c\u1ea3ng, gi\u1ea3i ph\u00e2n c\u00e1ch, b\u00e3i \u0111\u1eadu xe, s\u00e2n thi \u0111\u1ea5u, \u0111\u01b0\u1eddng \u0111ua th\u1ec3 thao, n\u1ec1n nh\u00e0 x\u01b0\u1edfng, etc.<\/p>\n","protected":false},"featured_media":80,"comment_status":"open","ping_status":"closed","template":"","meta":[],"product_brand":[],"product_cat":[17,18,21],"product_tag":[],"class_list":{"0":"post-33","1":"product","2":"type-product","3":"status-publish","4":"has-post-thumbnail","6":"product_cat-hang-son","7":"product_cat-son-epoxy-joton","8":"product_cat-son-ke-vach-phan-quang","10":"first","11":"instock","12":"shipping-taxable","13":"purchasable","14":"product-type-variable"},"_links":{"self":[{"href":"https:\/\/sonsanepoxy.vn\/index.php\/wp-json\/wp\/v2\/product\/33","targetHints":{"allow":["GET"]}}],"collection":[{"href":"https:\/\/sonsanepoxy.vn\/index.php\/wp-json\/wp\/v2\/product"}],"about":[{"href":"https:\/\/sonsanepoxy.vn\/index.php\/wp-json\/wp\/v2\/types\/product"}],"replies":[{"embeddable":true,"href":"https:\/\/sonsanepoxy.vn\/index.php\/wp-json\/wp\/v2\/comments?post=33"}],"wp:featuredmedia":[{"embeddable":true,"href":"https:\/\/sonsanepoxy.vn\/index.php\/wp-json\/wp\/v2\/media\/80"}],"wp:attachment":[{"href":"https:\/\/sonsanepoxy.vn\/index.php\/wp-json\/wp\/v2\/media?parent=33"}],"wp:term":[{"taxonomy":"product_brand","embeddable":true,"href":"https:\/\/sonsanepoxy.vn\/index.php\/wp-json\/wp\/v2\/product_brand?post=33"},{"taxonomy":"product_cat","embeddable":true,"href":"https:\/\/sonsanepoxy.vn\/index.php\/wp-json\/wp\/v2\/product_cat?post=33"},{"taxonomy":"product_tag","embeddable":true,"href":"https:\/\/sonsanepoxy.vn\/index.php\/wp-json\/wp\/v2\/product_tag?post=33"}],"curies":[{"name":"wp","href":"https:\/\/api.w.org\/{rel}","templated":true}]}}