{"id":32,"date":"2026-05-05T08:18:25","date_gmt":"2026-05-05T08:18:25","guid":{"rendered":"https:\/\/sonsanepoxy.vn\/?post_type=product&#038;p=32"},"modified":"2026-05-05T08:20:15","modified_gmt":"2026-05-05T08:20:15","slug":"son-pu-joton-he-dung-moi-jona-pu","status":"publish","type":"product","link":"https:\/\/sonsanepoxy.vn\/index.php\/san-pham\/son-pu-joton-he-dung-moi-jona-pu\/","title":{"rendered":"S\u01a1n PU Joton h\u1ec7 dung m\u00f4i Jona PU"},"content":{"rendered":"<table style=\"width: 102.674%;\">\n<tbody>\n<tr>\n<td style=\"width: 14.3416%;\" width=\"105\"><strong>M\u00f4 t\u1ea3 &amp; \u1ee8ng d\u1ee5ng<\/strong><\/td>\n<td style=\"width: 95.9583%;\" width=\"643\">JONA\u00ae PU l\u00e0 lo\u1ea1i s\u01a1n Polyurethane 2 th\u00e0nh ph\u1ea7n, \u0111\u00f3ng r\u1eafn b\u1eb1ng Polyisocyanate.<\/p>\n<p>B\u1ea3o v\u1ec7 v\u00e0 trang tr\u00ed tr\u00ean t\u1ea5t c\u1ea3 c\u00e1c b\u1ec1 m\u1eb7t \u0111\u00e3 \u0111\u01b0\u1ee3c x\u1eed l\u00fd th\u00edch h\u1ee3p, d\u00f9ng cho m\u1ee5c \u0111\u00edch s\u1eed d\u1ee5ng l\u00e2u d\u00e0i ngo\u00e0i tr\u1eddi trong c\u00e1c ng\u00e0nh c\u00f4ng nghi\u1ec7p, t\u00e0u bi\u1ec3n, c\u00e1c c\u00f4ng tr\u00ecnh x\u00e2y d\u1ef1ng v\u00e0 nhi\u1ec1u l\u0129nh v\u1ef1c kh\u00e1c.<\/p>\n<p>JONA\u00ae PU \u0111\u01b0\u1ee3c ch\u1ee9ng nh\u1eadn \u0111\u1ea1t ti\u00eau chu\u1ea9n c\u00f4ng nghi\u1ec7p Nh\u1eadt B\u1ea3n JIS K 5659:2008<\/td>\n<\/tr>\n<tr>\n<td style=\"width: 14.3416%;\" width=\"105\"><strong>\u0110\u1eb7c t\u00ednh<\/strong><\/td>\n<td style=\"width: 95.9583%;\" width=\"643\">\u00b7\u00a0\u00a0 \u0110\u1ed9 b\u00e1m d\u00ednh cao, \u0111\u1ed9 b\u1ec1n b\u00f3ng tuy\u1ec7t h\u1ea3o.<\/p>\n<p>\u00b7\u00a0\u00a0 M\u00e0ng s\u01a1n c\u1ee9ng, d\u1ebbo dai, ch\u1ecbu m\u00e0i m\u00f2n cao<\/p>\n<p>\u00b7\u00a0\u00a0 Ch\u1ecbu th\u1eddi ti\u1ebft kh\u1eafc nghi\u1ec7t, UV v\u00e0 h\u00f3a ch\u1ea5t \u0103n m\u00f2n<\/p>\n<p>\u00b7\u00a0\u00a0 Ch\u1ecbu \u0111\u01b0\u1ee3c m\u00f4i tr\u01b0\u1eddng acid, ki\u1ec1m, x\u0103ng d\u1ea7u, kh\u00e1ng n\u01b0\u1edbc t\u1ed1t<\/p>\n<p>\u00b7\u00a0\u00a0 C\u00f3 th\u1ec3 s\u1eed d\u1ee5ng cho c\u00e1c b\u1ec1 m\u1eb7t b\u1ecb l\u00e0m n\u00f3ng \u0111\u1ebfn 1000C (kh\u00f4ng li\u00ean t\u1ee5c).<\/td>\n<\/tr>\n<tr>\n<td style=\"width: 14.3416%;\" width=\"105\"><strong>Th\u00f4ng s\u1ed1 k\u1ef9 thu\u1eadt<\/strong><\/td>\n<td style=\"width: 95.9583%;\" width=\"643\">\n<table style=\"border-collapse: collapse; width: 100%;\">\n<tbody>\n<tr>\n<td style=\"width: 50%;\">M\u00e0u s\u1eafc<\/td>\n<td style=\"width: 50%;\">Theo y\u00eau c\u1ea7u<\/td>\n<\/tr>\n<tr>\n<td style=\"width: 50%;\">H\u00e0m l\u01b0\u1ee3ng r\u1eafn (sau khi ph\u1ed1i tr\u1ed9n)<\/td>\n<td style=\"width: 50%;\">min.50 %<\/td>\n<\/tr>\n<tr>\n<td style=\"width: 50%;\">T\u1ef7 tr\u1ecdng (t\u00f9y theo m\u00e0u)<\/td>\n<td style=\"width: 50%;\">1.30 \uf0b1 0.1 g\/ml<\/td>\n<\/tr>\n<tr>\n<td style=\"width: 50%;\">\u0110\u1ed9 ph\u1ee7 l\u00fd thuy\u1ebft<\/td>\n<td style=\"width: 50%;\">7-10m2\/kg\/ l\u1edbp 40\uf06dm.<\/td>\n<\/tr>\n<tr>\n<td style=\"width: 50%;\">\u0110\u1ed9 d\u00e0y m\u00e0ng s\u01a1n<\/td>\n<td style=\"width: 50%;\">\u0110\u1ed9 d\u00e0y \u01b0\u1edbt: 80\u00b5m. \u0110\u1ed9 d\u00e0y kh\u00f4: 40\u00b5m.<\/td>\n<\/tr>\n<tr>\n<td style=\"width: 50%;\">Th\u1eddi gian kh\u00f4 (230C)<\/td>\n<td style=\"width: 50%;\">Kh\u00f4 m\u1eb7t: Sau 4 gi\u1edd<\/p>\n<p>Kh\u00f4 c\u1ee9ng: Sau 16 gi\u1edd<\/td>\n<\/tr>\n<tr>\n<td style=\"width: 50%;\">Th\u1eddi gian ph\u1ee7 l\u1edbp k\u1ebf ti\u1ebfp (230C)<\/td>\n<td style=\"width: 50%;\">T\u1ed1i thi\u1ec3u sau 16 gi\u1edd<\/td>\n<\/tr>\n<tr>\n<td style=\"width: 50%;\">Th\u1eddi gian s\u1ed1ng (230C)<\/td>\n<td style=\"width: 50%;\">6 gi\u1edd<\/td>\n<\/tr>\n<tr>\n<td style=\"width: 50%;\">Ch\u1ea5t pha lo\u00e3ng\/ l\u00e0m s\u1ea1ch<\/td>\n<td style=\"width: 50%;\">JOTHINNER\u00ae\u00a0&#8211; 304<\/td>\n<\/tr>\n<\/tbody>\n<\/table>\n<p>&nbsp;<\/td>\n<\/tr>\n<tr>\n<td style=\"width: 14.3416%;\" width=\"105\"><strong>Chu\u1ea9n b\u1ecb b\u1ec1 m\u1eb7t<\/strong><\/td>\n<td style=\"width: 95.9583%;\" width=\"643\">B\u1ec1 m\u1eb7t c\u1ea7n s\u01a1n ph\u1ee7 ph\u1ea3i \u0111\u01b0\u1ee3c ti\u1ebfn h\u00e0nh l\u00e0m s\u1ea1ch c\u00e1c v\u1ebft b\u1ee5i b\u1ea9n, d\u1ea7u m\u1ee1, c\u00e1c ch\u1ea5t b\u1ea9n kh\u00e1c.<\/td>\n<\/tr>\n<tr>\n<td style=\"width: 14.3416%;\" width=\"105\"><strong>Thi c\u00f4ng<\/strong><\/td>\n<td style=\"width: 95.9583%;\" width=\"643\">Khu\u1ea5y \u0111\u1ec1u ph\u1ea7n base (ph\u1ea7n A) b\u1eb1ng d\u1ee5ng c\u1ee5 c\u1ea7m tay hay m\u00e1y khu\u1ea5y. \u0110\u1ed5 t\u1eeb t\u1eeb ph\u1ea7n \u0111\u00f3ng r\u1eafn (ph\u1ea7n B) v\u00e0o th\u00f9ng ch\u1ee9a ph\u1ea7n A theo t\u1ec9 l\u1ec7 4 ph\u1ea7n A v\u00e0 1 ph\u1ea7n B. Khu\u1ea5y th\u1eadt \u0111\u1ec1u. Ch\u1ec9 d\u00f9ng ch\u1ea5t pha lo\u00e3ng khi \u0111\u01b0\u1ee3c y\u00eau c\u1ea7u (T\u1ef7 l\u1ec7 t\u1ed1i \u0111a 3% theo kh\u1ed1i l\u01b0\u1ee3ng c\u1ee7a h\u1ed7n h\u1ee3p A &amp; B).<\/p>\n<p>H\u1ed7n h\u1ee3p \u0111\u00e3 ph\u1ed1i tr\u1ed9n kh\u00f4ng \u0111\u01b0\u1ee3c \u0111\u1ec3 qu\u00e1 6 gi\u1edd t\u1ea1i 230C.<\/td>\n<\/tr>\n<tr>\n<td style=\"width: 14.3416%;\" width=\"105\"><strong>D\u1ee5ng c\u1ee5<\/strong><\/td>\n<td style=\"width: 95.9583%;\" width=\"643\">Thi\u1ebft b\u1ecb phun ch\u00e2n kh\u00f4ng c\u00f3 k\u00edch th\u01b0\u1edbc \u0111\u1ea7u phun D=0.43 \u00f7 0.65mm, \u00e1p su\u1ea5t t\u1ea1i \u0111\u1ea7u s\u00fang phun 15 MPa (150kp\/cm2) v\u00e0 g\u00f3c phun t\u1eeb 40o \u0111\u1ebfn 650.<\/p>\n<p>S\u00fang phun th\u00f4ng th\u01b0\u1eddng.<\/p>\n<p>C\u00f3 th\u1ec3 s\u1eed d\u1ee5ng c\u1ecd cho nh\u1eefng khu v\u1ef1c nh\u1ecf nh\u01b0ng ph\u1ea3i \u0111\u1ea3m b\u1ea3o \u0111\u1ea1t \u0111\u1ed9 d\u00e0y quy \u0111\u1ecbnh. R\u1eeda s\u1ea1ch d\u1ee5ng c\u1ee5 sau khi thi c\u00f4ng<\/td>\n<\/tr>\n<tr>\n<td style=\"width: 14.3416%;\" width=\"105\"><strong>\u0110\u00f3ng g\u00f3i<\/strong><\/td>\n<td style=\"width: 95.9583%;\" width=\"643\">16 Kg ph\u1ea7n A + 4 Kg ph\u1ea7n B\/ 1 b\u1ed9<\/p>\n<p>T\u1ed3n tr\u1eef n\u01a1i tho\u00e1ng m\u00e1t, kh\u00f4 r\u00e1o. Tr\u00e1nh ngu\u1ed3n nhi\u1ec7t v\u00e0 l\u1eeda.<\/td>\n<\/tr>\n<tr>\n<td style=\"width: 14.3416%;\" width=\"105\"><strong>L\u01b0u \u00fd<\/strong><\/td>\n<td style=\"width: 95.9583%;\" width=\"643\">Khu\u1ea5y \u0111\u1ec1u tr\u01b0\u1edbc khi s\u1eed d\u1ee5ng<\/p>\n<p>Nhi\u1ec7t \u0111\u1ed9 b\u1ec1 m\u1eb7t thi c\u00f4ng t\u1ed1i thi\u1ec3u \u0111\u1ea1t 10 0C v\u00e0 cao h\u01a1n 50C so v\u1edbi \u0111i\u1ec3m s\u01b0\u01a1ng c\u1ee7a kh\u00f4ng kh\u00ed. \u0110\u1ed9 \u1ea9m m\u00f4i tr\u01b0\u1eddng thi c\u00f4ng \u226485%.<\/p>\n<p>Th\u1eddi gian kh\u00f4 ph\u1ee5 thu\u1ed9c v\u00e0o nhi\u1ec7t \u0111\u1ed9, \u0111\u1ed9 \u1ea9m, m\u1ee9c \u0111\u1ed9 th\u00f4ng tho\u00e1ng c\u1ee7a m\u00f4i tr\u01b0\u1eddng thi c\u00f4ng. Nhi\u1ec7t \u0111\u1ed9 cao v\u00e0 th\u00f4ng tho\u00e1ng t\u1ed1t gi\u00fap cho s\u01a1n kh\u00f4 nhanh h\u01a1n.<\/td>\n<\/tr>\n<tr>\n<td style=\"width: 14.3416%;\" width=\"105\"><strong>S\u1ee9c kh\u1ecfe v\u00e0 an to\u00e0n<\/strong><\/td>\n<td style=\"width: 95.9583%;\" width=\"643\">\u00b7\u00a0\u00a0 \u0110\u1ec3 xa t\u1ea7m tay tr\u1ebb em.<\/p>\n<p>\u00b7\u00a0\u00a0 \u0110\u1ea3m b\u1ea3o th\u00f4ng tho\u00e1ng t\u1ed1t khi thi c\u00f4ng v\u00e0 ch\u1edd kh\u00f4. Tr\u00e1nh h\u00edt ph\u1ea3i b\u1ee5i s\u01a1n.<\/p>\n<p>\u00b7\u00a0\u00a0 N\u00ean \u0111eo k\u00ednh b\u1ea3o h\u1ed9 khi thi c\u00f4ng. Tr\u01b0\u1eddng h\u1ee3p s\u01a1n d\u00ednh v\u00e0o m\u1eaft, r\u1eeda v\u1edbi nhi\u1ec1u n\u01b0\u1edbc s\u1ea1ch v\u00e0 \u0111i \u0111\u1ebfn c\u01a1 s\u1edf y t\u1ebf ngay.<\/p>\n<p>\u00b7\u00a0\u00a0 D\u00f9ng dung m\u00f4i th\u00edch h\u1ee3p \u0111\u1ec3 ch\u00f9i s\u1ea1ch s\u01a1n d\u00ednh v\u00e0o da, sau \u0111\u00f3 d\u00f9ng n\u01b0\u1edbc v\u00e0 x\u00e0 ph\u00f2ng \u0111\u1ec3 r\u1eeda s\u1ea1ch.<\/p>\n<p>\u00b7\u00a0\u00a0 C\u1ea9n th\u1eadn khi v\u1eadn chuy\u1ec3n s\u01a1n. N\u1ebfu \u0111\u1ed5 s\u01a1n th\u00ec thu gom b\u1eb1ng c\u00e1ch r\u1ea3i \u0111\u1ea5t ho\u1eb7c c\u00e1t.<\/p>\n<p>\u00b7\u00a0\u00a0 CH\u00da \u00dd PH\u00d2NG NG\u1eeaA R\u1ee6I RO CH\u00c1Y N\u1ed4.<\/p>\n<p>\u00b7\u00a0\u00a0\u00a0 KH\u00d4NG \u0110\u01af\u1ee2C \u0110\u1ed4 S\u01a0N RA C\u1ed0NG R\u00c3NH HO\u1eb6C NGU\u1ed2N N\u01af\u1edaC.<\/td>\n<\/tr>\n<\/tbody>\n<\/table>\n<p>Xem th\u00eam: <span style=\"color: #0000ff;\"><strong><a style=\"color: #0000ff;\" href=\"https:\/\/sonsanepoxy.com.vn\/son-epoxy-la-gi\/\">S\u01a1n Epoxy<\/a><\/strong><\/span><\/p>\n","protected":false},"excerpt":{"rendered":"<p>JONA\u00ae PU l\u00e0 lo\u1ea1i s\u01a1n Polyurethane 2 th\u00e0nh ph\u1ea7n, \u0111\u00f3ng r\u1eafn b\u1eb1ng Polyisocyanate.<\/p>\n<p>B\u1ea3o v\u1ec7 v\u00e0 trang tr\u00ed tr\u00ean t\u1ea5t c\u1ea3 c\u00e1c b\u1ec1 m\u1eb7t \u0111\u00e3 \u0111\u01b0\u1ee3c x\u1eed l\u00fd th\u00edch h\u1ee3p, d\u00f9ng cho m\u1ee5c \u0111\u00edch s\u1eed d\u1ee5ng l\u00e2u d\u00e0i ngo\u00e0i tr\u1eddi trong c\u00e1c ng\u00e0nh c\u00f4ng nghi\u1ec7p, t\u00e0u bi\u1ec3n, c\u00e1c c\u00f4ng tr\u00ecnh x\u00e2y d\u1ef1ng v\u00e0 nhi\u1ec1u l\u0129nh v\u1ef1c kh\u00e1c.<\/p>\n<p>JONA\u00ae PU \u0111\u01b0\u1ee3c ch\u1ee9ng nh\u1eadn \u0111\u1ea1t ti\u00eau chu\u1ea9n c\u00f4ng nghi\u1ec7p Nh\u1eadt B\u1ea3n JIS K 5659:2008<\/p>\n","protected":false},"featured_media":69,"comment_status":"open","ping_status":"closed","template":"","meta":[],"product_brand":[],"product_cat":[17,18],"product_tag":[],"class_list":{"0":"post-32","1":"product","2":"type-product","3":"status-publish","4":"has-post-thumbnail","6":"product_cat-hang-son","7":"product_cat-son-epoxy-joton","9":"first","10":"instock","11":"shipping-taxable","12":"purchasable","13":"product-type-variable"},"_links":{"self":[{"href":"https:\/\/sonsanepoxy.vn\/index.php\/wp-json\/wp\/v2\/product\/32","targetHints":{"allow":["GET"]}}],"collection":[{"href":"https:\/\/sonsanepoxy.vn\/index.php\/wp-json\/wp\/v2\/product"}],"about":[{"href":"https:\/\/sonsanepoxy.vn\/index.php\/wp-json\/wp\/v2\/types\/product"}],"replies":[{"embeddable":true,"href":"https:\/\/sonsanepoxy.vn\/index.php\/wp-json\/wp\/v2\/comments?post=32"}],"wp:featuredmedia":[{"embeddable":true,"href":"https:\/\/sonsanepoxy.vn\/index.php\/wp-json\/wp\/v2\/media\/69"}],"wp:attachment":[{"href":"https:\/\/sonsanepoxy.vn\/index.php\/wp-json\/wp\/v2\/media?parent=32"}],"wp:term":[{"taxonomy":"product_brand","embeddable":true,"href":"https:\/\/sonsanepoxy.vn\/index.php\/wp-json\/wp\/v2\/product_brand?post=32"},{"taxonomy":"product_cat","embeddable":true,"href":"https:\/\/sonsanepoxy.vn\/index.php\/wp-json\/wp\/v2\/product_cat?post=32"},{"taxonomy":"product_tag","embeddable":true,"href":"https:\/\/sonsanepoxy.vn\/index.php\/wp-json\/wp\/v2\/product_tag?post=32"}],"curies":[{"name":"wp","href":"https:\/\/api.w.org\/{rel}","templated":true}]}}