{"id":29,"date":"2026-05-05T08:18:24","date_gmt":"2026-05-05T08:18:24","guid":{"rendered":"https:\/\/sonsanepoxy.vn\/?post_type=product&#038;p=29"},"modified":"2026-05-05T08:18:35","modified_gmt":"2026-05-05T08:18:35","slug":"ep118-son-lot-epoxy-kcc","status":"publish","type":"product","link":"https:\/\/sonsanepoxy.vn\/index.php\/san-pham\/ep118-son-lot-epoxy-kcc\/","title":{"rendered":"EP118 &#8211; S\u01a1n l\u00f3t Epoxy KCC"},"content":{"rendered":"<table style=\"width: 102.028%; height: 2220px;\">\n<tbody>\n<tr style=\"height: 247px;\">\n<td style=\"width: 16.2612%; height: 247px;\" width=\"122\"><strong>M\u00f4 t\u1ea3 &amp; \u1ee8ng d\u1ee5ng<\/strong><\/td>\n<td style=\"width: 85.9155%; height: 247px;\" width=\"643\">S\u01a0N L\u00d3T EPOXY EP118 l\u00e0 s\u1ef1 k\u1ebft h\u1ee3p chu\u1ed7i nh\u1ef1a amid v\u1edbi h\u1ea1t nh\u1ef1a Epoxy, d\u00f9ng l\u00e0m ch\u1ea5t k\u1ebft d\u00ednh v\u00e0 mau<\/p>\n<p>kh\u00f4 v\u1edbi kh\u1ea3 n\u0103ng ng\u0103n ng\u1eeba ho\u00e0n h\u1ea3o c\u00e1c h\u00f3a ch\u1ea5t v\u00e0 n\u01b0\u1edbc.<\/p>\n<p>EP118 cung c\u1ea5p kh\u1ea3 n\u0103ng b\u00e1m d\u00ednh tuy\u1ec7t \u0111\u1ed1i \u0111\u1ebfn h\u1ea7u h\u1ebft c\u00e1c b\u1ec1 m\u1eb7t n\u1ec1n bao g\u1ed3m b\u00ea t\u00f4ng, g\u1ed7, th\u00e9p v.v\u2026 EP118 b\u1ea3o \u0111\u1ea3m ch\u1ed1ng th\u1ea5m v\u00e0 ch\u1ed1ng g\u1ec9 s\u00e9t tuy\u1ec7t \u0111\u1ed1i gi\u1eefa l\u1edbp b\u00ea t\u00f4ng v\u00e0 l\u1edbp s\u01a1n ph\u1ee7 ti\u1ebfp theo.<\/p>\n<p>\u0110\u1ea1t th\u00f4ng s\u1ed1 ASTM C309 TYPE I &#8216; Moisture Retention of Conrete&#8217;<\/td>\n<\/tr>\n<tr style=\"height: 159px;\">\n<td style=\"width: 16.2612%; height: 159px;\" width=\"122\"><strong>\u0110\u1eb7c t\u00ednh<\/strong><\/td>\n<td style=\"width: 85.9155%; height: 159px;\" width=\"643\">\u00a0S\u01a1n l\u00f3t EP118 \u0111\u01b0\u1ee3c s\u1eed d\u1ee5ng tr\u00ean b\u00ea t\u00f4ng, s\u00e0n g\u1ed7 hay nh\u1eefng ch\u1ed7 c\u1ea7n ch\u1ed1ng<\/p>\n<p>b\u00e1m b\u1ee5i nh\u01b0 nh\u00e0 m\u00e1y n\u0103ng l\u01b0\u1ee3ng h\u1ea1t nh\u00e2n, nh\u00e0 m\u00e1y \u0111i\u1ec7n, nh\u00e0 m\u00e1y linh ki\u1ec7n \u0111i\u1ec7n t\u1eed, d\u01b0\u1ee3c ph\u1ea9m, nh\u00e0 m\u00e1y h\u00f3a ch\u1ea5t.v.v..<\/p>\n<p>Nh\u01b0 m\u1ed9t c\u00e1ch b\u1ea3o v\u1ec7 v\u00e0 ng\u0103n ch\u1eb7n b\u1ec1 m\u1eb7t b\u00ea t\u00f4ng trong su\u1ed1t qu\u00e1 tr\u00ecnh x\u00e2y d\u1ef1ng<\/td>\n<\/tr>\n<tr style=\"height: 935px;\">\n<td style=\"width: 16.2612%; height: 935px;\" width=\"122\"><strong>Th\u00f4ng s\u1ed1 k\u1ef9 thu\u1eadt<\/strong><\/td>\n<td style=\"width: 85.9155%; height: 935px;\" width=\"643\">\n<table style=\"border-collapse: collapse; width: 102.798%; height: 302px;\">\n<tbody>\n<tr style=\"height: 95px;\">\n<td style=\"width: 29.2738%; height: 95px;\">M\u00e0u s\u01a1n<\/p>\n<p>Th\u00e0nh ph\u1ea7n ch\u1ea5t r\u1eafn<\/td>\n<td style=\"width: 73.5256%; height: 95px;\">B\u00f3ng, s\u00e1ng<\/p>\n<p>X\u1ea5p x\u1ec9 28 %<\/td>\n<\/tr>\n<tr style=\"height: 23px;\">\n<td style=\"width: 29.2738%; height: 23px;\">\u0110\u1ed9 ph\u1ee7 l\u00fd thuy\u1ebft<\/td>\n<td style=\"width: 73.5256%; height: 23px;\">5.6 m\u00b2\/ L v\u1edbi \u0111\u1ed9 d\u00e0y khi kh\u00f4 l\u00e0 50 \u00b5m tr\u00ean m\u1eb7t b\u1ec1 m\u1eb7t l\u00e1ng<\/td>\n<\/tr>\n<tr style=\"height: 23px;\">\n<td style=\"width: 29.2738%; height: 23px;\">T\u1ef7 tr\u1ecdng<\/td>\n<td style=\"width: 73.5256%; height: 23px;\">0.9 kg\/L<\/td>\n<\/tr>\n<tr style=\"height: 23px;\">\n<td style=\"width: 29.2738%; height: 23px;\">\u0110i\u1ec3m ch\u1edbp ch\u00e1y<\/td>\n<td style=\"width: 73.5256%; height: 23px;\">PTA : 1 \u00baC\/ 34 \u00baF<\/p>\n<p>PTB : 28 \u00baC\/ 82 \u00baF<\/td>\n<\/tr>\n<tr style=\"height: 23px;\">\n<td style=\"width: 29.2738%; height: 23px;\">Th\u1eddi gian kh\u00f4<\/td>\n<td style=\"width: 73.5256%; height: 23px;\">\n<table style=\"border-collapse: collapse; width: 100%;\">\n<tbody>\n<tr>\n<td style=\"width: 23.5849%;\" width=\"110\"><\/td>\n<td style=\"width: 23.8994%;\" width=\"118\">5 \u00baC\/ 41 \u00baF<\/td>\n<td style=\"width: 23.8994%;\" width=\"119\">20 \u00baC\/ 68 \u00baF<\/td>\n<td style=\"width: 27.9874%;\" width=\"147\">30 \u00baC\/ 86 \u00baF<\/td>\n<\/tr>\n<tr>\n<td style=\"width: 23.5849%;\" width=\"110\">Kh\u00f4 ch\u1ea1m tay<\/td>\n<td style=\"width: 23.8994%;\" width=\"118\">5 gi\u1edd<\/td>\n<td style=\"width: 23.8994%;\" width=\"119\">2 gi\u1edd<\/td>\n<td style=\"width: 27.9874%;\" width=\"147\">1 gi\u1edd<\/td>\n<\/tr>\n<tr>\n<td style=\"width: 23.5849%;\" width=\"110\">Kh\u00f4 to\u00e0n ph\u1ea7n<\/td>\n<td style=\"width: 23.8994%;\" width=\"118\">38 gi\u1edd<\/td>\n<td style=\"width: 23.8994%;\" width=\"119\">24 gi\u1edd<\/td>\n<td style=\"width: 27.9874%;\" width=\"147\">16 gi\u1edd<\/td>\n<\/tr>\n<tr>\n<td style=\"width: 23.5849%;\" width=\"110\">Kh\u00f4 \u0111\u00f3ng r\u1eafn<\/td>\n<td style=\"width: 23.8994%;\" width=\"118\">7 ng\u00e0y<\/td>\n<td style=\"width: 23.8994%;\" width=\"119\">4 ng\u00e0y<\/td>\n<td style=\"width: 27.9874%;\" width=\"147\">3 ng\u00e0y<\/td>\n<\/tr>\n<\/tbody>\n<\/table>\n<\/td>\n<\/tr>\n<tr style=\"height: 23px;\">\n<td style=\"width: 29.2738%; height: 23px;\">T\u1ef7 l\u1ec7 pha tr\u1ed9n<\/td>\n<td style=\"width: 73.5256%; height: 23px;\">PTA: PTB = 1 : 1 ( theo th\u1ec3 t\u00edch)<\/p>\n<p>PTA: PTB = 1.13 : 1 ( theo kh\u1ed1i l\u01b0\u1ee3ng )<\/p>\n<p>Ch\u1ec9 pha l\u01b0\u1ee3ng v\u1eeba \u0111\u1ee7 \u0111\u1ec3 thi c\u00f4ng v\u00e0 ch\u00fa \u00fd th\u1eddi gian \u0111\u00f3ng r\u1eafn c\u1ee7a s\u01a1n.<\/td>\n<\/tr>\n<tr style=\"height: 23px;\">\n<td style=\"width: 29.2738%; height: 23px;\">Th\u1eddi gian \u0111\u00f3ng r\u1eafn<\/td>\n<td style=\"width: 73.5256%; height: 23px;\">T\u1ea1i 20 \u00baC\/ 68 \u00baF, 8 gi\u1edd<\/td>\n<\/tr>\n<tr style=\"height: 23px;\">\n<td style=\"width: 29.2738%; height: 23px;\">Dung m\u00f4i pha lo\u00e3ng<\/td>\n<td style=\"width: 73.5256%; height: 23px;\">THINNER 0642 hay 024<\/p>\n<p>Kh\u00f4ng \u0111\u01b0\u1ee3c l\u00e0m lo\u00e3ng c\u00e1c th\u00e0nh ph\u1ea7n ri\u00eang l\u1ebd, ch\u1ec9 pha khi \u0111\u00e3 kho\u1ea5y<\/td>\n<\/tr>\n<tr style=\"height: 23px;\">\n<td style=\"width: 29.2738%; height: 23px;\">\u0110\u1ed9 d\u00e0y m\u00e0n s\u01a1n<\/td>\n<td style=\"width: 73.5256%; height: 23px;\">\n<ol>\n<li>L\u1edbp s\u01a1n theo khuy\u1ebfn c\u00e1o l\u00e0 50\u00b5m khi kh\u00f4<\/li>\n<\/ol>\n<p>\u0110\u1ed9 d\u00e0y m\u00e0n s\u01a1n c\u00f3 th\u1ec3 kh\u00e1c t\u00f9y theo m\u1ee5c \u0111\u00edch s\u1eed d\u1ee5ng c\u1ee7a n\u01a1i \u0111\u00f3<\/td>\n<\/tr>\n<tr style=\"height: 23px;\">\n<td style=\"width: 29.2738%; height: 23px;\">Th\u1eddi gian chuy\u1ec3n ti\u1ebfp<\/td>\n<td style=\"width: 73.5256%; height: 23px;\">T\u1ea1i 20 \u00baC\/ 68 \u00baF, \u00edt nh\u1ea5t : 24 gi\u1edd<\/td>\n<\/tr>\n<tr>\n<td style=\"width: 29.2738%;\">L\u1edbp s\u01a1n k\u1ebf ti\u1ebfp<\/td>\n<td style=\"width: 73.5256%;\">KOREPOX WB SEALER EW466, KOREPOX WB ENAMEL EW467, EPOXY F.C EU225 hay theo \u0111\u1eb7c t\u00ednh k\u1ef9 thu\u1eadt.<\/td>\n<\/tr>\n<\/tbody>\n<\/table>\n<\/td>\n<\/tr>\n<tr style=\"height: 186px;\">\n<td style=\"width: 16.2612%; height: 186px;\" width=\"122\"><strong>Chu\u1ea9n b\u1ecb b\u1ec1 m\u1eb7t<\/strong><\/td>\n<td style=\"width: 85.9155%; height: 186px;\" width=\"643\">Lo\u1ea1i b\u1ecf t\u1ea5t c\u1ea3 d\u1ea7u v\u00e0 ch\u1ea5t d\u1ecbch tr\u00ean b\u1ec1 m\u1eb7t c\u1ea7n s\u01a1n<\/p>\n<p>Th\u00e9p: L\u00e0m s\u1ea1ch theo ti\u00eau chu\u1ea9n th\u01b0\u01a1ng m\u1ea1i SA2<\/p>\n<p>B\u00ea t\u00f4ng: Kh\u00f4ng s\u01a1n n\u1ec1n b\u00ea t\u00f4ng ch\u01b0a qua kh\u1ecfi 28 ng\u00e0y t\u1ea1i 20 \u00baC\/ 68 \u00baF v\u00e0 d\u01b0\u1edbi 80% R.H, v\u00e0 b\u1ec1 m\u1eb7t b\u00ea t\u00f4ng ph\u1ea3i \u0111\u01b0\u1ee3c l\u00e0m ph\u1eb3ng, l\u00e0m bong tr\u00f3c h\u1ebft l\u1edbp xi m\u0103ng ch\u1ebft v\u00e1 ch\u1ea5t t\u1ea1p nham.Th\u00e0nh ph\u1ea7n \u0111\u1ed9 \u1ea9m c\u1ee7a b\u00ea t\u00f4ng ph\u1ea3i th\u1ea5p h\u01a1n 6%.<\/td>\n<\/tr>\n<tr style=\"height: 175px;\">\n<td style=\"width: 16.2612%; height: 175px;\" width=\"122\"><em>\u00a0<\/em><\/p>\n<p><em>\u00a0<\/em><\/p>\n<p><strong>Thi c\u00f4ng<\/strong><\/td>\n<td style=\"width: 85.9155%; height: 175px;\" width=\"643\">B\u1ec1 m\u1eb7t ph\u1ea3i th\u1eadt kh\u00f4 v\u00e0 s\u1ea1ch<\/p>\n<p>Kh\u00f4ng thi c\u00f4ng khi \u0111\u1ed9 \u1ea9m kho\u1ea3ng tr\u00ean 85 %. V\u00e0 nhi\u1ec7t \u0111\u1ed9 b\u1ec1 m\u1eb7t ph\u1ea3i tr\u00ean 3 \u00baC<\/p>\n<p>\u0111\u1ec3 tr\u00e1nh s\u01a1n b\u1ecb c\u00f4 \u0111\u1eb7t.<\/p>\n<p>Nh\u1eefng khu v\u1ef1c b\u1ecb gi\u1edbi h\u1ea1n, n\u00ean \u0111\u1ec3 qu\u1ea1t gi\u00f3 \u0111\u1ec3 t\u0103ng s\u1ef1 bay h\u01a1i c\u1ee7a s\u01a1n.<\/td>\n<\/tr>\n<tr style=\"height: 64px;\">\n<td style=\"width: 16.2612%; height: 64px;\" width=\"122\"><strong>\u0110\u00f3ng g\u00f3i<\/strong><\/td>\n<td style=\"width: 85.9155%; height: 64px;\" width=\"643\">16 L ( PTA : PTB = 8 L : 8 L )<\/td>\n<\/tr>\n<tr style=\"height: 175px;\">\n<td style=\"width: 16.2612%; height: 175px;\" width=\"122\"><strong>L\u01b0u \u00fd<\/strong><\/td>\n<td style=\"width: 85.9155%; height: 175px;\" width=\"643\">\u0110i\u1ec1u ki\u1ec7n b\u1ea3o qu\u00e1n:<\/p>\n<p>&#8211;\u00a0\u00a0\u00a0\u00a0\u00a0\u00a0 Nhi\u1ec7t \u0111\u1ed9 : 7 ~ 43 \u00baC<\/p>\n<p>&#8211;\u00a0\u00a0\u00a0\u00a0\u00a0\u00a0 \u0110\u1ed9 \u1ea9m: 0 ~ 100%<\/p>\n<p>Th\u1eddi gian b\u1ea3o qu\u1ea3n 12 th\u00e1ng ( b\u1ea3o qu\u1ea3n n\u01a1i m\u00e1t, kh\u00f4, th\u00f4ng gi\u00f3)<\/td>\n<\/tr>\n<tr style=\"height: 279px;\">\n<td style=\"width: 16.2612%; height: 279px;\" width=\"122\"><strong>S\u1ee9c kh\u1ecfe v\u00e0 an to\u00e0n<\/strong><\/td>\n<td style=\"width: 85.9155%; height: 279px;\" width=\"643\">B\u1ea3o v\u1ec7 da v\u00e0 m\u1eaft, v\u00e0 tr\u00e1nh h\u00edt v\u00e0o h\u01a1i c\u1ee7a dung m\u00f4i.<\/p>\n<p>S\u1eed d\u1ee5ng \u0111\u1ea7y \u0111\u1ee7 th\u00f4ng gi\u00f3<\/p>\n<p>Khuy\u1ebfn c\u00e1o n\u00ean b\u1ea3o v\u1ec7 h\u00f4 h\u1ea5p khi thi c\u00f4ng s\u1ea3n ph\u1ea9m trong khu v\u1ef1c gi\u1edbi h\u1ea1n hay khu v\u1ef1c thi\u1ebfu kh\u00f4ng kh\u00ed.<\/p>\n<p>Trong h\u1ed7n h\u1ee3p c\u00f3 ch\u1ee9a dung m\u00f4i d\u1ec5 ch\u00e1y, khi v\u1eadn chuy\u1ec3n, s\u1eed d\u1ee5ng, hay \u0111\u1ec3 trong nh\u00e0<\/p>\n<p>kho n\u00ean \u0111\u1ec3 tr\u00e1nh xa c\u00e1c ngu\u1ed3n l\u1eeda, n\u01a1i d\u1ec5 b\u1eaft ch\u00e1y.<\/p>\n<p>N\u00ean l\u01b0u tr\u1eef n\u01a1i kh\u00f4 r\u00e1o, \u0111\u00f3ng ch\u1eb7t n\u1eafp th\u00f9ng sau khi s\u1eed d\u1ee5ng.<\/td>\n<\/tr>\n<tr>\n<td style=\"width: 16.2612%;\"><strong>Xem th\u00eam:<\/strong><\/td>\n<td style=\"width: 85.9155%;\"><a href=\"https:\/\/sonsanepoxy.com.vn\/son-epoxy-la-gi\/\"><span style=\"color: #0000ff;\"><strong>S\u01a1n Epoxy<\/strong><\/span><\/a><\/td>\n<\/tr>\n<\/tbody>\n<\/table>\n","protected":false},"excerpt":{"rendered":"<p>S\u01a0N L\u00d3T EPOXY EP118 l\u00e0 s\u1ef1 k\u1ebft h\u1ee3p chu\u1ed7i nh\u1ef1a amid v\u1edbi h\u1ea1t nh\u1ef1a Epoxy, d\u00f9ng l\u00e0m ch\u1ea5t k\u1ebft d\u00ednh v\u00e0 mau<\/p>\n<p>kh\u00f4 v\u1edbi kh\u1ea3 n\u0103ng ng\u0103n ng\u1eeba ho\u00e0n h\u1ea3o c\u00e1c h\u00f3a ch\u1ea5t v\u00e0 n\u01b0\u1edbc.<\/p>\n<p>EP118 cung c\u1ea5p kh\u1ea3 n\u0103ng b\u00e1m d\u00ednh tuy\u1ec7t \u0111\u1ed1i \u0111\u1ebfn h\u1ea7u h\u1ebft c\u00e1c b\u1ec1 m\u1eb7t n\u1ec1n bao g\u1ed3m b\u00ea t\u00f4ng, g\u1ed7, th\u00e9p v.v\u2026 EP118 b\u1ea3o \u0111\u1ea3m ch\u1ed1ng th\u1ea5m v\u00e0 ch\u1ed1ng g\u1ec9 s\u00e9t tuy\u1ec7t \u0111\u1ed1i gi\u1eefa l\u1edbp b\u00ea t\u00f4ng v\u00e0 l\u1edbp s\u01a1n ph\u1ee7 ti\u1ebfp theo.<\/p>\n","protected":false},"featured_media":64,"comment_status":"open","ping_status":"closed","template":"","meta":[],"product_brand":[],"product_cat":[17,19],"product_tag":[],"class_list":{"0":"post-29","1":"product","2":"type-product","3":"status-publish","4":"has-post-thumbnail","6":"product_cat-hang-son","7":"product_cat-son-epoxy-kcc","9":"first","10":"instock","11":"shipping-taxable","12":"purchasable","13":"product-type-simple"},"_links":{"self":[{"href":"https:\/\/sonsanepoxy.vn\/index.php\/wp-json\/wp\/v2\/product\/29","targetHints":{"allow":["GET"]}}],"collection":[{"href":"https:\/\/sonsanepoxy.vn\/index.php\/wp-json\/wp\/v2\/product"}],"about":[{"href":"https:\/\/sonsanepoxy.vn\/index.php\/wp-json\/wp\/v2\/types\/product"}],"replies":[{"embeddable":true,"href":"https:\/\/sonsanepoxy.vn\/index.php\/wp-json\/wp\/v2\/comments?post=29"}],"wp:featuredmedia":[{"embeddable":true,"href":"https:\/\/sonsanepoxy.vn\/index.php\/wp-json\/wp\/v2\/media\/64"}],"wp:attachment":[{"href":"https:\/\/sonsanepoxy.vn\/index.php\/wp-json\/wp\/v2\/media?parent=29"}],"wp:term":[{"taxonomy":"product_brand","embeddable":true,"href":"https:\/\/sonsanepoxy.vn\/index.php\/wp-json\/wp\/v2\/product_brand?post=29"},{"taxonomy":"product_cat","embeddable":true,"href":"https:\/\/sonsanepoxy.vn\/index.php\/wp-json\/wp\/v2\/product_cat?post=29"},{"taxonomy":"product_tag","embeddable":true,"href":"https:\/\/sonsanepoxy.vn\/index.php\/wp-json\/wp\/v2\/product_tag?post=29"}],"curies":[{"name":"wp","href":"https:\/\/api.w.org\/{rel}","templated":true}]}}