{"id":28,"date":"2026-05-05T08:18:24","date_gmt":"2026-05-05T08:18:24","guid":{"rendered":"https:\/\/sonsanepoxy.vn\/?post_type=product&#038;p=28"},"modified":"2026-05-05T08:19:21","modified_gmt":"2026-05-05T08:19:21","slug":"son-lot-giau-kem-joton-jones-epoxy-zinc-rich","status":"publish","type":"product","link":"https:\/\/sonsanepoxy.vn\/index.php\/san-pham\/son-lot-giau-kem-joton-jones-epoxy-zinc-rich\/","title":{"rendered":"S\u01a1n l\u00f3t gi\u00e0u k\u1ebdm Joton Jones Epoxy Zinc Rich"},"content":{"rendered":"<table style=\"width: 101.692%;\">\n<tbody>\n<tr>\n<td style=\"width: 14.3791%;\" width=\"105\"><strong>M\u00f4 t\u1ea3 &amp; \u1ee8ng d\u1ee5ng<\/strong><\/td>\n<td style=\"width: 89.281%;\" width=\"643\">S\u01a1n l\u00f3t gi\u00e0u k\u1ebdm Jones Epoxy Zinc Rich<\/p>\n<p>Jones Zinc-R l\u00e0 s\u01a1n l\u00f3t Epoxy hai th\u00e0nh ph\u1ea7n c\u00f3 ch\u1ee9a b\u1ed9t k\u1ebdm \u0111\u00f3ng r\u1eafn b\u1eb1ng Polyamide<\/p>\n<p>S\u01a1n l\u00f3t b\u1ea3o v\u1ec7 ch\u1ed1ng \u0103n m\u00f2n v\u00e0 m\u00e0i m\u00f2n cho c\u00e1c b\u1ec1 m\u1eb7t k\u1ebft c\u1ea5u th\u00e9p c\u1ee7a c\u00f4ng tr\u00ecnh bi\u1ec3n, th\u1ee7y l\u1ee3i, nh\u00e0 m\u00e1y h\u00f3a ch\u1ea5t,&#8230; c\u00f3 y\u00eau c\u1ea7u h\u1ec7 th\u1ed1ng s\u01a1n Epoxy ho\u00e0n ch\u1ec9nh.<\/p>\n<p>Jones Zinc-R \u0111\u01b0\u1ee3c ch\u1ee9ng nh\u1eadn \u0111\u1ea1t ti\u00eau chu\u1ea9n c\u00f4ng nghi\u1ec7p Nh\u1eadt B\u1ea3n JIS K 5553:2010<\/td>\n<\/tr>\n<tr>\n<td style=\"width: 14.3791%;\" width=\"105\"><strong>\u0110\u1eb7c t\u00ednh<\/strong><\/td>\n<td style=\"width: 89.281%;\" width=\"643\">\u0110\u1ed9 b\u00e1m d\u00ednh cao tr\u00ean c\u00e1c b\u1ec1 m\u1eb7t kim lo\u1ea1i, b\u00ea t\u00f4ng, g\u1ed7, ch\u1ea5t d\u1ebbo.<\/p>\n<p>B\u1ec1n v\u1edbi acid, mu\u1ed1i, x\u0103ng d\u1ea7u, n\u01b0\u1edbc bi\u1ec3n, n\u01b0\u1edbc ng\u1ecdt v\u00e0 c\u00e1c lo\u1ea1i th\u1ef1c ph\u1ea9m<\/p>\n<p>Ch\u1ed1ng l\u1ea1i qu\u00e1 tr\u00ecnh ki\u1ec1m ho\u00e1 c\u1ee7a b\u00ea t\u00f4ng.<\/td>\n<\/tr>\n<tr>\n<td style=\"width: 14.3791%;\" width=\"105\"><strong>Th\u00f4ng s\u1ed1 k\u1ef9 thu\u1eadt<\/strong><\/td>\n<td style=\"width: 89.281%;\" width=\"643\">\n<table style=\"border-collapse: collapse; width: 100%; height: 230px;\">\n<tbody>\n<tr style=\"height: 23px;\">\n<td style=\"width: 50%; height: 23px;\">M\u00e0u s\u1eafc<\/td>\n<td style=\"width: 50%; height: 23px;\">X\u00e1m k\u1ebdm<\/td>\n<\/tr>\n<tr style=\"height: 23px;\">\n<td style=\"width: 50%; height: 23px;\">H\u00e0m l\u01b0\u1ee3ng r\u1eafn<\/td>\n<td style=\"width: 50%; height: 23px;\">T\u1ed1i thi\u1ec3u 75%<\/td>\n<\/tr>\n<tr style=\"height: 23px;\">\n<td style=\"width: 50%; height: 23px;\">T\u1ef7 tr\u1ecdng (sau pha tr\u1ed9n)<\/td>\n<td style=\"width: 50%; height: 23px;\">2.7 \u00b1 0.10g\/ml<\/td>\n<\/tr>\n<tr style=\"height: 23px;\">\n<td style=\"width: 50%; height: 23px;\">\u0110\u1ed9 ph\u1ee7 l\u00fd thuy\u1ebft<\/td>\n<td style=\"width: 50%; height: 23px;\">3 &#8211; 6 m2\/kg\/l\u1edbp v\u1edbi \u0111\u1ed9 d\u00e0y 35\u00b5m<\/td>\n<\/tr>\n<tr style=\"height: 23px;\">\n<td style=\"width: 50%; height: 23px;\">T\u1ef7 l\u1ec7 pha tr\u1ed9n<\/td>\n<td style=\"width: 50%; height: 23px;\">19\/1<\/td>\n<\/tr>\n<tr style=\"height: 23px;\">\n<td style=\"width: 50%; height: 23px;\">\u0110\u1ed9 d\u00e0y m\u00e0ng s\u01a1n<\/td>\n<td style=\"width: 50%; height: 23px;\">125\u00b5m<\/td>\n<\/tr>\n<tr style=\"height: 23px;\">\n<td style=\"width: 50%; height: 23px;\">\u0110\u1ed9 d\u00e0y m\u00e0ng kh\u00f4<\/td>\n<td style=\"width: 50%; height: 23px;\">75\u00b5m; 35\u00b5m<\/td>\n<\/tr>\n<tr style=\"height: 23px;\">\n<td style=\"width: 50%; height: 23px;\">Th\u1eddi gian kh\u00f4 \u1edf 23 \u0111\u1ed9 C<\/td>\n<td style=\"width: 50%; height: 23px;\">Kh\u00f4 m\u1eb7t: sau 15 ph\u00fat<\/p>\n<p>Kh\u00f4 c\u1ee9ng: sau 2 gi\u1edd<\/td>\n<\/tr>\n<tr style=\"height: 23px;\">\n<td style=\"width: 50%; height: 23px;\">Th\u1eddi gian ph\u1ee7 l\u1edbp k\u1ebf ti\u1ebfp \u1edf 23 \u0111\u1ed9 C<\/p>\n<p>Th\u1eddi gian s\u1ed1ng (sau pha tr\u1ed9n)<\/td>\n<td style=\"width: 50%; height: 23px;\">T\u1ed1i thi\u1ec3u sau 2 gi\u1edd<\/p>\n<p>7 gi\u1edd<\/td>\n<\/tr>\n<tr style=\"height: 23px;\">\n<td style=\"width: 50%; height: 23px;\">Ch\u1ea5t pha lo\u00e3ng<\/td>\n<td style=\"width: 50%; height: 23px;\">Jothinner &#8211; 301<\/td>\n<\/tr>\n<\/tbody>\n<\/table>\n<p>&nbsp;<\/td>\n<\/tr>\n<tr>\n<td style=\"width: 14.3791%;\" width=\"105\"><strong>Chu\u1ea9n b\u1ecb b\u1ec1 m\u1eb7t<\/strong><\/td>\n<td style=\"width: 89.281%;\" width=\"643\">B\u1ec1 m\u1eb7t th\u00e9p: \u0110\u1ec3 c\u00f3 l\u1edbp ho\u00e0n thi\u1ec7n t\u1ed1i \u01b0u ph\u1ea3i l\u00e0m s\u1ea1ch b\u1ec1 m\u1eb7t b\u1eb1ng th\u1ed5i h\u1ea1t m\u00e0i kim lo\u1ea1i \u0111\u1ea1t theo ti\u00eau chu\u1ea9n SA 21\/2 v\u00e0 l\u00e0m s\u1ea1ch d\u1ea7u m\u1ee1 b\u1eb1ng dung m\u00f4i ph\u00f9 h\u1ee3p v\u1edbi ti\u00eau chu\u1ea9n SSPC-SP1.<\/p>\n<p>B\u1ec1 m\u1eb7t th\u00e9p \u0111\u00e3 s\u01a1n l\u1edbp ch\u1ed1ng g\u1ec9 t\u1ea1m th\u1eddi: l\u1edbp s\u01a1n ch\u1ed1ng g\u1ec9 t\u1ea1m th\u1eddi ph\u1ea3i s\u1ea1ch, kh\u00f4 kh\u00f4ng d\u00ednh d\u1ea7u m\u1ee1, b\u1ee5i v\u00e0 c\u00e1c ch\u1ea5t b\u1ea9n kh\u00e1c. kh\u00f4ng b\u1ecb h\u01b0 h\u1ea1i.<\/td>\n<\/tr>\n<tr>\n<td style=\"width: 14.3791%;\" width=\"105\"><strong>Thi c\u00f4ng<\/strong><\/td>\n<td style=\"width: 89.281%;\" width=\"643\">Khu\u1ea5y \u0111\u1ec1u ph\u1ea7n base (ph\u1ea7n A) b\u1eb1ng d\u1ee5ng c\u1ee5 c\u1ea7m tay hay m\u00e1y khu\u1ea5y. \u0110\u1ed5 t\u1eeb t\u1eeb ph\u1ea7n \u0111\u00f3ng r\u1eafn (ph\u1ea7n B) v\u00e0o th\u00f9ng ch\u1ee9a ph\u1ea7n A theo t\u1ec9 l\u1ec7 19 ph\u1ea7n A v\u00e0 1 ph\u1ea7n B. Khu\u1ea5y nh\u1eb9 kho\u1ea3ng 3 ph\u00fat cho h\u1ed7n h\u1ee3p th\u1eadt \u0111\u1ec1u.<\/p>\n<p>Ch\u1ec9 d\u00f9ng ch\u1ea5t pha lo\u00e3ng khi \u0111\u01b0\u1ee3c y\u00eau c\u1ea7u (T\u1ef7 l\u1ec7 t\u1ed1i \u0111a 5% theo kh\u1ed1i l\u01b0\u1ee3ng c\u1ee7a h\u1ed7n h\u1ee3p A &amp; B).<\/p>\n<p>H\u1ed7n h\u1ee3p \u0111\u00e3 ph\u1ed1i tr\u1ed9n kh\u00f4ng \u0111\u01b0\u1ee3c \u0111\u1ec3 qu\u00e1 7 gi\u1edd \u1edf 230C.<\/td>\n<\/tr>\n<tr>\n<td style=\"width: 14.3791%;\" width=\"105\"><strong>D\u1ee5ng c\u1ee5<\/strong><\/td>\n<td style=\"width: 89.281%;\" width=\"643\">Thi\u1ebft b\u1ecb phun ch\u00e2n kh\u00f4ng c\u00f3 k\u00edch th\u01b0\u1edbc \u0111\u1ea7u phun D=0.43 \u0111\u1ebfn 0.65mm, \u00e1p su\u1ea5t t\u1ea1i \u0111\u1ea7u s\u00fang phun 15 MPa (150kp\/cm2) v\u00e0 g\u00f3c phun t\u1eeb 40o \u0111\u1ebfn 650.<\/p>\n<p>S\u00fang phun th\u00f4ng th\u01b0\u1eddng. C\u00f3 th\u1ec3 s\u1eed d\u1ee5ng c\u1ecd cho nh\u1eefng v\u1ecb tr\u00ed nh\u1ecf nh\u01b0ng ph\u1ea3i \u0111\u1ea3m b\u1ea3o m\u00e0ng s\u01a1n \u0111\u1ea1t \u0111\u1ed9 d\u00e0y quy \u0111\u1ecbnh. R\u1eeda s\u1ea1ch d\u1ee5ng c\u1ee5 sau khi thi c\u00f4ng.<\/td>\n<\/tr>\n<tr>\n<td style=\"width: 14.3791%;\" width=\"105\"><strong>\u0110\u00f3ng g\u00f3i<\/strong><\/td>\n<td style=\"width: 89.281%;\" width=\"643\">19 kg ph\u1ea7n A + 1 kg ph\u1ea7n B\/ 1 b\u1ed9<\/p>\n<p>T\u1ed3n tr\u1eef n\u01a1i m\u00e1t m\u1ebb kh\u00f4 r\u00e1o. Tr\u00e1nh ngu\u1ed3n nhi\u1ec7t v\u00e0 l\u1eeda.<\/td>\n<\/tr>\n<tr>\n<td style=\"width: 14.3791%;\" width=\"105\"><strong>L\u01b0u \u00fd<\/strong><\/td>\n<td style=\"width: 89.281%;\" width=\"643\">Khu\u1ea5y \u0111\u1ec1u tr\u01b0\u1edbc khi s\u1eed d\u1ee5ng<\/p>\n<p>Nhi\u1ec7t \u0111\u1ed9 b\u1ec1 m\u1eb7t thi c\u00f4ng t\u1ed1i thi\u1ec3u \u0111\u1ea1t 100C v\u00e0 cao h\u01a1n 50C so v\u1edbi \u0111i\u1ec3m s\u01b0\u01a1ng c\u1ee7a kh\u00f4ng kh\u00ed. \u0110\u1ed9 \u1ea9m m\u00f4i tr\u01b0\u1eddng thi c\u00f4ng \u226485%.<\/p>\n<p>Th\u1eddi gian kh\u00f4 ph\u1ee5 thu\u1ed9c v\u00e0o nhi\u1ec7t \u0111\u1ed9, \u0111\u1ed9 \u1ea9m, m\u1ee9c \u0111\u1ed9 th\u00f4ng tho\u00e1ng c\u1ee7a m\u00f4i tr\u01b0\u1eddng thi c\u00f4ng. Nhi\u1ec7t \u0111\u1ed9 cao v\u00e0 th\u00f4ng tho\u00e1ng t\u1ed1t gi\u00fap cho s\u01a1n kh\u00f4 nhanh h\u01a1n.<\/p>\n<p>N\u1ebfu s\u1eed d\u1ee5ng \u0111\u1ec3 kh\u00e1ng \u0103n m\u00f2n cho thi\u1ebft b\u1ecb k\u00edn ch\u1ecbu nhi\u1ec7t cao, khi t\u1eaft m\u00e1y kh\u00f4ng cho ph\u00e9p h\u01a1i \u1ea9m \u0111i v\u00e0o \u0111\u1ec3 tr\u00e1nh s\u1ef1 \u0103n m\u00f2n \u1ea9m khi t\u0103ng nhi\u1ec7t \u0111\u1ed9.<\/td>\n<\/tr>\n<tr>\n<td style=\"width: 14.3791%;\" width=\"105\"><strong>S\u1ee9c kh\u1ecfe v\u00e0 an to\u00e0n<\/strong><\/td>\n<td style=\"width: 89.281%;\" width=\"643\">\u0110\u1ec3 xa t\u1ea7m tay tr\u1ebb em.<\/p>\n<p>\u0110\u1ea3m b\u1ea3o th\u00f4ng tho\u00e1ng t\u1ed1t khi thi c\u00f4ng v\u00e0 ch\u1edd kh\u00f4. Tr\u00e1nh h\u00edt ph\u1ea3i b\u1ee5i s\u01a1n.<\/p>\n<p>N\u00ean \u0111eo k\u00ednh b\u1ea3o h\u1ed9 khi thi c\u00f4ng. Tr\u01b0\u1eddng h\u1ee3p s\u01a1n d\u00ednh v\u00e0o m\u1eaft, r\u1eeda v\u1edbi nhi\u1ec1u n\u01b0\u1edbc s\u1ea1ch v\u00e0 \u0111i \u0111\u1ebfn c\u01a1 s\u1edf y t\u1ebf ngay.<\/p>\n<p>D\u00f9ng dung m\u00f4i th\u00edch h\u1ee3p \u0111\u1ec3 ch\u00f9i s\u1ea1ch s\u01a1n d\u00ednh v\u00e0o da, sau \u0111\u00f3 d\u00f9ng n\u01b0\u1edbc v\u00e0 x\u00e0 ph\u00f2ng \u0111\u1ec3 r\u1eeda s\u1ea1ch.<\/p>\n<p>C\u1ea9n th\u1eadn khi v\u1eadn chuy\u1ec3n s\u01a1n. N\u1ebfu \u0111\u1ed5 s\u01a1n th\u00ec thu gom b\u1eb1ng c\u00e1ch r\u1ea3i \u0111\u1ea5t ho\u1eb7c c\u00e1t.<\/p>\n<p>CH\u00da \u00dd PH\u00d2NG NG\u1eeaA R\u1ee6I RO CH\u00c1Y N\u1ed4.<\/p>\n<p>KH\u00d4NG \u0110\u01af\u1ee2C \u0110\u1ed4 S\u01a0N RA C\u1ed0NG R\u00c3NH HO\u1eb6C NGU\u1ed2N N\u01af\u1edaC<\/td>\n<\/tr>\n<\/tbody>\n<\/table>\n<p>Xem th\u00eam: <a href=\"https:\/\/sonsanepoxy.com.vn\/son-epoxy-la-gi\/\"><span style=\"color: #0000ff;\"><strong>S\u01a1n Epoxy<\/strong><\/span><\/a><\/p>\n","protected":false},"excerpt":{"rendered":"<p>S\u01a1n l\u00f3t gi\u00e0u k\u1ebdm Jones Epoxy Zinc Rich<\/p>\n<p>Jones Zinc-R l\u00e0 s\u01a1n l\u00f3t Epoxy hai th\u00e0nh ph\u1ea7n c\u00f3 ch\u1ee9a b\u1ed9t k\u1ebdm \u0111\u00f3ng r\u1eafn b\u1eb1ng Polyamide<\/p>\n<p>S\u01a1n l\u00f3t b\u1ea3o v\u1ec7 ch\u1ed1ng \u0103n m\u00f2n v\u00e0 m\u00e0i m\u00f2n cho c\u00e1c b\u1ec1 m\u1eb7t k\u1ebft c\u1ea5u th\u00e9p c\u1ee7a c\u00f4ng tr\u00ecnh bi\u1ec3n, th\u1ee7y l\u1ee3i, nh\u00e0 m\u00e1y h\u00f3a ch\u1ea5t,&#8230; c\u00f3 y\u00eau c\u1ea7u h\u1ec7 th\u1ed1ng s\u01a1n Epoxy ho\u00e0n ch\u1ec9nh.<\/p>\n<p>Jones Zinc-R \u0111\u01b0\u1ee3c ch\u1ee9ng nh\u1eadn \u0111\u1ea1t ti\u00eau chu\u1ea9n c\u00f4ng nghi\u1ec7p Nh\u1eadt B\u1ea3n JIS K 5553:2010<\/p>\n","protected":false},"featured_media":63,"comment_status":"open","ping_status":"closed","template":"","meta":[],"product_brand":[],"product_cat":[17,18],"product_tag":[],"class_list":{"0":"post-28","1":"product","2":"type-product","3":"status-publish","4":"has-post-thumbnail","6":"product_cat-hang-son","7":"product_cat-son-epoxy-joton","9":"first","10":"instock","11":"shipping-taxable","12":"purchasable","13":"product-type-variable"},"_links":{"self":[{"href":"https:\/\/sonsanepoxy.vn\/index.php\/wp-json\/wp\/v2\/product\/28","targetHints":{"allow":["GET"]}}],"collection":[{"href":"https:\/\/sonsanepoxy.vn\/index.php\/wp-json\/wp\/v2\/product"}],"about":[{"href":"https:\/\/sonsanepoxy.vn\/index.php\/wp-json\/wp\/v2\/types\/product"}],"replies":[{"embeddable":true,"href":"https:\/\/sonsanepoxy.vn\/index.php\/wp-json\/wp\/v2\/comments?post=28"}],"wp:featuredmedia":[{"embeddable":true,"href":"https:\/\/sonsanepoxy.vn\/index.php\/wp-json\/wp\/v2\/media\/63"}],"wp:attachment":[{"href":"https:\/\/sonsanepoxy.vn\/index.php\/wp-json\/wp\/v2\/media?parent=28"}],"wp:term":[{"taxonomy":"product_brand","embeddable":true,"href":"https:\/\/sonsanepoxy.vn\/index.php\/wp-json\/wp\/v2\/product_brand?post=28"},{"taxonomy":"product_cat","embeddable":true,"href":"https:\/\/sonsanepoxy.vn\/index.php\/wp-json\/wp\/v2\/product_cat?post=28"},{"taxonomy":"product_tag","embeddable":true,"href":"https:\/\/sonsanepoxy.vn\/index.php\/wp-json\/wp\/v2\/product_tag?post=28"}],"curies":[{"name":"wp","href":"https:\/\/api.w.org\/{rel}","templated":true}]}}