{"id":25,"date":"2026-05-05T08:18:24","date_gmt":"2026-05-05T08:18:24","guid":{"rendered":"https:\/\/sonsanepoxy.vn\/?post_type=product&#038;p=25"},"modified":"2026-05-05T08:18:29","modified_gmt":"2026-05-05T08:18:29","slug":"son-epoxy-he-nuoc-joton-jones-wepo","status":"publish","type":"product","link":"https:\/\/sonsanepoxy.vn\/index.php\/san-pham\/son-epoxy-he-nuoc-joton-jones-wepo\/","title":{"rendered":"S\u01a1n Epoxy h\u1ec7 n\u01b0\u1edbc Joton Jones Wepo"},"content":{"rendered":"<table style=\"width: 111.45%; height: 2388px;\">\n<tbody>\n<tr style=\"height: 124px;\">\n<td style=\"width: 17.5949%; height: 124px;\" width=\"134\"><strong>M\u00f4 t\u1ea3 &amp; \u1ee8ng d\u1ee5ng<\/strong><\/td>\n<td style=\"width: 124.52%; height: 124px;\" colspan=\"2\" width=\"631\">JONES<sup>\u00ae<\/sup> WEPO l\u00e0 lo\u1ea1i s\u01a1n l\u00f3t Epoxy h\u1ec7 n\u01b0\u1edbc g\u1ed3m 2 th\u00e0nh ph\u1ea7n.<\/p>\n<p>\u0110\u01b0\u1ee3c s\u1eed d\u1ee5ng nh\u01b0 l\u00e0 l\u1edbp s\u01a1n l\u00f3t tr\u00ean n\u1ec1n b\u00ea t\u00f4ng \u0111\u1ec3 t\u0103ng \u0111\u1ed9 b\u00e1m d\u00ednh cho l\u1edbp s\u01a1n ho\u00e0n thi\u1ec7n.<\/td>\n<\/tr>\n<tr style=\"height: 215px;\">\n<td style=\"width: 17.5949%; height: 215px;\" width=\"134\"><strong>\u0110\u1eb7c t\u00ednh<\/strong><\/td>\n<td style=\"width: 124.52%; height: 215px;\" colspan=\"2\" width=\"631\">\u00a0\u0110\u1ed9 b\u00e1m d\u00ednh cao, ch\u1ecbu \u1ea9m, ch\u1ecbu h\u00f3a ch\u1ea5t .<\/p>\n<p>D\u1ec5 thi c\u00f4ng v\u00e0 l\u00e0m s\u1ea1ch d\u1ee5ng c\u1ee5.<\/p>\n<p>Kh\u00f4ng ch\u00e1y n\u1ed5, \u0111\u1ed9c h\u1ea1i khi thi c\u00f4ng v\u00ec s\u1eed d\u1ee5ng dung m\u00f4i l\u00e0 n\u01b0\u1edbc.<\/p>\n<p>\u0110\u1ed9 b\u1ec1n c\u01a1 l\u00fd cao. Ch\u1ed1ng r\u00eau m\u1ed1c.<\/p>\n<p>Ch\u1ed1ng l\u1ea1i qu\u00e1 tr\u00ecnh ki\u1ec1m h\u00f3a c\u1ee7a b\u00ea t\u00f4ng.<\/td>\n<\/tr>\n<tr style=\"height: 703px;\">\n<td style=\"width: 17.5949%; height: 703px;\" width=\"134\">&nbsp;<\/p>\n<p>&nbsp;<\/p>\n<p>&nbsp;<\/p>\n<p>&nbsp;<\/p>\n<p>&nbsp;<\/p>\n<p><strong>Th\u00f4ng s\u1ed1 <\/strong><strong>\u00a0\u00a0\u00a0\u00a0<\/strong><strong>k\u1ef9 thu\u1eadt<\/strong><\/td>\n<td style=\"width: 29.6203%; height: 703px;\" width=\"228\">M\u00e0u s\u1eafc<\/p>\n<p>&nbsp;<\/p>\n<p>H\u00e0m l\u01b0\u1ee3ng r\u1eafn<\/p>\n<p>&nbsp;<\/p>\n<p>T\u1ef7 tr\u1ecdng<\/p>\n<p>&nbsp;<\/p>\n<p>\u0110\u1ed9 ph\u1ee7 l\u00fd thuy\u1ebft<\/p>\n<p>&nbsp;<\/p>\n<p>T\u1ef7 l\u1ec7 ph\u1ed1i tr\u1ed9n<\/p>\n<p>&nbsp;<\/p>\n<p>(A\/B) \u0110\u1ed9 d\u00e0y m\u00e0ng s\u01a1n<\/p>\n<p>&nbsp;<\/p>\n<p>&nbsp;<\/p>\n<p>Th\u1eddi gian kh\u00f4 (23<sup>0<\/sup>C)<\/p>\n<p>&nbsp;<\/p>\n<p>&nbsp;<\/p>\n<p>Th\u1eddi gian ph\u1ee7 l\u1edbp k\u1ebf ti\u1ebfp (23<sup>0<\/sup>C)<\/td>\n<td style=\"width: 94.8996%; height: 703px;\" width=\"403\">Kh\u00f4ng m\u00e0u<\/p>\n<p>&nbsp;<\/p>\n<p>\u226550 %<\/p>\n<p>&nbsp;<\/p>\n<p>1.03 \uf0b1 0.05 g\/ml 7\u2013<\/p>\n<p>&nbsp;<\/p>\n<p>10m<sup>2<\/sup>\/kg\/l\u1edbp 40\uf06dm.<\/p>\n<p>&nbsp;<\/p>\n<p>4\/1<\/p>\n<p>&nbsp;<\/p>\n<p>\u0110\u1ed9 d\u00e0y \u01b0\u1edbt: 110\u00b5m<\/p>\n<p>\u0110\u1ed9 d\u00e0y kh\u00f4: 40\u00b5m<\/p>\n<p>&nbsp;<\/p>\n<p>Kh\u00f4 m\u1eb7t: Sau 3 -4 \u00a0\u00a0\u00a0\u00a0gi\u1edd.<\/p>\n<p>Kh\u00f4 c\u1ee9ng: Sau 12 gi\u1edd.<\/p>\n<p>&nbsp;<\/p>\n<p>Sau 12 gi\u1edd<\/td>\n<\/tr>\n<tr style=\"height: 28px;\">\n<td style=\"width: 17.5949%; height: 28px;\" width=\"134\"><\/td>\n<td style=\"width: 29.6203%; height: 28px;\" width=\"228\">Th\u1eddi gian s\u1ed1ng (23<sup>0<\/sup>C)<\/td>\n<td style=\"width: 94.8996%; height: 28px;\" width=\"403\">Sau 6 gi\u1edd.<\/td>\n<\/tr>\n<tr style=\"height: 135px;\">\n<td style=\"width: 17.5949%; height: 135px;\" width=\"134\"><\/td>\n<td style=\"width: 29.6203%; height: 135px;\" width=\"228\">VOC<\/p>\n<p>&nbsp;<\/p>\n<p>Ch\u1ea5t pha lo\u00e3ng\/ l\u00e0m s\u1ea1ch<\/td>\n<td style=\"width: 94.8996%; height: 135px;\" width=\"403\">\u00a0T\u1ed1i \u0111a 250<\/p>\n<p>&nbsp;<\/p>\n<p>mg\/L N\u01b0\u1edbc s\u1ea1ch<\/td>\n<\/tr>\n<tr style=\"height: 211px;\">\n<td style=\"width: 17.5949%; height: 211px;\" width=\"134\"><strong>Chu\u1ea9n b\u1ecb <\/strong><strong>\u00a0<\/strong><strong>b\u1ec1 m\u1eb7t<\/strong><\/td>\n<td style=\"width: 124.52%; height: 211px;\" colspan=\"2\" width=\"631\">B\u1ec1 m\u1eb7t \u00e1p d\u1ee5ng ph\u1ea3i \u0111\u01b0\u1ee3c l\u00e0m s\u1ea1ch b\u1ee5i, d\u1ea7u m\u1ee1, s\u00e1p, ph\u1ea5n, r\u00eau m\u1ed1c. C\u00f3 th\u1ec3 phun n\u01b0\u1edbc \u00e1p l\u1ef1c cao \u0111\u1ec3 t\u1ea9y s\u1ea1ch ch\u1ea5t b\u1ea9n.<\/p>\n<p>L\u00e0m s\u1ea1ch c\u00e1c l\u1edbp s\u01a1n c\u0169 (n\u1ebfu c\u00f3) b\u1eb1ng ph\u01b0\u01a1ng ph\u00e1p th\u1ed5i c\u00e1t hay ph\u01b0\u01a1ng ph\u00e1p m\u00e0i tr\u01b0\u1edbc khi s\u01a1n. L\u1ea5p \u0111\u1ea7y c\u00e1c v\u1ebft n\u1ee9t ho\u1eb7c l\u00e0m ph\u1eb3ng b\u1ec1 m\u1eb7t b\u1eb1ng JOTON<sup>\u00ae<\/sup>WEPO.<\/p>\n<p>B\u1ec1 m\u1eb7t b\u00eat\u00f4ng m\u1edbi ph\u1ea3i \u0111\u1ec3 sau 28 ng\u00e0y m\u1edbi ti\u1ebfn h\u00e0nh thi c\u00f4ng s\u01a1n (trong \u0111i\u1ec1u ki\u1ec7n b\u00ecnh th\u01b0\u1eddng).<\/td>\n<\/tr>\n<tr style=\"height: 171px;\">\n<td style=\"width: 17.5949%; height: 171px;\" width=\"134\"><strong>Thi c\u00f4ng<\/strong><\/td>\n<td style=\"width: 124.52%; height: 171px;\" colspan=\"2\" width=\"631\">Khu\u1ea5y \u0111\u1ec1u ph\u1ea7n base (ph\u1ea7n A) b\u1eb1ng m\u00e1y khu\u1ea5y. \u0110\u1ed5 t\u1eeb t\u1eeb ph\u1ea7n \u0111\u00f3ng r\u1eafn (ph\u1ea7n B) v\u00e0o th\u00f9ng ch\u1ee9a ph\u1ea7n A theo t\u1ec9 l\u1ec7 4 ph\u1ea7n A v\u00e0 1 ph\u1ea7n B. Khu\u1ea5y th\u1eadt \u0111\u1ec1u kho\u00e3ng 3 ph\u00fat cho \u0111\u1ebfn khi h\u1ed7n h\u1ee3p \u0111\u1ed3ng nh\u1ea5t.<\/p>\n<p>Ch\u1ec9 d\u00f9ng ch\u1ea5t pha lo\u00e3ng khi \u0111\u01b0\u1ee3c y\u00eau c\u1ea7u (T\u1ef7 l\u1ec7 t\u1ed1i \u0111a 5% theo kh\u1ed1i l\u01b0\u1ee3ng c\u1ee7a h\u1ed7n h\u1ee3p A &amp; B). H\u1ed7n h\u1ee3p \u0111\u00e3 ph\u1ed1i tr\u1ed9n kh\u00f4ng \u0111\u01b0\u1ee3c \u0111\u1ec3 qu\u00e1 6 gi\u1edd \u1edf 23<sup>0<\/sup>C.<\/td>\n<\/tr>\n<tr style=\"height: 124px;\">\n<td style=\"width: 17.5949%; height: 124px;\" width=\"134\"><strong>D\u1ee5ng c\u1ee5<\/strong><\/td>\n<td style=\"width: 124.52%; height: 124px;\" colspan=\"2\" width=\"631\">Rulo chuy\u00ean d\u1ee5ng, ch\u1ed5i s\u01a1n, s\u00fang phun.<\/p>\n<p>Thi\u1ebft b\u1ecb phun ch\u00e2n kh\u00f4ng c\u00f3 k\u00edch th\u01b0\u1edbc \u0111\u1ea7u phun D=0.43 \u00f7 0.65mm, \u00e1p su\u1ea5t t\u1ea1i \u0111\u1ea7u s\u00fang phun 15 MPa (150kp\/cm<sup>2<\/sup>) v\u00e0 g\u00f3c phun t\u1eeb 40<sup>o<\/sup> \u0111\u1ebfn 65<sup>0<\/sup>.<\/td>\n<\/tr>\n<tr style=\"height: 187px;\">\n<td style=\"width: 17.5949%; height: 187px;\" width=\"134\"><strong>\u0110\u00f3ng g\u00f3i<\/strong><\/td>\n<td style=\"width: 124.52%; height: 187px;\" colspan=\"2\" width=\"631\">Khu\u1ea5y \u0111\u1ec1u tr\u01b0\u1edbc khi s\u1eed d\u1ee5ng<\/p>\n<p>Nhi\u1ec7t \u0111\u1ed9 b\u1ec1 m\u1eb7t thi c\u00f4ng t\u1ed1i thi\u1ec3u \u0111\u1ea1t 10 <sup>0<\/sup>C v\u00e0 cao h\u01a1n 5<sup>0<\/sup>C so v\u1edbi \u0111i\u1ec3m s\u01b0\u01a1ng c\u1ee7a kh\u00f4ng kh\u00ed. \u0110\u1ed9 \u00a0\u00a0\u00a0\u1ea9m m\u00f4i tr\u01b0\u1eddng thi c\u00f4ng \u226485%.<\/p>\n<p>Th\u1eddi gian kh\u00f4 ph\u1ee5 thu\u1ed9c v\u00e0o nhi\u1ec7t \u0111\u1ed9, \u0111\u1ed9 \u1ea9m, m\u1ee9c \u0111\u1ed9 th\u00f4ng tho\u00e1ng c\u1ee7a m\u00f4i tr\u01b0\u1eddng thi c\u00f4ng. Nhi\u1ec7t \u00a0\u0111\u1ed9 cao v\u00e0 th\u00f4ng tho\u00e1ng t\u1ed1t gi\u00fap cho s\u01a1n kh\u00f4 nhanh h\u01a1n<\/td>\n<\/tr>\n<tr style=\"height: 187px;\">\n<td style=\"width: 17.5949%; height: 187px;\" width=\"134\"><strong>L\u01b0u \u00fd<\/strong><\/td>\n<td style=\"width: 124.52%; height: 187px;\" colspan=\"2\" width=\"631\">Khu\u1ea5y \u0111\u1ec1u tr\u01b0\u1edbc khi s\u1eed d\u1ee5ng<\/p>\n<p>Nhi\u1ec7t \u0111\u1ed9 b\u1ec1 m\u1eb7t thi c\u00f4ng t\u1ed1i thi\u1ec3u \u0111\u1ea1t 10 <sup>0<\/sup>C v\u00e0 cao h\u01a1n 5<sup>0<\/sup>C so v\u1edbi \u0111i\u1ec3m s\u01b0\u01a1ng c\u1ee7a kh\u00f4ng kh\u00ed. \u0110\u1ed9 \u1ea9m m\u00f4i tr\u01b0\u1eddng thi c\u00f4ng \u226485%.<\/p>\n<p>Th\u1eddi gian kh\u00f4 ph\u1ee5 thu\u1ed9c v\u00e0o nhi\u1ec7t \u0111\u1ed9, \u0111\u1ed9 \u1ea9m, m\u1ee9c \u0111\u1ed9 th\u00f4ng tho\u00e1ng c\u1ee7a m\u00f4i tr\u01b0\u1eddng thi c\u00f4ng. Nhi\u1ec7t \u0111\u1ed9 \u00a0cao v\u00e0 th\u00f4ng tho\u00e1ng t\u1ed1t gi\u00fap cho s\u01a1n kh\u00f4 nhanh h\u01a1n.<\/td>\n<\/tr>\n<tr style=\"height: 303px;\">\n<td style=\"width: 17.5949%; height: 303px;\" width=\"134\"><strong>S\u1ee9c kh\u1ecfe v\u00e0 an to\u00e0n<\/strong><\/td>\n<td style=\"width: 124.52%; height: 303px;\" colspan=\"2\" width=\"631\">\u0110\u1ec3 xa t\u1ea7m tay tr\u1ebb em.<\/p>\n<p>\u0110\u1ea3m b\u1ea3o th\u00f4ng tho\u00e1ng t\u1ed1t khi thi c\u00f4ng v\u00e0 ch\u1edd kh\u00f4. Tr\u00e1nh h\u00edt ph\u1ea3i b\u1ee5i s\u01a1n.<\/p>\n<p>N\u00ean \u0111eo k\u00ednh b\u1ea3o h\u1ed9 khi thi c\u00f4ng. Tr\u01b0\u1eddng h\u1ee3p s\u01a1n d\u00ednh v\u00e0o m\u1eaft, r\u1eeda v\u1edbi nhi\u1ec1u n\u01b0\u1edbc s\u1ea1ch v\u00e0 \u0111i \u0111\u1ebfn c\u01a1 \u00a0s\u1edf y t\u1ebf ngay.<\/p>\n<p>D\u00f9ng dung m\u00f4i th\u00edch h\u1ee3p \u0111\u1ec3 ch\u00f9i s\u1ea1ch s\u01a1n d\u00ednh v\u00e0o da, sau \u0111\u00f3 d\u00f9ng n\u01b0\u1edbc v\u00e0 x\u00e0 ph\u00f2ng \u0111\u1ec3 r\u1eeda \u00a0s\u1ea1ch.<\/p>\n<p>C\u1ea9n th\u1eadn khi v\u1eadn chuy\u1ec3n s\u01a1n. N\u1ebfu \u0111\u1ed5 s\u01a1n th\u00ec thu gom b\u1eb1ng c\u00e1ch r\u1ea3i \u0111\u1ea5t ho\u1eb7c c\u00e1t.<\/p>\n<p>KH\u00d4NG \u0110\u01af\u1ee2C \u0110\u1ed4 S\u01a0N RA C\u1ed0NG R\u00c3NH HO\u1eb6C NGU\u1ed2N N\u01af\u1edaC.<\/td>\n<\/tr>\n<\/tbody>\n<\/table>\n<p>Xem th\u00eam: <a href=\"https:\/\/sonsanepoxy.com.vn\/son-epoxy-la-gi\/\"><span style=\"color: #0000ff;\"><strong>S\u01a1n Epoxy<\/strong><\/span><\/a><\/p>\n","protected":false},"excerpt":{"rendered":"<p>JONES<sup>\u00ae<\/sup> WEPO l\u00e0 lo\u1ea1i s\u01a1n l\u00f3t Epoxy h\u1ec7 n\u01b0\u1edbc g\u1ed3m 2 th\u00e0nh ph\u1ea7n.<\/p>\n<p>\u0110\u01b0\u1ee3c s\u1eed d\u1ee5ng nh\u01b0 l\u00e0 l\u1edbp s\u01a1n l\u00f3t tr\u00ean n\u1ec1n b\u00ea t\u00f4ng \u0111\u1ec3 t\u0103ng \u0111\u1ed9 b\u00e1m d\u00ednh cho l\u1edbp s\u01a1n ho\u00e0n thi\u1ec7n.<\/p>\n","protected":false},"featured_media":55,"comment_status":"open","ping_status":"closed","template":"","meta":[],"product_brand":[],"product_cat":[17,18],"product_tag":[],"class_list":{"0":"post-25","1":"product","2":"type-product","3":"status-publish","4":"has-post-thumbnail","6":"product_cat-hang-son","7":"product_cat-son-epoxy-joton","9":"first","10":"instock","11":"sale","12":"shipping-taxable","13":"purchasable","14":"product-type-simple"},"_links":{"self":[{"href":"https:\/\/sonsanepoxy.vn\/index.php\/wp-json\/wp\/v2\/product\/25","targetHints":{"allow":["GET"]}}],"collection":[{"href":"https:\/\/sonsanepoxy.vn\/index.php\/wp-json\/wp\/v2\/product"}],"about":[{"href":"https:\/\/sonsanepoxy.vn\/index.php\/wp-json\/wp\/v2\/types\/product"}],"replies":[{"embeddable":true,"href":"https:\/\/sonsanepoxy.vn\/index.php\/wp-json\/wp\/v2\/comments?post=25"}],"wp:featuredmedia":[{"embeddable":true,"href":"https:\/\/sonsanepoxy.vn\/index.php\/wp-json\/wp\/v2\/media\/55"}],"wp:attachment":[{"href":"https:\/\/sonsanepoxy.vn\/index.php\/wp-json\/wp\/v2\/media?parent=25"}],"wp:term":[{"taxonomy":"product_brand","embeddable":true,"href":"https:\/\/sonsanepoxy.vn\/index.php\/wp-json\/wp\/v2\/product_brand?post=25"},{"taxonomy":"product_cat","embeddable":true,"href":"https:\/\/sonsanepoxy.vn\/index.php\/wp-json\/wp\/v2\/product_cat?post=25"},{"taxonomy":"product_tag","embeddable":true,"href":"https:\/\/sonsanepoxy.vn\/index.php\/wp-json\/wp\/v2\/product_tag?post=25"}],"curies":[{"name":"wp","href":"https:\/\/api.w.org\/{rel}","templated":true}]}}