{"id":157,"date":"2026-05-05T08:20:01","date_gmt":"2026-05-05T08:20:01","guid":{"rendered":"https:\/\/sonsanepoxy.vn\/?post_type=product&#038;p=157"},"modified":"2026-05-05T08:20:16","modified_gmt":"2026-05-05T08:20:16","slug":"son-epoxy-phu-trong-nha-ngoai-troi-kcc-et5740-mau-cam-do","status":"publish","type":"product","link":"https:\/\/sonsanepoxy.vn\/index.php\/san-pham\/son-epoxy-phu-trong-nha-ngoai-troi-kcc-et5740-mau-cam-do\/","title":{"rendered":"S\u01a1n epoxy ph\u1ee7 trong nh\u00e0\/ngo\u00e0i tr\u1eddi KCC ET5740 &#8211; M\u00e0u cam \u0111\u1ecf"},"content":{"rendered":"<table width=\"102%\">\n<tbody>\n<tr>\n<td width=\"16%\"><strong>M\u00f4 t\u1ea3 &amp; \u1ee8ng d\u1ee5ng<\/strong><\/td>\n<td width=\"85%\">ET5740 l\u00e0 s\u01a1n ph\u1ee7 Epoxy \u0111a n\u0103ng hai th\u00e0nh ph\u1ea7n, kh\u00f4 nhanh, l\u1edbp ph\u1ee7 ho\u00e0n thi\u1ec7n g\u1ed1c nh\u1ef1a polyurethane, c\u00f3 kh\u1ea3 n\u0103ng kh\u00e1ng r\u1ea5t t\u1ed1t c\u00e1c h\u00f3a ch\u1ea5t nh\u01b0 a-xit, ki\u1ec1m, dung m\u00f4i, mu\u1ed1i v\u00e0 n\u01b0\u1edbc, s\u01a1n ET5740 chuy\u00ean \u0111\u01b0\u1ee3c s\u1eed d\u1ee5ng \u0111\u01b0\u1ee3c cho c\u1ea3 trong v\u00e0 ngo\u00e0i nh\u00e0<\/td>\n<\/tr>\n<tr>\n<td width=\"16%\"><strong>\u0110\u1eb7c t\u00ednh<\/strong><\/td>\n<td width=\"85%\">L\u00e0 m\u1ed9t l\u1edbp ph\u1ee7 ho\u00e0n thi\u1ec7n cho k\u1ebft c\u1ea5u th\u00e9p v\u00e0 b\u00ea t\u00f4ng n\u1eb1m b\u00ean d\u01b0\u1edbi h\u00f3a ch\u1ea5t nghi\u00eam tr\u1ecdng hay trong \u0111i\u1ec1u ki\u1ec7n th\u1eddi ti\u1ebft \u0103n m\u00f2n. S\u1ea3n ph\u1ea9m th\u01b0\u1eddng d\u00f9ng cho k\u1ebft c\u1ea5u b\u00ea t\u00f4ng v\u00e0 th\u00e9p c\u1ee7a khu v\u1ef1c nh\u01b0 c\u1ea7u \u0111\u01b0\u1eddng, ban c\u00f4ng\u2026<\/td>\n<\/tr>\n<tr>\n<td width=\"16%\"><strong>Th\u00f4ng s\u1ed1 k\u1ef9 thu\u1eadt<\/strong><\/td>\n<td width=\"85%\">\n<table width=\"974\">\n<tbody>\n<tr>\n<td colspan=\"3\" width=\"974\"><strong>D\u1eee LI\u1ec6U V\u1eacT L\u00dd<\/strong><\/td>\n<\/tr>\n<tr>\n<td width=\"186\">M\u00e0u s\u01a1n ho\u00e0n thi\u1ec7n<\/td>\n<td width=\"787\">m\u00e0u c\u01a1 b\u1ea3n, m\u00e0u v\u00e0ng , cam \u0111\u1ecf<\/td>\n<td width=\"1\"><\/td>\n<\/tr>\n<tr>\n<td width=\"186\">Th\u00e0nh ph\u1ea7n ch\u1ea5t r\u1eafn<\/td>\n<td width=\"787\">X\u1ea5p x\u1ec9 60 %( \u0110\u01b0\u1ee3c quy\u1ebft \u0111\u1ecbnh b\u1ee1i ISO 3233 )<\/td>\n<td width=\"1\"><\/td>\n<\/tr>\n<tr>\n<td width=\"186\">T\u1ef7 tr\u1ecdng<\/td>\n<td width=\"787\">X\u1ea5p x\u1ec9 1.2 kg\/L t\u00f9y theo m\u00e0u s\u1eafc<\/td>\n<td width=\"1\"><\/td>\n<\/tr>\n<tr>\n<td width=\"186\">\u0110i\u1ec3m ch\u1edbp ch\u00e1y<\/td>\n<td width=\"787\">ET5740 PTA: 23\u1d3cC\/74\u1d3cF ( Closed Cup )<\/p>\n<p>ET5740 PTB: 27\u1d3cC\/81\u1d3cF ( Closed Cup )<\/td>\n<td width=\"1\"><\/td>\n<\/tr>\n<tr>\n<td width=\"186\">S\u01a1n l\u00f3t<\/td>\n<td width=\"787\">H\u1ec7 th\u1ed1ng l\u1edbp s\u01a1n l\u00f3t \u0111\u1ec1 ngh\u1ecb: EP170QD, EH2350<\/td>\n<td width=\"1\"><\/td>\n<\/tr>\n<tr>\n<td width=\"186\">\u0110\u1ec1 kh\u00e1ng nhi\u1ec7t \u0111\u1ed9<\/td>\n<td width=\"787\">Li\u00ean t\u1ee5c 93\u1d3cC\/200\u1d3cF<\/p>\n<p>Kh\u00f4ng li\u00ean t\u1ee5c: 121\u1d3cC\/250\u1d3cF<\/td>\n<td width=\"1\"><\/td>\n<\/tr>\n<tr>\n<td width=\"186\">Kh\u1ea3 n\u0103ng kh\u00e1ng h\u00f3a ch\u1ea5t<\/td>\n<td width=\"787\">&nbsp;<\/p>\n<table width=\"634\">\n<tbody>\n<tr>\n<td width=\"106\"><\/td>\n<td width=\"106\">Acid<\/td>\n<td width=\"106\">Ki\u1ec1m<\/td>\n<td width=\"106\">Dung m\u00f4i<\/td>\n<td width=\"106\">Mu\u1ed1i<\/td>\n<td width=\"106\">N\u01b0\u1edbc<\/td>\n<\/tr>\n<tr>\n<td>Vung v\u00e3i ho\u1eb7c \u0111\u1ed5<\/td>\n<td>T\u1ed1t<\/td>\n<td>T\u1ed1t<\/td>\n<td>R\u1ea5t t\u1ed1t<\/td>\n<td>Xu\u1ea5t s\u1eafc<\/td>\n<td>Xu\u1ea5t s\u1eafc<\/td>\n<\/tr>\n<tr>\n<td>D\u1ea1ng h\u01a1i<\/td>\n<td>T\u1ed1t<\/td>\n<td>Xu\u1ea5t s\u1eafc<\/td>\n<td>Xu\u1ea5t s\u1eafc<\/td>\n<td>Xu\u1ea5t s\u1eafc<\/td>\n<td>Xu\u1ea5t s\u1eafc<\/td>\n<\/tr>\n<\/tbody>\n<\/table>\n<\/td>\n<td width=\"1\"><\/td>\n<\/tr>\n<tr>\n<td width=\"186\">Th\u1eddi gian kh\u00f4<\/td>\n<td width=\"787\">\n<table width=\"634\">\n<tbody>\n<tr>\n<td width=\"195\">Nhi\u1ec7t \u0111\u1ed9<\/td>\n<td width=\"139\">5 \u00baC\/ 41 \u00baF<\/td>\n<td width=\"150\">20 \u00baC\/ 68 \u00baF<\/td>\n<td width=\"150\">30 \u00baC\/ 86 \u00baF<\/td>\n<\/tr>\n<tr>\n<td>Th\u1eddi gian kh\u00f4 ch\u1ea1m tay<\/td>\n<td>10 gi\u1edd<\/td>\n<td>3 gi\u1edd<\/td>\n<td>2 gi\u1edd<\/td>\n<\/tr>\n<tr>\n<td>Th\u1eddi gian kh\u00f4 \u0111\u00f3ng r\u1eafn<\/td>\n<td>48 gi\u1edd<\/td>\n<td>24 gi\u1edd<\/td>\n<td>20 gi\u1edd<\/td>\n<\/tr>\n<\/tbody>\n<\/table>\n<\/td>\n<td width=\"1\"><\/td>\n<\/tr>\n<tr>\n<td width=\"186\">\u0110\u1ed9 ph\u1ee7 l\u00fd thuy\u1ebft<\/td>\n<td width=\"787\">1 l\u00edt s\u01a1n ph\u1ee7 epoxy KCC ET5740 s\u01a1n \u0111\u01b0\u1ee3c 10m2 v\u1edbi \u0111\u1ed9 d\u00e0y m\u00e0ng s\u01a1n khi kh\u00f4 l\u00e0 100 micron tr\u00ean b\u1ec1 m\u1eb7t l\u00e1ng m\u1ecbn<\/td>\n<td width=\"1\"><\/td>\n<\/tr>\n<\/tbody>\n<\/table>\n<\/td>\n<\/tr>\n<tr>\n<td width=\"16%\"><strong>Chu\u1ea9n b\u1ecb b\u1ec1 m\u1eb7t<\/strong><\/td>\n<td width=\"85%\">Lo\u1ea1i b\u1ecf t\u1ea5t c\u1ea3 d\u1ea7u v\u00e0 d\u1ea7u m\u1ee1, ch\u1ea5t b\u1ea9n v\u00e0 ch\u1ea5t g\u00e2y \u00f4 nhi\u1ec5m t\u1eeb b\u1ec1 m\u1eb7t b\u1eb1ng ph\u01b0\u01a1ng ph\u00e1p d\u00f9ng dung m\u00f4i t\u1ea9y v\u00e0 n\u01b0\u1edbc s\u1ea1ch c\u1ecd r\u1eeda.v.v..<\/p>\n<p>Ph\u01b0\u01a1ng ph\u00e1p l\u00e0m s\u1ea1ch b\u1ec1 m\u1eb7t th\u00e9p: Blast s\u1ea1ch Sa 2.5 ho\u1eb7c d\u1ee5ng c\u1ee5 \u0111i\u1ec7n l\u00e0m s\u1ea1ch \u0111\u1ec3 ST3<\/p>\n<p>\u0110\u1ea3m b\u1ea3o b\u1ec1 m\u1eb7t ph\u1ea3i ch\u1eafc ch\u1eafn kh\u00f4 v\u00e0 s\u1ea1ch.<\/p>\n<p>Kh\u00f4ng thi c\u00f4ng ET5740 khi \u0111\u1ed9 \u1ea9m t\u01b0\u01a1ng \u0111\u1ed1i tr\u00ean 85%.<\/p>\n<p>Nhi\u1ec7t \u0111\u1ed9 b\u1ec1 m\u1eb7t n\u00ean \u00edt nh\u1ea5t 2.7\u1d3cC( 5\u1d3cF ) tr\u00ean \u0111i\u1ec3m ng\u01b0ng t\u1ee5 s\u01b0\u01a1ng.<\/p>\n<p>Trong v\u00f9ng gi\u1edbi h\u1ea1n, th\u00f4ng gi\u00f3 t\u1ea1o kh\u00f4ng kh\u00ed s\u1ea1ch trong su\u1ed1t qu\u00e1 tr\u00ecnh thi c\u00f4ng nh\u1eb1m b\u1ea3o v\u1ec7 s\u1ee9c kh\u1ecfe c\u0169ng nh\u01b0 h\u1ed7 tr\u1ee3 s\u1ef1 bay h\u01a1i c\u1ee7a dung m\u00f4i( l\u00e0m kh\u00f4 s\u01a1n nhanh ch\u00f3ng )<\/td>\n<\/tr>\n<tr>\n<td width=\"16%\"><em>\u00a0<\/em><\/p>\n<p><em>\u00a0<\/em><\/p>\n<p><strong>Thi c\u00f4ng<\/strong><\/td>\n<td width=\"85%\">B\u1ed9t m\u00e0u( PTA ): Ch\u1ea5t \u0111\u00f3ng r\u1eafn( PTB ) = 2 : 1 ( Theo th\u1ec3 t\u00edch )<\/p>\n<p>Ch\u1ec9 tr\u1ed9n ET5740 theo t\u1ef7 l\u1ec7 \u0111\u00e3 \u0111\u01b0\u1ee3c cung c\u1ea5p, kh\u00f4ng chia nh\u1ecf hay thay \u0111\u1ed5i<\/p>\n<p>Khu\u1ea5y k\u1ef9 b\u1ed9t m\u00e0u tr\u01b0\u1edbc khi tr\u1ed9n<\/p>\n<p>\u0110\u1ed5 ch\u1ea5t \u0111\u00f3ng r\u1eafn v\u00e0o th\u00f9ng \u0111\u1ef1ng b\u1ed9t m\u00e0u trong khi khu\u1ea5y.<\/p>\n<p>Kh\u00f4ng \u0111\u1ed5 b\u1ed9t m\u00e0u v\u00e0o th\u00f9ng \u0111\u1ef1ng ch\u1ea5t \u0111\u1ed1ng r\u1eafn<\/p>\n<p>S\u1eed d\u1ee5ng rulo hay s\u00fang(kh\u00f4ng kh\u00ed\/ ch\u00e2n kh\u00f4ng)<\/p>\n<p>K\u00edch th\u01b0\u1edbc l\u1ed7 van h\u01a1i: 0.019\u2033 \u2013 0.031\u2033, 483 \u00b5m ~ 787 \u00b5m<\/p>\n<p>\u00c1p xu\u1ea5t ng\u1ecf ra: 11.7 MPa ~ 15.2 MPa<\/p>\n<p>Qu\u1ea1t s\u00e0n: 40 ~ 60 ( T\u00e0i li\u1ec7u s\u00fang phun ch\u00e2n kh\u00f4ng th\u00ec \u0111\u01b0\u1ee3c ch\u1ec9 \u0111\u1ecbnh v\u00e0 ch\u1ecbu s\u1ef1 \u0111i\u1ec1u ch\u1ec9nh)<\/p>\n<p>H\u1ec7 th\u1ed1ng l\u1edbp s\u01a1n l\u00f3t \u0111\u1ec1 ngh\u1ecb: EP170QD, EH2350<\/p>\n<p>\u0110\u1ed9 d\u00e0y m\u00e0ng s\u01a1n c\u00f3 th\u1ec3 th\u1ea3y \u0111\u1ed5i t\u00f9y v\u00e0o khu v\u1ef1c v\u00e0 m\u1ee5c \u0111\u00edch s\u1eed d\u1ee5ng<\/p>\n<p>Dung m\u00f4i pha lo\u00e3ng: Thinner 024, kh\u00f4ng pha ri\u00eang l\u1ebd, ch\u1ec9 pha khi \u0111\u00e3 tr\u1ed9n<\/p>\n<p>\u0110\u1ed9 d\u00e0y khi kh\u00f4 c\u1ee7a ET5740: 100 \u00b5m<\/p>\n<p>C\u00f3 th\u1ec3 thi c\u00f4ng \u0111\u1ed9 d\u00e0y kh\u00e1c t\u00f9y theo m\u1ee5c \u0111\u00edch c\u1ee7a khu v\u1ef1c s\u1eed d\u1ee5ng<\/p>\n<p>Th\u1eddi gian l\u1edbp s\u01a1n k\u1ebf ti\u1ebfp: T\u1ea1i 20\u1d3cC\/68\u1d3cF<\/p>\n<p>Nh\u1ecf nh\u1ea5t : 8h<\/p>\n<p>L\u1edbn nh\u1ea5t : T\u1ef1 do<\/p>\n<p>T\u1ea9y d\u1ea7u, m\u1ee1, ch\u1ea5t b\u1ea9n v\u00e0 c\u00e1c ch\u1ea5t \u00f4 nhi\u1ec5m kh\u00e1c tr\u01b0\u1edbc khi \u00e1p d\u1ee5ng s\u01a1n l\u00ean b\u1ec1 m\u1eb7t; b\u1eb1ng c\u00e1c ph\u01b0\u01a1ng th\u1ee9c th\u00edch h\u1ee3p nh\u01b0 dung m\u00f4i ch\u00f9i r\u1eeda, phun n\u01b0\u1edbc<\/p>\n<p>Th\u00f4ng gi\u00f3: Trong qu\u00e1 tr\u00ecnh s\u01a1n v\u00e0 kh\u00f4 c\u1ea7n duy tr\u00ec h\u1ec7 th\u1ed1ng th\u00f4ng gi\u00f3 ph\u00f9 h\u1ee3p \u0111\u1ea3m b\u1ea3o cho s\u1ef1 bay h\u01a1i c\u1ee7a dung m\u00f4i<\/td>\n<\/tr>\n<tr>\n<td width=\"16%\"><strong>D\u1ee5ng c\u1ee5 thi c\u00f4ng <\/strong><\/td>\n<td width=\"85%\">Qu\u1ea7n \u00e1o b\u1ea3o h\u1ed9 lao \u0111\u1ed9ng<\/p>\n<p>\u0110eo g\u0103ng tay<\/p>\n<p>\u0110eo kh\u1ea9u trang v\u00e0 k\u00ednh m\u1eaft<\/p>\n<p>S\u01a1n ph\u1ee7 Epoxy \u0111a n\u0103ng ET5740<\/p>\n<p>S\u01a1n l\u00f3t KCC<\/p>\n<p>Dung m\u00f4i<\/p>\n<p>Rulo hay s\u00fang(kh\u00f4ng kh\u00ed\/ ch\u00e2n kh\u00f4ng)<\/p>\n<p>V\u00e0 c\u00e1c d\u1ee5ng c\u1ee5 kh\u00e1c,\u2026<\/td>\n<\/tr>\n<tr>\n<td width=\"16%\"><strong>\u0110\u00f3ng g\u00f3i<\/strong><\/td>\n<td width=\"85%\">\u0110\u00f3ng g\u00f3i: B\u1ed9 16L ( TPA (ph\u1ea7n s\u01a1n) l\u00e0 10.7L v\u00e0 TPB (ch\u1ea5t \u0111\u00f3ng r\u1eafn) l\u00e0 5.3L )<\/td>\n<\/tr>\n<tr>\n<td width=\"16%\"><strong>L\u01b0u \u00fd<\/strong><\/td>\n<td width=\"85%\">N\u00ean \u0111\u1ec3 s\u01a1n ph\u1ee7 Epoxy \u0111a n\u0103ng ET5740 tr\u00e1nh xa t\u1ea7m tay c\u1ee7a tr\u1ebb em<\/p>\n<p>Khi thi c\u00f4ng n\u00ean m\u1eb7c \u0111\u1ed3 b\u1ea3o h\u1ed9, \u0111eo g\u0103ng tay, kh\u1ea9u trang v\u00e0 m\u1eaft k\u00ednh<\/p>\n<p>Tuy\u1ec7t \u0111\u1ed1i kh\u00f4ng n\u00ean \u0111\u1ec3 s\u01a1n d\u00ednh l\u00ean m\u1eaft, m\u0169i, mi\u1ec7ng v\u00e0 da<\/p>\n<p>Kh\u00f4ng \u0111\u01b0\u1ee3c \u0103n u\u1ed1ng hay h\u00fat thu\u1ed1c khi \u0111ang s\u1eed d\u1ee5ng s\u01a1n ph\u1ee7<\/p>\n<p>Kh\u00f4ng \u0111\u01b0\u1ee3c h\u00edt m\u00f9i kh\u00ed b\u1ee5i c\u1ee7a s\u01a1n qu\u00e1 l\u00e2u<\/p>\n<p>Khi s\u1eed d\u1ee5ng xong ph\u1ea3i v\u1ee9t r\u00e1c \u0111\u00fang n\u01a1i quy \u0111\u1ecbnh c\u1ee7a \u0111\u1ecba ph\u01b0\u01a1ng<\/p>\n<p>V\u00e0 ph\u1ea3i s\u1eed d\u1ee5ng \u0111\u1ea7y \u0111\u1ee7 qu\u1ea1t th\u00f4ng gi\u00f3<\/p>\n<p>N\u1ebfu b\u1ecb s\u01a1n d\u00ednh l\u00ean m\u1eaft th\u00ec ph\u1ea3i r\u1eeda ngay v\u1edbi n\u01b0\u1edbc s\u1ea1ch<\/p>\n<p>Ho\u1eb7c c\u00f3 tri\u1ec7u ch\u1ee9ng b\u1ea5t th\u01b0\u1eddng th\u00ec \u0111\u1ebfn g\u1eb7p ngay b\u00e1c s\u0129 n\u01a1i g\u1ea7n nh\u1ea5t \u0111\u1ec3 \u0111\u01b0\u1ee3c chu\u1ea9n \u0111o\u00e1n k\u1ecbp th\u1eddi<\/td>\n<\/tr>\n<tr>\n<td width=\"16%\"><strong>S\u1ee9c kh\u1ecfe v\u00e0 an to\u00e0n<\/strong><\/td>\n<td width=\"85%\">B\u1ea3o v\u1ec7 da v\u00e0 m\u1eaft, v\u00e0 tr\u00e1nh h\u00edt v\u00e0o h\u01a1i c\u1ee7a dung m\u00f4i.<\/p>\n<p>S\u1eed d\u1ee5ng \u0111\u1ea7y \u0111\u1ee7 th\u00f4ng gi\u00f3<\/p>\n<p>Khuy\u1ebfn c\u00e1o n\u00ean b\u1ea3o v\u1ec7 h\u00f4 h\u1ea5p khi thi c\u00f4ng s\u1ea3n ph\u1ea9m trong khu v\u1ef1c gi\u1edbi h\u1ea1n hay khu v\u1ef1c thi\u1ebfu kh\u00f4ng kh\u00ed.<\/p>\n<p>Trong h\u1ed7n h\u1ee3p c\u00f3 ch\u1ee9a dung m\u00f4i d\u1ec5 ch\u00e1y, khi v\u1eadn chuy\u1ec3n, s\u1eed d\u1ee5ng, hay \u0111\u1ec3 trong nh\u00e0<\/p>\n<p>kho n\u00ean \u0111\u1ec3 tr\u00e1nh xa c\u00e1c ngu\u1ed3n l\u1eeda, n\u01a1i d\u1ec5 b\u1eaft ch\u00e1y.<\/p>\n<p>N\u00ean l\u01b0u tr\u1eef n\u01a1i kh\u00f4 r\u00e1o, \u0111\u00f3ng ch\u1eb7t n\u1eafp th\u00f9ng sau khi s\u1eed d\u1ee5ng.<\/td>\n<\/tr>\n<\/tbody>\n<\/table>\n<p>Xem th\u00eam: <span style=\"color: #0000ff;\"><strong><a style=\"color: #0000ff;\" href=\"https:\/\/sonsanepoxy.com.vn\/son-epoxy-la-gi\/\">S\u01a1n Epoxy<\/a><\/strong><\/span><\/p>\n<p>&nbsp;<\/p>\n","protected":false},"excerpt":{"rendered":"<p>ET5740 l\u00e0 s\u01a1n ph\u1ee7 Epoxy \u0111a n\u0103ng hai th\u00e0nh ph\u1ea7n, kh\u00f4 nhanh, l\u1edbp ph\u1ee7 ho\u00e0n thi\u1ec7n g\u1ed1c nh\u1ef1a polyurethane, c\u00f3 kh\u1ea3 n\u0103ng kh\u00e1ng r\u1ea5t t\u1ed1t c\u00e1c h\u00f3a ch\u1ea5t nh\u01b0 a-xit, ki\u1ec1m, dung m\u00f4i, mu\u1ed1i v\u00e0 n\u01b0\u1edbc, s\u01a1n ET5740 chuy\u00ean \u0111\u01b0\u1ee3c s\u1eed d\u1ee5ng \u0111\u01b0\u1ee3c cho c\u1ea3 trong v\u00e0 ngo\u00e0i nh\u00e0<\/p>\n","protected":false},"featured_media":186,"comment_status":"open","ping_status":"closed","template":"","meta":[],"product_brand":[],"product_cat":[17,19],"product_tag":[],"class_list":{"0":"post-157","1":"product","2":"type-product","3":"status-publish","4":"has-post-thumbnail","6":"product_cat-hang-son","7":"product_cat-son-epoxy-kcc","9":"first","10":"instock","11":"shipping-taxable","12":"purchasable","13":"product-type-variable"},"_links":{"self":[{"href":"https:\/\/sonsanepoxy.vn\/index.php\/wp-json\/wp\/v2\/product\/157","targetHints":{"allow":["GET"]}}],"collection":[{"href":"https:\/\/sonsanepoxy.vn\/index.php\/wp-json\/wp\/v2\/product"}],"about":[{"href":"https:\/\/sonsanepoxy.vn\/index.php\/wp-json\/wp\/v2\/types\/product"}],"replies":[{"embeddable":true,"href":"https:\/\/sonsanepoxy.vn\/index.php\/wp-json\/wp\/v2\/comments?post=157"}],"wp:featuredmedia":[{"embeddable":true,"href":"https:\/\/sonsanepoxy.vn\/index.php\/wp-json\/wp\/v2\/media\/186"}],"wp:attachment":[{"href":"https:\/\/sonsanepoxy.vn\/index.php\/wp-json\/wp\/v2\/media?parent=157"}],"wp:term":[{"taxonomy":"product_brand","embeddable":true,"href":"https:\/\/sonsanepoxy.vn\/index.php\/wp-json\/wp\/v2\/product_brand?post=157"},{"taxonomy":"product_cat","embeddable":true,"href":"https:\/\/sonsanepoxy.vn\/index.php\/wp-json\/wp\/v2\/product_cat?post=157"},{"taxonomy":"product_tag","embeddable":true,"href":"https:\/\/sonsanepoxy.vn\/index.php\/wp-json\/wp\/v2\/product_tag?post=157"}],"curies":[{"name":"wp","href":"https:\/\/api.w.org\/{rel}","templated":true}]}}