{"id":12402,"date":"2026-05-05T08:20:44","date_gmt":"2026-05-05T08:20:44","guid":{"rendered":"https:\/\/sonsanepoxy.vn\/?post_type=product&#038;p=12402"},"modified":"2026-05-05T08:20:59","modified_gmt":"2026-05-05T08:20:59","slug":"polyurethan-be-mat-bong-reu030","status":"publish","type":"product","link":"https:\/\/sonsanepoxy.vn\/index.php\/san-pham\/polyurethan-be-mat-bong-reu030\/","title":{"rendered":"POLYURETHAN B\u1ec0 M\u1eb6T\u00a0 B\u00d3NG REU030"},"content":{"rendered":"<p style=\"text-align: justify;\"><b>M\u00d4 T\u1ea2 CHUNG<\/b><\/p>\n<p style=\"text-align: justify;\"><span style=\"font-weight: 400;\">L\u00e0 d\u00f2ng s\u01a1n \u0111\u01b0\u1ee3c t\u1ea1o ra b\u1edfi s\u1ef1 li\u00ean k\u1ebft ph\u1ea3n \u1ee9ng gi\u1eefa nh\u1ef1a polyurethane v\u00e0 ch\u1ea5t \u0111\u00f4ng c\u1ee9ng Isocyanate, v\u00e0 c\u00e1c ch\u1ea5t ph\u1ee5 gia c\u00f3 \u0111\u1ed9 b\u1ec1n cao, kh\u00e1ng UV.<\/span><\/p>\n<p style=\"text-align: justify;\"><b>\u0110\u1eb6C \u0110I\u1ec2M<\/b><\/p>\n<p style=\"text-align: justify;\"><span style=\"font-weight: 400;\">T\u1ea1o l\u1edbp ph\u1ee7 b\u00f3ng m\u1ecbn v\u00e0 b\u1ec1n \u0111\u1eb9p, ch\u1ecbu \u0111\u01b0\u1ee3c m\u00e0i<\/span><\/p>\n<p style=\"text-align: justify;\"><span style=\"font-weight: 400;\">m\u00f2n, h\u00f3a ch\u1ea5t v\u00e0 b\u1ec1n th\u1eddi ti\u1ebft..<\/span><\/p>\n<p style=\"text-align: justify;\"><b>\u1ee8NG D\u1ee4NG<\/b><\/p>\n<p style=\"text-align: justify;\"><span style=\"font-weight: 400;\">L\u00e0 d\u00f2ng s\u01a1n c\u00f3 kh\u1ea3 n\u0103ng kh\u00e1ng h\u00f3a ch\u1ea5t t\u1ed1t v\u00e0 \u0111\u1ed9 b\u1ec1n th\u1eddi ti\u1ebft cao, th\u00edch h\u1ee3p v\u1edbi nhi\u1ec1u lo\u1ea1i b\u1ec1 m\u1eb7t v\u1eadt li\u1ec7u bao g\u1ed3m b\u00ea t\u00f4ng, kim lo\u1ea1i, g\u1ed7 n\u00ean \u0111\u01b0\u1ee3c<\/span><\/p>\n<p style=\"text-align: justify;\"><span style=\"font-weight: 400;\">s\u1eed d\u1ee5ng r\u1ed9ng r\u00e3i trong c\u00f4ng nghi\u1ec7p, nh\u01b0 l\u00e0m l\u1edbp ph\u1ee7 cho c\u00e1c k\u1ebft c\u1ea5u th\u00e9p, th\u00e9p m\u1ea1 k\u1ebdm, t\u00e0u bi\u1ec3n, s\u00e2n th\u1ec3 thao,\u2026<\/span><\/p>\n<p style=\"text-align: justify;\"><b>TH\u00d4NG S\u1ed0 K\u0128 THU\u1eacT<\/b><\/p>\n<p style=\"text-align: justify;\"><img loading=\"lazy\" decoding=\"async\" class=\"size-full wp-image-13567 alignnone\" src=\"https:\/\/sonsanepoxy.com.vn\/wp-content\/uploads\/2024\/07\/th\u00f4ng-s\u1ed1-l\u1ef9-thu\u1eadt-2.jpg\" alt=\"POLYURETHAN B\u1ec0 M\u1eb6T\u00a0 B\u00d3NG REU030\" width=\"554\" height=\"383\" \/><\/p>\n<p style=\"text-align: justify;\"><b>\u0110I\u1ec0U KI\u1ec6N N\u00caN \u0110\u1ec2 T\u1ed4NG TR\u01af\u1edaC KHI THI C\u00d4NG:<\/b><\/p>\n<p style=\"text-align: justify;\"><span style=\"font-weight: 400;\">\u0110\u1ed9 \u1ea9m n\u1ec1n b\u00ea t\u00f4ng ph\u1ea3i d\u01b0\u1edbi 5%.<\/span><\/p>\n<p style=\"text-align: justify;\"><span style=\"font-weight: 400;\">B\u00ea t\u00f4ng ph\u1ea3i \u0111\u01b0\u1ee3c thi\u1ebft k\u1ebf, s\u1eed d\u1ee5ng h\u1ec7 th\u1ed1ng ng\u0103n \u1ea9m ho\u1eb7c ch\u1ed1ng th\u1ea5m ng\u01b0\u1ee3c.<\/span><\/p>\n<p style=\"text-align: justify;\"><span style=\"font-weight: 400;\">Lo\u1ea1i b\u1ecf d\u1ea7u, b\u1ee5i b\u1ea9n, l\u1edbp s\u01a1n c\u0169 v\u00e0 m\u00e0i nh\u1eadn to\u00e0n b\u1ed9 b\u1ec1 m\u1eb7t b\u00ea t\u00f4ng tr\u01b0\u1edbc khi thi c\u00f4ng l\u1edbp l\u00f3t.<\/span><\/p>\n<p style=\"text-align: justify;\"><b>PH\u01af\u01a0NG PH\u00c1P THI C\u00d4NG<\/b><\/p>\n<p style=\"text-align: justify;\"><span style=\"font-weight: 400;\">Th\u1eddi gian thi c\u00f4ng (25\u00b0C): 1 gi\u1edd<\/span><\/p>\n<p style=\"text-align: justify;\"><span style=\"font-weight: 400;\">\u0110\u1ed9 ph\u1ee7 l\u00fd thuy\u1ebft: L\u01b0\u1ee3ng ti\u00eau th\u1ee5 cho 1 l\u1edbp: 8 m\u00b2\/kg<\/span><\/p>\n<p style=\"text-align: justify;\"><span style=\"font-weight: 400;\">Th\u1eddi gian kh\u00f4 m\u1eb7t:\u00a0 30 ph\u00fat<\/span><\/p>\n<p style=\"text-align: justify;\"><span style=\"font-weight: 400;\">T\u1ec9 l\u1ec7 pha lo\u00e3ng: 5-10%<\/span><\/p>\n<p style=\"text-align: justify;\"><b>CH\u00da \u00dd AN TO\u00c0N:<\/b><\/p>\n<ol style=\"text-align: justify;\">\n<li style=\"font-weight: 400;\" aria-level=\"1\"><b>Ch\u1ea5t l\u1ecfng d\u1ec5 ch\u00e1y:<\/b><span style=\"font-weight: 400;\"> Trong l\u00fac tr\u1ed9n h\u1ed7n h\u1ee3p tp.A v\u00e0 tp.B c\u00f3 th\u1ec3 sinh nhi\u1ec7t nhanh ch\u00f3ng. Kh\u00f4ng \u0111\u01b0\u1ee3c ti\u1ebfp x\u00fac v\u1edbi c\u00e1c ngu\u1ed3n nhi\u1ec7t n\u00f3ng, tia l\u1eeda, ngu\u1ed3n g\u00e2y ch\u00e1y.<\/span><\/li>\n<li style=\"font-weight: 400;\" aria-level=\"1\"><b>Ti\u1ebfp x\u00fac m\u1eaft: <\/b><span style=\"font-weight: 400;\">G\u00e2y k\u00edch \u1ee9ng m\u1eaft v\u00e0 m\u1edd m\u1eaft. Khuy\u1ebfn kh\u00edch \u0111eo k\u00ednh b\u1ea3o h\u1ed9 trong qu\u00e1 tr\u00ecnh thi c\u00f4ng. Tr\u01b0\u1eddng h\u1ee3p ti\u1ebfp x\u00fac v\u00e0o m\u1eaft, nhanh ch\u00f3ng r\u1eeda m\u1eaft ngay v\u1edbi nhi\u1ec1u n\u01b0\u1edbc v\u00e0 \u0111i \u0111\u1ebfn trung t\u00e2m y t\u1ebf g\u1ea7n nh\u1ea5t.<\/span><\/li>\n<li style=\"font-weight: 400;\" aria-level=\"1\"><b>Ti\u1ebfp x\u00fac da: <\/b><span style=\"font-weight: 400;\">G\u00e2y k\u00edch \u1ee9ng da v\u00e0 ph\u1ea3i. C\u1ea7n m\u1eb7c \u00e1o s\u01a1 mi d\u00e0i tay v\u00e0 \u0111eo g\u0103ng tay b\u1ea3o v\u1ec7. Trong tr\u01b0\u1eddng h\u1ee3p ti\u1ebfp x\u00fac v\u1edbi da, lau s\u1ea1ch ph\u1ea7n s\u01a1n b\u1ecb d\u00ednh v\u00e0 r\u1eeda da c\u1ea7n th\u1eadn b\u1eb1ng x\u00e0 ph\u00f2ng v\u00e0 n\u01b0\u1edbc. \u0110i \u0111\u1ebfn trung t\u00e2m y t\u1ebf g\u1ea7n nh\u1ea5t n\u1ebfu c\u00f3 tri\u1ec7u ch\u1ee9ng ng\u1ee9a ho\u1eb7c vi\u00eam x\u1ea3y ra.<\/span><\/li>\n<li style=\"font-weight: 400;\" aria-level=\"1\"><b>H\u00edt ph\u1ea3i:<\/b><span style=\"font-weight: 400;\"> G\u00e2y k\u00edch \u1ee9ng h\u00f4 h\u1ea5p. Ch\u1ec9 s\u1eed d\u1ee5ng \u1edf nh\u1eefng n\u01a1i th\u00f4ng tho\u00e1ng.<\/span><\/li>\n<li style=\"font-weight: 400;\" aria-level=\"1\"><b>Nu\u1ed1t ph\u1ea3i:<\/b><span style=\"font-weight: 400;\"> G\u00e2y h\u1ea1i n\u1ebfu nu\u1ed1t ph\u1ea3i. Tr\u01b0\u1eddng h\u1ee3p l\u1ee1 nu\u1ed1t ph\u1ea3i n\u00ean u\u1ed1ng nhi\u1ec1u n\u01b0\u1edbc, s\u00fac mi\u1ec7ng v\u00e0 nu\u1ed1t mu\u1ed1i \u1ea5m v\u00e0o c\u1ed5 h\u1ecdng v\u00e0 \u0111i \u0111\u1ebfn trung t\u00e2m y t\u1ebf g\u1ea7n nh\u1ea5t. N\u00ean x\u1eed l\u00fd ch\u1ea5t th\u1ea3i v\u00e0 th\u00f9ng tr\u1ed1ng theo \u0111\u00fang quy \u0111\u1ecbnh c\u1ee7a \u0111\u1ecba ph\u01b0\u01a1ng.<\/span><\/li>\n<\/ol>\n<p style=\"text-align: justify;\">\n","protected":false},"excerpt":{"rendered":"<p><span style=\"font-weight: 400;\">L\u00e0 d\u00f2ng s\u01a1n \u0111\u01b0\u1ee3c t\u1ea1o ra b\u1edfi s\u1ef1 li\u00ean k\u1ebft ph\u1ea3n \u1ee9ng gi\u1eefa nh\u1ef1a polyurethane v\u00e0 ch\u1ea5t \u0111\u00f4ng c\u1ee9ng Isocyanate, v\u00e0 c\u00e1c ch\u1ea5t ph\u1ee5 gia c\u00f3 \u0111\u1ed9 b\u1ec1n cao, kh\u00e1ng UV.<\/span><\/p>\n","protected":false},"featured_media":12409,"comment_status":"open","ping_status":"closed","template":"","meta":[],"product_brand":[],"product_cat":[17,52],"product_tag":[],"class_list":{"0":"post-12402","1":"product","2":"type-product","3":"status-publish","4":"has-post-thumbnail","6":"product_cat-hang-son","7":"product_cat-son-red-japan","9":"first","10":"instock","11":"shipping-taxable","12":"product-type-simple"},"_links":{"self":[{"href":"https:\/\/sonsanepoxy.vn\/index.php\/wp-json\/wp\/v2\/product\/12402","targetHints":{"allow":["GET"]}}],"collection":[{"href":"https:\/\/sonsanepoxy.vn\/index.php\/wp-json\/wp\/v2\/product"}],"about":[{"href":"https:\/\/sonsanepoxy.vn\/index.php\/wp-json\/wp\/v2\/types\/product"}],"replies":[{"embeddable":true,"href":"https:\/\/sonsanepoxy.vn\/index.php\/wp-json\/wp\/v2\/comments?post=12402"}],"wp:featuredmedia":[{"embeddable":true,"href":"https:\/\/sonsanepoxy.vn\/index.php\/wp-json\/wp\/v2\/media\/12409"}],"wp:attachment":[{"href":"https:\/\/sonsanepoxy.vn\/index.php\/wp-json\/wp\/v2\/media?parent=12402"}],"wp:term":[{"taxonomy":"product_brand","embeddable":true,"href":"https:\/\/sonsanepoxy.vn\/index.php\/wp-json\/wp\/v2\/product_brand?post=12402"},{"taxonomy":"product_cat","embeddable":true,"href":"https:\/\/sonsanepoxy.vn\/index.php\/wp-json\/wp\/v2\/product_cat?post=12402"},{"taxonomy":"product_tag","embeddable":true,"href":"https:\/\/sonsanepoxy.vn\/index.php\/wp-json\/wp\/v2\/product_tag?post=12402"}],"curies":[{"name":"wp","href":"https:\/\/api.w.org\/{rel}","templated":true}]}}