{"id":12399,"date":"2026-05-05T08:20:44","date_gmt":"2026-05-05T08:20:44","guid":{"rendered":"https:\/\/sonsanepoxy.vn\/?post_type=product&#038;p=12399"},"modified":"2026-05-05T08:20:55","modified_gmt":"2026-05-05T08:20:55","slug":"son-phu-epoxy-tu-san-phang-ref513-mau-ghi-xanh-la","status":"publish","type":"product","link":"https:\/\/sonsanepoxy.vn\/index.php\/san-pham\/son-phu-epoxy-tu-san-phang-ref513-mau-ghi-xanh-la\/","title":{"rendered":"S\u01a0N PH\u1ee6 EPOXY T\u1ef0 SAN PH\u1eb2NG: REF513 (m\u00e0u ghi, xanh l\u00e1)"},"content":{"rendered":"<p><strong>S\u01a0N PH\u1ee6 EPOXY T\u1ef0 SAN PH\u1eb2NG: REF513<\/strong><\/p>\n<p><strong>M\u00d4 T\u1ea2 CHUNG<\/strong><\/p>\n<p>L\u00e0 s\u01a1n hai th\u00e0nh ph\u1ea7n g\u1ed1c nh\u1ef1a Epoxy, \u0111\u01b0\u1ee3c k\u1ebft h\u1ee3p v\u1edbi Acid amine \u0111\u1ec3 t\u1ea1o ph\u1ea3n \u1ee9ng \u0111\u00f3ng r\u1eafn v\u00e0 l\u00e0m kh\u00f4 b\u1ec1 m\u1eb7t. L\u00e0 h\u1ec7 th\u1ed1ng ph\u1ee7 epoxy t\u1ef1 c\u00e2n b\u1eb1ng, ch\u1ecbu m\u00e0i m\u00f2n t\u1ed1t, kh\u00e1ng h\u00f3a ch\u1ea5t v\u00e0 ch\u1ecbu va \u0111\u1eadp t\u1ed1t.<\/p>\n<p><strong>\u1ee8NG D\u1ee4NG<\/strong><\/p>\n<p>\u0110\u01b0\u1ee3c s\u1eed d\u1ee5ng l\u00e0m l\u1edbp s\u01a1n ph\u1ee7 d\u1ea1ng t\u1ef1 tr\u1ea3i ph\u1eb3ng tr\u00ean b\u1ec1 m\u1eb7t b\u00ea t\u00f4ng, ch\u1ecbu tr\u1ecdng t\u1ea3i trong c\u00e1c:<\/p>\n<p>Nh\u00e0 m\u00e1y c\u00f4ng nghi\u1ec7p n\u1eb7ng<\/p>\n<p>Nh\u00e0 m\u00e1y th\u1ef1c ph\u1ea9m<\/p>\n<p>Nh\u00e0 m\u00e1y s\u1eed d\u1ee5ng h\u00f3a ch\u1ea5t<\/p>\n<p>D\u01b0\u1ee3c ph\u1ea9m<\/p>\n<p>B\u1ec7nh vi\u1ec7n<\/p>\n<p>B\u00e3i \u0111\u1eadu xe<\/p>\n<p>Nh\u00e0 kho<\/p>\n<p><strong>TH\u00d4NG S\u1ed0 K\u0128 THU\u1eacT<\/strong><\/p>\n<p><img loading=\"lazy\" decoding=\"async\" class=\"size-full wp-image-13556 alignnone\" src=\"https:\/\/sonsanepoxy.com.vn\/wp-content\/uploads\/2024\/07\/TH\u00d4NG-S\u1ed0-K\u1ef8-THU\u1eacT.jpg\" alt=\"\" width=\"728\" height=\"408\" \/><\/p>\n<p><strong>\u0110I\u1ec0U KI\u1ec6N N\u1ec0N B\u00ca T\u00d4NG TR\u01af\u1edaC KHI THI C\u00d4NG:<\/strong><\/p>\n<p>\u0110\u1ed9 \u1ea9m n\u1ec1n b\u00ea t\u00f4ng ph\u1ea3i d\u01b0\u1edbi 5%.<\/p>\n<p>B\u1ec1 t\u00f4ng ph\u1ea3i \u0111\u01b0\u1ee3c thi\u1ebft k\u1ebf, s\u1eed d\u1ee5ng h\u1ec7 th\u1ed1ng ng\u0103n \u1ea9m ho\u1eb7c ch\u1ed1ng th\u1ea5m ng\u01b0\u1ee3c.<\/p>\n<p>Lo\u1ea1i b\u1ecf d\u1ea7u, b\u1ee5i, l\u1edbp s\u01a1n c\u0169 v\u00e0 m\u00e0i nh\u1eb5n to\u00e0n b\u1ed9 b\u1ec1 m\u1eb7t b\u00ea t\u00f4ng tr\u01b0\u1edbc khi thi c\u00f4ng l\u1edbp l\u00f3t.<\/p>\n<p>&nbsp;<\/p>\n<p><strong>PH\u01af\u01a0NG PH\u00c1P THI C\u00d4NG<\/strong><\/p>\n<p>Th\u1eddi gian thi c\u00f4ng (25\u00b0C): 25 ph\u00fat<\/p>\n<p>\u0110\u1ed9 ph\u1ee7 l\u00fd thuy\u1ebft: L\u01b0\u1ee3ng ti\u00eau th\u1ee5 cho 1 l\u1edbp v\u1edbi \u0111\u1ed9 d\u00e0y 1mm: 1.3 kg\/m\u00b2<\/p>\n<p>Th\u1eddi gian kh\u00f4 m\u1eb7t: 4 &#8211; 6 gi\u1edd (t\u00f9y \u0111i\u1ec1u ki\u1ec7n m\u00f4i tr\u01b0\u1eddng)<\/p>\n<p>T\u1ec9 l\u1ec7 pha lo\u00e3ng: Kh\u00f4ng khuy\u1ebfn ngh\u1ecb<\/p>\n<p><strong>CH\u00da \u00dd AN TO\u00c0N:<\/strong><\/p>\n<ol>\n<li><strong>Ch\u1ea5t l\u1ecfng d\u1ec5 ch\u00e1y:<\/strong> Trong l\u00fac tr\u1ed9n h\u1ed7n h\u1ee3p tp.A v\u00e0 tp.B c\u00f3 th\u1ec3 sinh nhi\u1ec7t nhanh ch\u00f3ng. Kh\u00f4ng \u0111\u01b0\u1ee3c ti\u1ebfp x\u00fac v\u1edbi c\u00e1c ngu\u1ed3n nhi\u1ec7t n\u00f3ng, tia l\u1eeda, ngu\u1ed3n g\u00e2y ch\u00e1y.<\/li>\n<li><strong>Ti\u1ebfp x\u00fac m\u1eaft:<\/strong> G\u00e2y k\u00edch \u1ee9ng m\u1eaft v\u00e0 m\u1edd m\u1eaft. Khuy\u1ebfn kh\u00edch \u0111eo k\u00ednh b\u1ea3o h\u1ed9 trong qu\u00e1 tr\u00ecnh thi c\u00f4ng. Tr\u01b0\u1eddng h\u1ee3p ti\u1ebfp x\u00fac v\u00e0o m\u1eaft, nhanh ch\u00f3ng r\u1eeda m\u1eaft ngay v\u1edbi nhi\u1ec1u n\u01b0\u1edbc v\u00e0 \u0111i \u0111\u1ebfn trung t\u00e2m y t\u1ebf g\u1ea7n nh\u1ea5t.<\/li>\n<li><strong>Ti\u1ebfp x\u00fac da: <\/strong>G\u00e2y k\u00edch \u1ee9ng da v\u00e0 ph\u1ea3i. C\u1ea7n m\u1eb7c \u00e1o s\u01a1 mi d\u00e0i tay v\u00e0 \u0111eo g\u0103ng tay b\u1ea3o v\u1ec7. Trong tr\u01b0\u1eddng h\u1ee3p ti\u1ebfp x\u00fac v\u1edbi da, lau s\u1ea1ch ph\u1ea7n s\u01a1n b\u1ecb d\u00ednh v\u00e0 r\u1eeda da c\u1ea7n th\u1eadn b\u1eb1ng x\u00e0 ph\u00f2ng v\u00e0 n\u01b0\u1edbc. \u0110i \u0111\u1ebfn trung t\u00e2m y t\u1ebf g\u1ea7n nh\u1ea5t n\u1ebfu c\u00f3 tri\u1ec7u ch\u1ee9ng ng\u1ee9a ho\u1eb7c vi\u00eam x\u1ea9y ra.<\/li>\n<li><strong>H\u00edt ph\u1ea3i:<\/strong> G\u00e2y k\u00edch \u1ee9ng h\u00f4 h\u1ea5p. Ch\u1ec9 s\u1eed d\u1ee5ng \u1edf nh\u1eefng n\u01a1i th\u00f4ng tho\u00e1ng.<\/li>\n<li><strong>Nu\u1ed1t ph\u1ea3i:<\/strong> G\u00e2y h\u1ea1i n\u1ebfu nu\u1ed1t ph\u1ea3i. Tr\u01b0\u1eddng h\u1ee3p l\u1ee1 nu\u1ed1t ph\u1ea3i n\u00ean u\u1ed1ng nhi\u1ec1u n\u01b0\u1edbc, s\u00fac mi\u1ec7ng v\u00e0 nu\u1ed1t mu\u1ed1i \u1ea5m v\u00e0o c\u1ed5 h\u1ecdng v\u00e0 \u0111i \u0111\u1ebfn trung t\u00e2m y t\u1ebf g\u1ea7n nh\u1ea5t. N\u00ean x\u1eed l\u00fd ch\u1ea5t th\u1ea3i v\u00e0 th\u00f9ng tr\u1ed1ng theo \u0111\u00fang quy \u0111\u1ecbnh c\u1ee7a \u0111\u1ecba ph\u01b0\u01a1ng.<\/li>\n<\/ol>\n","protected":false},"excerpt":{"rendered":"<p>L\u00e0 s\u01a1n hai th\u00e0nh ph\u1ea7n g\u1ed1c nh\u1ef1a Epoxy, \u0111\u01b0\u1ee3c k\u1ebft h\u1ee3p v\u1edbi Acid amine \u0111\u1ec3 t\u1ea1o ph\u1ea3n \u1ee9ng \u0111\u00f3ng r\u1eafn v\u00e0 l\u00e0m kh\u00f4 b\u1ec1 m\u1eb7t. L\u00e0 h\u1ec7 th\u1ed1ng ph\u1ee7 epoxy t\u1ef1 c\u00e2n b\u1eb1ng, ch\u1ecbu m\u00e0i m\u00f2n t\u1ed1t, kh\u00e1ng h\u00f3a ch\u1ea5t v\u00e0 ch\u1ecbu va \u0111\u1eadp t\u1ed1t.<\/p>\n","protected":false},"featured_media":12406,"comment_status":"open","ping_status":"closed","template":"","meta":[],"product_brand":[],"product_cat":[17,52],"product_tag":[],"class_list":{"0":"post-12399","1":"product","2":"type-product","3":"status-publish","4":"has-post-thumbnail","6":"product_cat-hang-son","7":"product_cat-son-red-japan","9":"first","10":"instock","11":"sale","12":"shipping-taxable","13":"purchasable","14":"product-type-simple"},"_links":{"self":[{"href":"https:\/\/sonsanepoxy.vn\/index.php\/wp-json\/wp\/v2\/product\/12399","targetHints":{"allow":["GET"]}}],"collection":[{"href":"https:\/\/sonsanepoxy.vn\/index.php\/wp-json\/wp\/v2\/product"}],"about":[{"href":"https:\/\/sonsanepoxy.vn\/index.php\/wp-json\/wp\/v2\/types\/product"}],"replies":[{"embeddable":true,"href":"https:\/\/sonsanepoxy.vn\/index.php\/wp-json\/wp\/v2\/comments?post=12399"}],"wp:featuredmedia":[{"embeddable":true,"href":"https:\/\/sonsanepoxy.vn\/index.php\/wp-json\/wp\/v2\/media\/12406"}],"wp:attachment":[{"href":"https:\/\/sonsanepoxy.vn\/index.php\/wp-json\/wp\/v2\/media?parent=12399"}],"wp:term":[{"taxonomy":"product_brand","embeddable":true,"href":"https:\/\/sonsanepoxy.vn\/index.php\/wp-json\/wp\/v2\/product_brand?post=12399"},{"taxonomy":"product_cat","embeddable":true,"href":"https:\/\/sonsanepoxy.vn\/index.php\/wp-json\/wp\/v2\/product_cat?post=12399"},{"taxonomy":"product_tag","embeddable":true,"href":"https:\/\/sonsanepoxy.vn\/index.php\/wp-json\/wp\/v2\/product_tag?post=12399"}],"curies":[{"name":"wp","href":"https:\/\/api.w.org\/{rel}","templated":true}]}}