{"id":12366,"date":"2026-05-05T08:20:20","date_gmt":"2026-05-05T08:20:20","guid":{"rendered":"https:\/\/sonsanepoxy.vn\/?post_type=product&#038;p=12366"},"modified":"2026-05-05T08:20:49","modified_gmt":"2026-05-05T08:20:49","slug":"son-pu-ngoai-troi-kcc-ut6581-mau-ghi","status":"publish","type":"product","link":"https:\/\/sonsanepoxy.vn\/index.php\/san-pham\/son-pu-ngoai-troi-kcc-ut6581-mau-ghi\/","title":{"rendered":"S\u01a1n PU Ngo\u00e0i tr\u1eddi KCC UT6581- M\u00e0u Ghi"},"content":{"rendered":"<table width=\"102%\">\n<tbody>\n<tr>\n<td width=\"16%\"><strong>M\u00f4 t\u1ea3 &amp; \u1ee8ng d\u1ee5ng<\/strong><\/td>\n<td width=\"85%\">UT6581 l\u00e0 lo\u1ea1i s\u01a1n ph\u1ee7 hai th\u00e0nh ph\u1ea7n g\u1ed1c nh\u1ef1a polyurethane kh\u00f4 nhanh, c\u00f3 kh\u1ea3 n\u0103ng kh\u00e1ng r\u1ea5t t\u1ed1t c\u00e1c h\u00f3a ch\u1ea5t nh\u01b0 a-xit, ki\u1ec1m, dung m\u00f4i, mu\u1ed1i v\u00e0 n\u01b0\u1edbc; m\u1ed9t l\u1edbp UT6581 ph\u1ee7 ho\u00e0n thi\u1ec7n cho k\u1ebft c\u1ea5u th\u00e9p v\u00e0 s\u00e0n b\u00ea t\u00f4ng n\u1eb1m b\u00ean d\u01b0\u1edbi h\u00f3a ch\u1ea5t nghi\u00eam tr\u1ecdng hay trong \u0111i\u1ec1u ki\u1ec7n th\u1eddi ti\u1ebft \u0103n m\u00f2n<\/td>\n<\/tr>\n<tr>\n<td width=\"16%\"><strong>\u0110\u1eb7c t\u00ednh<\/strong><\/td>\n<td width=\"85%\">L\u00e0 l\u1edbp ph\u1ee7 ho\u00e0n thi\u1ec7n s\u1eed d\u1ee5ng cho k\u1ebft c\u1ea5u th\u00e9p ho\u1eb7c b\u00ea t\u00f4ng ch\u1ecbu s\u1ef1 \u0103n m\u00f2n c\u1ee7a h\u00f3a ch\u1ea5t ho\u1eb7c th\u1eddi ti\u1ebft kh\u1eafc nghi\u1ec7t<\/p>\n<p>&nbsp;<\/p>\n<p>S\u1eed d\u1ee5ng \u0111\u01b0\u1ee3c trong m\u00f4i tr\u01b0\u1eddng h\u00f3a ch\u1ea5t<\/td>\n<\/tr>\n<tr>\n<td width=\"16%\"><strong>Th\u00f4ng s\u1ed1 k\u1ef9 thu\u1eadt<\/strong><\/td>\n<td width=\"85%\">\n<table style=\"width: 75.4477%;\" width=\"974\">\n<tbody>\n<tr>\n<td style=\"width: 99.0693%;\" colspan=\"3\" width=\"974\"><strong>D\u1eee LI\u1ec6U V\u1eacT L\u00dd<\/strong><\/td>\n<\/tr>\n<tr>\n<td style=\"width: 8.37642%;\" width=\"100\">M\u00e0u s\u01a1n ho\u00e0n thi\u1ec7n<\/td>\n<td style=\"width: 90.1758%;\" width=\"873\">m\u00e0u ghi, xanh, m\u00e0u v\u00e0ng , cam \u0111\u1ecf<\/td>\n<td style=\"width: 0.517063%;\" width=\"0\"><\/td>\n<\/tr>\n<tr>\n<td style=\"width: 8.37642%;\" width=\"100\">Th\u00e0nh ph\u1ea7n ch\u1ea5t r\u1eafn<\/td>\n<td style=\"width: 90.1758%;\" width=\"873\">X\u1ea5p x\u1ec9 60% (X\u00e1c \u0111\u1ecbnh theo ISO 3233)<\/td>\n<td style=\"width: 0.517063%;\" width=\"0\"><\/td>\n<\/tr>\n<tr>\n<td style=\"width: 8.37642%;\" width=\"100\">T\u1ef7 tr\u1ecdng<\/td>\n<td style=\"width: 90.1758%;\" width=\"873\"><\/td>\n<td style=\"width: 0.517063%;\" width=\"0\"><\/td>\n<\/tr>\n<tr>\n<td style=\"width: 8.37642%;\" width=\"100\">\u0110i\u1ec3m ch\u1edbp ch\u00e1y<\/td>\n<td style=\"width: 90.1758%;\" width=\"873\">Base (UT6581-A) : 29\u2103\/84\u2109<\/p>\n<p>Ch\u1ea5t \u0111\u00f3ng r\u1eafn (UT6581-B) : 38\u2103\/100\u2109<\/td>\n<td style=\"width: 0.517063%;\" width=\"0\"><\/td>\n<\/tr>\n<tr>\n<td style=\"width: 8.37642%;\" width=\"100\">S\u01a1n l\u00f3t<\/td>\n<td style=\"width: 90.1758%;\" width=\"873\">Korepox HB EH6270 ho\u1eb7c theo \u0111\u1eb7c \u0111i\u1ec3m k\u1ef9 thu\u1eadt.<\/td>\n<td style=\"width: 0.517063%;\" width=\"0\"><\/td>\n<\/tr>\n<tr>\n<td style=\"width: 8.37642%;\" width=\"100\">\u0110\u1ec1 kh\u00e1ng nhi\u1ec7t \u0111\u1ed9<\/td>\n<td style=\"width: 90.1758%;\" width=\"873\">Li\u00ean t\u1ee5c: 93\u2103\/200\u2109<\/p>\n<p>Kh\u00f4ng li\u00ean t\u1ee5c: 121\u2103\/250\u2109<\/td>\n<td style=\"width: 0.517063%;\" width=\"0\"><\/td>\n<\/tr>\n<tr>\n<td style=\"width: 8.37642%;\" width=\"100\">Th\u1eddi gian kh\u00f4<\/td>\n<td style=\"width: 90.1758%;\" width=\"873\">\n<table width=\"858\">\n<tbody>\n<tr>\n<td>Nhi\u1ec7t \u0111\u1ed9 b\u1ec1 m\u1eb7t<\/td>\n<td>5\u2103\/41\u2109<\/td>\n<td>20\u2103\/68\u2109<\/td>\n<td>30\u2103\/86\u2109<\/td>\n<\/tr>\n<tr>\n<td>Kh\u00f4 ch\u1ea1m tay<\/td>\n<td>7 gi\u1edd<\/td>\n<td>2 gi\u1edd<\/td>\n<td>1 gi\u1edd<\/td>\n<\/tr>\n<tr>\n<td>Kh\u00f4 to\u00e0n ph\u1ea7n<\/td>\n<td>48 gi\u1edd<\/td>\n<td>24 gi\u1edd<\/td>\n<td>18 gi\u1edd<\/td>\n<\/tr>\n<\/tbody>\n<\/table>\n<\/td>\n<td style=\"width: 0.517063%;\" width=\"0\"><\/td>\n<\/tr>\n<tr>\n<td style=\"width: 8.37642%;\" width=\"100\">\u0110\u1ed9 ph\u1ee7 l\u00fd thuy\u1ebft<\/td>\n<td style=\"width: 90.1758%;\" width=\"873\">11 m\u00b2\/ L v\u1edbi \u0111\u1ed9 d\u00e0y khi kh\u00f4 l\u00e0 50 \u00b5m tr\u00ean m\u1eb7t b\u1ec1 m\u1eb7t l\u00e1ng.<\/td>\n<td style=\"width: 0.517063%;\" width=\"0\"><\/td>\n<\/tr>\n<\/tbody>\n<\/table>\n<\/td>\n<\/tr>\n<tr>\n<td width=\"16%\"><strong>Chu\u1ea9n b\u1ecb b\u1ec1 m\u1eb7t<\/strong><\/td>\n<td width=\"85%\">Lo\u1ea1i b\u1ecf t\u1ea5t c\u1ea3 d\u1ea7u v\u00e0 d\u1ea7u m\u1ee1, ch\u1ea5t b\u1ea9n v\u00e0 ch\u1ea5t g\u00e2y \u00f4 nhi\u1ec5m t\u1eeb b\u1ec1 m\u1eb7t b\u1eb1ng ph\u01b0\u01a1ng ph\u00e1p d\u00f9ng dung m\u00f4i t\u1ea9y v\u00e0 n\u01b0\u1edbc s\u1ea1ch c\u1ecd r\u1eeda.v.<\/p>\n<p>B\u1ec1 m\u1eb7t ph\u1ea3i \u0111\u01b0\u1ee3c l\u00e0m s\u1ea1ch ho\u00e0n to\u00e0n v\u00e0 \u0111\u01b0\u1ee3c s\u1eeda ch\u1eefa b\u1eb1ng c\u00e1c v\u1eadt li\u1ec7u chuy\u00ean d\u1ee5ng n\u1ebfu b\u1ec1 m\u1eb7t c\u00f3 nh\u1eefng ch\u1ed7 h\u01b0 h\u1ecfng<\/p>\n<p>\u0110\u1ea3m b\u1ea3o b\u1ec1 m\u1eb7t ph\u1ea3i th\u1eadt kh\u00f4 r\u00e1o v\u00e0 s\u1ea1ch s\u1ebd m\u1edbi b\u1eaft \u0111\u1ea7u thi c\u00f4ng s\u01a1n ph\u1ee7 UT6581<\/p>\n<p>Kh\u00f4ng thi c\u00f4ng UT6581 khi \u0111\u1ed9 \u1ea9m t\u01b0\u01a1ng \u0111\u1ed1i tr\u00ean 85%.<\/p>\n<p>Nhi\u1ec7t \u0111\u1ed9 b\u1ec1 m\u1eb7t n\u00ean \u00edt nh\u1ea5t 2.7\u1d3cC( 5\u1d3cF ) tr\u00ean \u0111i\u1ec3m ng\u01b0ng t\u1ee5 s\u01b0\u01a1ng.<\/p>\n<p>Trong v\u00f9ng gi\u1edbi h\u1ea1n, th\u00f4ng gi\u00f3 t\u1ea1o kh\u00f4ng kh\u00ed s\u1ea1ch trong su\u1ed1t qu\u00e1 tr\u00ecnh thi c\u00f4ng nh\u1eb1m b\u1ea3o v\u1ec7 s\u1ee9c kh\u1ecfe c\u0169ng nh\u01b0 h\u1ed7 tr\u1ee3 s\u1ef1 bay h\u01a1i c\u1ee7a dung<\/td>\n<\/tr>\n<tr>\n<td width=\"16%\"><em>\u00a0<\/em><\/p>\n<p><em>\u00a0<\/em><\/p>\n<p><strong>Thi c\u00f4ng<\/strong><\/td>\n<td width=\"85%\">B\u1ed9t m\u00e0u( PTA ) : Ch\u1ea5t \u0111\u00f3ng r\u1eafn( PTB ) = 7 : 1 ( Theo th\u1ec3 t\u00edch )<\/p>\n<p>Ch\u1ec9 tr\u1ed9n s\u01a1n UT6581 theo t\u1ef7 l\u1ec7 \u0111\u00e3 \u0111\u01b0\u1ee3c cung c\u1ea5p, kh\u00f4ng chia nh\u1ecf hay thay \u0111\u1ed5i<\/p>\n<p>Khu\u1ea5y k\u1ef9 b\u1ed9t m\u00e0u tr\u01b0\u1edbc khi tr\u1ed9n<\/p>\n<p>\u0110\u1ed5 ch\u1ea5t \u0111\u00f3ng r\u1eafn v\u00e0o th\u00f9ng \u0111\u1ef1ng b\u1ed9t m\u00e0u trong khi khu\u1ea5y.<\/p>\n<p>Kh\u00f4ng \u0111\u1ed5 b\u1ed9t m\u00e0u v\u00e0o th\u00f9ng \u0111\u1ef1ng ch\u1ea5t \u0111\u1ed1ng r\u1eafn<\/p>\n<p>Thi c\u00f4ng UT6581 ph\u1ea3i s\u1eed d\u1ee5ng c\u1ecd, ru l\u00f4 hay s\u00fang(kh\u00f4ng kh\u00ed\/ ch\u00e2n kh\u00f4ng)<\/p>\n<p>K\u00edch th\u01b0\u1edbc l\u1ed7 van h\u01a1i: 0.015\u2033 \u2013 0.021\u2033, 381 \u00b5m ~ 533 \u00b5m<\/p>\n<p>\u00c1p xu\u1ea5t ng\u1ecf ra: 11.7 MPa ~ 15.2 MPa<\/p>\n<p>Qu\u1ea1t s\u00e0n: 40 ~ 60\u00ba<\/p>\n<p>( T\u00e0i li\u1ec7u s\u00fang phun ch\u00e2n kh\u00f4ng th\u00ec \u0111\u01b0\u1ee3c ch\u1ec9 \u0111\u1ecbnh v\u00e0 ch\u1ecbu s\u1ef1 \u0111i\u1ec1u ch\u1ec9nh)<\/p>\n<p>H\u1ec7 th\u1ed1ng l\u1edbp l\u00f3t \u0111\u1ec1 ngh\u1ecb: EH2350<\/p>\n<p>Dung m\u00f4i pha s\u01a1n l\u00e0: Thinner 0624, 037U ( Kh\u00f4ng pha ri\u00eang l\u1ebd, ch\u1ec9 pha khi \u0111\u00e3 tr\u1ed9n )<\/p>\n<p>\u0110\u1ed9 d\u00e0y khi phun: 40~50 \u00b5m. C\u00f3 th\u1ec3 thi c\u00f4ng \u0111\u1ed9 d\u00e0y kh\u00e1c t\u00f9y theo m\u1ee5c \u0111\u00edch c\u1ee7a khu v\u1ef1c s\u1eed d\u1ee5ng<\/p>\n<p>Th\u1eddi gian l\u1edbp s\u01a1n k\u1ebf ti\u1ebfp: T\u1ea1i 20\u1d3cC\/68\u1d3cF<\/p>\n<p>Nh\u1ecf nh\u1ea5t : 12h<\/p>\n<p>L\u1edbn nh\u1ea5t : T\u1ef1 do<\/p>\n<p>T\u1ea9y d\u1ea7u, m\u1ee1, ch\u1ea5t b\u1ea9n v\u00e0 c\u00e1c ch\u1ea5t \u00f4 nhi\u1ec5m kh\u00e1c tr\u01b0\u1edbc khi \u00e1p d\u1ee5ng s\u01a1n l\u00ean<\/td>\n<\/tr>\n<tr>\n<td width=\"16%\"><strong>D\u1ee5ng c\u1ee5 thi c\u00f4ng <\/strong><\/td>\n<td width=\"85%\">Qu\u1ea7n \u00e1o b\u1ea3o h\u1ed9 lao \u0111\u1ed9ng<\/p>\n<p>\u0110eo g\u0103ng tay cao su<\/p>\n<p>\u0110eo kh\u1ea9u trang v\u00e0 m\u1eaft k\u00ednh<\/p>\n<p>C\u1ecd, ru l\u00f4 hay s\u00fang(kh\u00f4ng kh\u00ed\/ ch\u00e2n kh\u00f4ng)<\/p>\n<p>Dung m\u00f4i pha lo\u00e3ng: Thinner 0624, 037U<\/p>\n<p>S\u01a1n l\u00f3t KCC<\/p>\n<p>S\u01a1n ph\u1ee7 polyurethane UT6581<\/p>\n<p>V\u00e0 c\u00e1c d\u1ee5ng c\u1ee5 thi c\u00f4ng c\u1ea7n thi\u1ebft kh\u00e1c<\/td>\n<\/tr>\n<tr>\n<td width=\"16%\"><strong>\u0110\u00f3ng g\u00f3i<\/strong><\/td>\n<td width=\"85%\">\u0110\u00f3ng g\u00f3i: B\u1ed9 16L ( Ph\u1ea7n s\u01a1n (A) v\u00e0 ch\u1ea5t \u0111\u00f3ng r\u1eafn (B) = 12L: 4L )<\/td>\n<\/tr>\n<tr>\n<td width=\"16%\"><strong>L\u01b0u \u00fd<\/strong><\/td>\n<td width=\"85%\">Khi thi c\u00f4ng n\u00ean m\u1eb7c \u0111\u1ed3 b\u1ea3o h\u1ed9, \u0111eo g\u0103ng tay cao su v\u00e0 k\u00ednh m\u1eaft<\/p>\n<p>Tr\u00e1nh \u0111\u1ec3 s\u01a1n ph\u1ee7 d\u00ednh l\u00ean m\u1eaft, m\u0169i, mi\u1ec7ng v\u00e0 da<\/p>\n<p>Kh\u00f4ng \u0111\u01b0\u1ee3c \u0103n u\u1ed1ng hay h\u00fat thu\u1ed1c trong qu\u00e1 tr\u00ecnh s\u1eed d\u1ee5ng<\/p>\n<p>Kh\u00f4ng \u0111\u01b0\u1ee3c h\u00edt m\u00f9i b\u1ee5i b\u1ea9n c\u1ee7a s\u01a1n qu\u00e1 l\u00e2u<\/p>\n<p>Khi thi c\u00f4ng xong n\u00ean v\u1ee9t r\u00e1c \u0111\u00fang n\u01a1i quy \u0111\u1ecbnh c\u1ee7a \u0111\u1ecba ph\u01b0\u01a1ng<\/p>\n<p>N\u1ebfu kh\u00f4ng may d\u00ednh v\u00e0o m\u1eaft th\u00ec ph\u1ea3i r\u1eeda ngay v\u1edbi n\u01b0\u1edbc s\u1ea1ch<\/p>\n<p>Ho\u1eb7c c\u00f3 tri\u1ec7u ch\u1ee9ng b\u1ea5t \u1ed5n th\u00ec \u0111\u1ebfn g\u1eb7p c\u00e1c b\u00e1c s\u0129 n\u01a1i g\u1ea7n nh\u1ea5t \u0111\u1ec3 \u0111\u01b0\u1ee3c chu\u1ea9n \u0111o\u00e1n k\u1ecbp th\u1eddi<\/p>\n<p>\u0110\u1ec3 s\u01a1n ph\u1ee7 UT6581 tr\u00e1nh xa t\u1ea7m tay c\u1ee7a tr\u1ebb em<\/td>\n<\/tr>\n<tr>\n<td width=\"16%\"><strong>S\u1ee9c kh\u1ecfe v\u00e0 an to\u00e0n<\/strong><\/td>\n<td width=\"85%\">B\u1ea3o v\u1ec7 da v\u00e0 m\u1eaft, v\u00e0 tr\u00e1nh h\u00edt v\u00e0o h\u01a1i c\u1ee7a dung m\u00f4i.<\/p>\n<p>S\u1eed d\u1ee5ng \u0111\u1ea7y \u0111\u1ee7 th\u00f4ng gi\u00f3<\/p>\n<p>Khuy\u1ebfn c\u00e1o n\u00ean b\u1ea3o v\u1ec7 h\u00f4 h\u1ea5p khi thi c\u00f4ng s\u1ea3n ph\u1ea9m trong khu v\u1ef1c gi\u1edbi h\u1ea1n hay khu v\u1ef1c thi\u1ebfu kh\u00f4ng kh\u00ed.<\/p>\n<p>Trong h\u1ed7n h\u1ee3p c\u00f3 ch\u1ee9a dung m\u00f4i d\u1ec5 ch\u00e1y, khi v\u1eadn chuy\u1ec3n, s\u1eed d\u1ee5ng, hay \u0111\u1ec3 trong nh\u00e0<\/p>\n<p>kho n\u00ean \u0111\u1ec3 tr\u00e1nh xa c\u00e1c ngu\u1ed3n l\u1eeda, n\u01a1i d\u1ec5 b\u1eaft ch\u00e1y.<\/p>\n<p>N\u00ean l\u01b0u tr\u1eef n\u01a1i kh\u00f4 r\u00e1o, \u0111\u00f3ng ch\u1eb7t n\u1eafp th\u00f9ng sau khi s\u1eed d\u1ee5ng.<\/td>\n<\/tr>\n<\/tbody>\n<\/table>\n<p>Xem th\u00eam: <span style=\"color: #0000ff;\"><strong><a style=\"color: #0000ff;\" href=\"https:\/\/sonsanepoxy.com.vn\/son-epoxy-la-gi\/\">S\u01a1n Epoxy<\/a><\/strong><\/span><\/p>\n<p>&nbsp;<\/p>\n","protected":false},"excerpt":{"rendered":"<p>UT6581 l\u00e0 lo\u1ea1i s\u01a1n ph\u1ee7 hai th\u00e0nh ph\u1ea7n g\u1ed1c nh\u1ef1a polyurethane kh\u00f4 nhanh, c\u00f3 kh\u1ea3 n\u0103ng kh\u00e1ng r\u1ea5t t\u1ed1t c\u00e1c h\u00f3a ch\u1ea5t nh\u01b0 a-xit, ki\u1ec1m, dung m\u00f4i, mu\u1ed1i v\u00e0 n\u01b0\u1edbc; m\u1ed9t l\u1edbp UT6581 ph\u1ee7 ho\u00e0n thi\u1ec7n cho k\u1ebft c\u1ea5u th\u00e9p v\u00e0 s\u00e0n b\u00ea t\u00f4ng n\u1eb1m b\u00ean d\u01b0\u1edbi h\u00f3a ch\u1ea5t nghi\u00eam tr\u1ecdng hay trong \u0111i\u1ec1u ki\u1ec7n th\u1eddi ti\u1ebft \u0103n m\u00f2n<\/p>\n","protected":false},"featured_media":188,"comment_status":"open","ping_status":"closed","template":"","meta":[],"product_brand":[],"product_cat":[17,19],"product_tag":[],"class_list":{"0":"post-12366","1":"product","2":"type-product","3":"status-publish","4":"has-post-thumbnail","6":"product_cat-hang-son","7":"product_cat-son-epoxy-kcc","9":"first","10":"instock","11":"shipping-taxable","12":"purchasable","13":"product-type-simple"},"_links":{"self":[{"href":"https:\/\/sonsanepoxy.vn\/index.php\/wp-json\/wp\/v2\/product\/12366","targetHints":{"allow":["GET"]}}],"collection":[{"href":"https:\/\/sonsanepoxy.vn\/index.php\/wp-json\/wp\/v2\/product"}],"about":[{"href":"https:\/\/sonsanepoxy.vn\/index.php\/wp-json\/wp\/v2\/types\/product"}],"replies":[{"embeddable":true,"href":"https:\/\/sonsanepoxy.vn\/index.php\/wp-json\/wp\/v2\/comments?post=12366"}],"wp:featuredmedia":[{"embeddable":true,"href":"https:\/\/sonsanepoxy.vn\/index.php\/wp-json\/wp\/v2\/media\/188"}],"wp:attachment":[{"href":"https:\/\/sonsanepoxy.vn\/index.php\/wp-json\/wp\/v2\/media?parent=12366"}],"wp:term":[{"taxonomy":"product_brand","embeddable":true,"href":"https:\/\/sonsanepoxy.vn\/index.php\/wp-json\/wp\/v2\/product_brand?post=12366"},{"taxonomy":"product_cat","embeddable":true,"href":"https:\/\/sonsanepoxy.vn\/index.php\/wp-json\/wp\/v2\/product_cat?post=12366"},{"taxonomy":"product_tag","embeddable":true,"href":"https:\/\/sonsanepoxy.vn\/index.php\/wp-json\/wp\/v2\/product_tag?post=12366"}],"curies":[{"name":"wp","href":"https:\/\/api.w.org\/{rel}","templated":true}]}}