{"id":12363,"date":"2026-05-05T08:20:20","date_gmt":"2026-05-05T08:20:20","guid":{"rendered":"https:\/\/sonsanepoxy.vn\/?post_type=product&#038;p=12363"},"modified":"2026-05-05T08:20:46","modified_gmt":"2026-05-05T08:20:46","slug":"son-dau-alkyd-kcc-lt313-mau-vang","status":"publish","type":"product","link":"https:\/\/sonsanepoxy.vn\/index.php\/san-pham\/son-dau-alkyd-kcc-lt313-mau-vang\/","title":{"rendered":"S\u01a1n d\u1ea7u Alkyd KCC LT313 &#8211; M\u00e0u V\u00e0ng"},"content":{"rendered":"<table style=\"width: 129%;\" width=\"102%\">\n<tbody>\n<tr>\n<td style=\"width: 16.5769%;\" width=\"16%\"><strong>M\u00f4 t\u1ea3 &amp; \u1ee8ng d\u1ee5ng<\/strong><\/td>\n<td style=\"width: 84.4231%;\" width=\"85%\">S\u01a1n d\u1ea7u Alkyd KCC LT313 l\u00e0 l\u1edbp ph\u1ee7 ho\u00e0n thi\u1ec7n m\u1ed9t th\u00e0nh ph\u1ea7n g\u1ed1c nh\u1ef1a alkyd s\u1eed d\u1ee5ng cho t\u00e0u v\u00e0 k\u1ebft c\u1ea5u th\u00e9p. N\u00f3 c\u00f3 kh\u1ea3 n\u0103ng ch\u1ed1ng ch\u1ecbu v\u01b0\u1ee3t tr\u1ed9i khi ti\u1ebfp x\u00fac v\u1edbi \u00e1nh s\u00e1ng m\u1eb7t tr\u1eddi, n\u01b0\u1edbc bi\u1ec3n, d\u1ea7u kho\u00e1ng v.v.<\/p>\n<p>\u0110\u01b0\u1ee3c ch\u1ea5p thu\u1eadn l\u00e0m l\u1edbp ph\u1ee7 ch\u1ed1ng ch\u00e1y b\u1edfi Lloyd&#8217;s Register of Shipping (LR), Nippon Kaiji Kyokai (NK), Korean Register of Shipping (KR), Det Norske Veritas (DNV, CE Marking) v\u00e0 Germanishier Lloyd (GL).<\/td>\n<\/tr>\n<tr>\n<td style=\"width: 16.5769%;\" width=\"16%\"><strong>\u0110\u1eb7c t\u00ednh<\/strong><\/td>\n<td style=\"width: 84.4231%;\" width=\"85%\">S\u01a1n d\u1ea7u Alkyd KCC LT313 d\u00f9ng l\u00e0m l\u1edbp ph\u1ee7 ho\u00e0n thi\u1ec7n trong bu\u1ed3ng m\u00e1y, bao g\u1ed3m c\u1ea3 \u0111\u1ed9ng c\u01a1 ch\u00ednh v\u00e0 m\u00e1y m\u00f3c ph\u1ee5 tr\u1ee3<\/p>\n<p>S\u1eed d\u1ee5ng l\u00e0m l\u1edbp s\u01a1n ho\u00e0n thi\u1ec7n trong bu\u1ed3ng m\u00e1y, k\u1ec3 c\u1ea3 \u0111\u1ed9ng c\u01a1 ch\u00ednh v\u00e0 m\u00e1y m\u00f3c ph\u1ee5 tr\u1ee3 c\u1ee7a t\u00e0u.<\/p>\n<p>C\u00f3 th\u1ec3 s\u1eed d\u1ee5ng tr\u00ean b\u1ec1 m\u1eb7t th\u00e9p b\u00ean ngo\u00e0i trong m\u00f4i tr\u01b0\u1eddng \u0103n m\u00f2n v\u1eeba ph\u1ea3i, bao g\u1ed3m c\u1ea3 c\u1ea5u tr\u00fac th\u01b0\u1ee3ng t\u1ea7ng c\u1ee7a t\u00e0u<\/td>\n<\/tr>\n<tr>\n<td style=\"width: 16.5769%;\" width=\"16%\"><strong>Th\u00f4ng s\u1ed1 k\u1ef9 thu\u1eadt<\/strong><\/td>\n<td style=\"width: 84.4231%;\" width=\"85%\">\n<table width=\"974\">\n<tbody>\n<tr>\n<td colspan=\"3\" width=\"974\"><strong>D\u1eee LI\u1ec6U V\u1eacT L\u00dd<\/strong><\/td>\n<\/tr>\n<tr>\n<td width=\"100\">M\u00e0u s\u01a1n ho\u00e0n thi\u1ec7n<\/td>\n<td width=\"873\">m\u00e0u t\u1ed3n kho, \u0111\u1ecf t\u01b0\u01a1i, m\u00e0u v\u00e0ng<\/td>\n<td width=\"0\"><\/td>\n<\/tr>\n<tr>\n<td width=\"100\">Th\u00e0nh ph\u1ea7n ch\u1ea5t r\u1eafn<\/td>\n<td width=\"873\">X\u1ea5p x\u1ec9 48% (\u0110\u01b0\u1ee3c x\u00e1c \u0111\u1ecbnh b\u1edfi ISO 3233)<\/td>\n<td width=\"0\"><\/td>\n<\/tr>\n<tr>\n<td width=\"100\">Kh\u1ed1i l\u01b0\u1ee3ng ri\u00eang<\/td>\n<td width=\"873\">Kho\u1ea3ng 1.2kg\/L t\u00f9y theo m\u00e0u<\/td>\n<td width=\"0\"><\/td>\n<\/tr>\n<tr>\n<td width=\"100\">\u0110i\u1ec3m ch\u1edbp ch\u00e1y<\/td>\n<td width=\"873\">38\u2103\/100\u2109<\/td>\n<td width=\"0\"><\/td>\n<\/tr>\n<tr>\n<td width=\"100\">S\u01a1n l\u00f3t<\/td>\n<td width=\"873\">Koramel Primer HB MP120, Koramel Primer MP125, ho\u1eb7c theo \u0111\u1eb7c \u0111i\u1ec3m k\u1ef9 thu\u1eadt.<\/td>\n<td width=\"0\"><\/td>\n<\/tr>\n<tr>\n<td width=\"100\">Kh\u1ea3 n\u0103ng ch\u1ecbu nhi\u1ec7t<\/td>\n<td width=\"873\">Li\u00ean t\u1ee5c: 93\u2103\/200\u2109<\/p>\n<p>&nbsp;<\/p>\n<p>Kh\u00f4ng li\u00ean t\u1ee5c: 121\u2103\/250\u2109<\/td>\n<td width=\"0\"><\/td>\n<\/tr>\n<tr>\n<td width=\"100\">Th\u1eddi gian kh\u00f4<\/td>\n<td width=\"873\">\n<table width=\"858\">\n<tbody>\n<tr>\n<td>Nhi\u1ec7t \u0111\u1ed9 b\u1ec1 m\u1eb7t<\/td>\n<td>5\u2103\/41\u2109<\/td>\n<td>20\u2103\/68\u2109<\/td>\n<td>30\u2103\/86\u2109<\/td>\n<\/tr>\n<tr>\n<td>Kh\u00f4 ch\u1ea1m tay<\/td>\n<td>8 gi\u1edd<\/td>\n<td>2 gi\u1edd<\/td>\n<td>1 gi\u1edd<\/td>\n<\/tr>\n<tr>\n<td>Kh\u00f4 to\u00e0n ph\u1ea7n<\/td>\n<td>36 gi\u1edd<\/td>\n<td>8 gi\u1edd<\/td>\n<td>7 gi\u1edd<\/td>\n<\/tr>\n<\/tbody>\n<\/table>\n<\/td>\n<td width=\"0\"><\/td>\n<\/tr>\n<tr>\n<td width=\"100\">\u0110\u1ed9 ph\u1ee7 l\u00fd thuy\u1ebft<\/td>\n<td width=\"873\">12 m\u00b2\/L \u1edf \u0111\u1ed9 d\u00e0y m\u00e0ng kh\u00f4 40 \u00b5m tr\u00ean b\u1ec1 m\u1eb7t nh\u1eb5n<\/td>\n<td width=\"0\"><\/td>\n<\/tr>\n<\/tbody>\n<\/table>\n<\/td>\n<\/tr>\n<tr>\n<td style=\"width: 16.5769%;\" width=\"16%\"><strong>Chu\u1ea9n b\u1ecb b\u1ec1 m\u1eb7t<\/strong><\/td>\n<td style=\"width: 84.4231%;\" width=\"85%\">\u0110\u1ea7u ti\u00ean tr\u01b0\u1edbc khi ti\u1ebfn h\u00e0nh thi c\u00f4ng, b\u1ea1n n\u00ean lo\u1ea1i b\u1ecf t\u1ea5t c\u1ea3 d\u1ea7u m\u1ee1; b\u1ee5i b\u1ea9n v\u00e0 c\u00e1c ch\u1ea5t b\u00e1m l\u00ean b\u1ec1 m\u1eb7t<\/p>\n<p>B\u1eb1ng ph\u01b0\u01a1ng ph\u00e1p th\u00edch h\u1ee3p nh\u01b0 l\u00e0m s\u1ea1ch dung m\u00f4i v\u00e0 r\u1eeda n\u01b0\u1edbc ng\u1ecdt sau \u0111\u00f3 l\u00e0m kh\u00f4 ho\u00e0n to\u00e0n.<\/p>\n<p>Kh\u00f4ng n\u00ean thi c\u00f4ng s\u01a1n d\u1ea7u Alkyd LT313 khi \u0111\u1ed9 \u1ea9m t\u01b0\u01a1ng \u0111\u1ed1i l\u00e0 \u1edf tr\u00ean 85%<\/p>\n<p>Nhi\u1ec7t \u0111\u1ed9 b\u1ec1 m\u1eb7t n\u00ean c\u00f3 \u00edt nh\u1ea5t 2,7 \u2103 (5 \u2109) tr\u00ean \u0111i\u1ec3m s\u01b0\u01a1ng \u0111\u1ec3 ng\u0103n ch\u1eb7n s\u1ef1 ng\u01b0ng t\u1ee5<\/td>\n<\/tr>\n<tr>\n<td style=\"width: 16.5769%;\" width=\"16%\"><em>\u00a0<\/em><\/p>\n<p><em>\u00a0<\/em><\/p>\n<p><strong>Thi c\u00f4ng<\/strong><\/td>\n<td style=\"width: 84.4231%;\" width=\"85%\">Trong khu v\u1ef1c k\u00edn, th\u00f4ng tho\u00e1ng v\u1edbi kh\u00f4ng kh\u00ed s\u1ea1ch trong \u1ee9ng d\u1ee5ng \u0111\u1ec3 h\u1ed7 tr\u1ee3 b\u1ed1c h\u01a1i dung m\u00f4i.<\/p>\n<p>D\u1ee5ng c\u1ee5 thi c\u00f4ng: M\u00e1y phun s\u01a1n, ru l\u00f4 v\u00e0 c\u1ecd<\/p>\n<p>C\u00f3 th\u1ec3 pha lo\u00e3ng s\u01a1n d\u1ea7u LT313 KCC b\u1eb1ng dung m\u00f4i pha s\u01a1n ch\u1ecbu nhi\u1ec7t Thinner 002.<\/p>\n<p>\u0110\u1ed9 d\u00e0y m\u00e0ng s\u01a1n khi kh\u00f4 t\u1ed1i thi\u1ec3u l\u00e0 40 \u339b kh\u00f4.\u200b<\/p>\n<p>S\u1ed1 l\u1edbp \u0111\u1ec1 ngh\u1ecb l\u00e0 02 l\u1edbp s\u01a1n d\u1ea7u Alkyd LT313 KCC<\/p>\n<p>L\u01b0u \u00fd: Th\u1eddi gian kh\u00f4 th\u1ef1c t\u1ebf l\u00e0 ph\u1ee5 thu\u1ed9c v\u00e0o \u0111\u1ed9 d\u00e0y m\u00e0ng, th\u00f4ng tho\u00e1ng v\u00e0 th\u1eddi gian s\u1ea5y trong \u0111i\u1ec1u ki\u1ec7n nhi\u1ec7t \u0111\u1ed9 kh\u00e1c c\u1ea7n \u0111\u01b0\u1ee3c ki\u1ec3m tra k\u1ef9.<\/p>\n<p>Th\u1eddi gian s\u01a1n l\u1edbp k\u1ebf ti\u1ebfp: \u1edf nhi\u1ec7t \u0111\u1ed9 20 \u2103 \/ 68 \u2109<\/p>\n<p>Th\u1eddi gian t\u1ed1i thi\u1ec3u \u0111\u1ec3 s\u01a1n l\u1edbp ti\u1ebfp theo l\u00e0 8 gi\u1edd<\/td>\n<\/tr>\n<tr>\n<td style=\"width: 16.5769%;\" width=\"16%\"><strong>D\u1ee5ng c\u1ee5 thi c\u00f4ng <\/strong><\/td>\n<td style=\"width: 84.4231%;\" width=\"85%\">Qu\u1ea7n \u00e1o b\u1ea3o h\u1ed9 lao \u0111\u1ed9ng<\/p>\n<p>\u0110eo g\u0103ng tay<\/p>\n<p>\u0110eo kh\u1ea9u trang v\u00e0 k\u00ednh m\u1eaft<\/p>\n<p>M\u00e1y phun s\u01a1n, ru l\u00f4 v\u00e0 c\u1ecd<\/p>\n<p>S\u01a1n d\u1ea7u Alkyd LT313<\/p>\n<p>Dung m\u00f4i Thinner 002<\/p>\n<p>V\u00e0 c\u00e1c d\u1ee5ng c\u1ee5 c\u1ea7n thi\u1ebft kh\u00e1c<\/td>\n<\/tr>\n<tr>\n<td style=\"width: 16.5769%;\" width=\"16%\"><strong>\u0110\u00f3ng g\u00f3i<\/strong><\/td>\n<td style=\"width: 84.4231%;\" width=\"85%\">\u0110\u00f3ng g\u00f3i: Th\u00f9ng 18 L\u00edt<\/td>\n<\/tr>\n<tr>\n<td style=\"width: 16.5769%;\" width=\"16%\"><strong>L\u01b0u \u00fd<\/strong><\/td>\n<td style=\"width: 84.4231%;\" width=\"85%\">L\u00e0m s\u1ea1ch b\u1ec1 m\u1eb7t s\u1eaft th\u00e9p kh\u1ecfi d\u1ea7u m\u1ee1 v\u00e0 t\u1ea9y r\u1ec9<\/p>\n<p>T\u1ea1o \u0111\u1ed9 nh\u00e1m c\u1ea7n thi\u1ebft \u0111\u1ec3 s\u01a1n alkyd b\u00e1m d\u00ednh t\u1ed1t h\u01a1n, t\u0103ng tu\u1ed5i th\u1ecd c\u1ee7a l\u1edbp s\u01a1n tr\u00ean b\u1ec1 m\u1eb7t c\u1ea5u ki\u1ec7n<\/p>\n<p>Khi pha ch\u1ebf c\u1ea7n tu\u00e2n th\u1ee7 \u0111\u00fang theo y\u00eau c\u1ea7u v\u00e0 t\u1ec9 l\u1ec7 .<\/p>\n<p>\u0110\u1ec3 ng\u0103n ch\u1eb7n c\u00e1c bi\u1ebfn t\u00ednh n\u00ean b\u1ea3o qu\u1ea3n s\u01a1n t\u1ea1i n\u01a1i kh\u00f4 r\u00e1o, tho\u00e1ng m\u00e1t, \u0111\u1eb7c bi\u1ec7t l\u00e0 ph\u1ea3i tr\u00e1nh nh\u1eefng n\u01a1i \u1ea9m m\u1ed1c.<\/p>\n<p>Sau khi s\u01a1n\u00a0d\u1ea7u Alkyd LT313 xong, c\u1ea7n ph\u1ea3i \u0111\u1ec3 s\u01a1n kh\u00f4 h\u1eb3n m\u1edbi di chuy\u1ec3n c\u00e1c \u0111\u1ed3 v\u1eadt \u0111\u1ec3 tr\u00e1nh g\u00e2y tr\u1ea7y x\u01b0\u1edbc trong qu\u00e1 tr\u00ecnh di chuy\u1ec3n.<\/p>\n<p>Khi thi c\u00f4ng xong n\u00ean v\u1ee9t r\u00e1c \u0111\u00fang n\u01a1i quy \u0111\u1ecbnh c\u1ee7a \u0111\u1ecba ph\u01b0\u01a1ng<\/td>\n<\/tr>\n<tr>\n<td style=\"width: 16.5769%;\" width=\"16%\"><strong>S\u1ee9c kh\u1ecfe v\u00e0 an to\u00e0n<\/strong><\/td>\n<td style=\"width: 84.4231%;\" width=\"85%\">B\u1ea3o v\u1ec7 da v\u00e0 m\u1eaft, v\u00e0 tr\u00e1nh h\u00edt v\u00e0o h\u01a1i c\u1ee7a dung m\u00f4i.<\/p>\n<p>S\u1eed d\u1ee5ng \u0111\u1ea7y \u0111\u1ee7 th\u00f4ng gi\u00f3<\/p>\n<p>Khuy\u1ebfn c\u00e1o n\u00ean b\u1ea3o v\u1ec7 h\u00f4 h\u1ea5p khi thi c\u00f4ng s\u1ea3n ph\u1ea9m trong khu v\u1ef1c gi\u1edbi h\u1ea1n hay khu v\u1ef1c thi\u1ebfu kh\u00f4ng kh\u00ed.<\/p>\n<p>Trong h\u1ed7n h\u1ee3p c\u00f3 ch\u1ee9a dung m\u00f4i d\u1ec5 ch\u00e1y, khi v\u1eadn chuy\u1ec3n, s\u1eed d\u1ee5ng, hay \u0111\u1ec3 trong nh\u00e0<\/p>\n<p>kho n\u00ean \u0111\u1ec3 tr\u00e1nh xa c\u00e1c ngu\u1ed3n l\u1eeda, n\u01a1i d\u1ec5 b\u1eaft ch\u00e1y.<\/p>\n<p>N\u00ean l\u01b0u tr\u1eef n\u01a1i kh\u00f4 r\u00e1o, \u0111\u00f3ng ch\u1eb7t n\u1eafp th\u00f9ng sau khi s\u1eed d\u1ee5ng.<\/td>\n<\/tr>\n<\/tbody>\n<\/table>\n<p>Xem th\u00eam: <a href=\"https:\/\/sonsanepoxy.com.vn\/son-epoxy-la-gi\/\"><span style=\"color: #0000ff;\"><strong>S\u01a1n Epoxy<\/strong><\/span><\/a><\/p>\n<p>&nbsp;<\/p>\n","protected":false},"excerpt":{"rendered":"<p>S\u01a1n d\u1ea7u Alkyd KCC LT313 l\u00e0 l\u1edbp ph\u1ee7 ho\u00e0n thi\u1ec7n m\u1ed9t th\u00e0nh ph\u1ea7n g\u1ed1c nh\u1ef1a alkyd s\u1eed d\u1ee5ng cho t\u00e0u v\u00e0 k\u1ebft c\u1ea5u th\u00e9p. N\u00f3 c\u00f3 kh\u1ea3 n\u0103ng ch\u1ed1ng ch\u1ecbu v\u01b0\u1ee3t tr\u1ed9i khi ti\u1ebfp x\u00fac v\u1edbi \u00e1nh s\u00e1ng m\u1eb7t tr\u1eddi, n\u01b0\u1edbc bi\u1ec3n, d\u1ea7u kho\u00e1ng v.v.<\/p>\n","protected":false},"featured_media":189,"comment_status":"open","ping_status":"closed","template":"","meta":[],"product_brand":[],"product_cat":[17],"product_tag":[],"class_list":{"0":"post-12363","1":"product","2":"type-product","3":"status-publish","4":"has-post-thumbnail","6":"product_cat-hang-son","8":"first","9":"instock","10":"shipping-taxable","11":"purchasable","12":"product-type-simple"},"_links":{"self":[{"href":"https:\/\/sonsanepoxy.vn\/index.php\/wp-json\/wp\/v2\/product\/12363","targetHints":{"allow":["GET"]}}],"collection":[{"href":"https:\/\/sonsanepoxy.vn\/index.php\/wp-json\/wp\/v2\/product"}],"about":[{"href":"https:\/\/sonsanepoxy.vn\/index.php\/wp-json\/wp\/v2\/types\/product"}],"replies":[{"embeddable":true,"href":"https:\/\/sonsanepoxy.vn\/index.php\/wp-json\/wp\/v2\/comments?post=12363"}],"wp:featuredmedia":[{"embeddable":true,"href":"https:\/\/sonsanepoxy.vn\/index.php\/wp-json\/wp\/v2\/media\/189"}],"wp:attachment":[{"href":"https:\/\/sonsanepoxy.vn\/index.php\/wp-json\/wp\/v2\/media?parent=12363"}],"wp:term":[{"taxonomy":"product_brand","embeddable":true,"href":"https:\/\/sonsanepoxy.vn\/index.php\/wp-json\/wp\/v2\/product_brand?post=12363"},{"taxonomy":"product_cat","embeddable":true,"href":"https:\/\/sonsanepoxy.vn\/index.php\/wp-json\/wp\/v2\/product_cat?post=12363"},{"taxonomy":"product_tag","embeddable":true,"href":"https:\/\/sonsanepoxy.vn\/index.php\/wp-json\/wp\/v2\/product_tag?post=12363"}],"curies":[{"name":"wp","href":"https:\/\/api.w.org\/{rel}","templated":true}]}}