{"id":12362,"date":"2026-05-05T08:20:19","date_gmt":"2026-05-05T08:20:19","guid":{"rendered":"https:\/\/sonsanepoxy.vn\/?post_type=product&#038;p=12362"},"modified":"2026-05-05T08:20:46","modified_gmt":"2026-05-05T08:20:46","slug":"son-phu-ho-nuoc-sinh-hoat-kcc-et5775-mau-xanh-nhat","status":"publish","type":"product","link":"https:\/\/sonsanepoxy.vn\/index.php\/san-pham\/son-phu-ho-nuoc-sinh-hoat-kcc-et5775-mau-xanh-nhat\/","title":{"rendered":"S\u01a1n phu\u0309 h\u00f4\u0300 n\u01b0\u01a1\u0301c sinh hoa\u0323t KCC ET5775 &#8211; M\u00e0u xanh nh\u1ea1t"},"content":{"rendered":"<table width=\"102%\">\n<tbody>\n<tr>\n<td width=\"16%\"><strong>M\u00f4 t\u1ea3 &amp; \u1ee8ng d\u1ee5ng<\/strong><\/td>\n<td width=\"85%\">KOREPOX EP5775\u00a0 l\u00e0 lo\u1ea1i s\u01a1n hai th\u00e0nh ph\u1ea7n g\u1ed1c nh\u1ef1a epoxy, l\u00e0m gi\u1ea3m s\u1ef1 \u0103n m\u00f2n c\u1ee7a b\u00ea t\u00f4ng v\u00e0 ch\u1ea5t \u00f4 nhi\u1ec5m m\u00f4i tr\u01b0\u1eddng c\u1ee7a b\u00ean trong b\u1ec3 ch\u1ee9a n\u01b0\u1edbc b\u00ea t\u00f4ng (c\u00f3 th\u1ec3 \u0111\u01b0\u1ee3c d\u00f9ng tr\u1ef1c ti\u1ebfp tr\u00ean b\u1ec1 m\u1eb7t b\u00ea t\u00f4ng \u1ea9m).<\/p>\n<p>&nbsp;<\/p>\n<p>N\u00f3 \u0111\u1ea3m b\u1ea3o l\u1ea5p k\u00edn tuy\u1ec7t \u0111\u1ed1i v\u00e0 t\u0103ng \u0111\u1ed9 b\u00e1m d\u00ednh ch\u1eb7t ch\u1ebd gi\u1eefa c\u00e1c l\u1edbp l\u00f3t v\u00e0 l\u1edbp ph\u1ee7 T5775, c\u00f3 th\u1ec3 s\u1eed d\u1ee5ng l\u00e0 l\u1edbp l\u00f3t cho b\u1ec3 trong th\u1ef1c ph\u1ea9m, b\u1ec3 ch\u1ee9a n\u01b0\u1edbc s\u1ea1ch m\u00e0 kh\u00f4ng g\u00e2y \u0111\u1ed9c h\u1ea1i ph\u00f9 h\u1ee3p v\u1edbi quy \u0111\u1ecbnh c\u1ee7a FDA.<\/td>\n<\/tr>\n<tr>\n<td width=\"16%\"><strong>\u0110\u1eb7c t\u00ednh<\/strong><\/td>\n<td width=\"85%\">\u0110\u01b0\u1ee3c \u1ee9ng d\u1ee5ng trong c\u00e1c c\u00f4ng tr\u00ecnh y\u00eau c\u1ea7u cao v\u1ec1 \u0111\u1ed9 an to\u00e0n, kh\u00e1ng acid, ch\u1ea5t b\u1ea9n m\u1ea1nh nh\u01b0:<\/p>\n<p>B\u1ec3 th\u1ef1c ph\u1ea9m<\/p>\n<p>H\u1ed3 ch\u1ee9a n\u01b0\u1edbc sinh ho\u1ea1t<\/p>\n<p>B\u1ec3 ch\u1ee9a n\u01b0\u1edbc s\u1ea1ch<\/p>\n<p>C\u0103n h\u1ed9, nh\u00e0 m\u00e1y,\u2026<\/td>\n<\/tr>\n<tr>\n<td width=\"16%\"><strong>Th\u00f4ng s\u1ed1 k\u1ef9 thu\u1eadt<\/strong><\/td>\n<td width=\"85%\">\n<table width=\"974\">\n<tbody>\n<tr>\n<td colspan=\"3\" width=\"974\"><strong>D\u1eee LI\u1ec6U V\u1eacT L\u00dd<\/strong><\/td>\n<\/tr>\n<tr>\n<td width=\"100\">M\u00e0u s\u01a1n ho\u00e0n thi\u1ec7n<\/td>\n<td width=\"873\">Trong su\u1ed1t<\/td>\n<td width=\"0\"><\/td>\n<\/tr>\n<tr>\n<td width=\"100\">\u0110\u1ed9 ph\u1ee7 l\u00fd thuy\u1ebft<\/td>\n<td width=\"873\">9.8 m\u00b2\/ L v\u1edbi \u0111\u1ed9 d\u00e0y khi kh\u00f4 l\u00e0 100 \u03bcm tr\u00ean m\u1eb7t b\u1ec1 m\u1eb7t l\u00e1ng<\/td>\n<td width=\"0\"><\/td>\n<\/tr>\n<tr>\n<td width=\"100\">T\u1ef7 tr\u1ecdng<\/td>\n<td width=\"873\">X\u1ea5p x\u1ec9 1.05 kg\/L khi tr\u1ed9n \u0111\u1ec1u 2 th\u00e0nh ph\u1ea7n<\/td>\n<td width=\"0\"><\/td>\n<\/tr>\n<tr>\n<td width=\"100\">T\u1ef7 l\u1ec7 pha tr\u1ed9n<\/td>\n<td width=\"873\">PTA: PTB = 8.2 : 3.8 ( theo th\u1ec3 t\u00edch). Th\u1eddi gian ch\u1ebft : 50 ph\u00fat t\u1ea1i 20 \u1d3cC<\/td>\n<td width=\"0\"><\/td>\n<\/tr>\n<tr>\n<td width=\"100\">Dung m\u00f4i pha lo\u00e3ng<\/td>\n<td width=\"873\">kh\u00f4ng, n\u1ebfu c\u1ea7n thi\u1ebft s\u1eed d\u1ee5ng TH0375 ( kh\u00f4ng qu\u00e1 5 % theo th\u1ec3 t\u00edch)<\/td>\n<td width=\"0\"><\/td>\n<\/tr>\n<tr>\n<td width=\"100\">L\u1edbp s\u01a1n ph\u1ee7 \u0111\u1ec1 ngh\u1ecb<\/td>\n<td width=\"873\">ET7557<\/td>\n<td width=\"0\"><\/td>\n<\/tr>\n<tr>\n<td width=\"100\">Th\u1eddi gian kh\u00f4<\/td>\n<td width=\"873\">\n<table>\n<tbody>\n<tr>\n<td width=\"135\"><\/td>\n<td width=\"95\">10 \u00baC<\/td>\n<td width=\"94\">20 \u00baC<\/td>\n<td width=\"113\">30 \u00baC<\/td>\n<\/tr>\n<tr>\n<td width=\"135\">Kh\u00f4 ch\u1ea1m tay<\/td>\n<td width=\"95\">6 gi\u1edd<\/td>\n<td width=\"94\">4 gi\u1edd<\/td>\n<td width=\"113\">2 gi\u1edd<\/td>\n<\/tr>\n<tr>\n<td width=\"135\">Kh\u00f4 to\u00e0n ph\u1ea7n<\/td>\n<td width=\"95\">36 gi\u1edd<\/td>\n<td width=\"94\">24 gi\u1edd<\/td>\n<td width=\"113\">16 gi\u1edd<\/td>\n<\/tr>\n<tr>\n<td width=\"135\">Kh\u00f4 \u0111\u00f3ng r\u1eafn<\/td>\n<td width=\"95\">7 ng\u00e0y<\/td>\n<td width=\"94\">5 ng\u00e0y<\/td>\n<td width=\"113\">3 ng\u00e0y<\/td>\n<\/tr>\n<\/tbody>\n<\/table>\n<\/td>\n<td width=\"0\"><\/td>\n<\/tr>\n<tr>\n<td width=\"100\">\u0110\u1ed9 d\u00e0y m\u00e0ng s\u01a1n<\/td>\n<td width=\"873\">Kho\u1ea3ng 100\u03bcm\/l\u1edbp khi kh\u00f4.<\/td>\n<td width=\"0\"><\/td>\n<\/tr>\n<\/tbody>\n<\/table>\n<\/td>\n<\/tr>\n<tr>\n<td width=\"16%\"><strong>Chu\u1ea9n b\u1ecb b\u1ec1 m\u1eb7t<\/strong><\/td>\n<td width=\"85%\">B\u1ec1 m\u1eb7t thi c\u00f4ng EP5775 ph\u1ea3i \u0111\u1ea3m b\u1ea3o s\u1ea1ch s\u1ebd, kh\u00f4 r\u00e1o v\u00e0 c\u00f3 \u0111\u1ed9 nh\u00e1m ph\u00f9 h\u1ee3p<\/p>\n<p>C\u00e1c v\u1ebft d\u1ea7u m\u1ee1, b\u1ee5i b\u1ea9n c\u1ea7n \u0111\u01b0\u1ee3c lo\u1ea1i b\u1ecf b\u1eb1ng ch\u1ea5t t\u1ea9y h\u00f3a h\u1ecdc hay c\u00e1c ph\u01b0\u01a1ng ph\u00e1p c\u01a1 h\u1ecdc<\/p>\n<p>N\u00ean s\u1eed d\u1ee5ng v\u1eefa Epoxy \u0111\u1ec3 s\u1eeda c\u00e1c v\u1ebft n\u1ee9t, g\u00e3y tr\u00ean b\u1ec1 m\u1eb7t<\/p>\n<p>S\u1eed d\u1ee5ng m\u00e1y m\u00e0i ho\u1eb7c d\u1ee5ng c\u1ee5 t\u1ea1o nh\u00e1m th\u1ee7 c\u00f4ng \u0111\u1ec3 l\u00e0m s\u1ea1ch v\u1ebft v\u1eefa, s\u01a1n c\u0169 c\u00f2n d\u01b0<\/p>\n<p>T\u1ea1o nh\u00e1m ph\u00f9 h\u1ee3p \u0111\u1ec3 t\u0103ng k\u1ebft d\u00ednh v\u00e0 \u0111\u1ed9 b\u1ec1n c\u1ee7a m\u00e0ng s\u01a1n<\/td>\n<\/tr>\n<tr>\n<td width=\"16%\"><em>\u00a0<\/em><\/p>\n<p><em>\u00a0<\/em><\/p>\n<p><strong>Thi c\u00f4ng<\/strong><\/td>\n<td width=\"85%\"><strong>Thi c\u00f4ng l\u1edbp s\u01a1n l\u00f3t KCC EP1775<\/strong><\/p>\n<p>Tr\u1ed9n s\u01a1n theo t\u1ec9 l\u1ec7 1:1 (theo th\u1ec3 t\u00edch). N\u1ebfu tr\u1ed9n nguy\u00ean th\u00f9ng th\u00ec kh\u00f4ng c\u1ea7n \u0111o t\u1ec9 l\u1ec7<\/p>\n<p>S\u1eed d\u1ee5ng m\u00e1y tr\u1ed9n chuy\u00ean d\u1ee5ng \u0111\u1ec3 tr\u1ed9n. Tr\u1ed9n th\u00e0nh ph\u1ea7n s\u01a1n g\u1ed1c tr\u01b0\u1edbc sau \u0111\u00f3 \u0111\u1ed5 t\u1eeb t\u1eeb ch\u1ea5t \u0111\u00f3ng r\u1eafn v\u00e0o v\u00e0 tr\u1ed9n ti\u1ebfp cho \u0111\u1ec1u<\/p>\n<p>Tr\u1ed9n \u0111\u1ec1u tay t\u1eeb 2-3 ph\u00fat. Kh\u00f4ng tr\u1ed9n qu\u00e1 l\u00e2u s\u1ebd t\u1ea1o th\u00e0nh b\u1ecdt kh\u00ed<\/p>\n<p>Thi c\u00f4ng s\u01a1n: S\u1eed d\u1ee5ng rulo, ch\u1ed5i qu\u00e9t s\u01a1n ho\u1eb7c m\u00e1y phun s\u01a1n<\/p>\n<p>Tr\u1ea3i \u0111\u1ec1u l\u1edbp s\u01a1n l\u00f3t l\u00ean b\u1ec1 m\u1eb7t sao cho \u0111\u1ec1u. Qu\u00e9t s\u01a1n nhi\u1ec1u l\u1ea7n theo 2 h\u01b0\u1edbng vu\u00f4ng g\u00f3c<\/p>\n<p>\u0110\u1ea3m b\u1ea3o l\u1edbp s\u01a1n l\u00f3t \u0111\u01b0\u1ee3c ph\u1ee7 \u0111\u1ec1u, \u0111\u1ed9 k\u1ebft d\u00ednh ho\u00e0n h\u1ea3o cho b\u1ec1<\/p>\n<p><strong>Thi c\u00f4ng 2 l\u1edbp s\u01a1n ph\u1ee7<\/strong><\/p>\n<p>N\u00ean l\u1ef1a ch\u1ecdn l\u1edbp trong c\u00f9ng h\u1ec7 s\u01a1n. S\u01a1n ph\u1ee7 n\u00ean \u0111\u1ed3ng l\u00f4 s\u1ea3n xu\u1ea5t \u0111\u1ec3 b\u1ec1n m\u00e0u, ph\u00e1t huy hi\u1ec7u qu\u1ea3 kh\u1ea3 n\u0103ng b\u1ea3o v\u1ec7<\/p>\n<p>N\u00ean l\u1ef1a ch\u1ecdn s\u01a1n ph\u1ee7 Epoxy KCC cho h\u1ed3 n\u01b0\u1edbc sinh ho\u1ea1t\u00a0 ET5775<\/p>\n<p>S\u01a1n 2 l\u1edbp s\u01a1n, m\u1ed7i l\u1edbp c\u00e1ch nhau t\u1eeb 3-8 ti\u1ebfng<\/td>\n<\/tr>\n<tr>\n<td width=\"16%\"><strong>D\u1ee5ng c\u1ee5 thi c\u00f4ng <\/strong><\/td>\n<td width=\"85%\">Ch\u1ed5i, c\u00e2y l\u0103n.<\/td>\n<\/tr>\n<tr>\n<td width=\"16%\"><strong>\u0110\u00f3ng g\u00f3i<\/strong><\/td>\n<td width=\"85%\">12L ( PTA: 8.2L, PTB: 3.8L)<\/td>\n<\/tr>\n<tr>\n<td width=\"16%\"><strong>L\u01b0u \u00fd<\/strong><\/td>\n<td width=\"85%\">Dung m\u00f4i: Kh\u00f4ng c\u1ea7n thi\u1ebft<\/p>\n<p>T\u00f9y tr\u01b0\u1eddng h\u1ee3p c\u00f3 th\u1ec3 s\u1eed d\u1ee5ng TH0375 v\u1edbi t\u1ec9 l\u1ec7 l\u1edbn nh\u1ea5t l\u00e0 5%<\/p>\n<p>Tuy\u1ec7t \u0111\u1ed1i kh\u00f4ng h\u00edt h\u01a1i s\u01b0\u01a1ng c\u1ee7a s\u01a1n l\u00f3t EP1775<\/p>\n<p>L\u1edbp s\u01b0\u01a1ng n\u00e0y c\u00f3 kh\u1ea3 n\u0103ng cao g\u00e2y \u0111au \u0111\u1ea7u, ch\u00f3ng m\u1eb7t, \u1ea3nh h\u01b0\u1edfng \u0111\u1ebfn s\u1ee9c kh\u1ecfe<\/p>\n<p>\u0110\u1ed9 d\u00e0y m\u00e0n s\u01a1n: 100 \u00b5m kh\u00f4. \u0110\u1ed9 ph\u1ee7 \u0111\u01b0\u1ee3c t\u00ednh tr\u00ean l\u00fd thuy\u1ebft l\u00e0 9.8 m\u00b2\/l\u00edt<\/p>\n<p>Nhi\u1ec7t \u0111\u1ed9 b\u1ec1 m\u1eb7t v\u1eadt li\u1ec7u thi c\u00f4ng \u00edt nh\u1ea5t l\u00e0 2.7\u1d3cC(5\u1d3cF) tr\u00ean \u0111i\u1ec3m ng\u01b0ng t\u1ee5 s\u01b0\u01a1ng<\/p>\n<p>Th\u1eddi gian kh\u00f4 s\u01a1n t\u1ed1i thi\u1ec3u l\u00e0 16 gi\u1edd k\u1ec3 t\u1eeb sau khi thi c\u00f4ng l\u1edbp s\u01a1n ho\u00e0n thi\u1ec7n<\/td>\n<\/tr>\n<tr>\n<td width=\"16%\"><strong>S\u1ee9c kh\u1ecfe v\u00e0 an to\u00e0n<\/strong><\/td>\n<td width=\"85%\">B\u1ea3o v\u1ec7 da v\u00e0 m\u1eaft, v\u00e0 tr\u00e1nh h\u00edt v\u00e0o h\u01a1i c\u1ee7a dung m\u00f4i.<\/p>\n<p>S\u1eed d\u1ee5ng \u0111\u1ea7y \u0111\u1ee7 th\u00f4ng gi\u00f3<\/p>\n<p>Khuy\u1ebfn c\u00e1o n\u00ean b\u1ea3o v\u1ec7 h\u00f4 h\u1ea5p khi thi c\u00f4ng s\u1ea3n ph\u1ea9m trong khu v\u1ef1c gi\u1edbi h\u1ea1n hay khu v\u1ef1c thi\u1ebfu kh\u00f4ng kh\u00ed.<\/p>\n<p>Trong h\u1ed7n h\u1ee3p c\u00f3 ch\u1ee9a dung m\u00f4i d\u1ec5 ch\u00e1y, khi v\u1eadn chuy\u1ec3n, s\u1eed d\u1ee5ng, hay \u0111\u1ec3 trong nh\u00e0<\/p>\n<p>kho n\u00ean \u0111\u1ec3 tr\u00e1nh xa c\u00e1c ngu\u1ed3n l\u1eeda, n\u01a1i d\u1ec5 b\u1eaft ch\u00e1y.<\/p>\n<p>N\u00ean l\u01b0u tr\u1eef n\u01a1i kh\u00f4 r\u00e1o, \u0111\u00f3ng ch\u1eb7t n\u1eafp th\u00f9ng sau khi s\u1eed d\u1ee5ng.<\/td>\n<\/tr>\n<\/tbody>\n<\/table>\n<p>Xem th\u00eam: <a href=\"https:\/\/sonsanepoxy.com.vn\/son-epoxy-la-gi\/\"><span style=\"color: #0000ff;\"><strong>S\u01a1n Epoxy<\/strong><\/span><\/a><\/p>\n<p>&nbsp;<\/p>\n","protected":false},"excerpt":{"rendered":"<p>KOREPOX EP5775\u00a0 l\u00e0 lo\u1ea1i s\u01a1n hai th\u00e0nh ph\u1ea7n g\u1ed1c nh\u1ef1a epoxy, l\u00e0m gi\u1ea3m s\u1ef1 \u0103n m\u00f2n c\u1ee7a b\u00ea t\u00f4ng v\u00e0 ch\u1ea5t \u00f4 nhi\u1ec5m m\u00f4i tr\u01b0\u1eddng c\u1ee7a b\u00ean trong b\u1ec3 ch\u1ee9a n\u01b0\u1edbc b\u00ea t\u00f4ng (c\u00f3 th\u1ec3 \u0111\u01b0\u1ee3c d\u00f9ng tr\u1ef1c ti\u1ebfp tr\u00ean b\u1ec1 m\u1eb7t b\u00ea t\u00f4ng \u1ea9m).<\/p>\n<p>&nbsp;<\/p>\n<p>N\u00f3 \u0111\u1ea3m b\u1ea3o l\u1ea5p k\u00edn tuy\u1ec7t \u0111\u1ed1i v\u00e0 t\u0103ng \u0111\u1ed9 b\u00e1m d\u00ednh ch\u1eb7t ch\u1ebd gi\u1eefa c\u00e1c l\u1edbp l\u00f3t v\u00e0 l\u1edbp ph\u1ee7 T5775, c\u00f3 th\u1ec3 s\u1eed d\u1ee5ng l\u00e0 l\u1edbp l\u00f3t cho b\u1ec3 trong th\u1ef1c ph\u1ea9m, b\u1ec3 ch\u1ee9a n\u01b0\u1edbc s\u1ea1ch m\u00e0 kh\u00f4ng g\u00e2y \u0111\u1ed9c h\u1ea1i ph\u00f9 h\u1ee3p v\u1edbi quy \u0111\u1ecbnh c\u1ee7a FDA.<\/p>\n","protected":false},"featured_media":191,"comment_status":"open","ping_status":"closed","template":"","meta":[],"product_brand":[],"product_cat":[17,19],"product_tag":[],"class_list":{"0":"post-12362","1":"product","2":"type-product","3":"status-publish","4":"has-post-thumbnail","6":"product_cat-hang-son","7":"product_cat-son-epoxy-kcc","9":"first","10":"instock","11":"shipping-taxable","12":"purchasable","13":"product-type-simple"},"_links":{"self":[{"href":"https:\/\/sonsanepoxy.vn\/index.php\/wp-json\/wp\/v2\/product\/12362","targetHints":{"allow":["GET"]}}],"collection":[{"href":"https:\/\/sonsanepoxy.vn\/index.php\/wp-json\/wp\/v2\/product"}],"about":[{"href":"https:\/\/sonsanepoxy.vn\/index.php\/wp-json\/wp\/v2\/types\/product"}],"replies":[{"embeddable":true,"href":"https:\/\/sonsanepoxy.vn\/index.php\/wp-json\/wp\/v2\/comments?post=12362"}],"wp:featuredmedia":[{"embeddable":true,"href":"https:\/\/sonsanepoxy.vn\/index.php\/wp-json\/wp\/v2\/media\/191"}],"wp:attachment":[{"href":"https:\/\/sonsanepoxy.vn\/index.php\/wp-json\/wp\/v2\/media?parent=12362"}],"wp:term":[{"taxonomy":"product_brand","embeddable":true,"href":"https:\/\/sonsanepoxy.vn\/index.php\/wp-json\/wp\/v2\/product_brand?post=12362"},{"taxonomy":"product_cat","embeddable":true,"href":"https:\/\/sonsanepoxy.vn\/index.php\/wp-json\/wp\/v2\/product_cat?post=12362"},{"taxonomy":"product_tag","embeddable":true,"href":"https:\/\/sonsanepoxy.vn\/index.php\/wp-json\/wp\/v2\/product_tag?post=12362"}],"curies":[{"name":"wp","href":"https:\/\/api.w.org\/{rel}","templated":true}]}}