{"id":12360,"date":"2026-05-05T08:20:19","date_gmt":"2026-05-05T08:20:19","guid":{"rendered":"https:\/\/sonsanepoxy.vn\/?post_type=product&#038;p=12360"},"modified":"2026-05-05T08:20:45","modified_gmt":"2026-05-05T08:20:45","slug":"son-epoxy-joton-he-dung-moi-jona-epo-mau-vang","status":"publish","type":"product","link":"https:\/\/sonsanepoxy.vn\/index.php\/san-pham\/son-epoxy-joton-he-dung-moi-jona-epo-mau-vang\/","title":{"rendered":"S\u01a1n Epoxy Joton h\u1ec7 dung m\u00f4i Jona Epo &#8211; M\u00e0u V\u00e0ng"},"content":{"rendered":"<table style=\"width: 99.7666%;\">\n<tbody>\n<tr>\n<td style=\"width: 15.8311%;\" width=\"116\"><strong>M\u00f4 t\u1ea3 &amp; \u1ee8ng d\u1ee5ng<\/strong><\/td>\n<td style=\"width: 93.6675%;\" width=\"631\">JONA<sup>\u00ae<\/sup> EPO l\u00e0 s\u01a1n epoxy 2 th\u00e0nh ph\u1ea7n, h\u1ec7 dung m\u00f4i.<\/p>\n<p>Tr\u00ean n\u1ec1n th\u00e9p: b\u1ea3o v\u1ec7 c\u00e1c m\u1eb7t kim lo\u1ea1i, c\u00e1c b\u1ed3n ch\u1ee9a \u0111\u00f2i h\u1ecfi c\u00e1c y\u00eau c\u1ea7u v\u1ec1 an to\u00e0n th\u1ef1c ph\u1ea9m, c\u00f3 y\u00eau c\u1ea7u s\u01a1n h\u1ec7 th\u1ed1ng epoxy ho\u00e0n ch\u1ec9nh.<\/p>\n<p>Tr\u00ean n\u1ec1n b\u00ea t\u00f4ng: ph\u1ee7 b\u1ea3o v\u1ec7 v\u00e0 ch\u1ed1ng th\u1ea5m cho s\u00e0n nh\u00e0, ph\u00f2ng th\u00ed nghi\u1ec7m, n\u1ec1n nh\u00e0 x\u01b0\u1edfng, cho nh\u1eefng n\u01a1i \u0111i l\u1ea1i th\u01b0\u1eddng xuy\u00ean\u2026<\/p>\n<p>JONA<sup>\u00ae<\/sup> EPO \u0111\u01b0\u1ee3c ch\u1ee9ng nh\u1eadn \u0111\u1ea1t ti\u00eau chu\u1ea9n c\u00f4ng nghi\u1ec7p Nh\u1eadt B\u1ea3n JIS K 5659:2008 v\u00e0 Quy chu\u1ea9n k\u1ef9 thu\u1eadt qu\u1ed1c gia v\u1ec1 S\u1ea3n ph\u1ea9m, h\u00e0ng ho\u00e1 v\u1eadt li\u1ec7u x\u00e2y d\u1ef1ng QCVN 16:2014\/BXD.<\/td>\n<\/tr>\n<tr>\n<td style=\"width: 15.8311%;\" width=\"116\"><strong>\u0110\u1eb7c t\u00ednh<\/strong><\/td>\n<td style=\"width: 93.6675%;\" width=\"631\">\u00b7\u00a0 \u0110\u1ed9 b\u00e1m d\u00ednh cao tr\u00ean n\u1ec1n kim l\u1ecdai, b\u00ea t\u00f4ng.<\/p>\n<p>\u00b7\u00a0 Ch\u1ecbu m\u00e0i m\u00f2n, va \u0111\u1eadp, ch\u1ecbu \u1ea9m, ch\u1ecbu h\u00f3a ch\u1ea5t, b\u1ec1n m\u00e0u, ch\u1ed1ng r\u00eau m\u1ed1c.<\/p>\n<p>\u00b7\u00a0 Kh\u1ea3 n\u0103ng ch\u1ecbu nhi\u1ec7t cao c\u00f3 th\u1ec3 s\u1eed d\u1ee5ng cho c\u00e1c b\u1ec1 m\u1eb7t b\u1ecb l\u00e0m n\u00f3ng l\u00ean \u0111\u1ebfn 100<sup>o<\/sup>C (kh\u00f4ng li\u00ean t\u1ee5c).<\/td>\n<\/tr>\n<tr>\n<td style=\"width: 15.8311%;\" width=\"116\"><strong>Th\u00f4ng s\u1ed1 k\u1ef9 thu\u1eadt<\/strong><\/td>\n<td style=\"width: 93.6675%;\" width=\"631\">\n<table style=\"border-collapse: collapse; width: 100%;\">\n<tbody>\n<tr>\n<td style=\"width: 50%;\">M\u00e0u s\u1eafc<\/td>\n<td style=\"width: 50%;\">Theo b\u1ea3ng m\u00e0u.<\/td>\n<\/tr>\n<tr>\n<td style=\"width: 50%;\">H\u00e0m l\u01b0\u1ee3ng r\u1eafn (sau ph\u1ed1i tr\u1ed9n)<\/td>\n<td style=\"width: 50%;\">min.50 %<\/td>\n<\/tr>\n<tr>\n<td style=\"width: 50%;\">T\u1ef7 tr\u1ecdng<\/td>\n<td style=\"width: 50%;\">1.30 \uf0b1 0.10 g\/ml<\/td>\n<\/tr>\n<tr>\n<td style=\"width: 50%;\">\u0110\u1ed9 ph\u1ee7 l\u00fd thuy\u1ebft<\/td>\n<td style=\"width: 50%;\">7 \u2013 10m<sup>2<\/sup>\/kg\/l\u1edbp 40\uf06dm<\/td>\n<\/tr>\n<tr>\n<td style=\"width: 50%;\">T\u1ef7 l\u1ec7 ph\u1ed1i tr\u1ed9n (A\/B)<\/td>\n<td style=\"width: 50%;\">4\/1<\/td>\n<\/tr>\n<tr>\n<td style=\"width: 50%;\">\u0110\u1ed9 d\u00e0y m\u00e0ng s\u01a1n<\/td>\n<td style=\"width: 50%;\">\u0110\u1ed9 d\u00e0y \u01b0\u1edbt: 90\u00b5m \u0110\u1ed9 d\u00e0y kh\u00f4: 40\u00b5m<\/td>\n<\/tr>\n<tr>\n<td style=\"width: 50%;\">Th\u1eddi gian kh\u00f4 (23<sup>0<\/sup>C)<\/td>\n<td style=\"width: 50%;\">Kh\u00f4 m\u1eb7t: Sau 4 gi\u1edd<\/p>\n<p>Kh\u00f4 c\u1ee9ng: Sau 16 gi\u1edd<\/td>\n<\/tr>\n<tr>\n<td style=\"width: 50%;\">Th\u1eddi gian ph\u1ee7 l\u1edbp k\u1ebf ti\u1ebfp (23<sup>0<\/sup>C)<\/td>\n<td style=\"width: 50%;\">T\u1ed1i thi\u1ec3u sau 16 gi\u1edd<\/td>\n<\/tr>\n<tr>\n<td style=\"width: 50%;\">Th\u1eddi gian s\u1ed1ng (23<sup>0<\/sup>C)<\/td>\n<td style=\"width: 50%;\">7 gi\u1edd<\/td>\n<\/tr>\n<tr>\n<td style=\"width: 50%;\">VOC<\/p>\n<p>Ch\u1ea5t pha lo\u00e3ng\/ l\u00e0m s\u1ea1ch<\/td>\n<td style=\"width: 50%;\">T\u1ed1i \u0111a 250 mg\/L<\/p>\n<p>JOTHINNER<sup>\u00ae<\/sup>-305<\/td>\n<\/tr>\n<\/tbody>\n<\/table>\n<p>&nbsp;<\/td>\n<\/tr>\n<tr>\n<td style=\"width: 15.8311%;\" width=\"116\"><strong>Chu\u1ea9n b\u1ecb b\u1ec1 m\u1eb7t<\/strong><\/td>\n<td style=\"width: 93.6675%;\" width=\"631\">B\u1ec1 m\u1eb7t c\u1ea7n s\u01a1n ph\u1ea3i s\u1ea1ch, kh\u00f4 r\u00e1o, kh\u00f4ng d\u00ednh d\u1ea7u m\u1ee1, c\u00e1c t\u1ea1p ch\u1ea5t kh\u00e1c v\u00e0 kh\u00f4ng b\u1ecb ph\u1ea5n h\u00f3a.<\/td>\n<\/tr>\n<tr>\n<td style=\"width: 15.8311%;\" width=\"116\"><strong>Thi c\u00f4ng<\/strong><\/td>\n<td style=\"width: 93.6675%;\" width=\"631\">Khu\u1ea5y \u0111\u1ec1u ph\u1ea7n base (ph\u1ea7n A) b\u1eb1ng m\u00e1y khu\u1ea5y. \u0110\u1ed5 t\u1eeb t\u1eeb ph\u1ea7n \u0111\u00f3ng r\u1eafn (ph\u1ea7n B) v\u00e0o th\u00f9ng ch\u1ee9a ph\u1ea7n A theo t\u1ec9 l\u1ec7 4 ph\u1ea7n A v\u00e0 1 ph\u1ea7n B. Khu\u1ea5y th\u1eadt \u0111\u1ec1u kho\u00e3ng 3 ph\u00fat cho \u0111\u1ebfn khi h\u1ed7n h\u1ee3p \u0111\u1ed3ng nh\u1ea5t.<\/p>\n<p>Ch\u1ec9 d\u00f9ng ch\u1ea5t pha lo\u00e3ng khi \u0111\u01b0\u1ee3c y\u00eau c\u1ea7u (T\u1ef7 l\u1ec7 t\u1ed1i \u0111a 3% theo kh\u1ed1i l\u01b0\u1ee3ng c\u1ee7a h\u1ed7n h\u1ee3p A &amp; B).<\/p>\n<p>H\u1ed7n h\u1ee3p \u0111\u00e3 ph\u1ed1i tr\u1ed9n kh\u00f4ng \u0111\u01b0\u1ee3c \u0111\u1ec3 qu\u00e1 7 gi\u1edd \u1edf 23<sup>0<\/sup>C.<\/td>\n<\/tr>\n<tr>\n<td style=\"width: 15.8311%;\" width=\"116\"><strong>D\u1ee5ng c\u1ee5<\/strong><\/td>\n<td style=\"width: 93.6675%;\" width=\"631\">Thi\u1ebft b\u1ecb phun ch\u00e2n kh\u00f4ng c\u00f3 k\u00edch th\u01b0\u1edbc \u0111\u1ea7u phun D=0.43 \u00f7 0.65mm, \u00e1p su\u1ea5t t\u1ea1i \u0111\u1ea7u s\u00fang phun 15 MPa (150kp\/cm<sup>2<\/sup>) v\u00e0 g\u00f3c phun t\u1eeb 40<sup>o<\/sup> \u0111\u1ebfn 65<sup>0<\/sup>.<\/p>\n<p>S\u00fang phun th\u00f4ng th\u01b0\u1eddng, rulo chuy\u00ean d\u1ee5ng.<\/p>\n<p>C\u00f3 th\u1ec3 s\u1eed d\u1ee5ng c\u1ecd cho nh\u1eefng khu v\u1ef1c nh\u1ecf nh\u01b0ng ph\u1ea3i \u0111\u1ea3m b\u1ea3o \u0111\u1ea1t \u0111\u1ed9 d\u00e0y quy \u0111\u1ecbnh. R\u1eeda s\u1ea1ch d\u1ee5ng c\u1ee5 sau khi thi c\u00f4ng<\/td>\n<\/tr>\n<tr>\n<td style=\"width: 15.8311%;\" width=\"116\"><strong>\u0110\u00f3ng g\u00f3i<\/strong><\/td>\n<td style=\"width: 93.6675%;\" width=\"631\">16 Kg ph\u1ea7n A + 4 Kg ph\u1ea7n B\/ 1 b\u1ed9<\/p>\n<p>3.2 Kg ph\u1ea7n A + 0.8 Kg ph\u1ea7n B\/1 b\u1ed9<\/p>\n<p>T\u1ed3n tr\u1eef n\u01a1i m\u00e1t m\u1ebb kh\u00f4 r\u00e1o. Tr\u00e1nh ngu\u1ed3n nhi\u1ec7t v\u00e0 l\u1eeda.<\/td>\n<\/tr>\n<tr>\n<td style=\"width: 15.8311%;\" width=\"116\"><strong>L\u01b0u \u00fd<\/strong><\/td>\n<td style=\"width: 93.6675%;\" width=\"631\">Khu\u1ea5y \u0111\u1ec1u tr\u01b0\u1edbc khi s\u1eed d\u1ee5ng<\/p>\n<p>Nhi\u1ec7t \u0111\u1ed9 b\u1ec1 m\u1eb7t thi c\u00f4ng t\u1ed1i thi\u1ec3u \u0111\u1ea1t 10 <sup>0<\/sup>C v\u00e0 cao h\u01a1n 5<sup>0<\/sup>C so v\u1edbi \u0111i\u1ec3m s\u01b0\u01a1ng c\u1ee7a kh\u00f4ng kh\u00ed. \u0110\u1ed9 \u1ea9m m\u00f4i tr\u01b0\u1eddng thi c\u00f4ng \u226485%.<\/p>\n<p>Th\u1eddi gian kh\u00f4 ph\u1ee5 thu\u1ed9c v\u00e0o nhi\u1ec7t \u0111\u1ed9, \u0111\u1ed9 \u1ea9m, m\u1ee9c \u0111\u1ed9 th\u00f4ng tho\u00e1ng c\u1ee7a m\u00f4i tr\u01b0\u1eddng thi c\u00f4ng. Nhi\u1ec7t \u0111\u1ed9 cao v\u00e0 th\u00f4ng tho\u00e1ng t\u1ed1t gi\u00fap cho s\u01a1n kh\u00f4 nhanh h\u01a1n.<\/td>\n<\/tr>\n<tr>\n<td style=\"width: 15.8311%;\" width=\"116\"><strong>S\u1ee9c kh\u1ecfe v\u00e0 an to\u00e0n<\/strong><\/td>\n<td style=\"width: 93.6675%;\" width=\"631\">\u00b7\u00a0 \u0110\u1ec3 xa t\u1ea7m tay tr\u1ebb em.<\/p>\n<p>\u00b7\u00a0 \u0110\u1ea3m b\u1ea3o th\u00f4ng tho\u00e1ng t\u1ed1t khi thi c\u00f4ng v\u00e0 ch\u1edd kh\u00f4. Tr\u00e1nh h\u00edt ph\u1ea3i b\u1ee5i s\u01a1n.<\/p>\n<p>\u00b7\u00a0 N\u00ean \u0111eo k\u00ednh b\u1ea3o h\u1ed9 khi thi c\u00f4ng. Tr\u01b0\u1eddng h\u1ee3p s\u01a1n d\u00ednh v\u00e0o m\u1eaft, r\u1eeda v\u1edbi nhi\u1ec1u n\u01b0\u1edbc s\u1ea1ch v\u00e0 \u0111i \u0111\u1ebfn c\u01a1 s\u1edf y t\u1ebf ngay.<\/p>\n<p>\u00b7\u00a0 D\u00f9ng dung m\u00f4i th\u00edch h\u1ee3p \u0111\u1ec3 ch\u00f9i s\u1ea1ch s\u01a1n d\u00ednh v\u00e0o da, sau \u0111\u00f3 d\u00f9ng n\u01b0\u1edbc v\u00e0 x\u00e0 ph\u00f2ng \u0111\u1ec3 r\u1eeda s\u1ea1ch.<\/p>\n<p>\u00b7\u00a0 C\u1ea9n th\u1eadn khi v\u1eadn chuy\u1ec3n s\u01a1n. N\u1ebfu \u0111\u1ed5 s\u01a1n th\u00ec thu gom b\u1eb1ng c\u00e1ch r\u1ea3i \u0111\u1ea5t ho\u1eb7c c\u00e1t.<\/p>\n<p>\u00b7\u00a0 CH\u00da \u00dd PH\u00d2NG NG\u1eeaA R\u1ee6I RO CH\u00c1Y N\u1ed4.<\/p>\n<p>\u00b7\u00a0 KH\u00d4NG \u0110\u01af\u1ee2C \u0110\u1ed4 S\u01a0N RA C\u1ed0NG R\u00c3NH HO\u1eb6C NGU\u1ed2N N\u01af\u1edaC.<\/td>\n<\/tr>\n<\/tbody>\n<\/table>\n<p>Xem th\u00eam: <a href=\"https:\/\/sonsanepoxy.com.vn\/son-epoxy-la-gi\/\"><span style=\"color: #0000ff;\"><strong>S\u01a1n Epoxy<\/strong><\/span><\/a><\/p>\n","protected":false},"excerpt":{"rendered":"<p>JONA<sup>\u00ae<\/sup> EPO l\u00e0 s\u01a1n epoxy 2 th\u00e0nh ph\u1ea7n, h\u1ec7 dung m\u00f4i.<\/p>\n<p>Tr\u00ean n\u1ec1n th\u00e9p: b\u1ea3o v\u1ec7 c\u00e1c m\u1eb7t kim lo\u1ea1i, c\u00e1c b\u1ed3n ch\u1ee9a \u0111\u00f2i h\u1ecfi c\u00e1c y\u00eau c\u1ea7u v\u1ec1 an to\u00e0n th\u1ef1c ph\u1ea9m, c\u00f3 y\u00eau c\u1ea7u s\u01a1n h\u1ec7 th\u1ed1ng epoxy ho\u00e0n ch\u1ec9nh.<\/p>\n<p>Tr\u00ean n\u1ec1n b\u00ea t\u00f4ng: ph\u1ee7 b\u1ea3o v\u1ec7 v\u00e0 ch\u1ed1ng th\u1ea5m cho s\u00e0n nh\u00e0, ph\u00f2ng th\u00ed nghi\u1ec7m, n\u1ec1n nh\u00e0 x\u01b0\u1edfng, cho nh\u1eefng n\u01a1i \u0111i l\u1ea1i th\u01b0\u1eddng xuy\u00ean\u2026<\/p>\n<p>JONA<sup>\u00ae<\/sup> EPO \u0111\u01b0\u1ee3c ch\u1ee9ng nh\u1eadn \u0111\u1ea1t ti\u00eau chu\u1ea9n c\u00f4ng nghi\u1ec7p Nh\u1eadt B\u1ea3n JIS K 5659:2008 v\u00e0 Quy chu\u1ea9n k\u1ef9 thu\u1eadt qu\u1ed1c gia v\u1ec1 S\u1ea3n ph\u1ea9m, h\u00e0ng ho\u00e1 v\u1eadt li\u1ec7u x\u00e2y d\u1ef1ng QCVN 16:2014\/BXD.<\/p>\n","protected":false},"featured_media":67,"comment_status":"open","ping_status":"closed","template":"","meta":[],"product_brand":[],"product_cat":[17,18],"product_tag":[],"class_list":{"0":"post-12360","1":"product","2":"type-product","3":"status-publish","4":"has-post-thumbnail","6":"product_cat-hang-son","7":"product_cat-son-epoxy-joton","9":"first","10":"instock","11":"shipping-taxable","12":"purchasable","13":"product-type-simple"},"_links":{"self":[{"href":"https:\/\/sonsanepoxy.vn\/index.php\/wp-json\/wp\/v2\/product\/12360","targetHints":{"allow":["GET"]}}],"collection":[{"href":"https:\/\/sonsanepoxy.vn\/index.php\/wp-json\/wp\/v2\/product"}],"about":[{"href":"https:\/\/sonsanepoxy.vn\/index.php\/wp-json\/wp\/v2\/types\/product"}],"replies":[{"embeddable":true,"href":"https:\/\/sonsanepoxy.vn\/index.php\/wp-json\/wp\/v2\/comments?post=12360"}],"wp:featuredmedia":[{"embeddable":true,"href":"https:\/\/sonsanepoxy.vn\/index.php\/wp-json\/wp\/v2\/media\/67"}],"wp:attachment":[{"href":"https:\/\/sonsanepoxy.vn\/index.php\/wp-json\/wp\/v2\/media?parent=12360"}],"wp:term":[{"taxonomy":"product_brand","embeddable":true,"href":"https:\/\/sonsanepoxy.vn\/index.php\/wp-json\/wp\/v2\/product_brand?post=12360"},{"taxonomy":"product_cat","embeddable":true,"href":"https:\/\/sonsanepoxy.vn\/index.php\/wp-json\/wp\/v2\/product_cat?post=12360"},{"taxonomy":"product_tag","embeddable":true,"href":"https:\/\/sonsanepoxy.vn\/index.php\/wp-json\/wp\/v2\/product_tag?post=12360"}],"curies":[{"name":"wp","href":"https:\/\/api.w.org\/{rel}","templated":true}]}}