{"id":12352,"date":"2026-05-05T08:20:18","date_gmt":"2026-05-05T08:20:18","guid":{"rendered":"https:\/\/sonsanepoxy.vn\/?post_type=product&#038;p=12352"},"modified":"2026-05-05T08:20:37","modified_gmt":"2026-05-05T08:20:37","slug":"son-phu-joton-jona-polyurethane-finish-mau-co-ban","status":"publish","type":"product","link":"https:\/\/sonsanepoxy.vn\/index.php\/san-pham\/son-phu-joton-jona-polyurethane-finish-mau-co-ban\/","title":{"rendered":"S\u01a1n ph\u1ee7 Joton Jona Polyurethane Finish &#8211; M\u00e0u c\u01a1 b\u1ea3n"},"content":{"rendered":"<p>&nbsp;<\/p>\n<table width=\"102%\">\n<tbody>\n<tr>\n<td width=\"16%\"><strong>M\u00f4 t\u1ea3 &amp; \u1ee8ng d\u1ee5ng<\/strong><\/td>\n<td width=\"85%\">S\u01a1n ph\u1ee7 Joton Jona Polyurethane Finish PUF70 l\u00e0 s\u1ea3n ph\u1ea9m thu\u1ed9c h\u00e3ng s\u01a1n Joton, l\u00e0 lo\u1ea1i s\u01a1n Polyurethane 2 th\u00e0nh ph\u1ea7n, \u0111\u00f3ng r\u1eafn b\u1eb1ng Polyisocyanate. B\u1ea3o v\u1ec7 v\u00e0 trang tr\u00ed tr\u00ean t\u1ea5t c\u1ea3 c\u00e1c b\u1ec1 m\u1eb7t \u0111\u00e3 \u0111\u01b0\u1ee3c x\u1eed l\u00fd th\u00edch h\u1ee3p, d\u00f9ng cho m\u1ee5c \u0111\u00edch s\u1eed d\u1ee5ng l\u00e2u d\u00e0i.<\/p>\n<p>L\u00e0\u00a0 lo\u1ea1i s\u01a1n Polyurethane 2 th\u00e0nh ph\u1ea7n, \u0111\u00f3ng r\u1eafn b\u1eb1ng Polyisocyanate. B\u1ea3o v\u1ec7 v\u00e0 trang tr\u00ed tr\u00ean t\u1ea5t c\u1ea3 c\u00e1c b\u1ec1 m\u1eb7t \u0111\u00e3 \u0111\u01b0\u1ee3c x\u1eed l\u00fd th\u00edch h\u1ee3p, d\u00f9ng cho m\u1ee5c \u0111\u00edch s\u1eed d\u1ee5ng l\u00e2u d\u00e0i ngo\u00e0i tr\u1eddi trong c\u00e1c ng\u00e0nh c\u00f4ng nghi\u1ec7p, t\u00e0u bi\u1ec3n, c\u00e1c c\u00f4ng tr\u00ecnh x\u00e2y d\u1ef1ng v\u00e0 nhi\u1ec1u l\u0129nh v\u1ef1c kh\u00e1c.\u00a0 \u0111\u01b0\u1ee3c ch\u1ee9ng nh\u1eadn \u0111\u1ea1t ti\u00eau chu\u1ea9n c\u00f4ng nghi\u1ec7p Nh\u1eadt B\u1ea3n.<\/td>\n<\/tr>\n<tr>\n<td width=\"16%\"><strong>\u0110\u1eb7c t\u00ednh<\/strong><\/td>\n<td width=\"85%\">\u0110\u1ed9 b\u00e1m d\u00ednh cao, \u0111\u1ed9 b\u1ec1n b\u00f3ng tuy\u1ec7t h\u1ea3o.<\/p>\n<p>M\u00e0ng s\u01a1n c\u1ee9ng, d\u1ebbo dai, ch\u1ecbu m\u00e0i m\u00f2n cao.<\/p>\n<p>Ch\u1ecbu th\u1eddi ti\u1ebft kh\u1eafc nghi\u1ec7t, UV v\u00e0 h\u00f3a ch\u1ea5t \u0103n m\u00f2n.<\/p>\n<p>Ch\u1ecbu \u0111\u01b0\u1ee3c m\u00f4i tr\u01b0\u1eddng acid, ki\u1ec1m, x\u0103ng d\u1ea7u, kh\u00e1ng n\u01b0\u1edbc t\u1ed1t.<\/p>\n<p>C\u00f3 th\u1ec3 s\u1eed d\u1ee5ng cho c\u00e1c b\u1ec1 m\u1eb7t b\u1ecb l\u00e0m n\u00f3ng \u0111\u1ebfn 1000C (kh\u00f4ng li\u00ean t\u1ee5c)\u2026<\/td>\n<\/tr>\n<tr>\n<td width=\"16%\"><strong>Th\u00f4ng s\u1ed1 k\u1ef9 thu\u1eadt<\/strong><\/td>\n<td width=\"85%\">\n<table style=\"width: 113.813%;\" width=\"661\">\n<tbody>\n<tr>\n<td style=\"width: 29%;\" width=\"29%\">M\u00e0u s\u1eafc:<\/p>\n<p>H\u00e0m l\u01b0\u1ee3ng r\u1eafn<\/td>\n<td style=\"width: 116.97%;\" width=\"70%\">Theo y\u00eau c\u1ea7u.<\/p>\n<p>T\u1ed1i thi\u1ec3u 50%<\/td>\n<\/tr>\n<tr>\n<td style=\"width: 29%;\" width=\"29%\">T\u1ef7 tr\u1ecdng (sau ph\u1ed1i tr\u1ed9n)<\/td>\n<td style=\"width: 116.97%;\" width=\"70%\">1.30 \u00b1 0.10 g\/ml<\/td>\n<\/tr>\n<tr>\n<td style=\"width: 29%;\" width=\"29%\">\u0110\u1ed9 ph\u1ee7 l\u00fd thuy\u1ebft<\/td>\n<td style=\"width: 116.97%;\" width=\"70%\">7 \u2013 9 m2\/kg\/l\u1edbp 40\u00b5m<\/td>\n<\/tr>\n<tr>\n<td style=\"width: 29%;\" width=\"29%\">T\u1ec9 l\u1ec7 ph\u1ed1i tr\u1ed9n (A\/B theo kh\u1ed1i l\u01b0\u1ee3ng)<\/td>\n<td style=\"width: 116.97%;\" width=\"70%\">4 \/ 1<\/td>\n<\/tr>\n<tr>\n<td style=\"width: 29%;\" width=\"29%\">\u0110\u1ed9 d\u00e0y m\u00e0ng s\u01a1n \u01b0\u1edbt<\/td>\n<td style=\"width: 116.97%;\" width=\"70%\">80 \u00b5m<\/td>\n<\/tr>\n<tr>\n<td style=\"width: 29%;\" width=\"29%\">\u0110\u1ed9 d\u00e0y m\u00e0ng s\u01a1n kh\u00f4<\/td>\n<td style=\"width: 116.97%;\" width=\"70%\">40 \u00b5m<\/td>\n<\/tr>\n<tr>\n<td style=\"width: 29%;\" width=\"29%\">Th\u1eddi gian kh\u00f4 (23oC)<\/td>\n<td style=\"width: 116.97%;\" width=\"70%\">4 gi\u1edd kh\u00f4 m\u1eb7t<\/p>\n<p>Kh\u00f4 c\u1ee9ng sau 16 gi\u1edd<\/td>\n<\/tr>\n<tr>\n<td style=\"width: 29%;\" width=\"29%\">Th\u1eddi gian ph\u1ee7 l\u1edbp k\u1ebf ti\u1ebfp (23oC)<\/td>\n<td style=\"width: 116.97%;\" width=\"70%\">T\u1ed1i thi\u1ec3u sau 16 gi\u1edd<\/td>\n<\/tr>\n<tr>\n<td style=\"width: 29%;\" width=\"29%\">Th\u1eddi gian s\u1ed1ng (sau ph\u1ed1i tr\u1ed9n)<\/td>\n<td style=\"width: 116.97%;\" width=\"70%\">6 gi\u1edd<\/td>\n<\/tr>\n<tr>\n<td style=\"width: 29%;\" width=\"29%\">Ch\u1ea5t pha lo\u00e3ng\/ l\u00e0m s\u1ea1ch<\/td>\n<td style=\"width: 116.97%;\" width=\"70%\">JOTHINNER\u00ae \u2013 305<\/td>\n<\/tr>\n<\/tbody>\n<\/table>\n<\/td>\n<\/tr>\n<tr>\n<td width=\"16%\"><strong>Chu\u1ea9n b\u1ecb b\u1ec1 m\u1eb7t<\/strong><\/td>\n<td width=\"85%\">Lo\u1ea1i b\u1ecf t\u1ea5t c\u1ea3 d\u1ea7u v\u00e0 ch\u1ea5t d\u1ecbch tr\u00ean b\u1ec1 m\u1eb7t c\u1ea7n s\u01a1n<\/p>\n<p>Th\u00e9p: L\u00e0m s\u1ea1ch theo ti\u00eau chu\u1ea9n th\u01b0\u01a1ng m\u1ea1i SA2<\/p>\n<p>B\u00ea t\u00f4ng: Kh\u00f4ng s\u01a1n n\u1ec1n b\u00ea t\u00f4ng ch\u01b0a qua kh\u1ecfi 28 ng\u00e0y t\u1ea1i 20 \u00baC\/ 68 \u00baF v\u00e0 d\u01b0\u1edbi 80% R.H, v\u00e0 b\u1ec1 m\u1eb7t b\u00ea t\u00f4ng ph\u1ea3i \u0111\u01b0\u1ee3c l\u00e0m ph\u1eb3ng, l\u00e0m bong tr\u00f3c h\u1ebft l\u1edbp xi m\u0103ng ch\u1ebft v\u00e1 ch\u1ea5t t\u1ea1p nham.Th\u00e0nh ph\u1ea7n \u0111\u1ed9 \u1ea9m c\u1ee7a b\u00ea t\u00f4ng ph\u1ea3i th\u1ea5p h\u01a1n 6%.<\/td>\n<\/tr>\n<tr>\n<td width=\"16%\"><em>\u00a0<\/em><\/p>\n<p><em>\u00a0<\/em><\/p>\n<p><strong>Thi c\u00f4ng<\/strong><\/td>\n<td width=\"85%\">B\u1ec1 m\u1eb7t ph\u1ea3i th\u1eadt kh\u00f4 v\u00e0 s\u1ea1ch<\/p>\n<p>Kh\u00f4ng thi c\u00f4ng khi \u0111\u1ed9 \u1ea9m kho\u1ea3ng tr\u00ean 85 %. V\u00e0 nhi\u1ec7t \u0111\u1ed9 b\u1ec1 m\u1eb7t ph\u1ea3i tr\u00ean 3 \u00baC<\/p>\n<p>\u0111\u1ec3 tr\u00e1nh s\u01a1n b\u1ecb c\u00f4 \u0111\u1eb7t.<\/p>\n<p>Nh\u1eefng khu v\u1ef1c b\u1ecb gi\u1edbi h\u1ea1n, n\u00ean \u0111\u1ec3 qu\u1ea1t gi\u00f3 \u0111\u1ec3 t\u0103ng s\u1ef1 bay h\u01a1i c\u1ee7a s\u01a1n.<\/td>\n<\/tr>\n<tr>\n<td width=\"16%\"><strong>\u0110\u00f3ng g\u00f3i<\/strong><\/td>\n<td width=\"85%\">20kg<\/td>\n<\/tr>\n<tr>\n<td width=\"16%\"><strong>L\u01b0u \u00fd<\/strong><\/td>\n<td width=\"85%\">\u0110i\u1ec1u ki\u1ec7n b\u1ea3o qu\u00e1n:<\/p>\n<p>Nhi\u1ec7t \u0111\u1ed9 : 7 ~ 43 \u00baC<\/p>\n<p>\u0110\u1ed9 \u1ea9m: 0 ~ 100%<\/p>\n<p>Th\u1eddi gian b\u1ea3o qu\u1ea3n 12 th\u00e1ng ( b\u1ea3o qu\u1ea3n n\u01a1i m\u00e1t, kh\u00f4, th\u00f4ng gi\u00f3)<\/td>\n<\/tr>\n<tr>\n<td width=\"16%\"><strong>S\u1ee9c kh\u1ecfe v\u00e0 an to\u00e0n<\/strong><\/td>\n<td width=\"85%\">B\u1ea3o v\u1ec7 da v\u00e0 m\u1eaft, v\u00e0 tr\u00e1nh h\u00edt v\u00e0o h\u01a1i c\u1ee7a dung m\u00f4i.<\/p>\n<p>S\u1eed d\u1ee5ng \u0111\u1ea7y \u0111\u1ee7 th\u00f4ng gi\u00f3<\/p>\n<p>Khuy\u1ebfn c\u00e1o n\u00ean b\u1ea3o v\u1ec7 h\u00f4 h\u1ea5p khi thi c\u00f4ng s\u1ea3n ph\u1ea9m trong khu v\u1ef1c gi\u1edbi h\u1ea1n hay khu v\u1ef1c thi\u1ebfu kh\u00f4ng kh\u00ed.<\/p>\n<p>Trong h\u1ed7n h\u1ee3p c\u00f3 ch\u1ee9a dung m\u00f4i d\u1ec5 ch\u00e1y, khi v\u1eadn chuy\u1ec3n, s\u1eed d\u1ee5ng, hay \u0111\u1ec3 trong nh\u00e0<\/p>\n<p>kho n\u00ean \u0111\u1ec3 tr\u00e1nh xa c\u00e1c ngu\u1ed3n l\u1eeda, n\u01a1i d\u1ec5 b\u1eaft ch\u00e1y.<\/p>\n<p>N\u00ean l\u01b0u tr\u1eef n\u01a1i kh\u00f4 r\u00e1o, \u0111\u00f3ng ch\u1eb7t n\u1eafp th\u00f9ng sau khi s\u1eed d\u1ee5ng.<\/td>\n<\/tr>\n<\/tbody>\n<\/table>\n<p>Xem th\u00eam: <span style=\"color: #0000ff;\"><strong><a style=\"color: #0000ff;\" href=\"https:\/\/sonsanepoxy.com.vn\/son-epoxy-la-gi\/\">S\u01a1n Epoxy<\/a><\/strong><\/span><\/p>\n","protected":false},"excerpt":{"rendered":"<p style=\"text-align: justify;\">S\u01a1n ph\u1ee7 Joton Jona Polyurethane Finish PUF70 l\u00e0 s\u1ea3n ph\u1ea9m thu\u1ed9c h\u00e3ng s\u01a1n Joton, l\u00e0 lo\u1ea1i s\u01a1n Polyurethane 2 th\u00e0nh ph\u1ea7n, \u0111\u00f3ng r\u1eafn b\u1eb1ng Polyisocyanate. B\u1ea3o v\u1ec7 v\u00e0 trang tr\u00ed tr\u00ean t\u1ea5t c\u1ea3 c\u00e1c b\u1ec1 m\u1eb7t \u0111\u00e3 \u0111\u01b0\u1ee3c x\u1eed l\u00fd th\u00edch h\u1ee3p, d\u00f9ng cho m\u1ee5c \u0111\u00edch s\u1eed d\u1ee5ng l\u00e2u d\u00e0i.<\/p>\n<p style=\"text-align: justify;\">L\u00e0\u00a0 lo\u1ea1i s\u01a1n Polyurethane 2 th\u00e0nh ph\u1ea7n, \u0111\u00f3ng r\u1eafn b\u1eb1ng Polyisocyanate. B\u1ea3o v\u1ec7 v\u00e0 trang tr\u00ed tr\u00ean t\u1ea5t c\u1ea3 c\u00e1c b\u1ec1 m\u1eb7t \u0111\u00e3 \u0111\u01b0\u1ee3c x\u1eed l\u00fd th\u00edch h\u1ee3p, d\u00f9ng cho m\u1ee5c \u0111\u00edch s\u1eed d\u1ee5ng l\u00e2u d\u00e0i ngo\u00e0i tr\u1eddi trong c\u00e1c ng\u00e0nh c\u00f4ng nghi\u1ec7p, t\u00e0u bi\u1ec3n, c\u00e1c c\u00f4ng tr\u00ecnh x\u00e2y d\u1ef1ng v\u00e0 nhi\u1ec1u l\u0129nh v\u1ef1c kh\u00e1c.\u00a0 \u0111\u01b0\u1ee3c ch\u1ee9ng nh\u1eadn \u0111\u1ea1t ti\u00eau chu\u1ea9n c\u00f4ng nghi\u1ec7p Nh\u1eadt B\u1ea3n.<\/p>\n","protected":false},"featured_media":85,"comment_status":"open","ping_status":"closed","template":"","meta":[],"product_brand":[],"product_cat":[17],"product_tag":[],"class_list":{"0":"post-12352","1":"product","2":"type-product","3":"status-publish","4":"has-post-thumbnail","6":"product_cat-hang-son","8":"first","9":"instock","10":"shipping-taxable","11":"purchasable","12":"product-type-simple"},"_links":{"self":[{"href":"https:\/\/sonsanepoxy.vn\/index.php\/wp-json\/wp\/v2\/product\/12352","targetHints":{"allow":["GET"]}}],"collection":[{"href":"https:\/\/sonsanepoxy.vn\/index.php\/wp-json\/wp\/v2\/product"}],"about":[{"href":"https:\/\/sonsanepoxy.vn\/index.php\/wp-json\/wp\/v2\/types\/product"}],"replies":[{"embeddable":true,"href":"https:\/\/sonsanepoxy.vn\/index.php\/wp-json\/wp\/v2\/comments?post=12352"}],"wp:featuredmedia":[{"embeddable":true,"href":"https:\/\/sonsanepoxy.vn\/index.php\/wp-json\/wp\/v2\/media\/85"}],"wp:attachment":[{"href":"https:\/\/sonsanepoxy.vn\/index.php\/wp-json\/wp\/v2\/media?parent=12352"}],"wp:term":[{"taxonomy":"product_brand","embeddable":true,"href":"https:\/\/sonsanepoxy.vn\/index.php\/wp-json\/wp\/v2\/product_brand?post=12352"},{"taxonomy":"product_cat","embeddable":true,"href":"https:\/\/sonsanepoxy.vn\/index.php\/wp-json\/wp\/v2\/product_cat?post=12352"},{"taxonomy":"product_tag","embeddable":true,"href":"https:\/\/sonsanepoxy.vn\/index.php\/wp-json\/wp\/v2\/product_tag?post=12352"}],"curies":[{"name":"wp","href":"https:\/\/api.w.org\/{rel}","templated":true}]}}