{"id":12351,"date":"2026-05-05T08:20:18","date_gmt":"2026-05-05T08:20:18","guid":{"rendered":"https:\/\/sonsanepoxy.vn\/?post_type=product&#038;p=12351"},"modified":"2026-05-05T08:20:37","modified_gmt":"2026-05-05T08:20:37","slug":"joway-son-vach-duong-he-dung-moi","status":"publish","type":"product","link":"https:\/\/sonsanepoxy.vn\/index.php\/san-pham\/joway-son-vach-duong-he-dung-moi\/","title":{"rendered":"JOWAY\u00ae S\u01a0N V\u1ea0CH \u0110\u01af\u1edcNG H\u1ec6 DUNG M\u00d4I"},"content":{"rendered":"<h2 style=\"text-align: justify;\"><b>M\u00f4 t\u1ea3 v\u00e0 \u1ee8ng d\u1ee5ng<\/b><\/h2>\n<p style=\"text-align: justify;\"><span style=\"font-weight: 400;\">JOWAY\u00ae l\u00e0 m\u1ed9t lo\u1ea1i s\u01a1n \u0111\u1eb7c bi\u1ec7t d\u00f9ng cho giao th\u00f4ng, g\u1ed1c nh\u1ef1a Acrylic. JOWAY\u00ae c\u00f3 kh\u1ea3 n\u0103ng\u00a0 kh\u00e1ng n\u01b0\u1edbc, ki\u1ec3m, x\u0103ng d\u1ea7u v\u00e0 ch\u1ecbu m\u00e0i m\u00f2n cao.<\/span><\/p>\n<p style=\"text-align: justify;\"><span style=\"font-weight: 400;\">JOWAY\u00ae \u0111\u01b0\u1ee3c d\u00f9ng k\u1ebb v\u1ea1ch cho: \u0111\u01b0\u1eddng b\u0103ng s\u00e2n bay, xa l\u1ed9 cao t\u1ed1c, c\u1ea7u, c\u1ea7u c\u1ea3ng, gi\u1ea3i ph\u00e2n c\u00e1ch, b\u00e3i \u0111\u1eadu xe, s\u00e2n thi \u0111\u1ea5u, \u0111\u01b0\u1eddng \u0111ua th\u1ec3 thao, n\u00ean nh\u00e0 x\u01b0\u1edfng,&#8230;<\/span><\/p>\n<h2 style=\"text-align: justify;\"><b>\u0110\u1eb7c t\u00ednh<\/b><\/h2>\n<p style=\"text-align: justify;\"><span style=\"font-weight: 400;\">C\u00f3 kh\u1ea3 n\u0103ng b\u00e1m d\u00ednh v\u00e0o \u0111\u1ed9 b\u1ec1n c\u1ef1c cao<\/span><\/p>\n<p style=\"text-align: justify;\"><span style=\"font-weight: 400;\">Ch\u1ecbu \u0111\u01b0\u1ee3c tr\u1ecdng t\u1ea3i t\u1ed1t<\/span><\/p>\n<p style=\"text-align: justify;\"><span style=\"font-weight: 400;\">C\u00f3 kh\u1ea3 n\u0103ng kh\u00e1ng ki\u1ec1m v\u00e0 kh\u00e1ng n\u01b0\u1edbc ho\u00e0n h\u1ea3o<\/span><\/p>\n<p style=\"text-align: justify;\"><span style=\"font-weight: 400;\">Ch\u1ed1ng ch\u1ecbu \u0111\u01b0\u1ee3c m\u1ecdi s\u1ef1 t\u00e1c \u0111\u1ed9ng c\u1ee7a th\u1eddi ti\u1ebft, b\u1ee9c x\u1ea1 c\u1ee7a tia UV<\/span><\/p>\n<h2 style=\"text-align: justify;\"><b>Th\u00f4ng s\u1ed1 k\u1ef9 thu\u1eadt<\/b><\/h2>\n<p style=\"text-align: justify;\"><span style=\"font-weight: 400;\">M\u00e0u s\u1eafc:<\/span> <span style=\"font-weight: 400;\">Tr\u1eafng, v\u00e0ng ho\u1eb7c theo y\u00eau c\u1ea7u<\/span><\/p>\n<p style=\"text-align: justify;\"><span style=\"font-weight: 400;\">H\u00e0m l\u01b0\u1ee3ng r\u1eafn:<\/span> <span style=\"font-weight: 400;\">T\u1ed1i thi\u1ec3u 50 %<\/span><\/p>\n<p style=\"text-align: justify;\"><span style=\"font-weight: 400;\">T\u1ef7 tr\u1ecdng:<\/span> <span style=\"font-weight: 400;\">1.30 \u00b1 0.05 g\/ml<\/span><\/p>\n<p style=\"text-align: justify;\"><span style=\"font-weight: 400;\">\u0110\u1ed9 ph\u1ee7 l\u00fd thuy\u1ebft:<\/span> <span style=\"font-weight: 400;\">3 \u00f7 5 m\u00b2\/kg\/l\u1edbp\u00a0<\/span><\/p>\n<p style=\"text-align: justify;\"><span style=\"font-weight: 400;\">Th\u1eddi gian kh\u00f4 (23oC):<\/span> <span style=\"font-weight: 400;\">T\u1ed1i \u0111a 15 ph\u00fat<\/span><\/p>\n<p style=\"text-align: justify;\"><span style=\"font-weight: 400;\">Th\u1eddi gian ph\u1ee7 l\u1edbp k\u1ebf ti\u1ebfp:<\/span> <span style=\"font-weight: 400;\">Sau 1 gi\u1edd<\/span><\/p>\n<p style=\"text-align: justify;\"><span style=\"font-weight: 400;\">Ch\u1ea5t pha lo\u00e3ng\/ l\u00e0m s\u1ea1ch:<\/span> <span style=\"font-weight: 400;\">JOTHINNER\u00ae \u2013 400<\/span><\/p>\n<p style=\"text-align: justify;\"><span style=\"font-weight: 400;\">T\u1ef7 l\u1ec7 pha lo\u00e3ng:<\/span> <span style=\"font-weight: 400;\">Kh\u00f4ng qu\u00e1 5 % theo kh\u1ed1i l\u01b0\u1ee3ng<\/span><\/p>\n<h2 style=\"text-align: justify;\"><span style=\"font-weight: 400;\">H\u01af\u1edaNG D\u1eaaN THI C\u00d4NG S\u01a0N JOWAY\u00ae S\u01a0N V\u1ea0CH \u0110\u01af\u1edcNG H\u1ec6 DUNG M\u00d4I<\/span><\/h2>\n<h3 style=\"text-align: justify;\"><span style=\"font-weight: 400;\">Chu\u1ea9n b\u1ecb b\u1ec1 m\u1eb7t:<\/span><\/h3>\n<p style=\"text-align: justify;\"><span style=\"font-weight: 400;\">B\u1ec1 m\u1eb7t c\u1ea7n s\u01a1n k\u1ebb v\u1ea1ch ph\u1ea3i s\u1ea1ch v\u00e0 kh\u00f4, kh\u00f4ng d\u00ednh d\u1ea7u m\u1ee1, b\u1ee5i b\u1ea9n. \u0110\u1ed9 \u1ea9m b\u1ec1 m\u1eb7t \u226412%.<\/span><\/p>\n<h3 style=\"text-align: justify;\"><span style=\"font-weight: 400;\">D\u1ee5ng c\u1ee5 thi c\u00f4ng<\/span><\/h3>\n<ul style=\"text-align: justify;\">\n<li style=\"font-weight: 400;\" aria-level=\"1\"><span style=\"font-weight: 400;\">C\u1ecd, Rulo, m\u00e1y phun s\u01a1n, m\u00e1y k\u1ebb v\u1ea1ch<\/span><\/li>\n<li style=\"font-weight: 400;\" aria-level=\"1\"><span style=\"font-weight: 400;\">\u00a0R\u1eeda s\u1ea1ch d\u1ee5ng c\u1ee5 sau khi phun.<\/span><\/li>\n<\/ul>\n<h3 style=\"text-align: justify;\"><span style=\"font-weight: 400;\">Quy tr\u00ecnh thi c\u00f4ng:<\/span><\/h3>\n<p style=\"text-align: justify;\"><span style=\"font-weight: 400;\">B\u01b0\u1edbc 1: Ki\u1ec3m tra b\u1ec1 m\u1eb7t b\u00ea t\u00f4ng<\/span><\/p>\n<p style=\"text-align: justify;\"><span style=\"font-weight: 400;\">Tr\u01b0\u1edbc khi b\u1eaft \u0111\u1ea7u thi c\u00f4ng, vi\u1ec7c ki\u1ec3m tra nhi\u1ec7t \u0111\u1ed9 v\u00e0 \u0111\u1ed9 \u1ea9m c\u1ee7a b\u1ec1 m\u1eb7t b\u00ea t\u00f4ng l\u00e0 r\u1ea5t quan tr\u1ecdng. B\u1ec1 m\u1eb7t qu\u00e1 \u1ea9m c\u00f3 th\u1ec3 g\u00e2y ra v\u1ea5n \u0111\u1ec1 th\u1ea5m ng\u01b0\u1ee3c, d\u1eabn \u0111\u1ebfn bong tr\u00f3c s\u01a1n sau khi thi c\u00f4ng.<\/span><\/p>\n<p style=\"text-align: justify;\"><span style=\"font-weight: 400;\">B\u01b0\u1edbc 2: X\u1eed l\u00fd b\u1ec1 m\u1eb7t s\u00e0n<\/span><\/p>\n<p style=\"text-align: justify;\"><span style=\"font-weight: 400;\">Qu\u00e1 tr\u00ecnh n\u00e0y bao g\u1ed3m vi\u1ec7c l\u00e0m s\u1ea1ch v\u00e0 l\u00e0m ph\u1eb3ng b\u1ec1 m\u1eb7t, lo\u1ea1i b\u1ecf b\u1ee5i b\u1ea9n, d\u1ea7u m\u1ee1 v\u00e0 \u0111\u1ea3m b\u1ea3o kh\u00f4ng c\u00f3 \u0111\u1ed9 \u1ea9m. L\u1edbp s\u01a1n c\u0169 c\u0169ng c\u1ea7n \u0111\u01b0\u1ee3c lo\u1ea1i b\u1ecf ho\u00e0n to\u00e0n.<\/span><\/p>\n<p style=\"text-align: justify;\"><span style=\"font-weight: 400;\">B\u01b0\u1edbc 3: \u0110\u1ecbnh v\u1ecb \u0111\u01b0\u1eddng s\u01a1n k\u1ebb v\u1ea1ch<\/span><\/p>\n<p style=\"text-align: justify;\"><span style=\"font-weight: 400;\">\u0110\u1ec3 \u0111\u1ea3m b\u1ea3o \u0111\u1ed9 ch\u00ednh x\u00e1c, vi\u1ec7c x\u00e1c \u0111\u1ecbnh v\u00e0 \u0111\u00e1nh d\u1ea5u v\u1ecb tr\u00ed c\u1ea7n s\u01a1n l\u00e0 c\u1ea7n thi\u1ebft. C\u1ea7n s\u1eed d\u1ee5ng d\u00e2y c\u0103ng \u0111\u1ec3 \u0111\u1ea3m b\u1ea3o s\u1ef1 th\u1eb3ng h\u00e0ng.<\/span><\/p>\n<p style=\"text-align: justify;\"><span style=\"font-weight: 400;\">B\u01b0\u1edbc 4: Thi c\u00f4ng l\u1edbp s\u01a1n l\u00f3t<\/span><\/p>\n<p style=\"text-align: justify;\"><span style=\"font-weight: 400;\">L\u1edbp s\u01a1n l\u00f3t \u0111\u01b0\u1ee3c \u00e1p d\u1ee5ng \u0111\u1ec3 t\u0103ng \u0111\u1ed9 b\u00e1m d\u00ednh v\u00e0 tu\u1ed5i th\u1ecd cho l\u1edbp s\u01a1n cu\u1ed1i c\u00f9ng.<\/span><\/p>\n<p style=\"text-align: justify;\"><span style=\"font-weight: 400;\">B\u01b0\u1edbc 5: Thi c\u00f4ng l\u1edbp s\u01a1n ph\u1ee7 cho b\u1ec1 m\u1eb7t b\u00ea t\u00f4ng<\/span><\/p>\n<p style=\"text-align: justify;\"><span style=\"font-weight: 400;\">Sau khi l\u1edbp s\u01a1n l\u00f3t \u0111\u00e3 kh\u00f4, ti\u1ebfn h\u00e0nh \u00e1p d\u1ee5ng 2 l\u1edbp s\u01a1n cu\u1ed1i c\u00f9ng cho b\u1ec1 m\u1eb7t b\u00ea t\u00f4ng.<\/span><\/p>\n<p style=\"text-align: justify;\"><span style=\"font-weight: 400;\">Cu\u1ed1i c\u00f9ng, b\u1ea1n c\u0169ng chia s\u1ebb v\u1ec1 c\u00e1ch r\u1ea3i bi ph\u1ea3n quang \u0111\u1ec3 t\u0103ng c\u01b0\u1eddng hi\u1ec7u qu\u1ea3 ph\u1ea3n quang c\u1ee7a b\u1ec1 m\u1eb7t.<\/span><\/p>\n<p style=\"text-align: justify;\"><b>L\u01afU \u00dd:<\/b><\/p>\n<p style=\"text-align: justify;\"><span style=\"font-weight: 400;\">Th\u1eddi gian kh\u00f4 ph\u1ee5 thu\u1ed9c v\u00e0o nhi\u1ec7t \u0111\u1ed9, \u0111\u1ed9 \u1ea9m, m\u1ee9c \u0111\u1ed9 th\u00f4ng tho\u00e1ng c\u1ee7a m\u00f4i tr\u01b0\u1eddng.<\/span><\/p>\n<p style=\"text-align: justify;\"><span style=\"font-weight: 400;\">Nhi\u1ec7t \u0111\u1ed9 cao v\u00e0 th\u00f4ng tho\u00e1ng t\u1ed1t l\u00e0m cho s\u01a1n kh\u00f4 nhanh h\u01a1n.<\/span><\/p>\n<h2 style=\"text-align: justify;\"><b>S\u1ee9c kh\u1ecfe, an to\u00e0n, m\u00f4i tr\u01b0\u1eddng<\/b><\/h2>\n<p style=\"text-align: justify;\"><span style=\"font-weight: 400;\">\u0110\u1ec3 xa t\u1ea7m tay tr\u1ebb em.<\/span><\/p>\n<p style=\"text-align: justify;\"><span style=\"font-weight: 400;\">\u0110\u1ea3m b\u1ea3o th\u00f4ng tho\u1ea3ng t\u1ed1t khi thi c\u00f4ng v\u00e0 ch\u1edf kh\u00f4. Tr\u00e1nh h\u00edt ph\u1ea3i b\u1ee5i s\u01a1n.<\/span><\/p>\n<p style=\"text-align: justify;\"><span style=\"font-weight: 400;\">N\u00ean \u0111eo k\u00ednh b\u1ea3o h\u1ed9 khi thi c\u00f4ng. Tr\u01b0\u1eddng h\u1ee3p s\u01a1n d\u00ednh v\u00e0o m\u1eaft, r\u1eeda v\u1edbi nhi\u1ec1u n\u01b0\u1edbc s\u1ea1ch v\u00e0 \u0111i \u0111\u1ebfn c\u01a1 s\u1edf y t\u1ebf ngay.<\/span><\/p>\n<p style=\"text-align: justify;\"><span style=\"font-weight: 400;\">D\u00f9ng dung m\u00f4i th\u00edch h\u1ee3p \u0111\u1ec3 ch\u00f9i s\u1ea1ch s\u01a1n \u0111\u1ec9nh v\u00e0o da, sau \u0111\u00f3 d\u00f9ng n\u01b0\u1edbc v\u00e0 x\u1ea3 ph\u00f2ng \u0111\u1ec1 r\u1eeda s\u1ea1ch.<\/span><\/p>\n<p style=\"text-align: justify;\"><span style=\"font-weight: 400;\">C\u1ea9n th\u1eadn khi v\u1eadn chuy\u1ec3n s\u01a1n. N\u1ebfu \u0111\u1ed3 s\u01a1n thi thu gom b\u1eb1ng c\u00e1ch r\u00e3i \u0111\u1ea5t ho\u1eb7c c\u00e1t.<\/span><\/p>\n<p style=\"text-align: justify;\"><span style=\"font-weight: 400;\">CH\u00da \u00dd PH\u00d2NG NG\u1eeaA R\u1ee6I RO CH\u00c2Y N\u00d3.<\/span><\/p>\n<p style=\"text-align: justify;\"><span style=\"font-weight: 400;\">KH\u00d4NG \u0110\u01af\u1ee2C \u0110\u1ed2 S\u01a0N RA C\u00d4NG R\u00c3NH HO\u1eb6C NGU\u1ed2N N\u01af\u1edaC.<\/span><\/p>\n","protected":false},"excerpt":{"rendered":"<p>M\u00f4 t\u1ea3 v\u00e0 \u1ee8ng d\u1ee5ng JOWAY\u00ae l\u00e0 m\u1ed9t lo\u1ea1i s\u01a1n \u0111\u1eb7c bi\u1ec7t d\u00f9ng cho giao th\u00f4ng, g\u1ed1c nh\u1ef1a Acrylic. JOWAY\u00ae c\u00f3 kh\u1ea3 n\u0103ng\u00a0 kh\u00e1ng n\u01b0\u1edbc, ki\u1ec3m, x\u0103ng d\u1ea7u v\u00e0 ch\u1ecbu m\u00e0i m\u00f2n cao. JOWAY\u00ae \u0111\u01b0\u1ee3c d\u00f9ng k\u1ebb v\u1ea1ch cho: \u0111\u01b0\u1eddng b\u0103ng s\u00e2n bay, xa l\u1ed9 cao t\u1ed1c, c\u1ea7u, c\u1ea7u c\u1ea3ng, gi\u1ea3i ph\u00e2n c\u00e1ch, b\u00e3i \u0111\u1eadu [&#8230;]\n","protected":false},"featured_media":12390,"comment_status":"open","ping_status":"closed","template":"","meta":[],"product_brand":[],"product_cat":[18],"product_tag":[],"class_list":{"0":"post-12351","1":"product","2":"type-product","3":"status-publish","4":"has-post-thumbnail","6":"product_cat-son-epoxy-joton","8":"first","9":"instock","10":"shipping-taxable","11":"product-type-simple"},"_links":{"self":[{"href":"https:\/\/sonsanepoxy.vn\/index.php\/wp-json\/wp\/v2\/product\/12351","targetHints":{"allow":["GET"]}}],"collection":[{"href":"https:\/\/sonsanepoxy.vn\/index.php\/wp-json\/wp\/v2\/product"}],"about":[{"href":"https:\/\/sonsanepoxy.vn\/index.php\/wp-json\/wp\/v2\/types\/product"}],"replies":[{"embeddable":true,"href":"https:\/\/sonsanepoxy.vn\/index.php\/wp-json\/wp\/v2\/comments?post=12351"}],"wp:featuredmedia":[{"embeddable":true,"href":"https:\/\/sonsanepoxy.vn\/index.php\/wp-json\/wp\/v2\/media\/12390"}],"wp:attachment":[{"href":"https:\/\/sonsanepoxy.vn\/index.php\/wp-json\/wp\/v2\/media?parent=12351"}],"wp:term":[{"taxonomy":"product_brand","embeddable":true,"href":"https:\/\/sonsanepoxy.vn\/index.php\/wp-json\/wp\/v2\/product_brand?post=12351"},{"taxonomy":"product_cat","embeddable":true,"href":"https:\/\/sonsanepoxy.vn\/index.php\/wp-json\/wp\/v2\/product_cat?post=12351"},{"taxonomy":"product_tag","embeddable":true,"href":"https:\/\/sonsanepoxy.vn\/index.php\/wp-json\/wp\/v2\/product_tag?post=12351"}],"curies":[{"name":"wp","href":"https:\/\/api.w.org\/{rel}","templated":true}]}}