{"id":12349,"date":"2026-05-05T08:20:18","date_gmt":"2026-05-05T08:20:18","guid":{"rendered":"https:\/\/sonsanepoxy.vn\/?post_type=product&#038;p=12349"},"modified":"2026-05-05T08:20:34","modified_gmt":"2026-05-05T08:20:34","slug":"sikaflex-construction","status":"publish","type":"product","link":"https:\/\/sonsanepoxy.vn\/index.php\/san-pham\/sikaflex-construction\/","title":{"rendered":"Sikaflex\u00ae Construction"},"content":{"rendered":"<p><span style=\"font-weight: 400;\">Sikaflex\u00ae Construction l\u00e0 m\u1ed9t lo\u1ea1i ch\u1ea5t tr\u00e1m khe \u0111\u00e0n h\u1ed3i c\u00f3 th\u00e0nh ph\u1ea7n ch\u00ednh l\u00e0 g\u1ed1c polyurethane. N\u00f3 c\u00f3 kh\u1ea3 n\u0103ng co gi\u00e3n t\u1ed1t l\u00ean \u0111\u1ebfn 25%\u00a0 khi ch\u1ecbu t\u00e1c \u0111\u1ed9ng t\u1eeb nhi\u1ec7t \u0111\u1ed9, \u0111\u1ed9 co gi\u00e3n c\u1ee7a v\u1eadt li\u1ec7u xung quanh, ho\u1eb7c c\u00e1c y\u1ebfu t\u1ed1 kh\u00e1c trong m\u00f4i tr\u01b0\u1eddng x\u00e2y d\u1ef1ng.<\/span><\/p>\n<p><span style=\"font-weight: 400;\">Quy c\u00e1ch \u0111\u00f3ng g\u00f3i: 600ml \/x\u00fac x\u00edch, 20 x\u00fac x\u00edch \/ th\u00f9ng.<\/span><\/p>\n<p><span style=\"font-weight: 400;\">M\u00e0u s\u1eafc: Tr\u1eafng, x\u00e1m b\u00ea t\u00f4ng, \u0111en, be<\/span><\/p>\n<p><span style=\"font-weight: 400;\">T\u1ef7 tr\u1ecdng ~ 1.30 kg\/l<\/span><\/p>\n<p><b>\u01afU \u0110I\u1ec2M<\/b><\/p>\n<ul>\n<li style=\"font-weight: 400;\" aria-level=\"1\"><span style=\"font-weight: 400;\">Kh\u1ea3 n\u0103ng co gi\u00e3n l\u00ean \u0111\u1ebfn 25%, cho ph\u00e9p n\u00f3 th\u00edch \u1ee9ng v\u1edbi s\u1ef1 di chuy\u1ec3n v\u00e0 co gi\u00e3n c\u1ee7a c\u00e1c v\u1eadt li\u1ec7u xung quanh m\u00e0 kh\u00f4ng b\u1ecb n\u1ee9t.<\/span><\/li>\n<li style=\"font-weight: 400;\" aria-level=\"1\"><span style=\"font-weight: 400;\">Thi c\u00f4ng t\u1ed1t v\u00e0 s\u1eed d\u1ee5ng ngay sau khi \u00e1p d\u1ee5ng, ti\u1ebft ki\u1ec7m th\u1eddi gian v\u00e0 c\u00f4ng s\u1ee9c trong qu\u00e1 tr\u00ecnh x\u00e2y d\u1ef1ng ho\u1eb7c s\u1eeda ch\u1eefa.<\/span><\/li>\n<li style=\"font-weight: 400;\" aria-level=\"1\"><span style=\"font-weight: 400;\">B\u00e1m d\u00ednh t\u1ed1t v\u1edbi nhi\u1ec1u lo\u1ea1i b\u1ec1 m\u1eb7t, \u0111\u1eb7c bi\u1ec7t l\u00e0 b\u00ea t\u00f4ng<\/span><\/li>\n<li style=\"font-weight: 400;\" aria-level=\"1\"><span style=\"font-weight: 400;\">Kh\u00f4ng ch\u1ea3y v\u00e0 kh\u00f4ng t\u1ea1o ra v\u1ebft v\u00f5ng gi\u00fap duy tr\u00ec h\u00ecnh d\u1ea1ng ban \u0111\u1ea7u v\u00e0 ng\u0103n ch\u1eb7n r\u1ee7i ro l\u00e3ng ph\u00ed ho\u1eb7c h\u1ecfng h\u00f3c.<\/span><\/li>\n<li style=\"font-weight: 400;\" aria-level=\"1\"><span style=\"font-weight: 400;\">D\u1ec5 s\u1eed d\u1ee5ng v\u1edbi m\u1ed9t th\u00e0nh ph\u1ea7n<\/span><\/li>\n<li style=\"font-weight: 400;\" aria-level=\"1\"><span style=\"font-weight: 400;\">Kh\u00e1ng th\u1eddi ti\u1ebft v\u00e0 kh\u00e1ng l\u00e3o h\u00f3a t\u1ed1t, l\u00e0m t\u0103ng tu\u1ed5i th\u1ecd c\u1ee7a ch\u1ea5t tr\u00e1m khe v\u00e0 b\u1ea3o v\u1ec7 c\u1ea5u tr\u00fac x\u00e2y d\u1ef1ng.<\/span><\/li>\n<li style=\"font-weight: 400;\" aria-level=\"1\"><span style=\"font-weight: 400;\">Kh\u00e1ng x\u00e9 t\u1ed1t v\u00e0 kh\u00f4ng t\u1ea1o b\u1ecdt kh\u00ed, \u0111\u1ea3m b\u1ea3o t\u00ednh ch\u1ea5t l\u01b0\u1ee3ng c\u1ee7a k\u1ebft c\u1ea5u v\u00e0 ng\u0103n ch\u1eb7n s\u1ef1 x\u00e2m nh\u1eadp c\u1ee7a n\u01b0\u1edbc ho\u1eb7c c\u00e1c y\u1ebfu t\u1ed1 kh\u00e1c c\u00f3 th\u1ec3 g\u00e2y h\u1ecfng h\u00f3c.<\/span><\/li>\n<\/ul>\n<p><b>\u1ee8NG D\u1ee4NG<\/b><\/p>\n<p><span style=\"font-weight: 400;\">Sikaflex\u00ae Construction \u0111\u01b0\u1ee3c \u00e1p d\u1ee5ng r\u1ed9ng r\u00e3i trong nhi\u1ec1u c\u00f4ng tr\u00ecnh x\u00e2y d\u1ef1ng v\u1edbi c\u00e1c \u1ee9ng d\u1ee5ng nh\u01b0 sau:<\/span><\/p>\n<p><span style=\"font-weight: 400;\">Tr\u00e1m tr\u00e9t c\u00e1c khe n\u1ed1i v\u00e0 khe co gi\u00e3n: \u0110\u00e2y l\u00e0 \u1ee9ng d\u1ee5ng ch\u00ednh c\u1ee7a n\u00f3, \u0111\u01b0\u1ee3c s\u1eed d\u1ee5ng \u0111\u1ec3 tr\u00e1m k\u00edn c\u00e1c khe gi\u1eefa c\u00e1c v\u1eadt li\u1ec7u kh\u00e1c nhau, c\u00f3 kh\u1ea3 n\u0103ng co gi\u00e3n v\u00e0 ch\u1ecbu t\u00e1c \u0111\u1ed9ng t\u1eeb m\u00f4i tr\u01b0\u1eddng xung quanh.<\/span><\/p>\n<p><span style=\"font-weight: 400;\">C\u00e1c b\u1ec1 m\u1eb7t c\u00f3 c\u1ea5u tr\u00fac l\u1ed7 r\u1ed7ng: Sikaflex\u00ae Construction th\u00edch h\u1ee3p cho vi\u1ec7c tr\u00e1m tr\u00e9t tr\u00ean c\u00e1c b\u1ec1 m\u1eb7t c\u00f3 c\u1ea5u tr\u00fac l\u1ed7 r\u1ed7ng nh\u01b0 b\u00ea t\u00f4ng, g\u1ea1ch, ho\u1eb7c c\u00e1c v\u1eadt li\u1ec7u composite.<\/span><\/p>\n<p><span style=\"font-weight: 400;\">\u1ee8ng d\u1ee5ng trong nh\u00e0 v\u00e0 ngo\u00e0i tr\u1eddi: Kh\u1ea3 n\u0103ng ch\u1ecbu th\u1eddi ti\u1ebft t\u1ed1t c\u1ee7a s\u1ea3n ph\u1ea9m cho ph\u00e9p n\u00f3 \u0111\u01b0\u1ee3c s\u1eed d\u1ee5ng c\u1ea3 trong nh\u00e0 v\u00e0 ngo\u00e0i tr\u1eddi, gi\u00fap b\u1ea3o v\u1ec7 k\u1ebft c\u1ea5u x\u00e2y d\u1ef1ng kh\u1ecfi s\u1ef1 x\u00e2m nh\u1eadp c\u1ee7a n\u01b0\u1edbc v\u00e0 c\u00e1c y\u1ebfu t\u1ed1 kh\u00e1c.<\/span><\/p>\n<p><span style=\"font-weight: 400;\">C\u00e1c c\u00f4ng tr\u00ecnh x\u00e2y d\u1ef1ng \u0111a d\u1ea1ng: T\u1eeb vi\u1ec7c tr\u00e1m k\u00edn khe trong c\u00e1c c\u00f4ng tr\u00ecnh d\u00e2n d\u1ee5ng nh\u01b0 nh\u00e0 \u1edf, v\u0103n ph\u00f2ng \u0111\u1ebfn c\u00e1c d\u1ef1 \u00e1n c\u00f4ng nghi\u1ec7p l\u1edbn nh\u01b0 c\u1ea7u, \u0111\u01b0\u1eddng cao t\u1ed1c, ho\u1eb7c c\u00f4ng tr\u00ecnh d\u00e2n d\u1ee5ng nh\u01b0 h\u1ed3 b\u01a1i, s\u00e2n v\u01b0\u1eddn, \u0111\u1ec1u c\u00f3 th\u1ec3 s\u1eed d\u1ee5ng Sikaflex\u00ae Construction \u0111\u1ec3 \u0111\u1ea3m b\u1ea3o t\u00ednh k\u00edn \u0111\u00e1o v\u00e0 \u0111\u1ed9 b\u1ec1n cho c\u00e1c k\u1ebft c\u1ea5u.<\/span><\/p>\n<p><b>H\u01af\u1edaNG D\u1eaaN THI C\u00d4NG SIKAFLEX<\/b><\/p>\n<p><b>B\u01b0\u1edbc 1: Chu\u1ea9n b\u1ecb b\u1ec1 m\u1eb7t<\/b><\/p>\n<ul>\n<li style=\"font-weight: 400;\" aria-level=\"1\"><span style=\"font-weight: 400;\">Lo\u1ea1i b\u1ecf ho\u00e0n to\u00e0n b\u1ee5i, d\u1ea7u, m\u1ee1, v\u1eefa xi m\u0103ng, ch\u1ea5t keo c\u0169 v\u00e0 l\u1edbp s\u01a1n ph\u1ee7 c\u00f3 \u0111\u1ed9 b\u00e1m d\u00ednh k\u00e9m. B\u1ec1 m\u1eb7t c\u1ea7n \u0111\u01b0\u1ee3c l\u00e0m s\u1ea1ch v\u00e0 \u0111\u1ed3ng nh\u1ea5t.<\/span><\/li>\n<li style=\"font-weight: 400;\" aria-level=\"1\"><span style=\"font-weight: 400;\">X\u1eed l\u00fd b\u1ec1 m\u1eb7t nh\u1eb5n: \u0110\u1ed1i v\u1edbi b\u1ec1 m\u1eb7t kim lo\u1ea1i ho\u1eb7c l\u1edbp ph\u1ee7, s\u1eed d\u1ee5ng ph\u01b0\u01a1ng ph\u00e1p ch\u00e0 nh\u00e1m nh\u1eb9 v\u00e0 v\u1ec7 sinh b\u1eb1ng v\u1ea3i nh\u00fang Sika\u00ae Aktivator-205. Sau \u0111\u00f3, s\u1eed d\u1ee5ng c\u1ecd qu\u00e9t Sika\u00ae Primer-3N v\u00e0 ch\u1edd cho l\u1edbp l\u00f3t th\u1ea9m th\u1ea5u kho\u1ea3ng 30 ph\u00fat.<\/span><\/li>\n<li style=\"font-weight: 400;\" aria-level=\"1\"><span style=\"font-weight: 400;\">X\u1eed l\u00fd b\u1ec1 m\u1eb7t r\u1ed7, x\u1ed1p: \u0110\u1ed1i v\u1edbi b\u00ea t\u00f4ng, v\u1eefa t\u00f4, v\u1eefa, g\u1ea1ch&#8230; s\u1eed d\u1ee5ng c\u1ecd qu\u00e9t Sika\u00ae Primer-3N \u0111\u1ec3 tr\u1ea3i l\u1edbp l\u00f3t. Ch\u1edd kho\u1ea3ng 30 ph\u00fat \u0111\u1ec3 l\u1edbp l\u00f3t th\u1ea9m th\u1ea5u.<\/span><\/li>\n<\/ul>\n<p><b>B\u01b0\u1edbc 2: Ti\u1ebfn h\u00e0nh thi c\u00f4ng<\/b><\/p>\n<ul>\n<li style=\"font-weight: 400;\" aria-level=\"1\"><span style=\"font-weight: 400;\">Ch\u00e8n backing rods v\u00e0 qu\u00e9t Primer: Sau khi chu\u1ea9n b\u1ecb b\u1ec1 m\u1eb7t khe, th\u1ef1c hi\u1ec7n vi\u1ec7c ch\u00e8n backing rods theo y\u00eau c\u1ea7u k\u1ef9 thu\u1eadt c\u1ee7a khe v\u00e0 qu\u00e9t l\u1edbp Primer n\u1ebfu c\u1ea7n thi\u1ebft.<\/span><\/li>\n<li style=\"font-weight: 400;\" aria-level=\"1\"><span style=\"font-weight: 400;\">S\u00fang b\u1eafn keo v\u00e0 b\u01a1m keo v\u00e0o khe: \u0110\u1eb7t Sikaflex\u00ae Construction v\u00e0o s\u00fang b\u1eafn keo chuy\u00ean d\u1ee5ng v\u00e0 b\u1eaft \u0111\u1ea7u b\u01a1m keo v\u00e0o khe. \u0110\u1ea3m b\u1ea3o keo ti\u1ebfp x\u00fac ho\u00e0n to\u00e0n v\u1edbi hai b\u00ean th\u00e0nh khe \u0111\u1ec3 \u0111\u1ea3m b\u1ea3o \u0111\u1ed9 b\u00e1m d\u00ednh t\u1ed1t, l\u00e0m \u0111\u1ea7y khe v\u00e0 tr\u00e1nh cu\u1ed9n kh\u00ed trong qu\u00e1 tr\u00ecnh thi c\u00f4ng.<\/span><\/li>\n<li style=\"font-weight: 400;\" aria-level=\"1\"><span style=\"font-weight: 400;\">S\u1eed d\u1ee5ng b\u0103ng keo gi\u1ea5y: S\u1eed d\u1ee5ng b\u0103ng keo gi\u1ea5y d\u00e1n hai b\u00ean th\u00e0nh khe tr\u01b0\u1edbc khi thi c\u00f4ng \u0111\u1ec3 tr\u00e1nh b\u1ecb lem b\u1ea9n. Th\u00e1o b\u1ecf l\u1edbp b\u0103ng keo n\u00e0y sau khi thi c\u00f4ng xong (khi keo v\u1eabn c\u00f2n \u01b0\u1edbt).<\/span><\/li>\n<\/ul>\n<p><b>B\u01b0\u1edbc 3: V\u1ec7 sinh d\u1ee5ng c\u1ee5<\/b><\/p>\n<ul>\n<li style=\"font-weight: 400;\" aria-level=\"1\"><span style=\"font-weight: 400;\">Ngay l\u1eadp t\u1ee9c sau khi s\u1eed d\u1ee5ng, l\u00e0m s\u1ea1ch t\u1ea5t c\u1ea3 d\u1ee5ng c\u1ee5 b\u1eb1ng c\u00e1c s\u1ea3n ph\u1ea9m n\u00e0y \u0111\u1ec3 lo\u1ea1i b\u1ecf keo Sikaflex\u00ae Construction c\u00f2n d\u00ednh tr\u00ean b\u1ec1 m\u1eb7t d\u1ee5ng c\u1ee5.<\/span><\/li>\n<li style=\"font-weight: 400;\" aria-level=\"1\"><span style=\"font-weight: 400;\">N\u1ebfu keo \u0111\u00e3 \u0111\u00f4ng c\u1ee9ng tr\u00ean d\u1ee5ng c\u1ee5, ch\u1ec9 c\u00f3 th\u1ec3 l\u00e0m s\u1ea1ch b\u1eb1ng c\u01a1 h\u1ecdc.\u00a0<\/span><\/li>\n<\/ul>\n<p><b>L\u01b0u \u00fd quan tr\u1ecdng khi thi c\u00f4ng Sikaflex\u00ae Construction<\/b><\/p>\n<ul>\n<li style=\"font-weight: 400;\" aria-level=\"1\"><span style=\"font-weight: 400;\">Tr\u01b0\u1edbc khi s\u01a1n ph\u1ee7, ki\u1ec3m tra kh\u1ea3 n\u0103ng t\u01b0\u01a1ng th\u00edch c\u1ee7a s\u01a1n v\u1edbi ch\u1ea5t tr\u00e1m khe.<\/span><\/li>\n<li style=\"font-weight: 400;\" aria-level=\"1\"><span style=\"font-weight: 400;\">M\u00e0u s\u1eafc c\u1ee7a ch\u1ea5t tr\u00e1m c\u00f3 th\u1ec3 thay \u0111\u1ed5i khi ti\u1ebfp x\u00fac v\u1edbi h\u00f3a ch\u1ea5t, nhi\u1ec7t \u0111\u1ed9 cao ho\u1eb7c tia UV, nh\u01b0ng kh\u00f4ng \u1ea3nh h\u01b0\u1edfng \u0111\u1ebfn t\u00ednh ch\u1ea5t k\u1ef9 thu\u1eadt hay \u0111\u1ed9 b\u1ec1n c\u1ee7a s\u1ea3n ph\u1ea9m.<\/span><\/li>\n<li style=\"font-weight: 400;\" aria-level=\"1\"><span style=\"font-weight: 400;\">Kh\u00f4ng d\u00f9ng cho b\u1ec1 m\u1eb7t k\u00ednh, bitum, cao su t\u1ef1 nhi\u00ean, cao su EPDM, n\u01a1i c\u00f3 d\u1ea7u r\u00f2 r\u1ec9, ch\u1ea5t d\u1ebbo hay dung m\u00f4i c\u00f3 kh\u1ea3 n\u0103ng h\u00f2a tan ch\u1ea5t tr\u00e1m.<\/span><\/li>\n<li style=\"font-weight: 400;\" aria-level=\"1\"><span style=\"font-weight: 400;\">Kh\u00f4ng ph\u00f9 h\u1ee3p cho tr\u00e1m b\u1ec3 b\u01a1i, n\u01a1i c\u00f3 \u00e1p l\u1ef1c n\u01b0\u1edbc cao ho\u1eb7c ng\u1eadp l\u00e2u trong n\u01b0\u1edbc.<\/span><\/li>\n<li style=\"font-weight: 400;\" aria-level=\"1\"><span style=\"font-weight: 400;\">Khuy\u1ebfn ngh\u1ecb s\u1eed d\u1ee5ng trong nh\u1eefng n\u01a1i th\u00f4ng tho\u00e1ng.<\/span><\/li>\n<li style=\"font-weight: 400;\" aria-level=\"1\"><span style=\"font-weight: 400;\">Tr\u00e1nh ti\u1ebfp x\u00fac v\u1edbi c\u00e1c ch\u1ea5t c\u00f3 th\u1ec3 ph\u1ea3n \u1ee9ng v\u1edbi Isocyanate, ch\u1ea5t t\u1ea9y r\u1eeda c\u00f3 dung m\u00f4i, h\u1ee3p ch\u1ea5t th\u00e1o d\u1ee1 khu\u00f4n ho\u1eb7c c\u00e1c dung m\u00f4i kh\u00e1c, v\u00ec \u0111i\u1ec1u n\u00e0y c\u00f3 th\u1ec3 l\u00e0m \u1ea3nh h\u01b0\u1edfng \u0111\u1ebfn qu\u00e1 tr\u00ecnh \u0111\u00f4ng c\u1ee9ng c\u1ee7a s\u1ea3n ph\u1ea9m.<\/span><\/li>\n<\/ul>\n","protected":false},"excerpt":{"rendered":"<p>Sikaflex\u00ae Construction l\u00e0 m\u1ed9t lo\u1ea1i ch\u1ea5t tr\u00e1m khe \u0111\u00e0n h\u1ed3i c\u00f3 th\u00e0nh ph\u1ea7n ch\u00ednh l\u00e0 g\u1ed1c polyurethane. N\u00f3 c\u00f3 kh\u1ea3 n\u0103ng co gi\u00e3n t\u1ed1t l\u00ean \u0111\u1ebfn 25%\u00a0 khi ch\u1ecbu t\u00e1c \u0111\u1ed9ng t\u1eeb nhi\u1ec7t \u0111\u1ed9, \u0111\u1ed9 co gi\u00e3n c\u1ee7a v\u1eadt li\u1ec7u xung quanh, ho\u1eb7c c\u00e1c y\u1ebfu t\u1ed1 kh\u00e1c trong m\u00f4i tr\u01b0\u1eddng x\u00e2y d\u1ef1ng. Quy c\u00e1ch \u0111\u00f3ng [&#8230;]\n","protected":false},"featured_media":12387,"comment_status":"open","ping_status":"closed","template":"","meta":[],"product_brand":[],"product_cat":[51],"product_tag":[],"class_list":{"0":"post-12349","1":"product","2":"type-product","3":"status-publish","4":"has-post-thumbnail","6":"product_cat-vat-lieu-chong-tham","8":"first","9":"instock","10":"shipping-taxable","11":"product-type-simple"},"_links":{"self":[{"href":"https:\/\/sonsanepoxy.vn\/index.php\/wp-json\/wp\/v2\/product\/12349","targetHints":{"allow":["GET"]}}],"collection":[{"href":"https:\/\/sonsanepoxy.vn\/index.php\/wp-json\/wp\/v2\/product"}],"about":[{"href":"https:\/\/sonsanepoxy.vn\/index.php\/wp-json\/wp\/v2\/types\/product"}],"replies":[{"embeddable":true,"href":"https:\/\/sonsanepoxy.vn\/index.php\/wp-json\/wp\/v2\/comments?post=12349"}],"wp:featuredmedia":[{"embeddable":true,"href":"https:\/\/sonsanepoxy.vn\/index.php\/wp-json\/wp\/v2\/media\/12387"}],"wp:attachment":[{"href":"https:\/\/sonsanepoxy.vn\/index.php\/wp-json\/wp\/v2\/media?parent=12349"}],"wp:term":[{"taxonomy":"product_brand","embeddable":true,"href":"https:\/\/sonsanepoxy.vn\/index.php\/wp-json\/wp\/v2\/product_brand?post=12349"},{"taxonomy":"product_cat","embeddable":true,"href":"https:\/\/sonsanepoxy.vn\/index.php\/wp-json\/wp\/v2\/product_cat?post=12349"},{"taxonomy":"product_tag","embeddable":true,"href":"https:\/\/sonsanepoxy.vn\/index.php\/wp-json\/wp\/v2\/product_tag?post=12349"}],"curies":[{"name":"wp","href":"https:\/\/api.w.org\/{rel}","templated":true}]}}