{"id":12348,"date":"2026-05-05T08:20:18","date_gmt":"2026-05-05T08:20:18","guid":{"rendered":"https:\/\/sonsanepoxy.vn\/?post_type=product&#038;p=12348"},"modified":"2026-05-05T08:20:33","modified_gmt":"2026-05-05T08:20:33","slug":"sika-membrane-mang-chong-tham-goc-bitum","status":"publish","type":"product","link":"https:\/\/sonsanepoxy.vn\/index.php\/san-pham\/sika-membrane-mang-chong-tham-goc-bitum\/","title":{"rendered":"Sika membrane &#8211; M\u00e0ng ch\u1ed1ng th\u1ea5m g\u1ed1c bitum\u00a0"},"content":{"rendered":"<h2 style=\"text-align: justify;\"><span style=\"font-weight: 400;\">Sika membrane &#8211; M\u00e0ng ch\u1ed1ng th\u1ea5m g\u1ed1c bitum\u00a0<\/span><\/h2>\n<p style=\"text-align: justify;\"><span style=\"font-weight: 400;\">Sikaproof Membrane RD l\u00e0 m\u1ed9t lo\u1ea1i m\u00e0ng l\u1ecfng ch\u1ed1ng th\u1ea5m \u0111\u01b0\u1ee3c c\u1ea3i ti\u1ebfn t\u1eeb bitum polyme g\u1ed1c n\u01b0\u1edbc. \u0110\u00e2y l\u00e0 m\u1ed9t trong c\u00e1c th\u00e0nh ph\u1ea7n \u0111\u01b0\u1ee3c s\u1eed d\u1ee5ng trong qu\u00e1 tr\u00ecnh thi c\u00f4ng ngu\u1ed9i \u0111\u1ec3 t\u1ea1o l\u1edbp ch\u1ed1ng th\u1ea5m hi\u1ec7u qu\u1ea3. \u0110i\u1ec3m \u0111\u1eb7c bi\u1ec7t c\u1ee7a Sikaproof Membrane RD l\u00e0 kh\u1ea3 n\u0103ng ch\u1ed1ng th\u1ea5m t\u1ed1t, c\u1ea3i thi\u1ec7n t\u1eeb vi\u1ec7c s\u1eed d\u1ee5ng polymer g\u1ed1c n\u01b0\u1edbc, gi\u00fap vi\u1ec7c thi c\u00f4ng tr\u1edf n\u00ean thu\u1eadn l\u1ee3i h\u01a1n v\u00e0 c\u00f3 kh\u1ea3 n\u0103ng k\u1ebft d\u00ednh cao v\u1edbi c\u00e1c b\u1ec1 m\u1eb7t kh\u00e1c nhau.<\/span><\/p>\n<p style=\"text-align: justify;\"><b>\u01afu \u0111i\u1ec3m Sika membrane<\/b><\/p>\n<ul style=\"text-align: justify;\">\n<li style=\"font-weight: 400;\" aria-level=\"1\"><span style=\"font-weight: 400;\">D\u1ec5 thi c\u00f4ng: C\u00f3 th\u1ec3 \u00e1p d\u1ee5ng b\u1eb1ng ch\u1ed5i ho\u1eb7c b\u00ecnh phun, gi\u00fap qu\u00e1 tr\u00ecnh thi c\u00f4ng tr\u1edf n\u00ean thu\u1eadn l\u1ee3i v\u00e0 linh ho\u1ea1t h\u01a1n.<\/span><\/li>\n<li style=\"font-weight: 400;\" aria-level=\"1\"><span style=\"font-weight: 400;\">Kh\u00f4 nhanh v\u00e0 b\u1ec1n: Nhanh ch\u00f3ng kh\u00f4 th\u00e0nh m\u1ed9t l\u1edbp ph\u1ee7 b\u1ec1n v\u00e0 linh ho\u1ea1t. \u0110\u1eb7c t\u00ednh n\u00e0y gi\u00fap m\u00e0ng ch\u1ed1ng th\u1ea5m t\u1ea1o ra k\u1ebft n\u1ed1i tuy\u1ec7t v\u1eddi v\u00e0 l\u1ea5p k\u00edn c\u00e1c v\u1ebft n\u1ee9t, c\u1ea3i thi\u1ec7n kh\u1ea3 n\u0103ng ch\u1ed1ng th\u1ea5m c\u1ee7a b\u1ec1 m\u1eb7t.<\/span><\/li>\n<li style=\"font-weight: 400;\" aria-level=\"1\"><span style=\"font-weight: 400;\">Th\u00edch h\u1ee3p cho c\u1ea3 k\u1ebft c\u1ea5u c\u0169 v\u00e0 m\u1edbi: \u0110\u01b0\u1ee3c thi\u1ebft k\u1ebf \u0111\u1ec3 s\u1eed d\u1ee5ng tr\u00ean c\u1ea3 c\u00e1c c\u00f4ng tr\u00ecnh \u0111\u00e3 t\u1ed3n t\u1ea1i v\u00e0 c\u00e1c c\u00f4ng tr\u00ecnh m\u1edbi, t\u1ea1o \u0111i\u1ec1u ki\u1ec7n linh ho\u1ea1t cho vi\u1ec7c \u1ee9ng d\u1ee5ng.<\/span><\/li>\n<li style=\"font-weight: 400;\" aria-level=\"1\"><span style=\"font-weight: 400;\">Kh\u00f4ng ch\u1ee9a dung m\u00f4i: Vi\u1ec7c kh\u00f4ng ch\u1ee9a dung m\u00f4i gi\u00fap l\u00e0m gi\u1ea3m t\u00e1c \u0111\u1ed9ng \u0111\u1ebfn m\u00f4i tr\u01b0\u1eddng v\u00e0 s\u1ee9c kh\u1ecfe ng\u01b0\u1eddi s\u1eed d\u1ee5ng.<\/span><\/li>\n<li style=\"font-weight: 400;\" aria-level=\"1\"><span style=\"font-weight: 400;\">Kh\u00f4ng m\u00f9i v\u00e0 kh\u00f4ng b\u1ecb d\u00ednh tay: S\u1ea3n ph\u1ea9m kh\u00f4ng c\u00f3 m\u00f9i kh\u00e1ng h\u1eb3n v\u1edbi vi\u1ec7c g\u00e2y phi\u1ec1n to\u00e1i trong qu\u00e1 tr\u00ecnh thi c\u00f4ng v\u00e0 kh\u00f4ng l\u00e0m d\u00ednh tay khi s\u1eed d\u1ee5ng.<\/span><\/li>\n<li style=\"font-weight: 400;\" aria-level=\"1\"><span style=\"font-weight: 400;\">Ch\u1ee9ng nh\u1eadn ph\u00f9 h\u1ee3p v\u1edbi ti\u00eau chu\u1ea9n ASTM D1227, \u0111\u1ea3m b\u1ea3o hi\u1ec7u su\u1ea5t v\u00e0 ch\u1ea5t l\u01b0\u1ee3ng s\u1ea3n ph\u1ea9m.<\/span><\/li>\n<\/ul>\n<p style=\"text-align: justify;\"><b>\u1ee8ng d\u1ee5ng c\u1ee7a Sikaproof Membrane\u00a0<\/b><\/p>\n<p style=\"text-align: justify;\"><span style=\"font-weight: 400;\">Sikaproof Membrane kh\u00f4ng ch\u1ec9 ch\u1ed1ng th\u1ea5m m\u00e0 c\u00f2n gi\u00fap b\u1ea3o v\u1ec7 c\u1ea5u tr\u00fac x\u00e2y d\u1ef1ng kh\u1ecfi s\u1ef1 \u1ea3nh h\u01b0\u1edfng c\u1ee7a n\u01b0\u1edbc v\u00e0 \u1ea9m \u01b0\u1edbt, t\u0103ng tu\u1ed5i th\u1ecd v\u00e0 \u0111\u1ed9 b\u1ec1n cho c\u00f4ng tr\u00ecnh x\u00e2y d\u1ef1ng:<\/span><\/p>\n<ul style=\"text-align: justify;\">\n<li style=\"font-weight: 400;\" aria-level=\"1\"><span style=\"font-weight: 400;\">L\u1edbp ch\u1ed1ng th\u1ea5m trong l\u00f2ng \u0111\u1ea5t: \u0110\u01b0\u1ee3c s\u1eed d\u1ee5ng cho c\u00e1c b\u1ec1 m\u1eb7t b\u00ea t\u00f4ng v\u00e0 v\u1eefa tr\u00e1t trong c\u00f4ng tr\u00ecnh x\u00e2y d\u1ef1ng ng\u1ea7m, nh\u01b0 t\u1ea7ng h\u1ea7m v\u00e0 \u0111\u01b0\u1eddng h\u1ea7m, \u0111\u1ec3 ng\u0103n n\u01b0\u1edbc th\u1ea5m t\u1eeb \u0111\u1ea5t \u0111\u1ed1i v\u1edbi c\u00e1c c\u00f4ng tr\u00ecnh x\u00e2y d\u1ef1ng d\u01b0\u1edbi l\u00f2ng \u0111\u1ea5t.<\/span><\/li>\n<\/ul>\n<ul style=\"text-align: justify;\">\n<li style=\"font-weight: 400;\" aria-level=\"1\"><span style=\"font-weight: 400;\">Ch\u1ed1ng th\u1ea5m cho s\u00e0n m\u00e1i ph\u1eb3ng: \u0110\u00e2y l\u00e0 m\u1ed9t \u1ee9ng d\u1ee5ng ph\u1ed5 bi\u1ebfn \u0111\u1ec3 ng\u0103n n\u01b0\u1edbc th\u1ea5m x\u00e2m nh\u1eadp v\u00e0o nh\u00e0 t\u1eeb m\u00e1i ph\u1eb3ng, b\u1ea3o v\u1ec7 kh\u00f4ng gian b\u00ean trong kh\u1ecfi s\u1ef1 \u1ea3nh h\u01b0\u1edfng c\u1ee7a n\u01b0\u1edbc m\u01b0a v\u00e0 \u0111i\u1ec1u ki\u1ec7n th\u1eddi ti\u1ebft.<\/span><\/li>\n<\/ul>\n<ul style=\"text-align: justify;\">\n<li style=\"font-weight: 400;\" aria-level=\"1\"><span style=\"font-weight: 400;\">Ch\u1ed1ng th\u1ea5m cho ban c\u00f4ng, s\u00e2n th\u01b0\u1ee3ng: Sikaproof Membrane c\u0169ng \u0111\u01b0\u1ee3c s\u1eed d\u1ee5ng \u0111\u1ec3 t\u1ea1o l\u1edbp ch\u1ed1ng th\u1ea5m cho c\u00e1c khu v\u1ef1c nh\u01b0 ban c\u00f4ng, s\u00e2n th\u01b0\u1ee3ng, gi\u00fap b\u1ea3o v\u1ec7 kh\u00f4ng gian n\u00e0y kh\u1ecfi s\u1ef1 x\u00e2m nh\u1eadp c\u1ee7a n\u01b0\u1edbc.<\/span><\/li>\n<\/ul>\n<ul style=\"text-align: justify;\">\n<li style=\"font-weight: 400;\" aria-level=\"1\"><span style=\"font-weight: 400;\">\u1ee8ng d\u1ee5ng trong c\u00e1c c\u00f4ng tr\u00ecnh nh\u00e0 \u1edf: \u0110\u1eb7c bi\u1ec7t hi\u1ec7u qu\u1ea3 cho vi\u1ec7c ch\u1ed1ng th\u1ea5m t\u01b0\u1eddng, \u0111\u1ea3m b\u1ea3o kh\u00f4ng gian s\u1ed1ng b\u00ean trong kh\u00f4ng b\u1ecb \u1ea3nh h\u01b0\u1edfng b\u1edfi s\u1ef1 th\u1ea5m n\u01b0\u1edbc t\u1eeb b\u00ean ngo\u00e0i.<\/span><\/li>\n<\/ul>\n<ul style=\"text-align: justify;\">\n<li style=\"font-weight: 400;\" aria-level=\"1\"><span style=\"font-weight: 400;\">S\u1eed d\u1ee5ng cho c\u00e1c c\u00f4ng tr\u00ecnh t\u1ea7ng h\u1ea7m v\u00e0 \u0111\u01b0\u1eddng ng\u1ea7m: \u0110\u1ed1i v\u1edbi c\u00e1c c\u00f4ng tr\u00ecnh d\u01b0\u1edbi l\u00f2ng \u0111\u1ea5t, Sikaproof Membrane c\u00f3 vai tr\u00f2 quan tr\u1ecdng trong vi\u1ec7c ng\u0103n ch\u1eb7n n\u01b0\u1edbc t\u1eeb m\u00f4i tr\u01b0\u1eddng b\u00ean ngo\u00e0i x\u00e2m nh\u1eadp v\u00e0o kh\u00f4ng gian b\u00ean trong.<\/span><\/li>\n<\/ul>\n<p style=\"text-align: justify;\"><b>Quy tr\u00ecnh thi c\u00f4ng Sikaproof\u00ae Membrane<\/b><\/p>\n<p style=\"text-align: justify;\"><span style=\"font-weight: 400;\">\u0110\u1ec3 chu\u1ea9n b\u1ecb cho vi\u1ec7c thi c\u00f4ng Sikaproof Membrane m\u1ed9t c\u00e1ch hi\u1ec7u qu\u1ea3, vi\u1ec7c tu\u00e2n th\u1ee7 quy tr\u00ecnh thi c\u00f4ng l\u00e0 r\u1ea5t quan tr\u1ecdng. D\u01b0\u1edbi \u0111\u00e2y l\u00e0 m\u1ed9t s\u1ed1 b\u01b0\u1edbc c\u1ea7n thi\u1ebft:<\/span><\/p>\n<p style=\"text-align: justify;\"><b>B\u01b0\u1edbc 1: Chu\u1ea9n b\u1ecb d\u1ee5ng c\u1ee5<\/b><\/p>\n<ul style=\"text-align: justify;\">\n<li style=\"font-weight: 400;\" aria-level=\"1\"><span style=\"font-weight: 400;\">Th\u00f9ng tr\u1ed9n<\/span><\/li>\n<li style=\"font-weight: 400;\" aria-level=\"1\"><span style=\"font-weight: 400;\">\u00a0Rulo l\u00f4ng d\u00e0i<\/span><\/li>\n<li style=\"font-weight: 400;\" aria-level=\"1\"><span style=\"font-weight: 400;\">\u00a0Bay th\u00e9p vu\u00f4ng<\/span><\/li>\n<li style=\"font-weight: 400;\" aria-level=\"1\"><span style=\"font-weight: 400;\">\u00a0C\u1ecd qu\u00e9t<\/span><\/li>\n<\/ul>\n<p style=\"text-align: justify;\"><b>B\u01b0\u1edbc 2: V\u1ec7 sinh l\u00e0m s\u1ea1ch b\u1ec1 m\u1eb7t<\/b><\/p>\n<p style=\"text-align: justify;\"><span style=\"font-weight: 400;\">Lo\u1ea1i b\u1ecf ho\u00e0n to\u00e0n c\u00e1t b\u1ee5i, d\u1ea7u nh\u1eddn v\u00e0 c\u00e1c ch\u1ea5t b\u1ea9n kh\u00e1c \u0111\u1ec3 \u0111\u1ea3m b\u1ea3o b\u1ec1 m\u1eb7t \u0111\u01b0\u1ee3c l\u00e0m s\u1ea1ch ho\u00e0n to\u00e0n. B\u1ec1 m\u1eb7t c\u1ea7n \u0111\u01b0\u1ee3c l\u00e0m ph\u1eb3ng, s\u1ea1ch s\u1ebd v\u00e0 kh\u00f4 r\u00e1o \u0111\u1ec3 t\u0103ng \u0111\u1ed9 k\u1ebft d\u00ednh c\u1ee7a l\u1edbp s\u01a1n ch\u1ed1ng th\u1ea5m.<\/span><\/p>\n<p style=\"text-align: justify;\"><b>B\u01b0\u1edbc 3: Ph\u01b0\u01a1ng ph\u00e1p tr\u1ed9n (Ch\u1ec9 \u00e1p d\u1ee5ng cho l\u1edbp l\u00f3t)<\/b><\/p>\n<p style=\"text-align: justify;\"><span style=\"font-weight: 400;\">Cho l\u01b0\u1ee3ng SikaProof\u00ae Membrane \u0111\u00e3 \u0111\u1ecbnh l\u01b0\u1ee3ng s\u1eb5n v\u00e0o th\u00f9ng tr\u1ed9n. S\u1eed d\u1ee5ng 20 &#8211; 50% n\u01b0\u1edbc v\u00e0 h\u00f2a v\u00e0o Sikaproof Membrane, sau \u0111\u00f3 khu\u1ea5y \u0111\u1ec1u\u00a0 trong kho\u1ea3ng 3 ph\u00fat \u0111\u1ec3 c\u00f3 \u0111\u01b0\u1ee3c h\u1ed7n h\u1ee3p \u0111\u1ed3ng nh\u1ea5t<\/span><\/p>\n<p style=\"text-align: justify;\"><b>B\u01b0\u1edbc 4: Ti\u1ebfn h\u00e0nh thi c\u00f4ng\u00a0<\/b><\/p>\n<ul style=\"text-align: justify;\">\n<li style=\"font-weight: 400;\" aria-level=\"1\"><span style=\"font-weight: 400;\">L\u00e0m nh\u00e1m v\u00e0 v\u1ec7 sinh s\u1ea1ch b\u1ec1 m\u1eb7t c\u1ea7n ch\u1ed1ng th\u1ea5m\u00a0<\/span><\/li>\n<li style=\"font-weight: 400;\" aria-level=\"1\"><span style=\"font-weight: 400;\">Thi c\u00f4ng l\u1edbp s\u01a1n l\u00f3t: S\u1eed d\u1ee5ng c\u00e1c d\u1ee5ng c\u1ee5 nh\u01b0 c\u1ecdn, rulo, ho\u1eb7c b\u00ecnh phun \u0111\u1ec3 thi c\u00f4ng l\u1edbp s\u01a1n l\u00f3t l\u00ean to\u00e0n b\u1ed9 b\u1ec1 m\u1eb7t c\u1ea7n ch\u1ed1ng th\u1ea5m.<\/span><\/li>\n<li style=\"font-weight: 400;\" aria-level=\"1\"><span style=\"font-weight: 400;\">Ch\u1edd \u0111\u1ee3i cho \u0111\u1ebfn khi l\u1edbp s\u01a1n l\u00f3t kh\u00f4 ho\u00e0n to\u00e0n ( kho\u1ea3ng 1h) tr\u01b0\u1edbc khi ti\u1ebfn h\u00e0nh c\u00e1c l\u1edbp ti\u1ebfp theo.<\/span><\/li>\n<li style=\"font-weight: 400;\" aria-level=\"1\"><span style=\"font-weight: 400;\">Thi c\u00f4ng l\u1edbp th\u1ee9 hai (kh\u00f4ng pha n\u01b0\u1edbc) theo ph\u01b0\u01a1ng vu\u00f4ng g\u00f3c v\u1edbi l\u1edbp th\u1ee9 nh\u1ea5t ( \u0111\u1ee3i kh\u00f4 kho\u1ea3ng\u00a0 4h)<\/span><\/li>\n<li style=\"font-weight: 400;\" aria-level=\"1\"><span style=\"font-weight: 400;\">Thi c\u00f4ng l\u1edbp th\u1ee9 ba (kh\u00f4ng pha n\u01b0\u1edbc) theo ph\u01b0\u01a1ng vu\u00f4ng g\u00f3c v\u1edbi l\u1edbp th\u1ee9 hai v\u00e0 ch\u1edd kh\u00f4.<\/span><\/li>\n<li style=\"font-weight: 400;\" aria-level=\"1\"><span style=\"font-weight: 400;\">Cu\u1ed1i c\u00f9ng p h\u1ee7 l\u1edbp v\u1eefa SikaLatex\u00ae TH d\u00e0y ~15-20 mm \u0111\u1ec3 b\u1ea3o v\u1ec7.<\/span><\/li>\n<\/ul>\n<p style=\"text-align: justify;\"><b>L\u01b0u \u00fd khi thi c\u00f4ng:<\/b><\/p>\n<p style=\"text-align: justify;\"><span style=\"font-weight: 400;\">M\u1eadt \u0111\u1ed9 ti\u00eau th\u1ee5:<\/span><\/p>\n<p style=\"text-align: justify;\"><span style=\"font-weight: 400;\">&#8211; L\u1edbp l\u00f3t: ~0.2- 0.3 kg\/m2<\/span><\/p>\n<p style=\"text-align: justify;\"><span style=\"font-weight: 400;\">&#8211; L\u1edbp ph\u1ee7: ~0.6 kg\/m2\/ l\u1edbp<\/span><\/p>\n<p style=\"text-align: justify;\"><span style=\"font-weight: 400;\">&#8211; Kho\u1ea3ng 2.0 kg\/m2 s\u1ebd cho m\u00e0ng ch\u1ed1ng th\u1ea5m c\u00f3 \u0111\u1ed9 d\u00e0y ~1.1mm sau khi kh\u00f4<\/span><\/p>\n<p style=\"text-align: justify;\"><span style=\"font-weight: 400;\">&#8211; Th\u1eddi gian cho ph\u00e9p thi c\u00f4ng ~30 ph\u00fat \u1edf 30oC<\/span><\/p>\n","protected":false},"excerpt":{"rendered":"<p>Sika membrane &#8211; M\u00e0ng ch\u1ed1ng th\u1ea5m g\u1ed1c bitum\u00a0 Sikaproof Membrane RD l\u00e0 m\u1ed9t lo\u1ea1i m\u00e0ng l\u1ecfng ch\u1ed1ng th\u1ea5m \u0111\u01b0\u1ee3c c\u1ea3i ti\u1ebfn t\u1eeb bitum polyme g\u1ed1c n\u01b0\u1edbc. \u0110\u00e2y l\u00e0 m\u1ed9t trong c\u00e1c th\u00e0nh ph\u1ea7n \u0111\u01b0\u1ee3c s\u1eed d\u1ee5ng trong qu\u00e1 tr\u00ecnh thi c\u00f4ng ngu\u1ed9i \u0111\u1ec3 t\u1ea1o l\u1edbp ch\u1ed1ng th\u1ea5m hi\u1ec7u qu\u1ea3. \u0110i\u1ec3m \u0111\u1eb7c bi\u1ec7t c\u1ee7a Sikaproof Membrane [&#8230;]\n","protected":false},"featured_media":12386,"comment_status":"open","ping_status":"closed","template":"","meta":[],"product_brand":[],"product_cat":[51],"product_tag":[],"class_list":{"0":"post-12348","1":"product","2":"type-product","3":"status-publish","4":"has-post-thumbnail","6":"product_cat-vat-lieu-chong-tham","8":"first","9":"instock","10":"shipping-taxable","11":"product-type-simple"},"_links":{"self":[{"href":"https:\/\/sonsanepoxy.vn\/index.php\/wp-json\/wp\/v2\/product\/12348","targetHints":{"allow":["GET"]}}],"collection":[{"href":"https:\/\/sonsanepoxy.vn\/index.php\/wp-json\/wp\/v2\/product"}],"about":[{"href":"https:\/\/sonsanepoxy.vn\/index.php\/wp-json\/wp\/v2\/types\/product"}],"replies":[{"embeddable":true,"href":"https:\/\/sonsanepoxy.vn\/index.php\/wp-json\/wp\/v2\/comments?post=12348"}],"wp:featuredmedia":[{"embeddable":true,"href":"https:\/\/sonsanepoxy.vn\/index.php\/wp-json\/wp\/v2\/media\/12386"}],"wp:attachment":[{"href":"https:\/\/sonsanepoxy.vn\/index.php\/wp-json\/wp\/v2\/media?parent=12348"}],"wp:term":[{"taxonomy":"product_brand","embeddable":true,"href":"https:\/\/sonsanepoxy.vn\/index.php\/wp-json\/wp\/v2\/product_brand?post=12348"},{"taxonomy":"product_cat","embeddable":true,"href":"https:\/\/sonsanepoxy.vn\/index.php\/wp-json\/wp\/v2\/product_cat?post=12348"},{"taxonomy":"product_tag","embeddable":true,"href":"https:\/\/sonsanepoxy.vn\/index.php\/wp-json\/wp\/v2\/product_tag?post=12348"}],"curies":[{"name":"wp","href":"https:\/\/api.w.org\/{rel}","templated":true}]}}