{"id":12347,"date":"2026-05-05T08:20:18","date_gmt":"2026-05-05T08:20:18","guid":{"rendered":"https:\/\/sonsanepoxy.vn\/?post_type=product&#038;p=12347"},"modified":"2026-05-05T08:20:32","modified_gmt":"2026-05-05T08:20:32","slug":"sikatop-107-seal-vn","status":"publish","type":"product","link":"https:\/\/sonsanepoxy.vn\/index.php\/san-pham\/sikatop-107-seal-vn\/","title":{"rendered":"SikaTop\u00ae-107 Seal VN"},"content":{"rendered":"<p style=\"text-align: justify;\"><span style=\"font-weight: 400;\">SikaTop\u00ae-107 Seal VN l\u00e0 m\u1ed9t lo\u1ea1i v\u1eefa ch\u1ed1ng th\u1ea5m c\u00f3 ngu\u1ed3n g\u1ed1c t\u1eeb xi m\u0103ng polyme c\u1ea3i ti\u1ebfn, \u0111\u01b0\u1ee3c s\u1ea3n xu\u1ea5t d\u01b0\u1edbi d\u1ea1ng hai th\u00e0nh ph\u1ea7n. \u0110\u00e2y l\u00e0 m\u1ed9t s\u1ea3n ph\u1ea9m \u0111\u01b0\u1ee3c s\u1eed d\u1ee5ng \u0111\u1ec3 thi c\u00f4ng tr\u00ean b\u1ec1 m\u1eb7t v\u1eefa v\u00e0 b\u00ea t\u00f4ng nh\u1eb1m ng\u0103n ch\u1eb7n s\u1ef1 th\u1ea5m n\u01b0\u1edbc. Khi \u0111\u01b0\u1ee3c \u00e1p d\u1ee5ng l\u00ean b\u1ec1 m\u1eb7t, s\u1ea3n ph\u1ea9m n\u00e0y t\u1ea1o ra m\u1ed9t l\u1edbp ph\u1ee7 ch\u1ed1ng th\u1ea5m, gi\u00fap b\u1ea3o v\u1ec7 c\u00e1c b\u1ec1 m\u1eb7t kh\u1ecfi s\u1ef1 x\u00e2m nh\u1eadp c\u1ee7a n\u01b0\u1edbc.<\/span><\/p>\n<p style=\"text-align: justify;\"><b>Th\u00f4ng tin s\u1ea3n ph\u1ea9m:<\/b><\/p>\n<ul style=\"text-align: justify;\">\n<li style=\"font-weight: 400;\" aria-level=\"1\"><span style=\"font-weight: 400;\">\u0110\u00f3ng g\u00f3i 25 kg\/b\u1ed9 (A+B)<\/span><\/li>\n<\/ul>\n<p style=\"text-align: justify;\"><span style=\"font-weight: 400;\">Th\u00e0nh ph\u1ea7n A : 5 kg\/ th\u00f9ng<\/span><\/p>\n<p style=\"text-align: justify;\"><span style=\"font-weight: 400;\">Th\u00e0nh ph\u1ea7n B : 20 kg\/ bao<\/span><\/p>\n<ul style=\"text-align: justify;\">\n<li style=\"font-weight: 400;\" aria-level=\"1\"><span style=\"font-weight: 400;\">M\u00e0u s\u1eafc<\/span><\/li>\n<\/ul>\n<p style=\"text-align: justify;\"><span style=\"font-weight: 400;\">Th\u00e0nh ph\u1ea7n A: Ch\u1ea5t l\u1ecfng \/ tr\u1eafng<\/span><\/p>\n<p style=\"text-align: justify;\"><span style=\"font-weight: 400;\">Th\u00e0nh ph\u1ea7n B: B\u1ed9t \/ X\u00e1m<\/span><\/p>\n<ul style=\"text-align: justify;\">\n<li style=\"font-weight: 400;\" aria-level=\"1\"><span style=\"font-weight: 400;\">T\u1ef7 tr\u1ecdng<\/span><\/li>\n<\/ul>\n<p style=\"text-align: justify;\"><span style=\"font-weight: 400;\">Th\u00e0nh ph\u1ea7n A: ~1.02 kg\/l\u00edt<\/span><\/p>\n<p style=\"text-align: justify;\"><span style=\"font-weight: 400;\">Th\u00e0nh ph\u1ea7n B: ~1.40 kg\/l\u00edt (kh\u1ed1i l\u01b0\u1ee3ng th\u1ec3 t\u00edch \u0111\u1ed5 \u0111\u1ed1ng)<\/span><\/p>\n<p style=\"text-align: justify;\"><span style=\"font-weight: 400;\">V\u1eefa m\u1edbi tr\u1ed9n: ~2.10 kg\/l\u00edt<\/span><\/p>\n<p style=\"text-align: justify;\"><b>\u01afu \u0111i\u1ec3m c\u1ee7a SikaTop\u00ae-107 Seal VN<\/b><\/p>\n<ul style=\"text-align: justify;\">\n<li style=\"font-weight: 400;\" aria-level=\"1\"><span style=\"font-weight: 400;\">C\u00e1c th\u00e0nh ph\u1ea7n \u0111\u01b0\u1ee3c ch\u1ebf t\u1ea1o s\u1eb5n n\u00ean c\u00f3 th\u1ec3 s\u1eed d\u1ee5ng m\u00e0 kh\u00f4ng c\u1ea7n ph\u1ea3i t\u1ef1 pha ch\u1ebf th\u00eam.<\/span><\/li>\n<li style=\"font-weight: 400;\" aria-level=\"1\"><span style=\"font-weight: 400;\">Vi\u1ec7c tr\u1ed9n v\u00e0 \u00e1p d\u1ee5ng s\u1ea3n ph\u1ea9m n\u00e0y kh\u00f4ng qu\u00e1 ph\u1ee9c t\u1ea1p.<\/span><\/li>\n<li style=\"font-weight: 400;\" aria-level=\"1\"><span style=\"font-weight: 400;\">C\u00f3 \u0111\u1eb7c t\u00ednh s\u1ec7t v\u00e0 d\u1ebbo dai gi\u1ed1ng nh\u01b0 h\u1ed3 d\u1ea7u khi \u0111\u01b0\u1ee3c \u00e1p d\u1ee5ng.<\/span><\/li>\n<li style=\"font-weight: 400;\" aria-level=\"1\"><span style=\"font-weight: 400;\">Hi\u1ec7u qu\u1ea3 trong vi\u1ec7c k\u1ebft d\u00ednh v\u1edbi c\u00e1c b\u1ec1 m\u1eb7t b\u00ea t\u00f4ng, v\u1eefa ho\u1eb7c c\u00e1c v\u1eadt li\u1ec7u kh\u00e1c.<\/span><\/li>\n<li style=\"font-weight: 400;\" aria-level=\"1\"><span style=\"font-weight: 400;\">L\u1edbp ph\u1ee7 t\u1ea1o ra kh\u1ea3 n\u0103ng ch\u1ed1ng th\u1ea5m n\u01b0\u1edbc, b\u1ea3o v\u1ec7 b\u1ec1 m\u1eb7t kh\u1ecfi s\u1ef1 x\u00e2m nh\u1eadp c\u1ee7a n\u01b0\u1edbc.<\/span><\/li>\n<li style=\"font-weight: 400;\" aria-level=\"1\"><span style=\"font-weight: 400;\">Gi\u00fap b\u1ec1 m\u1eb7t kh\u00f4ng b\u1ecb \u1ea3nh h\u01b0\u1edfng b\u1edfi qu\u00e1 tr\u00ecnh cacbonat h\u00f3a, gi\u1ea3m thi\u1ec3u s\u1ef1 hao m\u00f2n.<\/span><\/li>\n<li style=\"font-weight: 400;\" aria-level=\"1\"><span style=\"font-weight: 400;\">Kh\u00f4ng ch\u1ee9a c\u00e1c ch\u1ea5t \u0111\u1ed9c h\u1ea1i cho s\u1ee9c kh\u1ecfe khi s\u1eed d\u1ee5ng \u0111\u00fang c\u00e1ch.<\/span><\/li>\n<\/ul>\n<ul style=\"text-align: justify;\">\n<li style=\"font-weight: 400;\" aria-level=\"1\"><span style=\"font-weight: 400;\">Kh\u00f4ng g\u00e2y \u0103n m\u00f2n cho c\u00e1c b\u1ec1 m\u1eb7t ti\u1ebfp x\u00fac.<\/span><\/li>\n<li style=\"font-weight: 400;\" aria-level=\"1\"><span style=\"font-weight: 400;\">C\u00f3 kh\u1ea3 n\u0103ng co gi\u00e3n nh\u1eb9, gi\u00fap \u0111\u1ed1i ph\u00f3 v\u1edbi c\u00e1c bi\u1ebfn \u0111\u1ed5i nh\u1ecf v\u1ec1 k\u00edch th\u01b0\u1edbc hay \u0111\u1ed9ng \u0111\u1ea5t.<\/span><\/li>\n<li style=\"font-weight: 400;\" aria-level=\"1\"><span style=\"font-weight: 400;\">S\u1ea3n ph\u1ea9m c\u00f3 th\u1ec3 \u0111\u01b0\u1ee3c \u00e1p d\u1ee5ng th\u00f4ng qua ph\u01b0\u01a1ng ph\u00e1p phun.<\/span><\/li>\n<\/ul>\n<p style=\"text-align: justify;\">\n<p style=\"text-align: justify;\"><b>\u1ee8ng d\u1ee5ng c\u1ee7a c\u1ee7a SikaTop\u00ae-107 Seal VN<\/b><\/p>\n<p style=\"text-align: justify;\"><span style=\"font-weight: 400;\">SikaTop\u00ae-107 Seal VN c\u00f3 r\u1ea5t nhi\u1ec1u \u1ee9ng d\u1ee5ng trong c\u00f4ng tr\u00ecnh x\u00e2y d\u1ef1ng v\u00e0 b\u1ea3o tr\u00ec:<\/span><\/p>\n<ul style=\"text-align: justify;\">\n<li style=\"font-weight: 400;\" aria-level=\"1\"><span style=\"font-weight: 400;\">B\u1ec3 n\u01b0\u1edbc u\u1ed1ng v\u00e0 b\u1ec3 n\u01b0\u1edbc ch\u1eefa ch\u00e1y: S\u1eed d\u1ee5ng \u0111\u1ec3 t\u1ea1o l\u1edbp ph\u1ee7 ch\u1ed1ng th\u1ea5m \u1edf c\u00e1c b\u1ec3 n\u01b0\u1edbc \u0111\u1ec3 \u0111\u1ea3m b\u1ea3o kh\u00f4ng c\u00f3 s\u1ef1 th\u1ea5m n\u01b0\u1edbc x\u1ea3y ra.<\/span><\/li>\n<\/ul>\n<p style=\"text-align: justify;\">\n<ul style=\"text-align: justify;\">\n<li style=\"font-weight: 400;\" aria-level=\"1\"><span style=\"font-weight: 400;\">T\u1ea7ng h\u1ea7m: \u00c1p d\u1ee5ng \u0111\u1ec3 ng\u0103n s\u1ef1 th\u1ea5m n\u01b0\u1edbc v\u00e0o c\u00e1c khu v\u1ef1c t\u1ea7ng h\u1ea7m, gi\u00fap b\u1ea3o v\u1ec7 k\u1ebft c\u1ea5u v\u00e0 c\u00e1c v\u1eadt d\u1ee5ng b\u00ean trong kh\u1ecfi \u1ea9m \u01b0\u1edbt.<\/span><\/li>\n<\/ul>\n<ul style=\"text-align: justify;\">\n<li style=\"font-weight: 400;\" aria-level=\"1\"><span style=\"font-weight: 400;\">S\u00e2n th\u01b0\u1ee3ng v\u00e0 ban c\u00f4ng: \u0110\u01b0\u1ee3c s\u1eed d\u1ee5ng \u0111\u1ec3 t\u1ea1o l\u1edbp ph\u1ee7 ch\u1ed1ng th\u1ea5m cho c\u00e1c khu v\u1ef1c s\u00e2n th\u01b0\u1ee3ng, ban c\u00f4ng \u0111\u1ec3 ng\u0103n n\u01b0\u1edbc x\u00e2m nh\u1eadp v\u00e0 b\u1ea3o v\u1ec7 c\u1ea5u tr\u00fac d\u01b0\u1edbi \u0111\u1ea5t.<\/span><\/li>\n<\/ul>\n<ul style=\"text-align: justify;\">\n<li style=\"font-weight: 400;\" aria-level=\"1\"><span style=\"font-weight: 400;\">C\u1ea7u: \u00c1p d\u1ee5ng \u0111\u1ec3 b\u1ea3o v\u1ec7 c\u1ea7u kh\u1ecfi s\u1ef1 th\u1ea5m n\u01b0\u1edbc v\u00e0 t\u00e1c \u0111\u1ed9ng c\u1ee7a c\u00e1c y\u1ebfu t\u1ed1 m\u00f4i tr\u01b0\u1eddng nh\u01b0 m\u01b0a, \u1ea9m \u01b0\u1edbt.<\/span><\/li>\n<\/ul>\n<ul style=\"text-align: justify;\">\n<li style=\"font-weight: 400;\" aria-level=\"1\"><span style=\"font-weight: 400;\">T\u01b0\u1eddng ch\u1eafn: S\u1eed d\u1ee5ng \u0111\u1ec3 t\u1ea1o l\u1edbp ph\u1ee7 ch\u1ed1ng th\u1ea5m cho c\u00e1c t\u01b0\u1eddng ch\u1eafn, b\u1ea3o v\u1ec7 ch\u00fang kh\u1ecfi s\u1ef1 x\u00e2m nh\u1eadp c\u1ee7a n\u01b0\u1edbc.<\/span><\/li>\n<\/ul>\n<ul style=\"text-align: justify;\">\n<li style=\"font-weight: 400;\" aria-level=\"1\"><span style=\"font-weight: 400;\">\u0110\u01b0\u1ee3c s\u1eed d\u1ee5ng \u0111\u1ec3 tr\u00e1m k\u00edn c\u00e1c v\u1ebft n\u1ee9t tr\u00ean b\u1ec1 m\u1eb7t \u0111\u1ec3 ng\u0103n n\u01b0\u1edbc x\u00e2m nh\u1eadp v\u00e0o c\u00e1c khe n\u1ee9t, nguy\u00ean nh\u00e2n g\u00e2y h\u1ecfng h\u00f3c cho k\u1ebft c\u1ea5u.<\/span><\/li>\n<\/ul>\n<p style=\"text-align: justify;\"><b>H\u01b0\u1edbng d\u1eabn thi c\u00f4ng SikaTop\u00ae-107 Seal VN<\/b><\/p>\n<p style=\"text-align: justify;\"><b>Chu\u1ea9n b\u1ecb d\u1ee5ng c\u1ee5<\/b><\/p>\n<ul style=\"text-align: justify;\">\n<li style=\"font-weight: 400;\" aria-level=\"1\"><span style=\"font-weight: 400;\">M\u00e1y tr\u1ed9n \u0111i\u1ec7n t\u1ed1c \u0111\u1ed9 ch\u1eadm<\/span><\/li>\n<li style=\"font-weight: 400;\" aria-level=\"1\"><span style=\"font-weight: 400;\">Th\u00f9ng tr\u1ed9n<\/span><\/li>\n<li style=\"font-weight: 400;\" aria-level=\"1\"><span style=\"font-weight: 400;\">Bay th\u00e9p vu\u00f4ng<\/span><\/li>\n<li style=\"font-weight: 400;\" aria-level=\"1\"><span style=\"font-weight: 400;\">C\u1ecd ho\u1eb7c ch\u1ed5i m\u1ec1m<\/span><\/li>\n<li style=\"font-weight: 400;\" aria-level=\"1\"><span style=\"font-weight: 400;\">B\u00ecnh phun n\u01b0\u1edbc \u00e1p l\u1ef1c th\u1ea5p<\/span><\/li>\n<li style=\"font-weight: 400;\" aria-level=\"1\"><span style=\"font-weight: 400;\">D\u1ee5ng c\u1ee5 l\u00e0m nh\u00e1m s\u00e0n<\/span><\/li>\n<\/ul>\n<p style=\"text-align: justify;\"><b>Ph\u01b0\u01a1ng ph\u00e1p tr\u1ed9n<\/b><\/p>\n<p style=\"text-align: justify;\"><span style=\"font-weight: 400;\">T\u1ef7 l\u1ec7 tr\u1ed9n: 1 kg th\u00e0nh ph\u1ea7n A : 4 kg th\u00e0nh ph\u1ea7n B.<\/span><\/p>\n<ul style=\"text-align: justify;\">\n<li style=\"font-weight: 400;\" aria-level=\"1\"><span style=\"font-weight: 400;\">\u0110\u1ea7u ti\u00ean, \u0111\u1ed5 to\u00e0n b\u1ed9 l\u01b0\u1ee3ng th\u00e0nh ph\u1ea7n A (5 l\u00edt) v\u00e0o th\u00f9ng tr\u1ed9n<\/span><\/li>\n<li style=\"font-weight: 400;\" aria-level=\"1\"><span style=\"font-weight: 400;\">Ti\u1ebfp theo \u0111\u1ed5 th\u00eam 20kg th\u00e0nh ph\u1ea7n B v\u00e0o trong th\u00e0nh ph\u1ea7n A theo t\u1ef7 l\u1ec7 1:4.<\/span><\/li>\n<li style=\"font-weight: 400;\" aria-level=\"1\"><span style=\"font-weight: 400;\">S\u1eed d\u1ee5ng khoan tr\u1ed9n \u0111i\u1ec7n \u1edf t\u1ed1c \u0111\u1ed9 th\u1ea5p \u0111\u1ec3 khu\u1ea5y \u0111\u1ec1u h\u1ed7n h\u1ee3p trong kho\u1ea3ng 3 ph\u00fat. Vi\u1ec7c n\u00e0y gi\u00fap c\u00e1c th\u00e0nh ph\u1ea7n A v\u00e0 B h\u00f2a tr\u1ed9n m\u1ed9t c\u00e1ch \u0111\u1ed3ng nh\u1ea5t v\u00e0 t\u1ea1o th\u00e0nh h\u1ed7n h\u1ee3p ho\u00e0n ch\u1ec9nh.<\/span><\/li>\n<\/ul>\n<p style=\"text-align: justify;\"><b>Ti\u1ebfn h\u00e0nh thi c\u00f4ng\u00a0<\/b><\/p>\n<ul style=\"text-align: justify;\">\n<li style=\"font-weight: 400;\" aria-level=\"1\"><span style=\"font-weight: 400;\">V\u1ec7 sinh b\u1ec1 m\u1eb7t s\u1ea1ch ,\u0111\u1ea3m b\u1ea3o b\u1ec1 m\u1eb7t b\u00ea t\u00f4ng v\u00e0 v\u1eefa \u0111\u01b0\u1ee3c l\u00e0m s\u1ea1ch ho\u00e0n to\u00e0n, kh\u00f4ng c\u00f2n d\u00ednh d\u1ea7u m\u1ee1 v\u00e0 t\u1ea1p ch\u1ea5t kh\u00e1c.<\/span><\/li>\n<li style=\"font-weight: 400;\" aria-level=\"1\"><span style=\"font-weight: 400;\">Tr\u00e1m tr\u00e9t c\u00e1c v\u1ebft n\u1ee9t v\u00e0 l\u00e0m s\u1ea1ch b\u1ec1 m\u1eb7t<\/span><\/li>\n<li style=\"font-weight: 400;\" aria-level=\"1\"><span style=\"font-weight: 400;\">L\u00e0m \u1ea9m b\u00e3o h\u00f2a b\u1ec1 m\u1eb7t nh\u01b0ng kh\u00f4ng l\u00e0m \u0111\u1ecdng n\u01b0\u1edbc<\/span><\/li>\n<li style=\"font-weight: 400;\" aria-level=\"1\"><span style=\"font-weight: 400;\">Thi c\u00f4ng l\u1edbp \u0111\u1ea7u ti\u00ean tr\u00ean b\u1ec1 m\u1eb7t \u0111ang \u1ea9m do \u0111\u00e3 \u0111\u01b0\u1ee3c b\u00e3o h\u00f2a ho\u00e0n to\u00e0n. C\u00f3 th\u1ec3 s\u1eed d\u1ee5ng c\u1ecd, ch\u1ed5i c\u01b0\u1edbc ho\u1eb7c bay \u0111\u1ec3 \u0111\u1ea3m b\u1ea3o vi\u1ec7c ph\u1ee7 \u0111\u1ec1u l\u1edbp SikaTop\u00ae-107 Seal VN th\u1ee9 nh\u1ea5t.<\/span><\/li>\n<li style=\"font-weight: 400;\" aria-level=\"1\"><span style=\"font-weight: 400;\">Sau khi thi c\u00f4ng, \u0111\u1ec3 s\u1ea3n ph\u1ea9m \u0111\u00f4ng c\u1ee9ng t\u1eeb 4-8 gi\u1edd \u1edf nhi\u1ec7t \u0111\u1ed9 tr\u00ean 20\u00b0C tr\u01b0\u1edbc khi ti\u1ebfn h\u00e0nh thi c\u00f4ng l\u1edbp th\u1ee9 hai.<\/span><\/li>\n<li style=\"font-weight: 400;\" aria-level=\"1\"><span style=\"font-weight: 400;\">Thi c\u00f4ng l\u1edbp th\u1ee9 2 c\u1ea7n ph\u1ea3i l\u00e0m \u01b0\u1edbt l\u1edbp th\u1ee9 nh\u1ea5t b\u1eb1ng n\u01b0\u1edbc, phun s\u01b0\u01a1ng t\u1ea1o \u1ea9m \u0111\u1ec3 \u0111\u1ea3m b\u1ea3o l\u1edbp th\u1ee9 hai kh\u00f4ng g\u00e2y t\u1ed5n h\u1ea1i \u0111\u1ebfn l\u1edbp \u0111\u1ea7u ti\u00ean.\u00a0 \u0110\u1ec3 tr\u00e1nh t\u1ed5n h\u1ea1i \u0111\u1ebfn l\u1edbp \u0111\u1ea7u ti\u00ean, n\u00ean thi c\u00f4ng l\u1edbp th\u1ee9 hai sau \u00edt nh\u1ea5t 24 gi\u1edd khi thi c\u00f4ng tr\u00ean s\u00e0n.<\/span><\/li>\n<\/ul>\n<p style=\"text-align: justify;\"><b>M\u1ed9t s\u1ed1 L\u01b0u \u00fd v\u1ec1 thi c\u00f4ng ch\u1ed1ng th\u1ea5m sikatop seal 107<\/b><\/p>\n<ul style=\"text-align: justify;\">\n<li style=\"font-weight: 400;\" aria-level=\"1\"><span style=\"font-weight: 400;\">Kh\u00f4ng s\u1eed d\u1ee5ng l\u1edbp SikaTop\u00ae-107 Seal VN v\u1edbi l\u01b0\u1ee3ng \u0111\u1ecbnh m\u1ee9c tr\u00ean 4 kg\/m2 trong m\u1ed9t l\u1ea7n thi c\u00f4ng.<\/span><\/li>\n<li style=\"font-weight: 400;\" aria-level=\"1\"><span style=\"font-weight: 400;\">SikaTop\u00ae-107 Seal VN kh\u00f4ng th\u00edch h\u1ee3p cho c\u00e1c b\u1ec1 m\u1eb7t trang tr\u00ed v\u00ec c\u00f3 th\u1ec3 g\u00e2y ra hi\u1ec7n t\u01b0\u1ee3ng l\u1ed1m \u0111\u1ed1m tr\u1eafng trong \u0111i\u1ec1u ki\u1ec7n th\u1eddi ti\u1ebft \u1ea9m.<\/span><\/li>\n<li style=\"font-weight: 400;\" aria-level=\"1\"><span style=\"font-weight: 400;\">C\u1ea7n ch\u1edd \u00edt nh\u1ea5t 3 ng\u00e0y cho l\u1edbp ph\u1ee7 kh\u00f4 tr\u01b0\u1edbc khi ti\u1ebfp x\u00fac v\u1edbi n\u01b0\u1edbc.<\/span><\/li>\n<li style=\"font-weight: 400;\" aria-level=\"1\"><span style=\"font-weight: 400;\">S\u1eed d\u1ee5ng h\u1ed3 d\u1ea7u k\u1ebft n\u1ed1i Sika Latex\u00ae \u0111\u1ec3 ng\u0103n ng\u1eeba hi\u1ec7n t\u01b0\u1ee3ng bong b\u00f3ng khi thi c\u00f4ng l\u1edbp v\u1eefa ho\u00e0n thi\u1ec7n ho\u1eb7c b\u1ea3o v\u1ec7 l\u00ean tr\u00ean l\u1edbp ch\u1ed1ng th\u1ea5m.<\/span><\/li>\n<li style=\"font-weight: 400;\" aria-level=\"1\"><span style=\"font-weight: 400;\">\u0110\u1ec3 \u0111\u1ea3m b\u1ea3o t\u00ednh hi\u1ec7u qu\u1ea3 v\u00e0 ph\u00f9 h\u1ee3p, lu\u00f4n thi c\u00f4ng m\u1ed9t khu v\u1ef1c m\u1eabu tr\u01b0\u1edbc.<\/span><\/li>\n<li style=\"font-weight: 400;\" aria-level=\"1\"><span style=\"font-weight: 400;\">Lu\u00f4n c\u1eadp nh\u1eadt v\u00e0 tham kh\u1ea3o t\u00e0i li\u1ec7u k\u1ef9 thu\u1eadt m\u1edbi nh\u1ea5t<\/span><\/li>\n<\/ul>\n<p style=\"text-align: justify;\">\n","protected":false},"excerpt":{"rendered":"<p>SikaTop\u00ae-107 Seal VN l\u00e0 m\u1ed9t lo\u1ea1i v\u1eefa ch\u1ed1ng th\u1ea5m c\u00f3 ngu\u1ed3n g\u1ed1c t\u1eeb xi m\u0103ng polyme c\u1ea3i ti\u1ebfn, \u0111\u01b0\u1ee3c s\u1ea3n xu\u1ea5t d\u01b0\u1edbi d\u1ea1ng hai th\u00e0nh ph\u1ea7n. \u0110\u00e2y l\u00e0 m\u1ed9t s\u1ea3n ph\u1ea9m \u0111\u01b0\u1ee3c s\u1eed d\u1ee5ng \u0111\u1ec3 thi c\u00f4ng tr\u00ean b\u1ec1 m\u1eb7t v\u1eefa v\u00e0 b\u00ea t\u00f4ng nh\u1eb1m ng\u0103n ch\u1eb7n s\u1ef1 th\u1ea5m n\u01b0\u1edbc. Khi \u0111\u01b0\u1ee3c \u00e1p d\u1ee5ng l\u00ean [&#8230;]\n","protected":false},"featured_media":12384,"comment_status":"open","ping_status":"closed","template":"","meta":[],"product_brand":[],"product_cat":[51],"product_tag":[],"class_list":{"0":"post-12347","1":"product","2":"type-product","3":"status-publish","4":"has-post-thumbnail","6":"product_cat-vat-lieu-chong-tham","8":"first","9":"instock","10":"shipping-taxable","11":"product-type-simple"},"_links":{"self":[{"href":"https:\/\/sonsanepoxy.vn\/index.php\/wp-json\/wp\/v2\/product\/12347","targetHints":{"allow":["GET"]}}],"collection":[{"href":"https:\/\/sonsanepoxy.vn\/index.php\/wp-json\/wp\/v2\/product"}],"about":[{"href":"https:\/\/sonsanepoxy.vn\/index.php\/wp-json\/wp\/v2\/types\/product"}],"replies":[{"embeddable":true,"href":"https:\/\/sonsanepoxy.vn\/index.php\/wp-json\/wp\/v2\/comments?post=12347"}],"wp:featuredmedia":[{"embeddable":true,"href":"https:\/\/sonsanepoxy.vn\/index.php\/wp-json\/wp\/v2\/media\/12384"}],"wp:attachment":[{"href":"https:\/\/sonsanepoxy.vn\/index.php\/wp-json\/wp\/v2\/media?parent=12347"}],"wp:term":[{"taxonomy":"product_brand","embeddable":true,"href":"https:\/\/sonsanepoxy.vn\/index.php\/wp-json\/wp\/v2\/product_brand?post=12347"},{"taxonomy":"product_cat","embeddable":true,"href":"https:\/\/sonsanepoxy.vn\/index.php\/wp-json\/wp\/v2\/product_cat?post=12347"},{"taxonomy":"product_tag","embeddable":true,"href":"https:\/\/sonsanepoxy.vn\/index.php\/wp-json\/wp\/v2\/product_tag?post=12347"}],"curies":[{"name":"wp","href":"https:\/\/api.w.org\/{rel}","templated":true}]}}