{"id":12345,"date":"2026-05-05T08:20:18","date_gmt":"2026-05-05T08:20:18","guid":{"rendered":"https:\/\/sonsanepoxy.vn\/?post_type=product&#038;p=12345"},"modified":"2026-05-05T08:20:28","modified_gmt":"2026-05-05T08:20:28","slug":"sika-raintite-san-pham-chong-tham-goc-acrylic","status":"publish","type":"product","link":"https:\/\/sonsanepoxy.vn\/index.php\/san-pham\/sika-raintite-san-pham-chong-tham-goc-acrylic\/","title":{"rendered":"Sika\u00ae RainTite &#8211; S\u1ea3n ph\u1ea9m ch\u1ed1ng th\u1ea5m g\u1ed1c Acrylic"},"content":{"rendered":"<p style=\"text-align: justify;\"><span style=\"font-weight: 400;\">Sika RainTite l\u00e0 m\u1ed9t ch\u1ea5t ch\u1ed1ng th\u1ea5m d\u1ea1ng s\u1ec7t g\u1ed1c Acrylic, c\u00f3 kh\u1ea3 n\u0103ng \u0111\u00e0n h\u1ed3i cao v\u00e0 ch\u1ed1ng tia UV. Nh\u1edd v\u00e0o t\u00ednh linh ho\u1ea1t v\u00e0 kh\u1ea3 n\u0103ng ch\u1ed1ng th\u1ea5m, s\u1ea3n ph\u1ea9m n\u00e0y c\u00f3 th\u1ec3 \u0111\u01b0\u1ee3c s\u1eed d\u1ee5ng r\u1ed9ng r\u00e3i trong c\u00e1c \u1ee9ng d\u1ee5ng x\u00e2y d\u1ef1ng kh\u00e1c nhau, t\u1eeb vi\u1ec7c ch\u1ed1ng th\u1ea5m c\u00e1c t\u01b0\u1eddng, s\u00e0n, m\u00e1i nh\u00e0 \u0111\u1ebfn vi\u1ec7c b\u1ea3o v\u1ec7 c\u00e1c b\u1ec1 m\u1eb7t ho\u00e0n thi\u1ec7n kh\u00e1c tr\u01b0\u1edbc s\u1ef1 \u1ea3nh h\u01b0\u1edfng c\u1ee7a th\u1eddi ti\u1ebft v\u00e0 tia UV.<\/span><\/p>\n<p style=\"text-align: justify;\"><b>\u01afu \u0111i\u1ec3m n\u1ed5i b\u1eadt c\u1ee7a Sika\u00ae RainTite<\/b><\/p>\n<p style=\"text-align: justify;\"><span style=\"font-weight: 400;\">Sika RainTite c\u00f3 nhi\u1ec1u \u01b0u \u0111i\u1ec3m kh\u00e1c nhau:<\/span><\/p>\n<ul style=\"text-align: justify;\">\n<li style=\"font-weight: 400;\" aria-level=\"1\"><span style=\"font-weight: 400;\">Ch\u1ecbu \u0111\u01b0\u1ee3c th\u1eddi ti\u1ebft v\u00e0 kh\u00e1ng tia UV: S\u1ea3n ph\u1ea9m n\u00e0y c\u00f3 kh\u1ea3 n\u0103ng ch\u1ecbu \u0111\u1ef1ng t\u00e1c \u0111\u1ed9ng c\u1ee7a th\u1eddi ti\u1ebft v\u00e0 tia UV t\u1eeb \u00e1nh n\u1eafng m\u1eb7t tr\u1eddi m\u00e0 kh\u00f4ng b\u1ecb suy gi\u1ea3m hi\u1ec7u su\u1ea5t.<\/span><\/li>\n<li style=\"font-weight: 400;\" aria-level=\"1\"><span style=\"font-weight: 400;\">D\u1ec5 s\u1eed d\u1ee5ng v\u00e0 thi c\u00f4ng: V\u1edbi t\u00ednh linh ho\u1ea1t v\u00e0 \u0111\u00e0n h\u1ed3i cao, Sika RainTite d\u1ec5 d\u00e0ng \u0111\u1ec3 thi c\u00f4ng v\u00e0 s\u1eed d\u1ee5ng m\u00e0 kh\u00f4ng \u0111\u00f2i h\u1ecfi qu\u00e1 nhi\u1ec1u k\u1ef9 n\u0103ng chuy\u00ean m\u00f4n.<\/span><\/li>\n<li style=\"font-weight: 400;\" aria-level=\"1\"><span style=\"font-weight: 400;\">Kh\u00f4ng c\u1ea7n l\u1edbp l\u00f3t: Kh\u00f4ng y\u00eau c\u1ea7u s\u1eed d\u1ee5ng l\u1edbp l\u00f3t ph\u1ee5 tr\u1ee3, gi\u00fap ti\u1ebft ki\u1ec7m th\u1eddi gian v\u00e0 c\u00f4ng s\u1ee9c trong qu\u00e1 tr\u00ecnh thi c\u00f4ng.<\/span><\/li>\n<li style=\"font-weight: 400;\" aria-level=\"1\"><span style=\"font-weight: 400;\">B\u00e1m d\u00ednh t\u1ed1t v\u1edbi nhi\u1ec1u lo\u1ea1i v\u1eadt li\u1ec7u: S\u1ea3n ph\u1ea9m n\u00e0y c\u00f3 kh\u1ea3 n\u0103ng b\u00e1m d\u00ednh t\u1ed1t v\u1edbi nhi\u1ec1u lo\u1ea1i v\u1eadt li\u1ec7u kh\u00e1c nhau, gi\u00fap \u0111\u1ea3m b\u1ea3o \u0111\u1ed9 b\u1ec1n v\u00e0 kh\u1ea3 n\u0103ng ch\u1ed1ng th\u1ea5m.<\/span><\/li>\n<li style=\"font-weight: 400;\" aria-level=\"1\"><span style=\"font-weight: 400;\">\u0110\u00e0n h\u1ed3i t\u1ed1t v\u00e0 linh ho\u1ea1t: T\u00ednh linh ho\u1ea1t v\u00e0 kh\u1ea3 n\u0103ng \u0111\u00e0n h\u1ed3i cao gi\u00fap Sika RainTite th\u00edch \u1ee9ng v\u1edbi s\u1ef1 co gi\u00e3n, co ng\u00f3t c\u1ee7a c\u00e1c v\u1eadt li\u1ec7u khi ch\u1ecbu \u0111\u1ef1ng t\u00e1c \u0111\u1ed9ng t\u1eeb m\u00f4i tr\u01b0\u1eddng.<\/span><\/li>\n<li style=\"font-weight: 400;\" aria-level=\"1\"><span style=\"font-weight: 400;\">Kh\u00f4ng \u0111\u1ed9c v\u00e0 kh\u00f4ng th\u00fac \u0111\u1ea9y s\u1ef1 ph\u00e1t tri\u1ec3n c\u1ee7a r\u00eau, n\u1ea5m: S\u1ea3n ph\u1ea9m n\u00e0y kh\u00f4ng c\u00f3 th\u00e0nh ph\u1ea7n \u0111\u1ed9c h\u1ea1i v\u00e0 kh\u00f4ng t\u1ea1o \u0111i\u1ec1u ki\u1ec7n cho s\u1ef1 ph\u00e1t tri\u1ec3n c\u1ee7a r\u00eau, n\u1ea5m.<\/span><\/li>\n<\/ul>\n<p style=\"text-align: justify;\"><span style=\"font-weight: 400;\">\u1ee8ng d\u1ee5ng Sika\u00ae RainTite<\/span><\/p>\n<p style=\"text-align: justify;\"><span style=\"font-weight: 400;\">Sika RainTite c\u00f3 th\u1ec3 \u0111\u01b0\u1ee3c \u00e1p d\u1ee5ng trong nhi\u1ec1u lo\u1ea1i c\u00f4ng tr\u00ecnh x\u00e2y d\u1ef1ng kh\u00e1c nhau, bao g\u1ed3m:<\/span><\/p>\n<ul style=\"text-align: justify;\">\n<li style=\"font-weight: 400;\" aria-level=\"1\"><span style=\"font-weight: 400;\">S\u00e0n m\u00e1i b\u00ea t\u00f4ng<\/span><\/li>\n<li style=\"font-weight: 400;\" aria-level=\"1\"><span style=\"font-weight: 400;\">B\u1ec1 m\u1eb7t ho\u00e0n thi\u1ec7n<\/span><\/li>\n<li style=\"font-weight: 400;\" aria-level=\"1\"><span style=\"font-weight: 400;\">Tr\u00e1m khe m\u1ed1i n\u1ed1i v\u00e0 tr\u00e1m \u1ed1c v\u00edt cho nhi\u1ec1u lo\u1ea1i m\u00e1i (g\u1ea1ch, Amiang, t\u00f4n k\u1ebdm)<\/span><\/li>\n<li style=\"font-weight: 400;\" aria-level=\"1\"><span style=\"font-weight: 400;\">C\u00e1c ch\u00e2n t\u01b0\u1eddng tr\u00ean m\u00e1i<\/span><\/li>\n<li style=\"font-weight: 400;\" aria-level=\"1\"><span style=\"font-weight: 400;\">T\u01b0\u1eddng ngo\u00e0i<\/span><\/li>\n<\/ul>\n<p style=\"text-align: justify;\"><b>H\u01b0\u1edbng d\u1eabn thi c\u00f4ng Sika\u00ae RainTite<\/b><\/p>\n<p style=\"text-align: justify;\"><span style=\"font-weight: 400;\">Qu\u00e1 tr\u00ecnh thi c\u00f4ng Sika RainTite \u0111\u00f2i h\u1ecfi m\u1ed9t quy tr\u00ecnh c\u1ee5 th\u1ec3 \u0111\u1ec3 \u0111\u1ea3m b\u1ea3o hi\u1ec7u su\u1ea5t t\u1ed1i \u0111a c\u1ee7a s\u1ea3n ph\u1ea9m. D\u01b0\u1edbi \u0111\u00e2y l\u00e0 c\u00e1c b\u01b0\u1edbc c\u01a1 b\u1ea3n \u0111\u1ec3 thi c\u00f4ng Sika RainTite:<\/span><\/p>\n<p style=\"text-align: justify;\"><b>Chu\u1ea9n b\u1ecb b\u1ec1 m\u1eb7t:<\/b><\/p>\n<p style=\"text-align: justify;\"><span style=\"font-weight: 400;\">V\u1ec7 sinh b\u1ec1 m\u1eb7t, \u0111\u1ea3m b\u1ea3o b\u1ec1 m\u1eb7t c\u1ea7n thi c\u00f4ng ph\u1ea3i s\u1ea1ch, ch\u1eafc ch\u1eafn v\u00e0 kh\u00f4ng c\u00f2n v\u1ee5n v\u1eb7t. S\u1eed d\u1ee5ng b\u00e0n ch\u1ea3i s\u1eaft \u0111\u1ec3 lo\u1ea1i b\u1ecf c\u00e1c m\u1ea3nh v\u1ee5n v\u00e0 l\u00e0m s\u1ea1ch b\u1ec1 m\u1eb7t.<\/span><\/p>\n<p style=\"text-align: justify;\"><span style=\"font-weight: 400;\">N\u1ebfu l\u00e0 b\u1ec1 m\u1eb7t kim lo\u1ea1i, \u0111\u1ea3m b\u1ea3o r\u1eb1ng n\u00f3 kh\u00f4ng b\u1ecb r\u1ec9 s\u00e9t.<\/span><\/p>\n<p style=\"text-align: justify;\"><b>Quy tr\u00ecnh thi c\u00f4ng:<\/b><\/p>\n<p style=\"text-align: justify;\"><b>B\u01b0\u1edbc 1: Thi c\u00f4ng l\u1edbp ch\u1ed1ng th\u1ea5m \u0111\u1ea7u ti\u00ean<\/b><\/p>\n<p style=\"text-align: justify;\"><span style=\"font-weight: 400;\">Sika RainTite \u0111\u01b0\u1ee3c thi c\u00f4ng \u1edf m\u1ee9c \u0111\u1ed9 0.8 &#8211; 1.0 kg\/m2 b\u1eb1ng c\u00e1ch s\u1eed d\u1ee5ng c\u1ecd qu\u00e9t ho\u1eb7c Rulo.<\/span><\/p>\n<p style=\"text-align: justify;\"><b>B\u01b0\u1edbc 2: D\u00e1n ch\u1eb7t l\u1edbp gia c\u01b0\u1eddng<\/b><\/p>\n<p style=\"text-align: justify;\"><span style=\"font-weight: 400;\">S\u1eed d\u1ee5ng m\u00e0ng k\u1ebft h\u1ee3p (v\u00ed d\u1ee5 nh\u01b0 Sikalastic fleece 120) \u0111\u1ec3 d\u00e1n ch\u1eb7t v\u00e0o l\u1edbp ch\u1ed1ng th\u1ea5m \u0111\u1ea7u ti\u00ean khi l\u1edbp n\u00e0y v\u1eabn c\u00f2n \u1ea9m. \u0110\u1ea3m b\u1ea3o r\u1eb1ng l\u1edbp gia c\u01b0\u1eddng \u0111\u01b0\u1ee3c d\u00ednh ch\u1eb7t v\u00e0 kh\u00f4ng c\u00f3 b\u1ecdt kh\u00ed ho\u1eb7c n\u1ebfp g\u1ea5p. M\u1ed1i n\u1ed1i gi\u1eefa c\u00e1c mi\u1ebfng m\u00e0ng ph\u1ea3i \u0111\u01b0\u1ee3c ch\u1ed3ng l\u00ean \u00edt nh\u1ea5t 50mm.<\/span><\/p>\n<p style=\"text-align: justify;\"><b>B\u01b0\u1edbc 3: Thi c\u00f4ng l\u1edbp ch\u1ed1ng th\u1ea5m th\u1ee9 hai<\/b><\/p>\n<p style=\"text-align: justify;\"><span style=\"font-weight: 400;\">Sika RainTite \u0111\u01b0\u1ee3c thi c\u00f4ng l\u1edbp th\u1ee9 hai \u1edf m\u1ee9c \u0111\u1ed9 0.8 &#8211; 1.0 kg\/m2 ngay khi l\u1edbp th\u1ee9 nh\u1ea5t v\u1eabn c\u00f2n \u1ea9m.<\/span><\/p>\n<p style=\"text-align: justify;\"><b>B\u01b0\u1edbc 4: Thi c\u00f4ng l\u1edbp ho\u00e0n thi\u1ec7n<\/b><\/p>\n<p style=\"text-align: justify;\"><span style=\"font-weight: 400;\">Khi b\u1ec1 m\u1eb7t \u0111\u00e3 kh\u00f4, ti\u1ebfn h\u00e0nh thi c\u00f4ng l\u1edbp ho\u00e0n thi\u1ec7n \u1edf m\u1ee9c \u0111\u1ed9 0.4 kg\/m2. B\u1ea3o d\u01b0\u1ee1ng b\u1ec1 m\u1eb7t, tr\u00e1nh m\u01b0a cho \u0111\u1ebfn khi ho\u00e0n to\u00e0n kh\u00f4.<\/span><\/p>\n<p style=\"text-align: justify;\"><b>Nh\u1eefng l\u01b0u \u00fd quan tr\u1ecdng khi thi c\u00f4ng Sika\u00ae RainTite<\/b><\/p>\n<ul>\n<li style=\"font-weight: 400; text-align: justify;\" aria-level=\"1\"><span style=\"font-weight: 400;\">Nhi\u1ec7t \u0111\u1ed9 b\u1ec1 m\u1eb7t v\u00e0 m\u00f4i tr\u01b0\u1eddng c\u1ea7n n\u1eb1m trong kho\u1ea3ng t\u1eeb 5\u00b0C \u0111\u1ebfn 35\u00b0C trong su\u1ed1t qu\u00e1 tr\u00ecnh thi c\u00f4ng \u0111\u1ec3 \u0111\u1ea3m b\u1ea3o k\u1ebft qu\u1ea3 t\u1ed1t nh\u1ea5t.<\/span><\/li>\n<li style=\"font-weight: 400; text-align: justify;\" aria-level=\"1\"><span style=\"font-weight: 400;\">Kh\u00f4ng n\u00ean thi c\u00f4ng khi tr\u1eddi s\u1eafp m\u01b0a \u0111\u1ec3 tr\u00e1nh s\u1ef1 \u1ea3nh h\u01b0\u1edfng c\u1ee7a n\u01b0\u1edbc \u0111\u1ed1i v\u1edbi l\u1edbp ch\u1ed1ng th\u1ea5m.<\/span><\/li>\n<li style=\"font-weight: 400; text-align: justify;\" aria-level=\"1\"><span style=\"font-weight: 400;\">Tr\u00e1nh thi c\u00f4ng v\u1eefa tr\u00ean l\u1edbp Sika RainTite \u0111\u1ec3 \u0111\u1ea3m b\u1ea3o s\u1ef1 k\u1ebft d\u00ednh v\u00e0 hi\u1ec7u su\u1ea5t c\u1ee7a s\u1ea3n ph\u1ea9m.<\/span><\/li>\n<li style=\"font-weight: 400; text-align: justify;\" aria-level=\"1\"><span style=\"font-weight: 400;\">Kh\u00f4ng \u0111\u1ec3 n\u01b0\u1edbc \u0111\u1ecdng l\u00ean b\u1ec1 m\u1eb7t Sika RainTite \u0111\u1ec3 tr\u00e1nh \u1ea3nh h\u01b0\u1edfng \u0111\u1ebfn qu\u00e1 tr\u00ecnh kh\u00f4 v\u00e0 hi\u1ec7u su\u1ea5t ch\u1ed1ng th\u1ea5m.<\/span><\/li>\n<li style=\"font-weight: 400; text-align: justify;\" aria-level=\"1\"><span style=\"font-weight: 400;\">Trong qu\u00e1 tr\u00ecnh thi c\u00f4ng, m\u00e0u s\u1eafc c\u1ee7a v\u1eadt li\u1ec7u c\u00f3 th\u1ec3 thay \u0111\u1ed5i, nh\u01b0ng \u0111i\u1ec1u n\u00e0y kh\u00f4ng \u1ea3nh h\u01b0\u1edfng \u0111\u1ebfn t\u00ednh n\u0103ng ch\u1ed1ng th\u1ea5m c\u1ee7a l\u1edbp ph\u1ee7.<\/span><\/li>\n<li style=\"font-weight: 400; text-align: justify;\" aria-level=\"1\"><span style=\"font-weight: 400;\">Mang g\u0103ng tay v\u00e0 k\u00ednh b\u1ea3o h\u1ed9 khi thi c\u00f4ng \u0111\u1ec3 tr\u00e1nh ti\u1ebfp x\u00fac tr\u1ef1c ti\u1ebfp v\u1edbi s\u1ea3n ph\u1ea9m.<\/span><\/li>\n<li style=\"font-weight: 400; text-align: justify;\" aria-level=\"1\"><span style=\"font-weight: 400;\">N\u1ebfu s\u1ea3n ph\u1ea9m b\u1eafn v\u00e0o m\u1eaft, gi\u1eef m\u1eaft m\u1edf r\u1ed9ng, r\u1eeda s\u1ea1ch b\u1eb1ng n\u01b0\u1edbc \u1ea5m v\u00e0 \u0111i ngay \u0111\u1ebfn trung t\u00e2m y t\u1ebf g\u1ea7n nh\u1ea5t \u0111\u1ec3 \u0111\u01b0\u1ee3c x\u1eed l\u00fd.<\/span><\/li>\n<\/ul>\n","protected":false},"excerpt":{"rendered":"<p>Sika RainTite l\u00e0 m\u1ed9t ch\u1ea5t ch\u1ed1ng th\u1ea5m d\u1ea1ng s\u1ec7t g\u1ed1c Acrylic, c\u00f3 kh\u1ea3 n\u0103ng \u0111\u00e0n h\u1ed3i cao v\u00e0 ch\u1ed1ng tia UV. Nh\u1edd v\u00e0o t\u00ednh linh ho\u1ea1t v\u00e0 kh\u1ea3 n\u0103ng ch\u1ed1ng th\u1ea5m, s\u1ea3n ph\u1ea9m n\u00e0y c\u00f3 th\u1ec3 \u0111\u01b0\u1ee3c s\u1eed d\u1ee5ng r\u1ed9ng r\u00e3i trong c\u00e1c \u1ee9ng d\u1ee5ng x\u00e2y d\u1ef1ng kh\u00e1c nhau, t\u1eeb vi\u1ec7c ch\u1ed1ng th\u1ea5m c\u00e1c t\u01b0\u1eddng, [&#8230;]\n","protected":false},"featured_media":12378,"comment_status":"open","ping_status":"closed","template":"","meta":[],"product_brand":[],"product_cat":[51],"product_tag":[],"class_list":{"0":"post-12345","1":"product","2":"type-product","3":"status-publish","4":"has-post-thumbnail","6":"product_cat-vat-lieu-chong-tham","8":"first","9":"instock","10":"shipping-taxable","11":"product-type-simple"},"_links":{"self":[{"href":"https:\/\/sonsanepoxy.vn\/index.php\/wp-json\/wp\/v2\/product\/12345","targetHints":{"allow":["GET"]}}],"collection":[{"href":"https:\/\/sonsanepoxy.vn\/index.php\/wp-json\/wp\/v2\/product"}],"about":[{"href":"https:\/\/sonsanepoxy.vn\/index.php\/wp-json\/wp\/v2\/types\/product"}],"replies":[{"embeddable":true,"href":"https:\/\/sonsanepoxy.vn\/index.php\/wp-json\/wp\/v2\/comments?post=12345"}],"wp:featuredmedia":[{"embeddable":true,"href":"https:\/\/sonsanepoxy.vn\/index.php\/wp-json\/wp\/v2\/media\/12378"}],"wp:attachment":[{"href":"https:\/\/sonsanepoxy.vn\/index.php\/wp-json\/wp\/v2\/media?parent=12345"}],"wp:term":[{"taxonomy":"product_brand","embeddable":true,"href":"https:\/\/sonsanepoxy.vn\/index.php\/wp-json\/wp\/v2\/product_brand?post=12345"},{"taxonomy":"product_cat","embeddable":true,"href":"https:\/\/sonsanepoxy.vn\/index.php\/wp-json\/wp\/v2\/product_cat?post=12345"},{"taxonomy":"product_tag","embeddable":true,"href":"https:\/\/sonsanepoxy.vn\/index.php\/wp-json\/wp\/v2\/product_tag?post=12345"}],"curies":[{"name":"wp","href":"https:\/\/api.w.org\/{rel}","templated":true}]}}