{"id":12344,"date":"2026-05-05T08:20:18","date_gmt":"2026-05-05T08:20:18","guid":{"rendered":"https:\/\/sonsanepoxy.vn\/?post_type=product&#038;p=12344"},"modified":"2026-05-05T08:20:26","modified_gmt":"2026-05-05T08:20:26","slug":"sika-latex-th-phu-gia-chong-tham-va-tac-nhan-ket-noi","status":"publish","type":"product","link":"https:\/\/sonsanepoxy.vn\/index.php\/san-pham\/sika-latex-th-phu-gia-chong-tham-va-tac-nhan-ket-noi\/","title":{"rendered":"Sika Latex TH &#8211; Ph\u1ee5 Gia Ch\u1ed1ng Th\u1ea5m V\u00e0 T\u00e1c Nh\u00e2n K\u1ebft N\u1ed1i"},"content":{"rendered":"<p style=\"text-align: justify;\"><span style=\"font-weight: 400;\">SikaLatex\u00ae TH l\u00e0 m\u1ed9t lo\u1ea1i ph\u1ee5 gia nh\u0169 t\u01b0\u01a1ng Styrene Butadiene \u0111\u01b0\u1ee3c c\u1ea3i ti\u1ebfn, th\u01b0\u1eddng \u0111\u01b0\u1ee3c tr\u1ed9n v\u1edbi xi m\u0103ng ho\u1eb7c v\u1eefa xi m\u0103ng-c\u00e1t nh\u1eb1m n\u00e2ng cao t\u00ednh k\u1ebft d\u00ednh v\u00e0 kh\u1ea3 n\u0103ng ch\u1ed1ng th\u1ea5m.<\/span><\/p>\n<p style=\"text-align: justify;\"><b>TH\u00d4NG TIN S\u1ea2N PH\u1ea8M<\/b><\/p>\n<p style=\"text-align: justify;\"><span style=\"font-weight: 400;\">G\u1ed1c ho\u00e1 h\u1ecdc Nh\u0169 t\u01b0\u01a1ng Styrene Butadiene<\/span><\/p>\n<p style=\"text-align: justify;\"><span style=\"font-weight: 400;\">\u0110\u00f3ng g\u00f3i 5 \/ 25 \/ 200 L<\/span><\/p>\n<p style=\"text-align: justify;\"><span style=\"font-weight: 400;\">Ngo\u1ea1i quan \/ M\u00e0u s\u1eafc L\u1ecfng \/ Tr\u1eafng<\/span><\/p>\n<p style=\"text-align: justify;\"><span style=\"font-weight: 400;\">H\u1ea1n s\u1eed d\u1ee5ng T\u1ed1i thi\u1ec3u 6 th\u00e1ng n\u1ebfu l\u01b0u tr\u1eef \u0111\u00fang c\u00e1ch trong bao b\u00ec nguy\u00ean ch\u01b0a m\u1edf<\/span><\/p>\n<p style=\"text-align: justify;\"><span style=\"font-weight: 400;\">\u0110i\u1ec1u ki\u1ec7n l\u01b0u tr\u1eef N\u01a1i kh\u00f4 m\u00e1t, c\u00f3 b\u00f3ng r\u00e2m<\/span><\/p>\n<p style=\"text-align: justify;\"><span style=\"font-weight: 400;\">Kh\u1ed1i l\u01b0\u1ee3ng th\u1ec3 t\u00edch 1.02 kg\/l<\/span><\/p>\n<h2 style=\"text-align: justify;\"><b>\u01afU \u0110I\u1ec2M N\u1ed4I B\u1eacT C\u1ee6A SIKA LATEX TH:<\/b><\/h2>\n<ul style=\"text-align: justify;\">\n<li style=\"font-weight: 400;\" aria-level=\"1\"><span style=\"font-weight: 400;\">K\u1ebft d\u00ednh tuy\u1ec7t v\u1eddi: \u0110\u1ea3m b\u1ea3o v\u1eefa xi m\u0103ng ho\u1eb7c c\u00e1c v\u1eadt li\u1ec7u kh\u00e1c b\u00e1m ch\u1eb7t v\u00e0 \u0111\u1ed3ng nh\u1ea5t v\u1edbi b\u1ec1 m\u1eb7t kh\u00e1c.<\/span><\/li>\n<li style=\"font-weight: 400;\" aria-level=\"1\"><span style=\"font-weight: 400;\">Gi\u1ea3m co ng\u00f3t: Gi\u00fap tr\u00e1nh s\u1ef1 co r\u00fat c\u1ee7a v\u1eadt li\u1ec7u sau khi kh\u00f4 ho\u1eb7c \u0111\u00f4ng c\u1ee9ng.<\/span><\/li>\n<li style=\"font-weight: 400;\" aria-level=\"1\"><span style=\"font-weight: 400;\">T\u0103ng t\u00ednh \u0111\u00e0n h\u1ed3i: Thu\u1ed9c t\u00ednh n\u00e0y gi\u00fap v\u1eadt li\u1ec7u linh ho\u1ea1t h\u01a1n, gi\u1ea3m nguy c\u01a1 h\u00ecnh th\u00e0nh v\u1ebft n\u1ee9t.<\/span><\/li>\n<li style=\"font-weight: 400;\" aria-level=\"1\"><span style=\"font-weight: 400;\">Ch\u1ed1ng th\u1ea5m tuy\u1ec7t h\u1ea3o (waterproofing): N\u00e2ng cao kh\u1ea3 n\u0103ng ch\u1ed1ng th\u1ea5m c\u1ee7a v\u1eefa, b\u1ea3o v\u1ec7 c\u00e1c c\u00f4ng tr\u00ecnh x\u00e2y d\u1ef1ng kh\u1ecfi th\u00e2m nh\u1eadp c\u1ee7a n\u01b0\u1edbc.<\/span><\/li>\n<li style=\"font-weight: 400;\" aria-level=\"1\"><span style=\"font-weight: 400;\">T\u0103ng t\u00ednh kh\u00e1ng m\u00e0i m\u00f2n h\u00f3a ch\u1ea5t: C\u1ea3i thi\u1ec7n kh\u1ea3 n\u0103ng ch\u1ed1ng l\u1ea1i s\u1ef1 \u1ea3nh h\u01b0\u1edfng c\u1ee7a c\u00e1c ch\u1ea5t h\u00f3a h\u1ecdc \u0111\u1ed1i v\u1edbi v\u1eadt li\u1ec7u x\u00e2y d\u1ef1ng.<\/span><\/li>\n<\/ul>\n<ul style=\"text-align: justify;\">\n<li style=\"font-weight: 400;\" aria-level=\"1\"><span style=\"font-weight: 400;\">Kh\u00f4ng \u0111\u1ed9c: \u0110\u1ea3m b\u1ea3o an to\u00e0n trong qu\u00e1 tr\u00ecnh s\u1eed d\u1ee5ng.<\/span><\/li>\n<li style=\"font-weight: 400;\" aria-level=\"1\"><span style=\"font-weight: 400;\">Kh\u00f4ng chuy\u1ec3n l\u1ea1i th\u00e0nh d\u1ea1ng nh\u0169 t\u01b0\u01a1ng ngay c\u1ea3 trong \u0111i\u1ec1u ki\u1ec7n c\u00f3 t\u00ednh ki\u1ec1m cao: \u0110i\u1ec1u n\u00e0y quan tr\u1ecdng \u0111\u1ec3 duy tr\u00ec t\u00ednh ch\u1ea5t c\u1ee7a s\u1ea3n ph\u1ea9m khi ti\u1ebfp x\u00fac v\u1edbi c\u00e1c \u0111i\u1ec1u ki\u1ec7n kh\u1eafc nghi\u1ec7t.<\/span><\/li>\n<\/ul>\n<ul style=\"text-align: justify;\">\n<li style=\"font-weight: 400;\" aria-level=\"1\"><span style=\"font-weight: 400;\">Th\u00edch h\u1ee3p cho l\u1edbp v\u1eefa xi m\u0103ng ti\u1ebfp x\u00fac v\u1edbi n\u01b0\u1edbc u\u1ed1ng<\/span><\/li>\n<\/ul>\n<h2 style=\"text-align: justify;\"><b>\u1ee8NG D\u1ee4NG C\u1ee6A SIKA LATEX TH<\/b><\/h2>\n<ul style=\"text-align: justify;\">\n<li style=\"font-weight: 400;\" aria-level=\"1\"><span style=\"font-weight: 400;\">L\u1edbp h\u1ed3 d\u1ea7u (v\u1eefa k\u1ebft n\u1ed1i): \u0110\u01b0\u1ee3c s\u1eed d\u1ee5ng \u0111\u1ec3 n\u1ed1i li\u1ec1n b\u1ec1 m\u1eb7t b\u00ea t\u00f4ng c\u0169 v\u00e0 m\u1edbi, gi\u00fap t\u1ea1o ra m\u1ed9t l\u1edbp m\u1eb7t ph\u1eb3ng v\u00e0 \u0111\u1ed3ng nh\u1ea5t.<\/span><\/li>\n<li style=\"font-weight: 400;\" aria-level=\"1\"><span style=\"font-weight: 400;\">L\u1edbp v\u1eefa d\u1eb7m v\u00e0 v\u00e1 m\u1ecfng: D\u00f9ng \u0111\u1ec3 t\u1ea1o c\u00e1c l\u1edbp m\u1ecfng \u0111\u1ec3 s\u1eeda ch\u1eefa c\u00e1c v\u1ebft n\u1ee9t nh\u1ecf, l\u1ea5p \u0111\u1ea7y c\u00e1c khe h\u1edf ho\u1eb7c v\u1ebft n\u1ee9t tr\u00ean b\u1ec1 m\u1eb7t.<\/span><\/li>\n<li style=\"font-weight: 400;\" aria-level=\"1\"><span style=\"font-weight: 400;\">L\u1edbp v\u1eefa tr\u00e1t ch\u1ed1ng th\u1ea5m: Sika Latex TH cung c\u1ea5p kh\u1ea3 n\u0103ng ch\u1ed1ng th\u1ea5m t\u1ed1t, ph\u00f9 h\u1ee3p \u0111\u1ec3 t\u1ea1o l\u1edbp v\u1eefa ch\u1ed1ng th\u1ea5m, b\u1ea3o v\u1ec7 b\u1ec1 m\u1eb7t kh\u1ecfi n\u01b0\u1edbc ho\u1eb7c \u1ea9m \u01b0\u1edbt.<\/span><\/li>\n<li style=\"font-weight: 400;\" aria-level=\"1\"><span style=\"font-weight: 400;\">L\u1edbp v\u1eefa c\u00e1n s\u00e0n v\u00e0 v\u1eefa s\u1eeda ch\u1eefa b\u00ea t\u00f4ng: S\u1eed d\u1ee5ng \u0111\u1ec3 t\u1ea1o l\u1edbp v\u1eefa tr\u00e1ng b\u1ec1 m\u1eb7t s\u00e0n, ho\u1eb7c \u0111\u1ec3 s\u1eeda ch\u1eefa b\u1ec1 m\u1eb7t b\u00ea t\u00f4ng \u0111\u00e3 t\u1ed5n th\u01b0\u01a1ng.<\/span><\/li>\n<li style=\"font-weight: 400;\" aria-level=\"1\"><span style=\"font-weight: 400;\">L\u1edbp \u00e1o ch\u1ed1ng m\u00e0i m\u00f2n: T\u1ea1o l\u1edbp v\u1eefa c\u00f3 kh\u1ea3 n\u0103ng ch\u1ecbu m\u00e0i m\u00f2n cao, th\u00edch h\u1ee3p cho c\u00e1c khu v\u1ef1c ch\u1ecbu l\u1ef1c l\u1edbn ho\u1eb7c m\u00e0i m\u00f2n.<\/span><\/li>\n<li style=\"font-weight: 400;\" aria-level=\"1\"><span style=\"font-weight: 400;\">V\u1eefa d\u00e1n g\u1ea1ch v\u00e0 v\u1eefa x\u00e2y: S\u1eed d\u1ee5ng \u0111\u1ec3 d\u00e1n g\u1ea1ch ho\u1eb7c l\u00e0m v\u1eadt li\u1ec7u g\u1ea1ch, xi m\u0103ng tr\u1edf n\u00ean b\u00e1m ch\u1eb7t v\u00e0 \u0111\u1ed3ng nh\u1ea5t h\u01a1n.<\/span><\/li>\n<\/ul>\n<h2 style=\"text-align: justify;\"><b>H\u01af\u1edaNG D\u1eaaN THI C\u00d4NG SIKA LATEX TH T\u1eea A \u0110\u1ebeN\u00a0 Z<\/b><\/h2>\n<p style=\"text-align: justify;\"><span style=\"font-weight: 400;\">H\u01b0\u1edbng d\u1eabn thi c\u00f4ng SikaLatex\u00ae TH g\u1ed3m c\u00e1c b\u01b0\u1edbc c\u01a1 b\u1ea3n sau:<\/span><\/p>\n<p style=\"text-align: justify;\"><b>Chu\u1ea9n b\u1ecb b\u1ec1 m\u1eb7t:<\/b><\/p>\n<ul style=\"text-align: justify;\">\n<li style=\"font-weight: 400;\" aria-level=\"1\"><span style=\"font-weight: 400;\">L\u00e0m s\u1ea1ch b\u1ec1 m\u1eb7t: V\u1ec7 sinh b\u1ec1 m\u1eb7t b\u00ea t\u00f4ng s\u1ea1ch s\u1ebd, ch\u1eafc ch\u1eafn, kh\u00f4ng d\u1ea7u m\u1ee1, b\u1ee5i xi m\u0103ng ho\u1eb7c c\u00e1c t\u1ea1p ch\u1ea5t b\u00e1m.<\/span><\/li>\n<li style=\"font-weight: 400;\" aria-level=\"1\"><span style=\"font-weight: 400;\">B\u00e3o h\u00f2a b\u1ec1 m\u1eb7t h\u00fat n\u01b0\u1edbc: \u0110\u1ea3m b\u1ea3o b\u1ec1 m\u1eb7t h\u00fat n\u01b0\u1edbc nh\u01b0ng kh\u00f4ng \u0111\u1ec3 n\u01b0\u1edbc \u0111\u1ecdng l\u1ea1i.<\/span><\/li>\n<\/ul>\n<p style=\"text-align: justify;\"><b>Ch\u1ea5t k\u1ebft n\u1ed1i cho l\u1edbp v\u1eefa tr\u00e1t \/ l\u1edbp k\u1ebft n\u1ed1i b\u00ea t\u00f4ng c\u0169 v\u00e0 m\u1edbi:<\/b><\/p>\n<p style=\"text-align: justify;\"><span style=\"font-weight: 400;\">T\u1ec9 l\u1ec7 tr\u1ed9n: 4 kg xi m\u0103ng + 1 l\u00edt SikaLatex\u00ae TH + 1 l\u00edt n\u01b0\u1edbc = l\u1edbp h\u1ed3 d\u1ea7u (v\u1eefa) k\u1ebft n\u1ed1i, c\u00f3 th\u1ec3 ph\u1ee7 kho\u1ea3ng 4 m\u00b2.<\/span><\/p>\n<p style=\"text-align: justify;\"><span style=\"font-weight: 400;\">L\u1edbp tr\u00e1t s\u00e0n ch\u1ed1ng th\u1ea5m:<\/span><\/p>\n<p style=\"text-align: justify;\"><span style=\"font-weight: 400;\">T\u1ec9 l\u1ec7 tr\u1ed9n: Xi m\u0103ng : C\u00e1t = 1 : 3, SikaLatex\u00ae TH : N\u01b0\u1edbc = 1 : 3.<\/span><\/p>\n<p style=\"text-align: justify;\"><span style=\"font-weight: 400;\">R\u00f3t h\u1ed7n h\u1ee3p (2) v\u00e0o trong (1) v\u00e0 tr\u1ed9n cho \u0111\u1ebfn khi \u0111\u1ea1t \u0111\u1ed9 s\u1ec7t th\u00edch h\u1ee3p cho thi c\u00f4ng.<\/span><\/p>\n<p style=\"text-align: justify;\"><b>Thi c\u00f4ng:<\/b><\/p>\n<p style=\"text-align: justify;\"><span style=\"font-weight: 400;\">Thi c\u00f4ng l\u1edbp v\u1eefa ch\u1ed1ng th\u1ea5m ngay khi l\u1edbp h\u1ed3 d\u1ea7u (v\u1eefa) k\u1ebft n\u1ed1i c\u00f2n \u01b0\u1edbt.<\/span><\/p>\n<p style=\"text-align: justify;\"><span style=\"font-weight: 400;\">M\u1eadt \u0111\u1ed9 ti\u00eau th\u1ee5: 1 L SikaLatex\u00ae TH\/ m\u00b2 cho l\u1edbp v\u1eefa d\u00e0y 2 cm.<\/span><\/p>\n<p style=\"text-align: justify;\"><b>V\u1ec7 sinh: <\/b><span style=\"font-weight: 400;\">L\u00e0m s\u1ea1ch d\u1ee5ng c\u1ee5, thi\u1ebft b\u1ecb b\u1eb1ng n\u01b0\u1edbc s\u1ea1ch ngay sau khi thi c\u00f4ng.<\/span><\/p>\n<p style=\"text-align: justify;\"><b>Ch\u1ec9 d\u1eabn quan tr\u1ecdng:<\/b><\/p>\n<ul style=\"text-align: justify;\">\n<li style=\"font-weight: 400;\" aria-level=\"1\"><span style=\"font-weight: 400;\">Lu\u00f4n tr\u1ed9n xi m\u0103ng v\u00e0o h\u1ed7n h\u1ee3p SikaLatex\u00ae TH-n\u01b0\u1edbc \u0111\u1ec3 l\u00e0m ch\u1ea5t k\u1ebft n\u1ed1i.<\/span><\/li>\n<li style=\"font-weight: 400;\" aria-level=\"1\"><span style=\"font-weight: 400;\">Tu\u00e2n th\u1ee7 c\u00e1c bi\u1ec7n ph\u00e1p b\u1ea3o d\u01b0\u1ee1ng ti\u00eau chu\u1ea9n.<\/span><\/li>\n<li style=\"font-weight: 400;\" aria-level=\"1\"><span style=\"font-weight: 400;\">B\u1ea3o \u0111\u1ea3m b\u1ec1 m\u1eb7t \u0111\u01b0\u1ee3c b\u00e3o h\u00f2a nh\u01b0ng kh\u00f4ng \u0111\u1ec3 \u0111\u1ecdng n\u01b0\u1edbc.<\/span><\/li>\n<li style=\"font-weight: 400;\" aria-level=\"1\"><span style=\"font-weight: 400;\">N\u1ebfu thi c\u00f4ng nhi\u1ec1u l\u1edbp, ph\u1ea3i thi c\u00f4ng khi l\u1edbp tr\u01b0\u1edbc \u0111\u00f3 c\u00f2n \u01b0\u1edbt.<\/span><\/li>\n<\/ul>\n","protected":false},"excerpt":{"rendered":"<p>SikaLatex\u00ae TH l\u00e0 m\u1ed9t lo\u1ea1i ph\u1ee5 gia nh\u0169 t\u01b0\u01a1ng Styrene Butadiene \u0111\u01b0\u1ee3c c\u1ea3i ti\u1ebfn, th\u01b0\u1eddng \u0111\u01b0\u1ee3c tr\u1ed9n v\u1edbi xi m\u0103ng ho\u1eb7c v\u1eefa xi m\u0103ng-c\u00e1t nh\u1eb1m n\u00e2ng cao t\u00ednh k\u1ebft d\u00ednh v\u00e0 kh\u1ea3 n\u0103ng ch\u1ed1ng th\u1ea5m. TH\u00d4NG TIN S\u1ea2N PH\u1ea8M G\u1ed1c ho\u00e1 h\u1ecdc Nh\u0169 t\u01b0\u01a1ng Styrene Butadiene \u0110\u00f3ng g\u00f3i 5 \/ 25 \/ 200 L Ngo\u1ea1i [&#8230;]\n","protected":false},"featured_media":12375,"comment_status":"open","ping_status":"closed","template":"","meta":[],"product_brand":[],"product_cat":[51],"product_tag":[],"class_list":{"0":"post-12344","1":"product","2":"type-product","3":"status-publish","4":"has-post-thumbnail","6":"product_cat-vat-lieu-chong-tham","8":"first","9":"instock","10":"shipping-taxable","11":"product-type-simple"},"_links":{"self":[{"href":"https:\/\/sonsanepoxy.vn\/index.php\/wp-json\/wp\/v2\/product\/12344","targetHints":{"allow":["GET"]}}],"collection":[{"href":"https:\/\/sonsanepoxy.vn\/index.php\/wp-json\/wp\/v2\/product"}],"about":[{"href":"https:\/\/sonsanepoxy.vn\/index.php\/wp-json\/wp\/v2\/types\/product"}],"replies":[{"embeddable":true,"href":"https:\/\/sonsanepoxy.vn\/index.php\/wp-json\/wp\/v2\/comments?post=12344"}],"wp:featuredmedia":[{"embeddable":true,"href":"https:\/\/sonsanepoxy.vn\/index.php\/wp-json\/wp\/v2\/media\/12375"}],"wp:attachment":[{"href":"https:\/\/sonsanepoxy.vn\/index.php\/wp-json\/wp\/v2\/media?parent=12344"}],"wp:term":[{"taxonomy":"product_brand","embeddable":true,"href":"https:\/\/sonsanepoxy.vn\/index.php\/wp-json\/wp\/v2\/product_brand?post=12344"},{"taxonomy":"product_cat","embeddable":true,"href":"https:\/\/sonsanepoxy.vn\/index.php\/wp-json\/wp\/v2\/product_cat?post=12344"},{"taxonomy":"product_tag","embeddable":true,"href":"https:\/\/sonsanepoxy.vn\/index.php\/wp-json\/wp\/v2\/product_tag?post=12344"}],"curies":[{"name":"wp","href":"https:\/\/api.w.org\/{rel}","templated":true}]}}